{"id":5305,"date":"2024-10-30T05:15:43","date_gmt":"2024-10-30T05:15:43","guid":{"rendered":"https:\/\/williamweir.com\/?post_type=product&#038;p=5305"},"modified":"2025-05-24T01:48:18","modified_gmt":"2025-05-24T01:48:18","slug":"treadmill-lubricating-oil","status":"publish","type":"product","link":"https:\/\/williamweir.com\/es\/producto\/treadmill-lubricating-oil\/","title":{"rendered":"Cinta de correr Aceite lubricante"},"content":{"rendered":"<p align=\"justify\"><strong>C\u00f3digo del producto<\/strong><strong>\uff1a<\/strong><strong>2479<\/strong><\/p>\n<p><strong>I. Introducci\u00f3n del producto<\/strong><\/p>\n<p>Este producto es un aceite lubricante de alta calidad especialmente dise\u00f1ado para cintas de correr. Su objetivo es garantizar el buen funcionamiento de las cintas de correr, reducir su desgaste y prolongar su vida \u00fatil.<\/p>\n<p><strong>II. Caracter\u00edsticas del producto<\/strong><\/p>\n<ol>\n<li>Lubricaci\u00f3n de alta eficiencia: Contiene ingredientes lubricantes especiales que pueden formar una pel\u00edcula de aceite uniforme entre la cinta de correr y la tabla de correr de la cinta, reduciendo eficazmente el coeficiente de fricci\u00f3n y haciendo que el proceso de correr sea m\u00e1s suave.<\/li>\n<li>Antidesgaste: Reduce el desgaste entre la cinta de correr y el tapiz rodante, protege los componentes clave de la cinta de correr y prolonga la vida \u00fatil de la cinta.<\/li>\n<li>Resistencia a altas temperaturas: En el entorno de alta temperatura generado durante el funcionamiento de la cinta de correr, todav\u00eda puede mantener un rendimiento de lubricaci\u00f3n estable y no fallar\u00e1 debido a la alta temperatura.<\/li>\n<li>Gran compatibilidad: Adecuado para varios tipos de cintas de correr, incluyendo cintas de correr dom\u00e9sticas y comerciales.<\/li>\n<\/ol>\n<p><strong>III. M\u00e9todos de utilizaci\u00f3n<\/strong><\/p>\n<ol>\n<li>Desconecte la alimentaci\u00f3n de la cinta para asegurarse de que la cinta est\u00e1 parada.<\/li>\n<li>Limpie la superficie de la cinta de correr y del estribo con un trapo limpio para eliminar el polvo y los residuos.<\/li>\n<li>Deje caer una cantidad adecuada de aceite lubricante para cintas de correr de manera uniforme en el centro de la cinta de correr.<\/li>\n<li>Encienda la cinta rodante, p\u00f3ngala en modo de funcionamiento a baja velocidad y deje que la cinta rodante funcione durante unos minutos para distribuir uniformemente el aceite lubricante entre la cinta rodante y el tapiz rodante.<\/li>\n<li>Apague la cinta de correr y vuelva a limpiar la superficie de la cinta con un trapo limpio para eliminar el exceso de aceite lubricante.<\/li>\n<\/ol>\n<p><strong>IV. Precauciones<\/strong><\/p>\n<ol>\n<li>Lea atentamente el manual del producto antes de usarlo y utilice el aceite lubricante de forma correcta.<\/li>\n<li>No utilice demasiado aceite lubricante para evitar que la correa de transmisi\u00f3n patine.<\/li>\n<li>Gu\u00e1rdelo en un lugar donde los ni\u00f1os no puedan alcanzarlo f\u00e1cilmente para evitar su ingesti\u00f3n accidental.<\/li>\n<\/ol>","protected":false},"excerpt":{"rendered":"<p>\u00a1Nuestra f\u00e1brica ofrece servicios de procesamiento OEM\/ODM, podemos adaptar productos para usted; Nuestro MOQ es bajo, generalmente la cantidad m\u00ednima es de 1000 botellas pueden ser producidas; Nuestros productos son baratos, excelente calidad del producto, en l\u00ednea con cualquier ley y reglamento nacional y las necesidades del cliente!<\/p>\n<p>Tambi\u00e9n ofrecemos los siguientes servicios<br \/>\n\u2714 Fuente transfronteriza \u2714 Apoyo a la personalizaci\u00f3n<br \/>\n\u2714 F\u00e1brica de origen \u2714 Desarrollo de productos<br \/>\n\u2714 Adaptaci\u00f3n a la muestra \u2714 Autorizaci\u00f3n de marca<\/p>\n<h2 style=\"text-align: left;\"><strong>\u00bfPreguntas o comentarios? <\/strong><\/h2>\n<h2 style=\"text-align: left;\"><strong>wlwer@williamweir.com<\/strong><\/h2>","protected":false},"featured_media":5306,"template":"","meta":{"_uag_custom_page_level_css":"","site-sidebar-layout":"default","site-content-layout":"","ast-site-content-layout":"default","site-content-style":"default","site-sidebar-style":"default","ast-global-header-display":"","ast-banner-title-visibility":"","ast-main-header-display":"","ast-hfb-above-header-display":"","ast-hfb-below-header-display":"","ast-hfb-mobile-header-display":"","site-post-title":"","ast-breadcrumbs-content":"","ast-featured-img":"","footer-sml-layout":"","theme-transparent-header-meta":"default","adv-header-id-meta":"","stick-header-meta":"","header-above-stick-meta":"","header-main-stick-meta":"","header-below-stick-meta":"","astra-migrate-meta-layouts":"set","ast-page-background-enabled":"default","ast-page-background-meta":{"desktop":{"background-color":"","background-image":"","background-repeat":"repeat","background-position":"center center","background-size":"auto","background-attachment":"scroll","background-type":"","background-media":"","overlay-type":"","overlay-color":"","overlay-opacity":"","overlay-gradient":""},"tablet":{"background-color":"","background-image":"","background-repeat":"repeat","background-position":"center center","background-size":"auto","background-attachment":"scroll","background-type":"","background-media":"","overlay-type":"","overlay-color":"","overlay-opacity":"","overlay-gradient":""},"mobile":{"background-color":"","background-image":"","background-repeat":"repeat","background-position":"center center","background-size":"auto","background-attachment":"scroll","background-type":"","background-media":"","overlay-type":"","overlay-color":"","overlay-opacity":"","overlay-gradient":""}},"ast-content-background-meta":{"desktop":{"background-color":"var(--ast-global-color-5)","background-image":"","background-repeat":"repeat","background-position":"center center","background-size":"auto","background-attachment":"scroll","background-type":"","background-media":"","overlay-type":"","overlay-color":"","overlay-opacity":"","overlay-gradient":""},"tablet":{"background-color":"var(--ast-global-color-5)","background-image":"","background-repeat":"repeat","background-position":"center center","background-size":"auto","background-attachment":"scroll","background-type":"","background-media":"","overlay-type":"","overlay-color":"","overlay-opacity":"","overlay-gradient":""},"mobile":{"background-color":"var(--ast-global-color-5)","background-image":"","background-repeat":"repeat","background-position":"center center","background-size":"auto","background-attachment":"scroll","background-type":"","background-media":"","overlay-type":"","overlay-color":"","overlay-opacity":"","overlay-gradient":""}}},"product_brand":[],"product_cat":[78],"product_tag":[148,150,145],"class_list":{"0":"post-5305","1":"product","2":"type-product","3":"status-publish","4":"has-post-thumbnail","6":"product_cat-lubricating-oil-care-oil-series","7":"product_tag-care-oil","8":"product_tag-lubricating-oil","9":"product_tag-maintenance-oil","10":"desktop-align-center","11":"tablet-align-left","12":"mobile-align-left","13":"ast-product-gallery-layout-horizontal-slider","14":"ast-product-gallery-with-no-image","15":"ast-product-tabs-layout-horizontal","17":"first","18":"instock","19":"shipping-taxable","20":"product-type-simple"},"aioseo_notices":[],"uagb_featured_image_src":{"full":["https:\/\/williamweir.com\/wp-content\/uploads\/2024\/10\/\u8dd1\u6b65\u673a\u6da6\u6ed1\u6cb9.jpg",800,800,false],"thumbnail":["https:\/\/williamweir.com\/wp-content\/uploads\/2024\/10\/\u8dd1\u6b65\u673a\u6da6\u6ed1\u6cb9-300x300.jpg",300,300,true],"medium":["https:\/\/williamweir.com\/wp-content\/uploads\/2024\/10\/\u8dd1\u6b65\u673a\u6da6\u6ed1\u6cb9-600x600.jpg",600,600,true],"medium_large":["https:\/\/williamweir.com\/wp-content\/uploads\/2024\/10\/\u8dd1\u6b65\u673a\u6da6\u6ed1\u6cb9-768x768.jpg",768,768,true],"large":["https:\/\/williamweir.com\/wp-content\/uploads\/2024\/10\/\u8dd1\u6b65\u673a\u6da6\u6ed1\u6cb9.jpg",800,800,false],"1536x1536":["https:\/\/williamweir.com\/wp-content\/uploads\/2024\/10\/\u8dd1\u6b65\u673a\u6da6\u6ed1\u6cb9.jpg",800,800,false],"2048x2048":["https:\/\/williamweir.com\/wp-content\/uploads\/2024\/10\/\u8dd1\u6b65\u673a\u6da6\u6ed1\u6cb9.jpg",800,800,false],"trp-custom-language-flag":["https:\/\/williamweir.com\/wp-content\/uploads\/2024\/10\/\u8dd1\u6b65\u673a\u6da6\u6ed1\u6cb9-12x12.jpg",12,12,true],"woocommerce_thumbnail":["https:\/\/williamweir.com\/wp-content\/uploads\/2024\/10\/\u8dd1\u6b65\u673a\u6da6\u6ed1\u6cb9-600x600.jpg",600,600,true],"woocommerce_single":["https:\/\/williamweir.com\/wp-content\/uploads\/2024\/10\/\u8dd1\u6b65\u673a\u6da6\u6ed1\u6cb9-600x600.jpg",600,600,true],"woocommerce_gallery_thumbnail":["https:\/\/williamweir.com\/wp-content\/uploads\/2024\/10\/\u8dd1\u6b65\u673a\u6da6\u6ed1\u6cb9-100x100.jpg",100,100,true]},"uagb_author_info":{"display_name":"wlwer","author_link":"https:\/\/williamweir.com\/es\/author\/"},"uagb_comment_info":0,"uagb_excerpt":"Our factory provides OEM\/ODM processing services, we can tailor products for you; Our MOQ is low, generally the minimum quantity is 1000 bottles can be produced; Our products are inexpensive, excellent product quality, in line with any national laws and regulations and customer needs! We also offer the following services \u2714\u00a0 Cross-border source\u00a0 \u00a0 \u00a0&hellip;","_links":{"self":[{"href":"https:\/\/williamweir.com\/es\/wp-json\/wp\/v2\/product\/5305"}],"collection":[{"href":"https:\/\/williamweir.com\/es\/wp-json\/wp\/v2\/product"}],"about":[{"href":"https:\/\/williamweir.com\/es\/wp-json\/wp\/v2\/types\/product"}],"version-history":[{"count":4,"href":"https:\/\/williamweir.com\/es\/wp-json\/wp\/v2\/product\/5305\/revisions"}],"predecessor-version":[{"id":8295,"href":"https:\/\/williamweir.com\/es\/wp-json\/wp\/v2\/product\/5305\/revisions\/8295"}],"wp:featuredmedia":[{"embeddable":true,"href":"https:\/\/williamweir.com\/es\/wp-json\/wp\/v2\/media\/5306"}],"wp:attachment":[{"href":"https:\/\/williamweir.com\/es\/wp-json\/wp\/v2\/media?parent=5305"}],"wp:term":[{"taxonomy":"product_brand","embeddable":true,"href":"https:\/\/williamweir.com\/es\/wp-json\/wp\/v2\/product_brand?post=5305"},{"taxonomy":"product_cat","embeddable":true,"href":"https:\/\/williamweir.com\/es\/wp-json\/wp\/v2\/product_cat?post=5305"},{"taxonomy":"product_tag","embeddable":true,"href":"https:\/\/williamweir.com\/es\/wp-json\/wp\/v2\/product_tag?post=5305"}],"curies":[{"name":"wp","href":"https:\/\/api.w.org\/{rel}","templated":true}]}}