{"id":5299,"date":"2024-10-30T05:07:10","date_gmt":"2024-10-30T05:07:10","guid":{"rendered":"https:\/\/williamweir.com\/?post_type=product&#038;p=5299"},"modified":"2025-05-24T01:48:32","modified_gmt":"2025-05-24T01:48:32","slug":"sewing-machine-oil","status":"publish","type":"product","link":"https:\/\/williamweir.com\/es\/producto\/sewing-machine-oil\/","title":{"rendered":"Aceite para m\u00e1quinas de coser"},"content":{"rendered":"<p align=\"justify\"><strong>C\u00f3digo del producto<\/strong><strong>\uff1a<\/strong><strong>2448<\/strong><\/p>\n<p><strong>I. Introducci\u00f3n del producto<\/strong><\/p>\n<p>Este producto es un aceite lubricante de alta calidad especialmente dise\u00f1ado para m\u00e1quinas de coser, cuyo objetivo es garantizar el buen funcionamiento de las m\u00e1quinas de coser y prolongar su vida \u00fatil.<\/p>\n<p><strong>II. Caracter\u00edsticas del producto<\/strong><\/p>\n<ol>\n<li>Buen rendimiento lubricante: Puede formar una pel\u00edcula de aceite uniforme entre las diversas partes m\u00f3viles de la m\u00e1quina de coser, reducir la fricci\u00f3n y el desgaste, y hacer que la m\u00e1quina de coser funcione m\u00e1s suave y silenciosamente.<\/li>\n<li>Propiedad antioxidante: Tiene un buen rendimiento antioxidante, que puede evitar que el aceite lubricante se deteriore durante el uso y mantener la durabilidad de su efecto lubricante.<\/li>\n<li>Protecci\u00f3n contra la oxidaci\u00f3n: Evita eficazmente que las piezas met\u00e1licas de la m\u00e1quina de coser se oxiden y se corroan, y protege la precisi\u00f3n y el rendimiento de la m\u00e1quina.<\/li>\n<li>Fluidez a baja temperatura: Puede mantener una buena fluidez en entornos de baja temperatura, garantizando que la m\u00e1quina de coser pueda arrancar y funcionar con normalidad en diferentes condiciones de temperatura.<\/li>\n<li>Gran compatibilidad: Es compatible con diversos materiales y piezas de la m\u00e1quina de coser y no tendr\u00e1 efectos adversos sobre el caucho, el pl\u00e1stico y otras piezas.<\/li>\n<\/ol>\n<p><strong>III. M\u00e9todos de utilizaci\u00f3n<\/strong><\/p>\n<ol>\n<li>Antes de utilizar la m\u00e1quina de coser, descon\u00e9ctela primero para asegurarse de que se encuentra en estado de reposo.<\/li>\n<li>Limpie el polvo y los residuos de la superficie de la m\u00e1quina de coser para evitar que las impurezas se mezclen con el aceite lubricante.<\/li>\n<li>Abra el orificio de llenado de aceite o la ranura de aceite de la m\u00e1quina de coser y vierta lentamente una cantidad adecuada de aceite lubricante. Tenga cuidado de no llenar demasiado para evitar derrames de aceite.<\/li>\n<li>Gire manualmente el volante de la m\u00e1quina de coser para distribuir uniformemente el aceite lubricante a cada parte m\u00f3vil.<\/li>\n<li>Limpie el exceso de aceite lubricante con un pa\u00f1o limpio para mantener limpia la superficie de la m\u00e1quina de coser.<\/li>\n<\/ol>\n<p><strong>IV. Precauciones<\/strong><\/p>\n<ol>\n<li>Gu\u00e1rdelo en un lugar donde los ni\u00f1os y los animales dom\u00e9sticos no puedan alcanzarlo f\u00e1cilmente para evitar su ingesti\u00f3n accidental.<\/li>\n<li>Mantener alejado de fuentes de fuego y ambientes de alta temperatura para evitar la combusti\u00f3n o el deterioro del aceite lubricante.<\/li>\n<li>Compruebe regularmente la cantidad de aceite lubricante en la m\u00e1quina de coser y reponga o sustituya el aceite lubricante a tiempo seg\u00fan la situaci\u00f3n de uso.<\/li>\n<\/ol>","protected":false},"excerpt":{"rendered":"<p>\u00a1Nuestra f\u00e1brica ofrece servicios de procesamiento OEM\/ODM, podemos adaptar productos para usted; Nuestro MOQ es bajo, generalmente la cantidad m\u00ednima es de 1000 botellas pueden ser producidas; Nuestros productos son baratos, excelente calidad del producto, en l\u00ednea con cualquier ley y reglamento nacional y las necesidades del cliente!<\/p>\n<p>Tambi\u00e9n ofrecemos los siguientes servicios<br \/>\n\u2714 Fuente transfronteriza \u2714 Apoyo a la personalizaci\u00f3n<br \/>\n\u2714 F\u00e1brica de origen \u2714 Desarrollo de productos<br \/>\n\u2714 Adaptaci\u00f3n a la muestra \u2714 Autorizaci\u00f3n de marca<\/p>\n<h2 style=\"text-align: left;\"><strong>\u00bfPreguntas o comentarios? <\/strong><\/h2>\n<h2 style=\"text-align: left;\"><strong>wlwer@williamweir.com<\/strong><\/h2>","protected":false},"featured_media":5300,"template":"","meta":{"_uag_custom_page_level_css":"","site-sidebar-layout":"default","site-content-layout":"","ast-site-content-layout":"default","site-content-style":"default","site-sidebar-style":"default","ast-global-header-display":"","ast-banner-title-visibility":"","ast-main-header-display":"","ast-hfb-above-header-display":"","ast-hfb-below-header-display":"","ast-hfb-mobile-header-display":"","site-post-title":"","ast-breadcrumbs-content":"","ast-featured-img":"","footer-sml-layout":"","theme-transparent-header-meta":"default","adv-header-id-meta":"","stick-header-meta":"","header-above-stick-meta":"","header-main-stick-meta":"","header-below-stick-meta":"","astra-migrate-meta-layouts":"set","ast-page-background-enabled":"default","ast-page-background-meta":{"desktop":{"background-color":"","background-image":"","background-repeat":"repeat","background-position":"center center","background-size":"auto","background-attachment":"scroll","background-type":"","background-media":"","overlay-type":"","overlay-color":"","overlay-opacity":"","overlay-gradient":""},"tablet":{"background-color":"","background-image":"","background-repeat":"repeat","background-position":"center center","background-size":"auto","background-attachment":"scroll","background-type":"","background-media":"","overlay-type":"","overlay-color":"","overlay-opacity":"","overlay-gradient":""},"mobile":{"background-color":"","background-image":"","background-repeat":"repeat","background-position":"center center","background-size":"auto","background-attachment":"scroll","background-type":"","background-media":"","overlay-type":"","overlay-color":"","overlay-opacity":"","overlay-gradient":""}},"ast-content-background-meta":{"desktop":{"background-color":"var(--ast-global-color-5)","background-image":"","background-repeat":"repeat","background-position":"center center","background-size":"auto","background-attachment":"scroll","background-type":"","background-media":"","overlay-type":"","overlay-color":"","overlay-opacity":"","overlay-gradient":""},"tablet":{"background-color":"var(--ast-global-color-5)","background-image":"","background-repeat":"repeat","background-position":"center center","background-size":"auto","background-attachment":"scroll","background-type":"","background-media":"","overlay-type":"","overlay-color":"","overlay-opacity":"","overlay-gradient":""},"mobile":{"background-color":"var(--ast-global-color-5)","background-image":"","background-repeat":"repeat","background-position":"center center","background-size":"auto","background-attachment":"scroll","background-type":"","background-media":"","overlay-type":"","overlay-color":"","overlay-opacity":"","overlay-gradient":""}}},"product_brand":[],"product_cat":[78],"product_tag":[150,145],"class_list":{"0":"post-5299","1":"product","2":"type-product","3":"status-publish","4":"has-post-thumbnail","6":"product_cat-lubricating-oil-care-oil-series","7":"product_tag-lubricating-oil","8":"product_tag-maintenance-oil","9":"desktop-align-center","10":"tablet-align-left","11":"mobile-align-left","12":"ast-product-gallery-layout-horizontal-slider","13":"ast-product-gallery-with-no-image","14":"ast-product-tabs-layout-horizontal","16":"first","17":"instock","18":"shipping-taxable","19":"product-type-simple"},"aioseo_notices":[],"uagb_featured_image_src":{"full":["https:\/\/williamweir.com\/wp-content\/uploads\/2024\/10\/\u7f1d\u7eab\u673a\u6da6\u6ed1\u6cb91.jpg",800,800,false],"thumbnail":["https:\/\/williamweir.com\/wp-content\/uploads\/2024\/10\/\u7f1d\u7eab\u673a\u6da6\u6ed1\u6cb91-300x300.jpg",300,300,true],"medium":["https:\/\/williamweir.com\/wp-content\/uploads\/2024\/10\/\u7f1d\u7eab\u673a\u6da6\u6ed1\u6cb91-600x600.jpg",600,600,true],"medium_large":["https:\/\/williamweir.com\/wp-content\/uploads\/2024\/10\/\u7f1d\u7eab\u673a\u6da6\u6ed1\u6cb91-768x768.jpg",768,768,true],"large":["https:\/\/williamweir.com\/wp-content\/uploads\/2024\/10\/\u7f1d\u7eab\u673a\u6da6\u6ed1\u6cb91.jpg",800,800,false],"1536x1536":["https:\/\/williamweir.com\/wp-content\/uploads\/2024\/10\/\u7f1d\u7eab\u673a\u6da6\u6ed1\u6cb91.jpg",800,800,false],"2048x2048":["https:\/\/williamweir.com\/wp-content\/uploads\/2024\/10\/\u7f1d\u7eab\u673a\u6da6\u6ed1\u6cb91.jpg",800,800,false],"trp-custom-language-flag":["https:\/\/williamweir.com\/wp-content\/uploads\/2024\/10\/\u7f1d\u7eab\u673a\u6da6\u6ed1\u6cb91-12x12.jpg",12,12,true],"woocommerce_thumbnail":["https:\/\/williamweir.com\/wp-content\/uploads\/2024\/10\/\u7f1d\u7eab\u673a\u6da6\u6ed1\u6cb91-600x600.jpg",600,600,true],"woocommerce_single":["https:\/\/williamweir.com\/wp-content\/uploads\/2024\/10\/\u7f1d\u7eab\u673a\u6da6\u6ed1\u6cb91-600x600.jpg",600,600,true],"woocommerce_gallery_thumbnail":["https:\/\/williamweir.com\/wp-content\/uploads\/2024\/10\/\u7f1d\u7eab\u673a\u6da6\u6ed1\u6cb91-100x100.jpg",100,100,true]},"uagb_author_info":{"display_name":"wlwer","author_link":"https:\/\/williamweir.com\/es\/author\/"},"uagb_comment_info":0,"uagb_excerpt":"Our factory provides OEM\/ODM processing services, we can tailor products for you; Our MOQ is low, generally the minimum quantity is 1000 bottles can be produced; Our products are inexpensive, excellent product quality, in line with any national laws and regulations and customer needs! We also offer the following services \u2714\u00a0 Cross-border source\u00a0 \u00a0 \u00a0&hellip;","_links":{"self":[{"href":"https:\/\/williamweir.com\/es\/wp-json\/wp\/v2\/product\/5299"}],"collection":[{"href":"https:\/\/williamweir.com\/es\/wp-json\/wp\/v2\/product"}],"about":[{"href":"https:\/\/williamweir.com\/es\/wp-json\/wp\/v2\/types\/product"}],"version-history":[{"count":4,"href":"https:\/\/williamweir.com\/es\/wp-json\/wp\/v2\/product\/5299\/revisions"}],"predecessor-version":[{"id":8297,"href":"https:\/\/williamweir.com\/es\/wp-json\/wp\/v2\/product\/5299\/revisions\/8297"}],"wp:featuredmedia":[{"embeddable":true,"href":"https:\/\/williamweir.com\/es\/wp-json\/wp\/v2\/media\/5300"}],"wp:attachment":[{"href":"https:\/\/williamweir.com\/es\/wp-json\/wp\/v2\/media?parent=5299"}],"wp:term":[{"taxonomy":"product_brand","embeddable":true,"href":"https:\/\/williamweir.com\/es\/wp-json\/wp\/v2\/product_brand?post=5299"},{"taxonomy":"product_cat","embeddable":true,"href":"https:\/\/williamweir.com\/es\/wp-json\/wp\/v2\/product_cat?post=5299"},{"taxonomy":"product_tag","embeddable":true,"href":"https:\/\/williamweir.com\/es\/wp-json\/wp\/v2\/product_tag?post=5299"}],"curies":[{"name":"wp","href":"https:\/\/api.w.org\/{rel}","templated":true}]}}