{"id":5295,"date":"2024-10-30T05:02:05","date_gmt":"2024-10-30T05:02:05","guid":{"rendered":"https:\/\/williamweir.com\/?post_type=product&#038;p=5295"},"modified":"2025-05-24T01:48:38","modified_gmt":"2025-05-24T01:48:38","slug":"guitar-care-orange-oil","status":"publish","type":"product","link":"https:\/\/williamweir.com\/es\/producto\/guitar-care-orange-oil\/","title":{"rendered":"Guitar Care Aceite de naranja"},"content":{"rendered":"<p align=\"justify\"><strong>C\u00f3digo del producto<\/strong><strong>\uff1a<\/strong><strong>2<\/strong><strong>820<\/strong><\/p>\n<p><strong>I. Introducci\u00f3n del producto<\/strong><\/p>\n<p>Este producto es un producto de cuidado de alta calidad especialmente desarrollado para el mantenimiento de guitarras. Utiliza extracto natural de aceite de naranja, que es suave y no irrita. Puede limpiar y proteger eficazmente la superficie de madera de la guitarra, mantenerla en buen estado y mostrar un tono bonito.<\/p>\n<p><strong>II. Caracter\u00edsticas del producto<\/strong><\/p>\n<ol>\n<li>Limpieza y descontaminaci\u00f3n: Puede eliminar el polvo, las manchas y las huellas dactilares de la superficie de la guitarra, haciendo que la guitarra tenga un aspecto limpio y ordenado.<\/li>\n<li>Nutre la madera: Los nutrientes del aceite de naranja pueden penetrar en las fibras de la madera, complementar la humedad y el aceite de la madera, evitar que la madera se seque y agriete, y mantener la flexibilidad y estabilidad de la madera.<\/li>\n<li>A\u00f1ade brillo: Restaura el lustre natural de la superficie de la guitarra, realza la belleza de la guitarra y hace que tu guitarra brille con un nuevo resplandor.<\/li>\n<li>Antioxidaci\u00f3n: Forma una pel\u00edcula protectora para resistir la erosi\u00f3n del ox\u00edgeno y la humedad del aire en la guitarra y retrasar el proceso de envejecimiento de la guitarra.<\/li>\n<li>Natural y respetuoso con el medio ambiente: Con aceite de naranja natural como ingrediente principal, no contiene productos qu\u00edmicos nocivos y es seguro e inofensivo para las guitarras y los usuarios.<\/li>\n<\/ol>\n<p><strong>III. M\u00e9todos de utilizaci\u00f3n<\/strong><\/p>\n<ol>\n<li>Antes de utilizarlo, agite suavemente el aceite de naranja de cuidado.<\/li>\n<li>Vierta una peque\u00f1a cantidad de aceite de naranja en un pa\u00f1o limpio y suave.<\/li>\n<li>Limpie la superficie de la guitarra con suaves movimientos circulares, incluyendo el cuerpo, el m\u00e1stil y el clavijero, para garantizar una distribuci\u00f3n uniforme del aceite de naranja.<\/li>\n<li>Para algunas manchas dif\u00edciles, puede aumentar ligeramente la fuerza de limpieza, pero tenga cuidado para evitar una fuerza excesiva y da\u00f1ar la superficie de la guitarra.<\/li>\n<li>Despu\u00e9s de pasar el pa\u00f1o, utilice otro pa\u00f1o limpio para eliminar suavemente el exceso de aceite de naranja y mantener seca la superficie de la guitarra.<\/li>\n<\/ol>\n<p><strong>IV. Precauciones<\/strong><\/p>\n<ol>\n<li>Evite utilizarlo bajo la luz directa del sol o en entornos con altas temperaturas para no afectar al efecto de cuidado.<\/li>\n<li>Coloque el producto en un lugar donde los ni\u00f1os y los animales dom\u00e9sticos no puedan alcanzarlo f\u00e1cilmente para evitar que lo ingieran o lo toquen accidentalmente.<\/li>\n<li>Si accidentalmente gotea aceite de naranja en la boca u otras estructuras internas de la guitarra, deber\u00e1 absorberlo a tiempo con un pa\u00f1o limpio.<\/li>\n<li>Preste atenci\u00f3n a la cantidad adecuada al utilizarlo. Demasiado aceite de naranja puede engrasar demasiado la superficie de la guitarra.<\/li>\n<li>Utilice el aceite de naranja para el cuidado de la guitarra con regularidad, pero no con demasiada frecuencia. En general, se recomienda utilizarlo una vez cada 2 - 3 meses.<\/li>\n<\/ol>","protected":false},"excerpt":{"rendered":"<p>\u00a1Nuestra f\u00e1brica ofrece servicios de procesamiento OEM\/ODM, podemos adaptar productos para usted; Nuestro MOQ es bajo, generalmente la cantidad m\u00ednima es de 1000 botellas pueden ser producidas; Nuestros productos son baratos, excelente calidad del producto, en l\u00ednea con cualquier ley y reglamento nacional y las necesidades del cliente!<\/p>\n<p>Tambi\u00e9n ofrecemos los siguientes servicios<br \/>\n\u2714 Fuente transfronteriza \u2714 Apoyo a la personalizaci\u00f3n<br \/>\n\u2714 F\u00e1brica de origen \u2714 Desarrollo de productos<br \/>\n\u2714 Adaptaci\u00f3n a la muestra \u2714 Autorizaci\u00f3n de marca<\/p>\n<h2 style=\"text-align: left;\"><strong>\u00bfPreguntas o comentarios? <\/strong><\/h2>\n<h2 style=\"text-align: left;\"><strong>wlwer@williamweir.com<\/strong><\/h2>","protected":false},"featured_media":5296,"template":"","meta":{"_uag_custom_page_level_css":"","site-sidebar-layout":"default","site-content-layout":"","ast-site-content-layout":"default","site-content-style":"default","site-sidebar-style":"default","ast-global-header-display":"","ast-banner-title-visibility":"","ast-main-header-display":"","ast-hfb-above-header-display":"","ast-hfb-below-header-display":"","ast-hfb-mobile-header-display":"","site-post-title":"","ast-breadcrumbs-content":"","ast-featured-img":"","footer-sml-layout":"","theme-transparent-header-meta":"default","adv-header-id-meta":"","stick-header-meta":"","header-above-stick-meta":"","header-main-stick-meta":"","header-below-stick-meta":"","astra-migrate-meta-layouts":"set","ast-page-background-enabled":"default","ast-page-background-meta":{"desktop":{"background-color":"","background-image":"","background-repeat":"repeat","background-position":"center center","background-size":"auto","background-attachment":"scroll","background-type":"","background-media":"","overlay-type":"","overlay-color":"","overlay-opacity":"","overlay-gradient":""},"tablet":{"background-color":"","background-image":"","background-repeat":"repeat","background-position":"center center","background-size":"auto","background-attachment":"scroll","background-type":"","background-media":"","overlay-type":"","overlay-color":"","overlay-opacity":"","overlay-gradient":""},"mobile":{"background-color":"","background-image":"","background-repeat":"repeat","background-position":"center center","background-size":"auto","background-attachment":"scroll","background-type":"","background-media":"","overlay-type":"","overlay-color":"","overlay-opacity":"","overlay-gradient":""}},"ast-content-background-meta":{"desktop":{"background-color":"var(--ast-global-color-5)","background-image":"","background-repeat":"repeat","background-position":"center center","background-size":"auto","background-attachment":"scroll","background-type":"","background-media":"","overlay-type":"","overlay-color":"","overlay-opacity":"","overlay-gradient":""},"tablet":{"background-color":"var(--ast-global-color-5)","background-image":"","background-repeat":"repeat","background-position":"center center","background-size":"auto","background-attachment":"scroll","background-type":"","background-media":"","overlay-type":"","overlay-color":"","overlay-opacity":"","overlay-gradient":""},"mobile":{"background-color":"var(--ast-global-color-5)","background-image":"","background-repeat":"repeat","background-position":"center center","background-size":"auto","background-attachment":"scroll","background-type":"","background-media":"","overlay-type":"","overlay-color":"","overlay-opacity":"","overlay-gradient":""}}},"product_brand":[],"product_cat":[81],"product_tag":[148,146,147,149],"class_list":{"0":"post-5295","1":"product","2":"type-product","3":"status-publish","4":"has-post-thumbnail","6":"product_cat-special-goods-cleaning-and-maintenance-series","7":"product_tag-care-oil","8":"product_tag-guitar-care-oil","9":"product_tag-instrument-care-oil","10":"product_tag-natural-orange-oil","11":"desktop-align-center","12":"tablet-align-left","13":"mobile-align-left","14":"ast-product-gallery-layout-horizontal-slider","15":"ast-product-gallery-with-no-image","16":"ast-product-tabs-layout-horizontal","18":"first","19":"instock","20":"featured","21":"shipping-taxable","22":"product-type-simple"},"aioseo_notices":[],"uagb_featured_image_src":{"full":["https:\/\/williamweir.com\/wp-content\/uploads\/2024\/10\/120ml\u5409\u4ed6\u62a4\u7406\u6a59\u6cb9.jpg",800,800,false],"thumbnail":["https:\/\/williamweir.com\/wp-content\/uploads\/2024\/10\/120ml\u5409\u4ed6\u62a4\u7406\u6a59\u6cb9-300x300.jpg",300,300,true],"medium":["https:\/\/williamweir.com\/wp-content\/uploads\/2024\/10\/120ml\u5409\u4ed6\u62a4\u7406\u6a59\u6cb9-600x600.jpg",600,600,true],"medium_large":["https:\/\/williamweir.com\/wp-content\/uploads\/2024\/10\/120ml\u5409\u4ed6\u62a4\u7406\u6a59\u6cb9-768x768.jpg",768,768,true],"large":["https:\/\/williamweir.com\/wp-content\/uploads\/2024\/10\/120ml\u5409\u4ed6\u62a4\u7406\u6a59\u6cb9.jpg",800,800,false],"1536x1536":["https:\/\/williamweir.com\/wp-content\/uploads\/2024\/10\/120ml\u5409\u4ed6\u62a4\u7406\u6a59\u6cb9.jpg",800,800,false],"2048x2048":["https:\/\/williamweir.com\/wp-content\/uploads\/2024\/10\/120ml\u5409\u4ed6\u62a4\u7406\u6a59\u6cb9.jpg",800,800,false],"trp-custom-language-flag":["https:\/\/williamweir.com\/wp-content\/uploads\/2024\/10\/120ml\u5409\u4ed6\u62a4\u7406\u6a59\u6cb9-12x12.jpg",12,12,true],"woocommerce_thumbnail":["https:\/\/williamweir.com\/wp-content\/uploads\/2024\/10\/120ml\u5409\u4ed6\u62a4\u7406\u6a59\u6cb9-600x600.jpg",600,600,true],"woocommerce_single":["https:\/\/williamweir.com\/wp-content\/uploads\/2024\/10\/120ml\u5409\u4ed6\u62a4\u7406\u6a59\u6cb9-600x600.jpg",600,600,true],"woocommerce_gallery_thumbnail":["https:\/\/williamweir.com\/wp-content\/uploads\/2024\/10\/120ml\u5409\u4ed6\u62a4\u7406\u6a59\u6cb9-100x100.jpg",100,100,true]},"uagb_author_info":{"display_name":"wlwer","author_link":"https:\/\/williamweir.com\/es\/author\/"},"uagb_comment_info":0,"uagb_excerpt":"Our factory provides OEM\/ODM processing services, we can tailor products for you; Our MOQ is low, generally the minimum quantity is 1000 bottles can be produced; Our products are inexpensive, excellent product quality, in line with any national laws and regulations and customer needs! We also offer the following services \u2714\u00a0 Cross-border source\u00a0 \u00a0 \u00a0&hellip;","_links":{"self":[{"href":"https:\/\/williamweir.com\/es\/wp-json\/wp\/v2\/product\/5295"}],"collection":[{"href":"https:\/\/williamweir.com\/es\/wp-json\/wp\/v2\/product"}],"about":[{"href":"https:\/\/williamweir.com\/es\/wp-json\/wp\/v2\/types\/product"}],"version-history":[{"count":5,"href":"https:\/\/williamweir.com\/es\/wp-json\/wp\/v2\/product\/5295\/revisions"}],"predecessor-version":[{"id":8298,"href":"https:\/\/williamweir.com\/es\/wp-json\/wp\/v2\/product\/5295\/revisions\/8298"}],"wp:featuredmedia":[{"embeddable":true,"href":"https:\/\/williamweir.com\/es\/wp-json\/wp\/v2\/media\/5296"}],"wp:attachment":[{"href":"https:\/\/williamweir.com\/es\/wp-json\/wp\/v2\/media?parent=5295"}],"wp:term":[{"taxonomy":"product_brand","embeddable":true,"href":"https:\/\/williamweir.com\/es\/wp-json\/wp\/v2\/product_brand?post=5295"},{"taxonomy":"product_cat","embeddable":true,"href":"https:\/\/williamweir.com\/es\/wp-json\/wp\/v2\/product_cat?post=5295"},{"taxonomy":"product_tag","embeddable":true,"href":"https:\/\/williamweir.com\/es\/wp-json\/wp\/v2\/product_tag?post=5295"}],"curies":[{"name":"wp","href":"https:\/\/api.w.org\/{rel}","templated":true}]}}