{"id":5292,"date":"2024-10-30T04:57:24","date_gmt":"2024-10-30T04:57:24","guid":{"rendered":"https:\/\/williamweir.com\/?post_type=product&#038;p=5292"},"modified":"2025-05-24T01:48:44","modified_gmt":"2025-05-24T01:48:44","slug":"wood-care-walnut-oil","status":"publish","type":"product","link":"https:\/\/williamweir.com\/es\/producto\/wood-care-walnut-oil\/","title":{"rendered":"Aceite de nuez para el cuidado de la madera"},"content":{"rendered":"<p align=\"justify\"><strong>C\u00f3digo del producto<\/strong><strong>\uff1a<\/strong><strong>2516<\/strong><\/p>\n<p><strong>I. Caracter\u00edsticas del producto<\/strong><\/p>\n<p>Hidrataci\u00f3n y mantenimiento: Utilizando frutos secos silvestres como materia prima, nutre en profundidad y da m\u00e1s lustre a los muebles.<br \/>\nMejora la textura: Al contener aceite de nuez, realza el color y el brillo.<br \/>\nSeguro y saludable: Libre de ingredientes qu\u00edmicos, el l\u00edquido es claro y transparente sin olor peculiar.<br \/>\nA prueba de humedad y grietas: Rico en aceite secante, cuando se limpia sobre muebles de madera dura, forma una pel\u00edcula protectora despu\u00e9s del secado para evitar que los muebles envejezcan y se agrieten.<\/p>\n<p><strong>II. Instrucciones de uso<\/strong><\/p>\n<p>Utilice un pa\u00f1o de algod\u00f3n limpio y suave o un cepillo suave, moje un poco de aceite de nuez y pase suavemente de un lado a otro a lo largo de la veta de la madera del mueble. Al cabo de una hora, cuando el aceite est\u00e9 seco, utiliza un pa\u00f1o de algod\u00f3n seco para limpiar y abrillantar.<\/p>\n<p><strong>III. \u00c1mbito de aplicaci\u00f3n<\/strong><\/p>\n<p>Muebles de caoba, muebles cl\u00e1sicos, tallas de ra\u00edz, tallas de madera, tallas de bamb\u00fa, suelos de madera, calabazas, juguetes culturales y otros muebles preciosos como la madera dura.<\/p>\n<p><strong>IV. Composici\u00f3n y proceso del producto<\/strong><\/p>\n<p>Utilizando frutos secos silvestres como materia prima, se refina mediante prensado en fr\u00edo con tecnolog\u00eda moderna para formar una grasa l\u00edquida clara y transparente.<\/p>\n<p><strong>V. Precauciones<\/strong><\/p>\n<ol>\n<li>Cuando utilice este producto por primera vez, elija un lugar soleado y ventilado y limpie primero una peque\u00f1a cantidad.<\/li>\n<li>No utilice demasiado aceite para evitar desperdicios.<\/li>\n<li>Este producto no es comestible. Col\u00f3quelo en un lugar fresco y seco, fuera del alcance de los ni\u00f1os.<\/li>\n<\/ol>","protected":false},"excerpt":{"rendered":"<p>\u00a1Nuestra f\u00e1brica ofrece servicios de procesamiento OEM\/ODM, podemos adaptar productos para usted; Nuestro MOQ es bajo, generalmente la cantidad m\u00ednima es de 1000 botellas pueden ser producidas; Nuestros productos son baratos, excelente calidad del producto, en l\u00ednea con cualquier ley y reglamento nacional y las necesidades del cliente!<\/p>\n<p>Tambi\u00e9n ofrecemos los siguientes servicios<br \/>\n\u2714 Fuente transfronteriza \u2714 Apoyo a la personalizaci\u00f3n<br \/>\n\u2714 F\u00e1brica de origen \u2714 Desarrollo de productos<br \/>\n\u2714 Adaptaci\u00f3n a la muestra \u2714 Autorizaci\u00f3n de marca<\/p>\n<h2 style=\"text-align: left;\"><strong>\u00bfPreguntas o comentarios? <\/strong><\/h2>\n<h2 style=\"text-align: left;\"><strong>wlwer@williamweir.com<\/strong><\/h2>","protected":false},"featured_media":5293,"template":"","meta":{"_uag_custom_page_level_css":"","site-sidebar-layout":"default","site-content-layout":"","ast-site-content-layout":"default","site-content-style":"default","site-sidebar-style":"default","ast-global-header-display":"","ast-banner-title-visibility":"","ast-main-header-display":"","ast-hfb-above-header-display":"","ast-hfb-below-header-display":"","ast-hfb-mobile-header-display":"","site-post-title":"","ast-breadcrumbs-content":"","ast-featured-img":"","footer-sml-layout":"","theme-transparent-header-meta":"default","adv-header-id-meta":"","stick-header-meta":"","header-above-stick-meta":"","header-main-stick-meta":"","header-below-stick-meta":"","astra-migrate-meta-layouts":"set","ast-page-background-enabled":"default","ast-page-background-meta":{"desktop":{"background-color":"","background-image":"","background-repeat":"repeat","background-position":"center center","background-size":"auto","background-attachment":"scroll","background-type":"","background-media":"","overlay-type":"","overlay-color":"","overlay-opacity":"","overlay-gradient":""},"tablet":{"background-color":"","background-image":"","background-repeat":"repeat","background-position":"center center","background-size":"auto","background-attachment":"scroll","background-type":"","background-media":"","overlay-type":"","overlay-color":"","overlay-opacity":"","overlay-gradient":""},"mobile":{"background-color":"","background-image":"","background-repeat":"repeat","background-position":"center center","background-size":"auto","background-attachment":"scroll","background-type":"","background-media":"","overlay-type":"","overlay-color":"","overlay-opacity":"","overlay-gradient":""}},"ast-content-background-meta":{"desktop":{"background-color":"var(--ast-global-color-5)","background-image":"","background-repeat":"repeat","background-position":"center center","background-size":"auto","background-attachment":"scroll","background-type":"","background-media":"","overlay-type":"","overlay-color":"","overlay-opacity":"","overlay-gradient":""},"tablet":{"background-color":"var(--ast-global-color-5)","background-image":"","background-repeat":"repeat","background-position":"center center","background-size":"auto","background-attachment":"scroll","background-type":"","background-media":"","overlay-type":"","overlay-color":"","overlay-opacity":"","overlay-gradient":""},"mobile":{"background-color":"var(--ast-global-color-5)","background-image":"","background-repeat":"repeat","background-position":"center center","background-size":"auto","background-attachment":"scroll","background-type":"","background-media":"","overlay-type":"","overlay-color":"","overlay-opacity":"","overlay-gradient":""}}},"product_brand":[],"product_cat":[71],"product_tag":[145,144,84],"class_list":{"0":"post-5292","1":"product","2":"type-product","3":"status-publish","4":"has-post-thumbnail","6":"product_cat-maintenance-polishing-of-wood-products","7":"product_tag-maintenance-oil","8":"product_tag-walnut-oil","9":"product_tag-wood-care","10":"desktop-align-center","11":"tablet-align-left","12":"mobile-align-left","13":"ast-product-gallery-layout-horizontal-slider","14":"ast-product-gallery-with-no-image","15":"ast-product-tabs-layout-horizontal","17":"first","18":"instock","19":"shipping-taxable","20":"product-type-simple"},"aioseo_notices":[],"uagb_featured_image_src":{"full":["https:\/\/williamweir.com\/wp-content\/uploads\/2024\/10\/\u672a\u6807\u9898-1.jpg",800,800,false],"thumbnail":["https:\/\/williamweir.com\/wp-content\/uploads\/2024\/10\/\u672a\u6807\u9898-1-300x300.jpg",300,300,true],"medium":["https:\/\/williamweir.com\/wp-content\/uploads\/2024\/10\/\u672a\u6807\u9898-1-600x600.jpg",600,600,true],"medium_large":["https:\/\/williamweir.com\/wp-content\/uploads\/2024\/10\/\u672a\u6807\u9898-1-768x768.jpg",768,768,true],"large":["https:\/\/williamweir.com\/wp-content\/uploads\/2024\/10\/\u672a\u6807\u9898-1.jpg",800,800,false],"1536x1536":["https:\/\/williamweir.com\/wp-content\/uploads\/2024\/10\/\u672a\u6807\u9898-1.jpg",800,800,false],"2048x2048":["https:\/\/williamweir.com\/wp-content\/uploads\/2024\/10\/\u672a\u6807\u9898-1.jpg",800,800,false],"trp-custom-language-flag":["https:\/\/williamweir.com\/wp-content\/uploads\/2024\/10\/\u672a\u6807\u9898-1-12x12.jpg",12,12,true],"woocommerce_thumbnail":["https:\/\/williamweir.com\/wp-content\/uploads\/2024\/10\/\u672a\u6807\u9898-1-600x600.jpg",600,600,true],"woocommerce_single":["https:\/\/williamweir.com\/wp-content\/uploads\/2024\/10\/\u672a\u6807\u9898-1-600x600.jpg",600,600,true],"woocommerce_gallery_thumbnail":["https:\/\/williamweir.com\/wp-content\/uploads\/2024\/10\/\u672a\u6807\u9898-1-100x100.jpg",100,100,true]},"uagb_author_info":{"display_name":"wlwer","author_link":"https:\/\/williamweir.com\/es\/author\/"},"uagb_comment_info":0,"uagb_excerpt":"Our factory provides OEM\/ODM processing services, we can tailor products for you; Our MOQ is low, generally the minimum quantity is 1000 bottles can be produced; Our products are inexpensive, excellent product quality, in line with any national laws and regulations and customer needs! We also offer the following services \u2714\u00a0 Cross-border source\u00a0 \u00a0 \u00a0&hellip;","_links":{"self":[{"href":"https:\/\/williamweir.com\/es\/wp-json\/wp\/v2\/product\/5292"}],"collection":[{"href":"https:\/\/williamweir.com\/es\/wp-json\/wp\/v2\/product"}],"about":[{"href":"https:\/\/williamweir.com\/es\/wp-json\/wp\/v2\/types\/product"}],"version-history":[{"count":4,"href":"https:\/\/williamweir.com\/es\/wp-json\/wp\/v2\/product\/5292\/revisions"}],"predecessor-version":[{"id":8299,"href":"https:\/\/williamweir.com\/es\/wp-json\/wp\/v2\/product\/5292\/revisions\/8299"}],"wp:featuredmedia":[{"embeddable":true,"href":"https:\/\/williamweir.com\/es\/wp-json\/wp\/v2\/media\/5293"}],"wp:attachment":[{"href":"https:\/\/williamweir.com\/es\/wp-json\/wp\/v2\/media?parent=5292"}],"wp:term":[{"taxonomy":"product_brand","embeddable":true,"href":"https:\/\/williamweir.com\/es\/wp-json\/wp\/v2\/product_brand?post=5292"},{"taxonomy":"product_cat","embeddable":true,"href":"https:\/\/williamweir.com\/es\/wp-json\/wp\/v2\/product_cat?post=5292"},{"taxonomy":"product_tag","embeddable":true,"href":"https:\/\/williamweir.com\/es\/wp-json\/wp\/v2\/product_tag?post=5292"}],"curies":[{"name":"wp","href":"https:\/\/api.w.org\/{rel}","templated":true}]}}