{"id":5289,"date":"2024-10-30T04:52:59","date_gmt":"2024-10-30T04:52:59","guid":{"rendered":"https:\/\/williamweir.com\/?post_type=product&#038;p=5289"},"modified":"2025-05-24T01:48:49","modified_gmt":"2025-05-24T01:48:49","slug":"car-glass-oil-film-cleaner","status":"publish","type":"product","link":"https:\/\/williamweir.com\/es\/producto\/car-glass-oil-film-cleaner\/","title":{"rendered":"Limpiador de lunas"},"content":{"rendered":"<p align=\"justify\"><strong>C\u00f3digo del producto<\/strong><strong>\uff1a<\/strong><strong>2424<\/strong><\/p>\n<p><strong>I. Introducci\u00f3n del producto<\/strong><\/p>\n<p>Este producto es un producto de limpieza muy eficaz especialmente dise\u00f1ado para eliminar la pel\u00edcula de aceite de los cristales del coche. Puede eliminar eficazmente impurezas como manchas de aceite, manchas de agua y polvo en la superficie del cristal, restaurar el cristal del coche a claro y transparente, y mejorar la claridad y la seguridad de la visi\u00f3n de conducci\u00f3n.<\/p>\n<p><strong>II. Caracter\u00edsticas del producto<\/strong><\/p>\n<ol>\n<li>Potente eliminador de pel\u00edculas de aceite: Contiene una f\u00f3rmula limpiadora \u00fanica que puede descomponer y eliminar r\u00e1pidamente las pel\u00edculas de aceite m\u00e1s resistentes sobre el cristal del coche. Ya se trate de pel\u00edculas de aceite procedentes de emisiones de escape, manchas de aceite salpicado u otras fuentes de contaminaci\u00f3n, se pueden tratar f\u00e1cilmente.<\/li>\n<li>Limpieza profunda: No s\u00f3lo puede eliminar la pel\u00edcula de aceite en la superficie, sino tambi\u00e9n limpiar en profundidad la suciedad en los poros del cristal, haciendo que la superficie del cristal est\u00e9 m\u00e1s limpia y lisa.<\/li>\n<li>Seguro e inofensivo: Adopta una f\u00f3rmula suave y respetuosa con el medio ambiente, que no es corrosiva para el cristal del coche e inofensiva para el cuerpo humano y el medio ambiente. \u00daselo con confianza.<\/li>\n<li>F\u00e1cil de usar: Funcionamiento c\u00f3modo, no requiere conocimientos profesionales. Los propietarios de autom\u00f3viles ordinarios pueden completar f\u00e1cilmente el trabajo de limpieza.<\/li>\n<\/ol>\n<p><strong>III. M\u00e9todos de utilizaci\u00f3n<\/strong><\/p>\n<ol>\n<li>Agite la botella del limpiador para mezclarlo completamente. Pulverice una cantidad adecuada de limpiador de manera uniforme sobre la superficie de cristal del coche.<\/li>\n<li>Limpie suavemente la superficie del cristal con una esponja limpia o un pa\u00f1o suave, con movimientos circulares para asegurarse de que el limpiador entra en contacto con la pel\u00edcula de aceite y act\u00faa sobre ella. Si la pel\u00edcula de aceite es persistente, puede aumentar la intensidad y el tiempo de limpieza.<\/li>\n<li>Despu\u00e9s de pasar el pa\u00f1o, aclare la superficie del cristal con agua limpia para eliminar completamente los restos de limpiador y suciedad.<\/li>\n<li>Por \u00faltimo, seque la superficie del cristal con un pa\u00f1o limpio y seco para devolverle la sequedad y la claridad.<\/li>\n<\/ol>\n<p><strong>IV. Precauciones<\/strong><\/p>\n<ol>\n<li>Antes de utilizarlo, se recomienda realizar una prueba local en un peque\u00f1o rinc\u00f3n del cristal del coche para observar si se producen reacciones adversas como decoloraci\u00f3n y ara\u00f1azos.<\/li>\n<li>Evite utilizarlo bajo la luz directa del sol o en entornos con altas temperaturas para evitar que el limpiador se evapore r\u00e1pidamente y afecte al efecto de limpieza.<\/li>\n<li>Tras su uso, cierre el bote de limpiador y gu\u00e1rdelo en un lugar fresco y seco, fuera del alcance de los ni\u00f1os.<\/li>\n<\/ol>","protected":false},"excerpt":{"rendered":"<p>\u00a1Nuestra f\u00e1brica ofrece servicios de procesamiento OEM\/ODM, podemos adaptar productos para usted; Nuestro MOQ es bajo, generalmente la cantidad m\u00ednima es de 1000 botellas pueden ser producidas; Nuestros productos son baratos, excelente calidad del producto, en l\u00ednea con cualquier ley y reglamento nacional y las necesidades del cliente!<\/p>\n<p>Tambi\u00e9n ofrecemos los siguientes servicios<br \/>\n\u2714 Fuente transfronteriza \u2714 Apoyo a la personalizaci\u00f3n<br \/>\n\u2714 F\u00e1brica de origen \u2714 Desarrollo de productos<br \/>\n\u2714 Adaptaci\u00f3n a la muestra \u2714 Autorizaci\u00f3n de marca<\/p>\n<h2 style=\"text-align: left;\"><strong>\u00bfPreguntas o comentarios? <\/strong><\/h2>\n<h2 style=\"text-align: left;\"><strong>wlwer@williamweir.com<\/strong><\/h2>","protected":false},"featured_media":5290,"template":"","meta":{"_uag_custom_page_level_css":"","site-sidebar-layout":"default","site-content-layout":"","ast-site-content-layout":"default","site-content-style":"default","site-sidebar-style":"default","ast-global-header-display":"","ast-banner-title-visibility":"","ast-main-header-display":"","ast-hfb-above-header-display":"","ast-hfb-below-header-display":"","ast-hfb-mobile-header-display":"","site-post-title":"","ast-breadcrumbs-content":"","ast-featured-img":"","footer-sml-layout":"","theme-transparent-header-meta":"default","adv-header-id-meta":"","stick-header-meta":"","header-above-stick-meta":"","header-main-stick-meta":"","header-below-stick-meta":"","astra-migrate-meta-layouts":"set","ast-page-background-enabled":"default","ast-page-background-meta":{"desktop":{"background-color":"","background-image":"","background-repeat":"repeat","background-position":"center center","background-size":"auto","background-attachment":"scroll","background-type":"","background-media":"","overlay-type":"","overlay-color":"","overlay-opacity":"","overlay-gradient":""},"tablet":{"background-color":"","background-image":"","background-repeat":"repeat","background-position":"center center","background-size":"auto","background-attachment":"scroll","background-type":"","background-media":"","overlay-type":"","overlay-color":"","overlay-opacity":"","overlay-gradient":""},"mobile":{"background-color":"","background-image":"","background-repeat":"repeat","background-position":"center center","background-size":"auto","background-attachment":"scroll","background-type":"","background-media":"","overlay-type":"","overlay-color":"","overlay-opacity":"","overlay-gradient":""}},"ast-content-background-meta":{"desktop":{"background-color":"var(--ast-global-color-5)","background-image":"","background-repeat":"repeat","background-position":"center center","background-size":"auto","background-attachment":"scroll","background-type":"","background-media":"","overlay-type":"","overlay-color":"","overlay-opacity":"","overlay-gradient":""},"tablet":{"background-color":"var(--ast-global-color-5)","background-image":"","background-repeat":"repeat","background-position":"center center","background-size":"auto","background-attachment":"scroll","background-type":"","background-media":"","overlay-type":"","overlay-color":"","overlay-opacity":"","overlay-gradient":""},"mobile":{"background-color":"var(--ast-global-color-5)","background-image":"","background-repeat":"repeat","background-position":"center center","background-size":"auto","background-attachment":"scroll","background-type":"","background-media":"","overlay-type":"","overlay-color":"","overlay-opacity":"","overlay-gradient":""}}},"product_brand":[],"product_cat":[77],"product_tag":[141,142],"class_list":{"0":"post-5289","1":"product","2":"type-product","3":"status-publish","4":"has-post-thumbnail","6":"product_cat-car-cleaning-and-maintenance","7":"product_tag-glass-cleaner","8":"product_tag-oil-film-cleaner","9":"desktop-align-center","10":"tablet-align-left","11":"mobile-align-left","12":"ast-product-gallery-layout-horizontal-slider","13":"ast-product-gallery-with-no-image","14":"ast-product-tabs-layout-horizontal","16":"first","17":"instock","18":"shipping-taxable","19":"product-type-simple"},"aioseo_notices":[],"uagb_featured_image_src":{"full":["https:\/\/williamweir.com\/wp-content\/uploads\/2024\/10\/\u73bb\u7483\u6cb9\u819c\u6e05\u6d01\u52425.jpg",800,800,false],"thumbnail":["https:\/\/williamweir.com\/wp-content\/uploads\/2024\/10\/\u73bb\u7483\u6cb9\u819c\u6e05\u6d01\u52425-300x300.jpg",300,300,true],"medium":["https:\/\/williamweir.com\/wp-content\/uploads\/2024\/10\/\u73bb\u7483\u6cb9\u819c\u6e05\u6d01\u52425-600x600.jpg",600,600,true],"medium_large":["https:\/\/williamweir.com\/wp-content\/uploads\/2024\/10\/\u73bb\u7483\u6cb9\u819c\u6e05\u6d01\u52425-768x768.jpg",768,768,true],"large":["https:\/\/williamweir.com\/wp-content\/uploads\/2024\/10\/\u73bb\u7483\u6cb9\u819c\u6e05\u6d01\u52425.jpg",800,800,false],"1536x1536":["https:\/\/williamweir.com\/wp-content\/uploads\/2024\/10\/\u73bb\u7483\u6cb9\u819c\u6e05\u6d01\u52425.jpg",800,800,false],"2048x2048":["https:\/\/williamweir.com\/wp-content\/uploads\/2024\/10\/\u73bb\u7483\u6cb9\u819c\u6e05\u6d01\u52425.jpg",800,800,false],"trp-custom-language-flag":["https:\/\/williamweir.com\/wp-content\/uploads\/2024\/10\/\u73bb\u7483\u6cb9\u819c\u6e05\u6d01\u52425-12x12.jpg",12,12,true],"woocommerce_thumbnail":["https:\/\/williamweir.com\/wp-content\/uploads\/2024\/10\/\u73bb\u7483\u6cb9\u819c\u6e05\u6d01\u52425-600x600.jpg",600,600,true],"woocommerce_single":["https:\/\/williamweir.com\/wp-content\/uploads\/2024\/10\/\u73bb\u7483\u6cb9\u819c\u6e05\u6d01\u52425-600x600.jpg",600,600,true],"woocommerce_gallery_thumbnail":["https:\/\/williamweir.com\/wp-content\/uploads\/2024\/10\/\u73bb\u7483\u6cb9\u819c\u6e05\u6d01\u52425-100x100.jpg",100,100,true]},"uagb_author_info":{"display_name":"wlwer","author_link":"https:\/\/williamweir.com\/es\/author\/"},"uagb_comment_info":0,"uagb_excerpt":"Our factory provides OEM\/ODM processing services, we can tailor products for you; Our MOQ is low, generally the minimum quantity is 1000 bottles can be produced; Our products are inexpensive, excellent product quality, in line with any national laws and regulations and customer needs! We also offer the following services \u2714\u00a0 Cross-border source\u00a0 \u00a0 \u00a0&hellip;","_links":{"self":[{"href":"https:\/\/williamweir.com\/es\/wp-json\/wp\/v2\/product\/5289"}],"collection":[{"href":"https:\/\/williamweir.com\/es\/wp-json\/wp\/v2\/product"}],"about":[{"href":"https:\/\/williamweir.com\/es\/wp-json\/wp\/v2\/types\/product"}],"version-history":[{"count":5,"href":"https:\/\/williamweir.com\/es\/wp-json\/wp\/v2\/product\/5289\/revisions"}],"predecessor-version":[{"id":8300,"href":"https:\/\/williamweir.com\/es\/wp-json\/wp\/v2\/product\/5289\/revisions\/8300"}],"wp:featuredmedia":[{"embeddable":true,"href":"https:\/\/williamweir.com\/es\/wp-json\/wp\/v2\/media\/5290"}],"wp:attachment":[{"href":"https:\/\/williamweir.com\/es\/wp-json\/wp\/v2\/media?parent=5289"}],"wp:term":[{"taxonomy":"product_brand","embeddable":true,"href":"https:\/\/williamweir.com\/es\/wp-json\/wp\/v2\/product_brand?post=5289"},{"taxonomy":"product_cat","embeddable":true,"href":"https:\/\/williamweir.com\/es\/wp-json\/wp\/v2\/product_cat?post=5289"},{"taxonomy":"product_tag","embeddable":true,"href":"https:\/\/williamweir.com\/es\/wp-json\/wp\/v2\/product_tag?post=5289"}],"curies":[{"name":"wp","href":"https:\/\/api.w.org\/{rel}","templated":true}]}}