{"id":5283,"date":"2024-10-30T04:40:59","date_gmt":"2024-10-30T04:40:59","guid":{"rendered":"https:\/\/williamweir.com\/?post_type=product&#038;p=5283"},"modified":"2025-05-24T01:49:00","modified_gmt":"2025-05-24T01:49:00","slug":"white-shoe-foam-cleaner","status":"publish","type":"product","link":"https:\/\/williamweir.com\/es\/producto\/white-shoe-foam-cleaner\/","title":{"rendered":"Limpiador de espuma para calzado blanco"},"content":{"rendered":"<p align=\"justify\"><strong><span class=\"15\">C\u00f3digo del producto<\/span><\/strong><strong><span class=\"15\">\uff1a<\/span><\/strong><strong><span class=\"15\">2745<\/span><\/strong><\/p>\n<p><strong>I. Introducci\u00f3n del producto<\/strong><\/p>\n<p>Este producto es un producto de limpieza de gran eficacia especialmente dise\u00f1ado para limpiar calzado deportivo blanco, calzado informal, etc. Puede eliminar r\u00e1pidamente las manchas de la superficie del calzado y devolver al calzado blanco su blancura y brillo originales.<\/p>\n<p><strong>II. Caracter\u00edsticas del producto<\/strong><\/p>\n<ol>\n<li>Potente descontaminaci\u00f3n: Contiene ingredientes de limpieza altamente eficientes y puede eliminar eficazmente varias manchas comunes como polvo, barro y manchas de aceite, haciendo que los zapatos parezcan nuevos.<\/li>\n<li>F\u00f3rmula suave: Adopta una f\u00f3rmula de limpieza suave y no da\u00f1a el material del zapato. Puede utilizarse con seguridad en materiales de cuero, lona o malla.<\/li>\n<li>C\u00f3modo y r\u00e1pido: F\u00e1cil de usar, sin complicados pasos de operaci\u00f3n. S\u00f3lo una pulverizaci\u00f3n ligera o limpie puede limpiar r\u00e1pidamente los zapatos.<\/li>\n<li>Olor fresco: Emite una fragancia fresca, elimina el olor peculiar de los zapatos y hace que \u00e9stos desprendan un olor agradable.<\/li>\n<\/ol>\n<p><strong>III. M\u00e9todos de utilizaci\u00f3n<\/strong><\/p>\n<ol>\n<li>Para manchas ligeras: Pulverice el limpiador sobre la zona manchada de la superficie del zapato y l\u00edmpiela suavemente con un pa\u00f1o suave limpio o un cepillo.<\/li>\n<li>Para manchas dif\u00edciles: En primer lugar, limpie el polvo y otros restos de la superficie del zapato. A continuaci\u00f3n, pulverice uniformemente el limpiador sobre la zona manchada. Despu\u00e9s de unos minutos, frote con fuerza con un cepillo. Por \u00faltimo, aclare con agua limpia o limpie con un pa\u00f1o h\u00famedo.<\/li>\n<\/ol>\n<p><strong>IV. Precauciones<\/strong><\/p>\n<ol>\n<li>Antes de su uso, realice una peque\u00f1a prueba en una parte poco visible del zapato para asegurarse de que no tendr\u00e1 efectos adversos sobre el mismo.<\/li>\n<li>Evitar el contacto con los ojos y la piel. En caso de contacto accidental, lavar inmediatamente con abundante agua limpia.<\/li>\n<li>Coloque el producto en un lugar al que los ni\u00f1os no puedan acceder f\u00e1cilmente.<\/li>\n<li>Gu\u00e1rdelo en un lugar fresco y seco, alejado de la luz solar directa.<\/li>\n<\/ol>\n<p>&nbsp;<\/p>","protected":false},"excerpt":{"rendered":"<p>\u00a1Nuestra f\u00e1brica ofrece servicios de procesamiento OEM\/ODM, podemos adaptar productos para usted; Nuestro MOQ es bajo, generalmente la cantidad m\u00ednima es de 1000 botellas pueden ser producidas; Nuestros productos son baratos, excelente calidad del producto, en l\u00ednea con cualquier ley y reglamento nacional y las necesidades del cliente!<\/p>\n<p>Tambi\u00e9n ofrecemos los siguientes servicios<br \/>\n\u2714 Fuente transfronteriza \u2714 Apoyo a la personalizaci\u00f3n<br \/>\n\u2714 F\u00e1brica de origen \u2714 Desarrollo de productos<br \/>\n\u2714 Adaptaci\u00f3n a la muestra \u2714 Autorizaci\u00f3n de marca<\/p>\n<h2 style=\"text-align: left;\"><strong>\u00bfPreguntas o comentarios? <\/strong><\/h2>\n<h2 style=\"text-align: left;\"><strong>wlwer@williamweir.com<\/strong><\/h2>\n<p>&nbsp;<\/p>","protected":false},"featured_media":5284,"template":"","meta":{"_uag_custom_page_level_css":"","site-sidebar-layout":"default","site-content-layout":"","ast-site-content-layout":"default","site-content-style":"default","site-sidebar-style":"default","ast-global-header-display":"","ast-banner-title-visibility":"","ast-main-header-display":"","ast-hfb-above-header-display":"","ast-hfb-below-header-display":"","ast-hfb-mobile-header-display":"","site-post-title":"","ast-breadcrumbs-content":"","ast-featured-img":"","footer-sml-layout":"","theme-transparent-header-meta":"default","adv-header-id-meta":"","stick-header-meta":"","header-above-stick-meta":"","header-main-stick-meta":"","header-below-stick-meta":"","astra-migrate-meta-layouts":"set","ast-page-background-enabled":"default","ast-page-background-meta":{"desktop":{"background-color":"","background-image":"","background-repeat":"repeat","background-position":"center center","background-size":"auto","background-attachment":"scroll","background-type":"","background-media":"","overlay-type":"","overlay-color":"","overlay-opacity":"","overlay-gradient":""},"tablet":{"background-color":"","background-image":"","background-repeat":"repeat","background-position":"center center","background-size":"auto","background-attachment":"scroll","background-type":"","background-media":"","overlay-type":"","overlay-color":"","overlay-opacity":"","overlay-gradient":""},"mobile":{"background-color":"","background-image":"","background-repeat":"repeat","background-position":"center center","background-size":"auto","background-attachment":"scroll","background-type":"","background-media":"","overlay-type":"","overlay-color":"","overlay-opacity":"","overlay-gradient":""}},"ast-content-background-meta":{"desktop":{"background-color":"var(--ast-global-color-5)","background-image":"","background-repeat":"repeat","background-position":"center center","background-size":"auto","background-attachment":"scroll","background-type":"","background-media":"","overlay-type":"","overlay-color":"","overlay-opacity":"","overlay-gradient":""},"tablet":{"background-color":"var(--ast-global-color-5)","background-image":"","background-repeat":"repeat","background-position":"center center","background-size":"auto","background-attachment":"scroll","background-type":"","background-media":"","overlay-type":"","overlay-color":"","overlay-opacity":"","overlay-gradient":""},"mobile":{"background-color":"var(--ast-global-color-5)","background-image":"","background-repeat":"repeat","background-position":"center center","background-size":"auto","background-attachment":"scroll","background-type":"","background-media":"","overlay-type":"","overlay-color":"","overlay-opacity":"","overlay-gradient":""}}},"product_brand":[],"product_cat":[70],"product_tag":[139,140],"class_list":{"0":"post-5283","1":"product","2":"type-product","3":"status-publish","4":"has-post-thumbnail","6":"product_cat-foam-cleaner-series","7":"product_tag-foam-cleaner","8":"product_tag-white-shoe-cleaner","9":"desktop-align-center","10":"tablet-align-left","11":"mobile-align-left","12":"ast-product-gallery-layout-horizontal-slider","13":"ast-product-gallery-with-no-image","14":"ast-product-tabs-layout-horizontal","16":"first","17":"instock","18":"featured","19":"shipping-taxable","20":"product-type-simple"},"aioseo_notices":[],"uagb_featured_image_src":{"full":["https:\/\/williamweir.com\/wp-content\/uploads\/2024\/10\/\u4e3b\u56fe-5.jpg",800,800,false],"thumbnail":["https:\/\/williamweir.com\/wp-content\/uploads\/2024\/10\/\u4e3b\u56fe-5-300x300.jpg",300,300,true],"medium":["https:\/\/williamweir.com\/wp-content\/uploads\/2024\/10\/\u4e3b\u56fe-5-600x600.jpg",600,600,true],"medium_large":["https:\/\/williamweir.com\/wp-content\/uploads\/2024\/10\/\u4e3b\u56fe-5-768x768.jpg",768,768,true],"large":["https:\/\/williamweir.com\/wp-content\/uploads\/2024\/10\/\u4e3b\u56fe-5.jpg",800,800,false],"1536x1536":["https:\/\/williamweir.com\/wp-content\/uploads\/2024\/10\/\u4e3b\u56fe-5.jpg",800,800,false],"2048x2048":["https:\/\/williamweir.com\/wp-content\/uploads\/2024\/10\/\u4e3b\u56fe-5.jpg",800,800,false],"trp-custom-language-flag":["https:\/\/williamweir.com\/wp-content\/uploads\/2024\/10\/\u4e3b\u56fe-5-12x12.jpg",12,12,true],"woocommerce_thumbnail":["https:\/\/williamweir.com\/wp-content\/uploads\/2024\/10\/\u4e3b\u56fe-5-600x600.jpg",600,600,true],"woocommerce_single":["https:\/\/williamweir.com\/wp-content\/uploads\/2024\/10\/\u4e3b\u56fe-5-600x600.jpg",600,600,true],"woocommerce_gallery_thumbnail":["https:\/\/williamweir.com\/wp-content\/uploads\/2024\/10\/\u4e3b\u56fe-5-100x100.jpg",100,100,true]},"uagb_author_info":{"display_name":"wlwer","author_link":"https:\/\/williamweir.com\/es\/author\/"},"uagb_comment_info":0,"uagb_excerpt":"Our factory provides OEM\/ODM processing services, we can tailor products for you; Our MOQ is low, generally the minimum quantity is 1000 bottles can be produced; Our products are inexpensive, excellent product quality, in line with any national laws and regulations and customer needs! We also offer the following services \u2714\u00a0 Cross-border source\u00a0 \u00a0 \u00a0&hellip;","_links":{"self":[{"href":"https:\/\/williamweir.com\/es\/wp-json\/wp\/v2\/product\/5283"}],"collection":[{"href":"https:\/\/williamweir.com\/es\/wp-json\/wp\/v2\/product"}],"about":[{"href":"https:\/\/williamweir.com\/es\/wp-json\/wp\/v2\/types\/product"}],"version-history":[{"count":5,"href":"https:\/\/williamweir.com\/es\/wp-json\/wp\/v2\/product\/5283\/revisions"}],"predecessor-version":[{"id":8302,"href":"https:\/\/williamweir.com\/es\/wp-json\/wp\/v2\/product\/5283\/revisions\/8302"}],"wp:featuredmedia":[{"embeddable":true,"href":"https:\/\/williamweir.com\/es\/wp-json\/wp\/v2\/media\/5284"}],"wp:attachment":[{"href":"https:\/\/williamweir.com\/es\/wp-json\/wp\/v2\/media?parent=5283"}],"wp:term":[{"taxonomy":"product_brand","embeddable":true,"href":"https:\/\/williamweir.com\/es\/wp-json\/wp\/v2\/product_brand?post=5283"},{"taxonomy":"product_cat","embeddable":true,"href":"https:\/\/williamweir.com\/es\/wp-json\/wp\/v2\/product_cat?post=5283"},{"taxonomy":"product_tag","embeddable":true,"href":"https:\/\/williamweir.com\/es\/wp-json\/wp\/v2\/product_tag?post=5283"}],"curies":[{"name":"wp","href":"https:\/\/api.w.org\/{rel}","templated":true}]}}