{"id":5280,"date":"2024-10-30T04:34:04","date_gmt":"2024-10-30T04:34:04","guid":{"rendered":"https:\/\/williamweir.com\/?post_type=product&#038;p=5280"},"modified":"2025-05-24T01:49:05","modified_gmt":"2025-05-24T01:49:05","slug":"wood-care-beeswax","status":"publish","type":"product","link":"https:\/\/williamweir.com\/es\/producto\/wood-care-beeswax\/","title":{"rendered":"Cera de abejas para el cuidado de la madera"},"content":{"rendered":"<p><strong><span class=\"15\">C\u00f3digo del producto\uff1a<\/span><\/strong><strong><span class=\"15\">0048<\/span><\/strong><\/p>\n<p><strong>I. Introducci\u00f3n del producto<\/strong><\/p>\n<p>Este producto es un producto de cuidado de alta calidad cuidadosamente desarrollado para todo tipo de muebles de madera y productos de madera. La cera de abeja natural seleccionada, combinada con tecnolog\u00eda avanzada, se dedica a proporcionar una excelente protecci\u00f3n y nutrici\u00f3n de la superficie de madera, mostrando la belleza natural y el encanto duradero de la madera.<\/p>\n<p><strong>II. Caracter\u00edsticas del producto<\/strong><\/p>\n<ol>\n<li>Nutrici\u00f3n profunda: La cera de abejas natural puede penetrar profundamente en las fibras de la madera, complementar el aceite y retener la humedad de la madera, evitar que la madera se seque y se agriete, y mantener la flexibilidad de la madera.<\/li>\n<li>Realza el brillo: Proporciona a los muebles de madera un brillo c\u00e1lido y natural, resalta la textura y el color de la madera y hace que los muebles sean m\u00e1s bonitos y conmovedores.<\/li>\n<li>Impermeable y a prueba de humedad: Forma una pel\u00edcula protectora en la superficie de la madera para bloquear eficazmente la invasi\u00f3n de humedad y reducir el da\u00f1o a la madera causado por un ambiente h\u00famedo.<\/li>\n<li>Antiincrustante y resistente al desgaste: Mejora la capacidad antiincrustante de la madera, no es f\u00e1cil que se contamine con polvo y manchas, y al mismo tiempo mejora la resistencia al desgaste de la madera y prolonga la vida \u00fatil de los muebles.<\/li>\n<li>Seguro y respetuoso con el medio ambiente: Hecho de cera de abejas natural, no es t\u00f3xico, inodoro y no irritante, amigable con el cuerpo humano y el medio ambiente, y se puede utilizar con confianza.<\/li>\n<li>Ampliamente aplicable: Aplicable a diversos muebles de madera maciza, suelos de madera, artesan\u00edas de madera, etc.<\/li>\n<\/ol>\n<p><strong>III. M\u00e9todos de utilizaci\u00f3n<\/strong><\/p>\n<ol>\n<li>Limpie la superficie: Antes de usarla, aseg\u00farese de que la superficie de madera est\u00e9 limpia y seca, sin impurezas como polvo o manchas de aceite. Puede limpiarla suavemente con un pa\u00f1o suave y seco.<\/li>\n<li>Aplique cera de abejas: Coge una cantidad adecuada de cera de abejas y apl\u00edcala uniformemente sobre la superficie de madera. Puedes utilizar un pa\u00f1o suave o una esponja para aplicarla y asegurarte de que la cera de abejas quede uniformemente cubierta.<\/li>\n<li>Limpiar y pulir: Despu\u00e9s de que la cera de abejas est\u00e9 ligeramente seca, limpie suavemente la superficie de madera con un pa\u00f1o suave y limpio para el tratamiento de pulido para que la madera presente un efecto liso y brillante.<\/li>\n<\/ol>\n<p><strong>IV. Precauciones<\/strong><\/p>\n<ol>\n<li>Evite utilizar este producto en un ambiente h\u00famedo o a alta temperatura para no afectar al efecto de cuidado.<\/li>\n<li>No aplique cera de abejas en superficies que no sean de madera para evitar contaminarlas.<\/li>\n<li>En caso de contacto accidental con los ojos o la piel durante el uso, enjuagar inmediatamente con agua limpia y buscar atenci\u00f3n m\u00e9dica a tiempo.<\/li>\n<li>Guarde este producto en un lugar fresco y seco, alejado de fuentes de fuego y de los ni\u00f1os.<\/li>\n<\/ol>\n<p>&nbsp;<\/p>","protected":false},"excerpt":{"rendered":"<p>\u00a1Nuestra f\u00e1brica ofrece servicios de procesamiento OEM\/ODM, podemos adaptar productos para usted; Nuestro MOQ es bajo, generalmente la cantidad m\u00ednima es de 1000 botellas pueden ser producidas; Nuestros productos son baratos, excelente calidad del producto, en l\u00ednea con cualquier ley y reglamento nacional y las necesidades del cliente!<\/p>\n<p>Tambi\u00e9n ofrecemos los siguientes servicios<br \/>\n\u2714 Fuente transfronteriza \u2714 Apoyo a la personalizaci\u00f3n<br \/>\n\u2714 F\u00e1brica de origen \u2714 Desarrollo de productos<br \/>\n\u2714 Adaptaci\u00f3n a la muestra \u2714 Autorizaci\u00f3n de marca<\/p>\n<h2 style=\"text-align: left;\"><strong>\u00bfPreguntas o comentarios? <\/strong><\/h2>\n<h2 style=\"text-align: left;\"><strong>wlwer@williamweir.com<\/strong><\/h2>\n<p>&nbsp;<\/p>","protected":false},"featured_media":5281,"template":"","meta":{"_uag_custom_page_level_css":"","site-sidebar-layout":"default","site-content-layout":"","ast-site-content-layout":"default","site-content-style":"default","site-sidebar-style":"default","ast-global-header-display":"","ast-banner-title-visibility":"","ast-main-header-display":"","ast-hfb-above-header-display":"","ast-hfb-below-header-display":"","ast-hfb-mobile-header-display":"","site-post-title":"","ast-breadcrumbs-content":"","ast-featured-img":"","footer-sml-layout":"","theme-transparent-header-meta":"default","adv-header-id-meta":"","stick-header-meta":"","header-above-stick-meta":"","header-main-stick-meta":"","header-below-stick-meta":"","astra-migrate-meta-layouts":"set","ast-page-background-enabled":"default","ast-page-background-meta":{"desktop":{"background-color":"","background-image":"","background-repeat":"repeat","background-position":"center center","background-size":"auto","background-attachment":"scroll","background-type":"","background-media":"","overlay-type":"","overlay-color":"","overlay-opacity":"","overlay-gradient":""},"tablet":{"background-color":"","background-image":"","background-repeat":"repeat","background-position":"center center","background-size":"auto","background-attachment":"scroll","background-type":"","background-media":"","overlay-type":"","overlay-color":"","overlay-opacity":"","overlay-gradient":""},"mobile":{"background-color":"","background-image":"","background-repeat":"repeat","background-position":"center center","background-size":"auto","background-attachment":"scroll","background-type":"","background-media":"","overlay-type":"","overlay-color":"","overlay-opacity":"","overlay-gradient":""}},"ast-content-background-meta":{"desktop":{"background-color":"var(--ast-global-color-5)","background-image":"","background-repeat":"repeat","background-position":"center center","background-size":"auto","background-attachment":"scroll","background-type":"","background-media":"","overlay-type":"","overlay-color":"","overlay-opacity":"","overlay-gradient":""},"tablet":{"background-color":"var(--ast-global-color-5)","background-image":"","background-repeat":"repeat","background-position":"center center","background-size":"auto","background-attachment":"scroll","background-type":"","background-media":"","overlay-type":"","overlay-color":"","overlay-opacity":"","overlay-gradient":""},"mobile":{"background-color":"var(--ast-global-color-5)","background-image":"","background-repeat":"repeat","background-position":"center center","background-size":"auto","background-attachment":"scroll","background-type":"","background-media":"","overlay-type":"","overlay-color":"","overlay-opacity":"","overlay-gradient":""}}},"product_brand":[],"product_cat":[71],"product_tag":[85,86,84],"class_list":{"0":"post-5280","1":"product","2":"type-product","3":"status-publish","4":"has-post-thumbnail","6":"product_cat-maintenance-polishing-of-wood-products","7":"product_tag-furniture-care","8":"product_tag-natural-beeswax","9":"product_tag-wood-care","10":"desktop-align-center","11":"tablet-align-left","12":"mobile-align-left","13":"ast-product-gallery-layout-horizontal-slider","14":"ast-product-gallery-with-no-image","15":"ast-product-tabs-layout-horizontal","17":"first","18":"instock","19":"shipping-taxable","20":"product-type-simple"},"aioseo_notices":[],"uagb_featured_image_src":{"full":["https:\/\/williamweir.com\/wp-content\/uploads\/2024\/10\/\u77e5\u5fae\u7f8e\u65b0\u680780g\u8702\u87211-e1730262459574.jpg",706,706,false],"thumbnail":["https:\/\/williamweir.com\/wp-content\/uploads\/2024\/10\/\u77e5\u5fae\u7f8e\u65b0\u680780g\u8702\u87211-e1730262459574-300x300.jpg",300,300,true],"medium":["https:\/\/williamweir.com\/wp-content\/uploads\/2024\/10\/\u77e5\u5fae\u7f8e\u65b0\u680780g\u8702\u87211-e1730262459574-600x600.jpg",600,600,true],"medium_large":["https:\/\/williamweir.com\/wp-content\/uploads\/2024\/10\/\u77e5\u5fae\u7f8e\u65b0\u680780g\u8702\u87211-768x768.jpg",768,768,true],"large":["https:\/\/williamweir.com\/wp-content\/uploads\/2024\/10\/\u77e5\u5fae\u7f8e\u65b0\u680780g\u8702\u87211-e1730262459574.jpg",706,706,false],"1536x1536":["https:\/\/williamweir.com\/wp-content\/uploads\/2024\/10\/\u77e5\u5fae\u7f8e\u65b0\u680780g\u8702\u87211-e1730262459574.jpg",706,706,false],"2048x2048":["https:\/\/williamweir.com\/wp-content\/uploads\/2024\/10\/\u77e5\u5fae\u7f8e\u65b0\u680780g\u8702\u87211-e1730262459574.jpg",706,706,false],"trp-custom-language-flag":["https:\/\/williamweir.com\/wp-content\/uploads\/2024\/10\/\u77e5\u5fae\u7f8e\u65b0\u680780g\u8702\u87211-e1730262459574-12x12.jpg",12,12,true],"woocommerce_thumbnail":["https:\/\/williamweir.com\/wp-content\/uploads\/2024\/10\/\u77e5\u5fae\u7f8e\u65b0\u680780g\u8702\u87211-e1730262459574-600x600.jpg",600,600,true],"woocommerce_single":["https:\/\/williamweir.com\/wp-content\/uploads\/2024\/10\/\u77e5\u5fae\u7f8e\u65b0\u680780g\u8702\u87211-e1730262459574-600x600.jpg",600,600,true],"woocommerce_gallery_thumbnail":["https:\/\/williamweir.com\/wp-content\/uploads\/2024\/10\/\u77e5\u5fae\u7f8e\u65b0\u680780g\u8702\u87211-e1730262459574-100x100.jpg",100,100,true]},"uagb_author_info":{"display_name":"wlwer","author_link":"https:\/\/williamweir.com\/es\/author\/"},"uagb_comment_info":0,"uagb_excerpt":"Our factory provides OEM\/ODM processing services, we can tailor products for you; Our MOQ is low, generally the minimum quantity is 1000 bottles can be produced; Our products are inexpensive, excellent product quality, in line with any national laws and regulations and customer needs! We also offer the following services \u2714\u00a0 Cross-border source\u00a0 \u00a0 \u00a0&hellip;","_links":{"self":[{"href":"https:\/\/williamweir.com\/es\/wp-json\/wp\/v2\/product\/5280"}],"collection":[{"href":"https:\/\/williamweir.com\/es\/wp-json\/wp\/v2\/product"}],"about":[{"href":"https:\/\/williamweir.com\/es\/wp-json\/wp\/v2\/types\/product"}],"version-history":[{"count":4,"href":"https:\/\/williamweir.com\/es\/wp-json\/wp\/v2\/product\/5280\/revisions"}],"predecessor-version":[{"id":8303,"href":"https:\/\/williamweir.com\/es\/wp-json\/wp\/v2\/product\/5280\/revisions\/8303"}],"wp:featuredmedia":[{"embeddable":true,"href":"https:\/\/williamweir.com\/es\/wp-json\/wp\/v2\/media\/5281"}],"wp:attachment":[{"href":"https:\/\/williamweir.com\/es\/wp-json\/wp\/v2\/media?parent=5280"}],"wp:term":[{"taxonomy":"product_brand","embeddable":true,"href":"https:\/\/williamweir.com\/es\/wp-json\/wp\/v2\/product_brand?post=5280"},{"taxonomy":"product_cat","embeddable":true,"href":"https:\/\/williamweir.com\/es\/wp-json\/wp\/v2\/product_cat?post=5280"},{"taxonomy":"product_tag","embeddable":true,"href":"https:\/\/williamweir.com\/es\/wp-json\/wp\/v2\/product_tag?post=5280"}],"curies":[{"name":"wp","href":"https:\/\/api.w.org\/{rel}","templated":true}]}}