{"id":14879,"date":"2026-04-22T05:24:49","date_gmt":"2026-04-22T05:24:49","guid":{"rendered":"https:\/\/williamweir.com\/?post_type=product&#038;p=14879"},"modified":"2026-04-22T05:24:49","modified_gmt":"2026-04-22T05:24:49","slug":"wood-care-wax-2","status":"publish","type":"product","link":"https:\/\/williamweir.com\/es\/producto\/wood-care-wax-2\/","title":{"rendered":"Cera para el cuidado de la madera"},"content":{"rendered":"<ol>\n<li>Presentaci\u00f3n del producto<\/li>\n<\/ol>\n<p>Wood care beeswax is a high-quality maintenance product specially designed for various wooden products. Made of natural beeswax and other selected ingredients, it can deeply nourish wood, provide excellent protection and care for it, and make wooden furniture, handicrafts and other items glow with natural luster and extend their service life.<\/p>\n<ol>\n<li>\u00c1mbito de aplicaci\u00f3n<\/li>\n<\/ol>\n<p>Es adecuado para el mantenimiento y cuidado de diversos productos de madera, como muebles de madera, suelos de madera, artesan\u00eda de madera y brazaletes de juegos literarios.<\/p>\n<ul>\n<li>M\u00e9todo de utilizaci\u00f3n<\/li>\n<\/ul>\n<p>Antes de utilizarlo, aseg\u00farese de que la superficie de los productos de madera est\u00e1 limpia y seca. Tome una cantidad adecuada de cera de abejas, sum\u00e9rjala en un pa\u00f1o o esponja limpios y apl\u00edquela uniformemente sobre la superficie de los productos de madera. Al aplicarla, preste atenci\u00f3n a proceder en el sentido de la veta de la madera. Espere un tiempo (generalmente de 15 a 30 minutos) para que la cera de abejas penetre completamente en la madera. A continuaci\u00f3n, utilice un pa\u00f1o limpio o un pa\u00f1o de pulido para limpiar y pulir la superficie de los productos de madera hasta que la superficie quede lisa y brillante. Se recomienda utilizar este producto para un mantenimiento regular. Por lo general, el mantenimiento puede realizarse una vez cada 3-6 meses.<\/p>\n<ol>\n<li>Precauciones<\/li>\n<li>Este producto es s\u00f3lo para uso externo y no debe ser ingerido. En caso de ingesti\u00f3n accidental, acuda inmediatamente al m\u00e9dico.<\/li>\n<li>Para algunos productos de madera especiales, como maderas preciosas y muebles antiguos, se recomienda realizar una prueba en una zona poco visible antes de utilizar este producto para observar si se producen reacciones adversas. Si no hay ning\u00fan problema, lleve a cabo un cuidado exhaustivo.<\/li>\n<li>Tras su uso, selle y guarde el producto para evitar que la cera de abeja quede expuesta al aire. Al mismo tiempo, coloque el producto en un lugar fresco y seco y evite la luz solar directa.<\/li>\n<li>Coloque el producto en un lugar donde los ni\u00f1os no puedan alcanzarlo para evitar que lo ingieran o lo toquen accidentalmente.<\/li>\n<\/ol>","protected":false},"excerpt":{"rendered":"<p>\u00a1Nuestra f\u00e1brica ofrece servicios de procesamiento OEM\/ODM, podemos adaptar productos para usted; Nuestro MOQ es bajo, generalmente la cantidad m\u00ednima es de 1000 botellas pueden ser producidas; Nuestros productos son baratos, excelente calidad del producto, en l\u00ednea con cualquier ley y reglamento nacional y las necesidades del cliente!<\/p>\n<h3><strong>\u00a0 \u00a0 \u00a0 Tambi\u00e9n ofrecemos los siguientes servicios<\/strong><\/h3>\n<h4><strong><img decoding=\"async\" class=\"emoji\" role=\"img\" draggable=\"false\" src=\"https:\/\/s.w.org\/images\/core\/emoji\/15.0.3\/svg\/2714.svg\" alt=\"\u2714\" \/>\u00a0 Fuente transfronteriza\u00a0 \u00a0 \u00a0 \u00a0 \u00a0\u00a0<img decoding=\"async\" class=\"emoji\" role=\"img\" draggable=\"false\" src=\"https:\/\/s.w.org\/images\/core\/emoji\/15.0.3\/svg\/2714.svg\" alt=\"\u2714\" \/>\u00a0 Apoyo a la personalizaci\u00f3n<\/strong><\/h4>\n<h4><strong><img decoding=\"async\" class=\"emoji\" role=\"img\" draggable=\"false\" src=\"https:\/\/s.w.org\/images\/core\/emoji\/15.0.3\/svg\/2714.svg\" alt=\"\u2714\" \/>\u00a0 Fuente f\u00e1brica\u00a0 \u00a0 \u00a0 \u00a0 \u00a0 \u00a0 \u00a0 \u00a0 \u00a0 \u00a0 \u00a0 \u00a0<img decoding=\"async\" class=\"emoji\" role=\"img\" draggable=\"false\" src=\"https:\/\/s.w.org\/images\/core\/emoji\/15.0.3\/svg\/2714.svg\" alt=\"\u2714\" \/>\u00a0 Desarrollo de productos<\/strong><\/h4>\n<h4><strong><img decoding=\"async\" class=\"emoji\" role=\"img\" draggable=\"false\" src=\"https:\/\/s.w.org\/images\/core\/emoji\/15.0.3\/svg\/2714.svg\" alt=\"\u2714\" \/>\u00a0 A la medida de la muestra\u00a0 \u00a0 \u00a0 \u00a0 \u00a0 \u00a0 \u00a0 \u00a0 \u00a0 \u00a0\u00a0<img decoding=\"async\" class=\"emoji\" role=\"img\" draggable=\"false\" src=\"https:\/\/s.w.org\/images\/core\/emoji\/15.0.3\/svg\/2714.svg\" alt=\"\u2714\" \/>\u00a0 Autorizaci\u00f3n de marca<\/strong><\/h4>\n<p>&nbsp;<\/p>\n<h2><strong>\u00bfPreguntas o comentarios?<\/strong><\/h2>\n<h2><strong>wlwer@williamweir.com<\/strong><\/h2>","protected":false},"featured_media":14880,"template":"","meta":{"_uag_custom_page_level_css":"","site-sidebar-layout":"default","site-content-layout":"","ast-site-content-layout":"default","site-content-style":"default","site-sidebar-style":"default","ast-global-header-display":"","ast-banner-title-visibility":"","ast-main-header-display":"","ast-hfb-above-header-display":"","ast-hfb-below-header-display":"","ast-hfb-mobile-header-display":"","site-post-title":"","ast-breadcrumbs-content":"","ast-featured-img":"","footer-sml-layout":"","theme-transparent-header-meta":"default","adv-header-id-meta":"","stick-header-meta":"","header-above-stick-meta":"","header-main-stick-meta":"","header-below-stick-meta":"","astra-migrate-meta-layouts":"set","ast-page-background-enabled":"default","ast-page-background-meta":{"desktop":{"background-color":"","background-image":"","background-repeat":"repeat","background-position":"center center","background-size":"auto","background-attachment":"scroll","background-type":"","background-media":"","overlay-type":"","overlay-color":"","overlay-opacity":"","overlay-gradient":""},"tablet":{"background-color":"","background-image":"","background-repeat":"repeat","background-position":"center center","background-size":"auto","background-attachment":"scroll","background-type":"","background-media":"","overlay-type":"","overlay-color":"","overlay-opacity":"","overlay-gradient":""},"mobile":{"background-color":"","background-image":"","background-repeat":"repeat","background-position":"center center","background-size":"auto","background-attachment":"scroll","background-type":"","background-media":"","overlay-type":"","overlay-color":"","overlay-opacity":"","overlay-gradient":""}},"ast-content-background-meta":{"desktop":{"background-color":"var(--ast-global-color-5)","background-image":"","background-repeat":"repeat","background-position":"center center","background-size":"auto","background-attachment":"scroll","background-type":"","background-media":"","overlay-type":"","overlay-color":"","overlay-opacity":"","overlay-gradient":""},"tablet":{"background-color":"var(--ast-global-color-5)","background-image":"","background-repeat":"repeat","background-position":"center center","background-size":"auto","background-attachment":"scroll","background-type":"","background-media":"","overlay-type":"","overlay-color":"","overlay-opacity":"","overlay-gradient":""},"mobile":{"background-color":"var(--ast-global-color-5)","background-image":"","background-repeat":"repeat","background-position":"center center","background-size":"auto","background-attachment":"scroll","background-type":"","background-media":"","overlay-type":"","overlay-color":"","overlay-opacity":"","overlay-gradient":""}}},"product_brand":[],"product_cat":[83],"product_tag":[],"class_list":{"0":"post-14879","1":"product","2":"type-product","3":"status-publish","4":"has-post-thumbnail","6":"product_cat-all-products","7":"desktop-align-center","8":"tablet-align-left","9":"mobile-align-left","10":"ast-product-gallery-layout-horizontal-slider","11":"ast-product-gallery-with-no-image","12":"ast-product-tabs-layout-horizontal","14":"first","15":"instock","16":"shipping-taxable","17":"product-type-simple"},"aioseo_notices":[],"uagb_featured_image_src":{"full":["https:\/\/williamweir.com\/wp-content\/uploads\/2026\/04\/4\u65a4\u6728\u8d28\u62a4\u7406\u8721.jpg",800,800,false],"thumbnail":["https:\/\/williamweir.com\/wp-content\/uploads\/2026\/04\/4\u65a4\u6728\u8d28\u62a4\u7406\u8721-300x300.jpg",300,300,true],"medium":["https:\/\/williamweir.com\/wp-content\/uploads\/2026\/04\/4\u65a4\u6728\u8d28\u62a4\u7406\u8721-600x600.jpg",600,600,true],"medium_large":["https:\/\/williamweir.com\/wp-content\/uploads\/2026\/04\/4\u65a4\u6728\u8d28\u62a4\u7406\u8721-768x768.jpg",768,768,true],"large":["https:\/\/williamweir.com\/wp-content\/uploads\/2026\/04\/4\u65a4\u6728\u8d28\u62a4\u7406\u8721.jpg",800,800,false],"1536x1536":["https:\/\/williamweir.com\/wp-content\/uploads\/2026\/04\/4\u65a4\u6728\u8d28\u62a4\u7406\u8721.jpg",800,800,false],"2048x2048":["https:\/\/williamweir.com\/wp-content\/uploads\/2026\/04\/4\u65a4\u6728\u8d28\u62a4\u7406\u8721.jpg",800,800,false],"trp-custom-language-flag":["https:\/\/williamweir.com\/wp-content\/uploads\/2026\/04\/4\u65a4\u6728\u8d28\u62a4\u7406\u8721-12x12.jpg",12,12,true],"woocommerce_thumbnail":["https:\/\/williamweir.com\/wp-content\/uploads\/2026\/04\/4\u65a4\u6728\u8d28\u62a4\u7406\u8721-600x600.jpg",600,600,true],"woocommerce_single":["https:\/\/williamweir.com\/wp-content\/uploads\/2026\/04\/4\u65a4\u6728\u8d28\u62a4\u7406\u8721-600x600.jpg",600,600,true],"woocommerce_gallery_thumbnail":["https:\/\/williamweir.com\/wp-content\/uploads\/2026\/04\/4\u65a4\u6728\u8d28\u62a4\u7406\u8721-100x100.jpg",100,100,true]},"uagb_author_info":{"display_name":"wlwer","author_link":"https:\/\/williamweir.com\/es\/author\/"},"uagb_comment_info":0,"uagb_excerpt":"Our factory provides OEM\/ODM processing services, we can tailor products for you; Our MOQ is low, generally the minimum quantity is 1000 bottles can be produced; Our products are inexpensive, excellent product quality, in line with any national laws and regulations and customer needs! \u00a0 \u00a0 \u00a0 We also offer the following services \u00a0 Cross-border&hellip;","_links":{"self":[{"href":"https:\/\/williamweir.com\/es\/wp-json\/wp\/v2\/product\/14879"}],"collection":[{"href":"https:\/\/williamweir.com\/es\/wp-json\/wp\/v2\/product"}],"about":[{"href":"https:\/\/williamweir.com\/es\/wp-json\/wp\/v2\/types\/product"}],"version-history":[{"count":1,"href":"https:\/\/williamweir.com\/es\/wp-json\/wp\/v2\/product\/14879\/revisions"}],"predecessor-version":[{"id":14881,"href":"https:\/\/williamweir.com\/es\/wp-json\/wp\/v2\/product\/14879\/revisions\/14881"}],"wp:featuredmedia":[{"embeddable":true,"href":"https:\/\/williamweir.com\/es\/wp-json\/wp\/v2\/media\/14880"}],"wp:attachment":[{"href":"https:\/\/williamweir.com\/es\/wp-json\/wp\/v2\/media?parent=14879"}],"wp:term":[{"taxonomy":"product_brand","embeddable":true,"href":"https:\/\/williamweir.com\/es\/wp-json\/wp\/v2\/product_brand?post=14879"},{"taxonomy":"product_cat","embeddable":true,"href":"https:\/\/williamweir.com\/es\/wp-json\/wp\/v2\/product_cat?post=14879"},{"taxonomy":"product_tag","embeddable":true,"href":"https:\/\/williamweir.com\/es\/wp-json\/wp\/v2\/product_tag?post=14879"}],"curies":[{"name":"wp","href":"https:\/\/api.w.org\/{rel}","templated":true}]}}