{"id":14761,"date":"2025-11-27T08:26:03","date_gmt":"2025-11-27T08:26:03","guid":{"rendered":"https:\/\/williamweir.com\/?post_type=product&#038;p=14761"},"modified":"2025-11-27T08:40:57","modified_gmt":"2025-11-27T08:40:57","slug":"14761","status":"publish","type":"product","link":"https:\/\/williamweir.com\/es\/producto\/14761\/","title":{"rendered":"Chain lubricant For bicycle"},"content":{"rendered":"<p><strong>C\u00f3digo del producto<\/strong><strong>\uff1a<\/strong><strong>3553<\/strong><\/p>\n<p><strong><b>\u00a0<\/b><\/strong><\/p>\n<ol>\n<li><strong><b> Presentaci\u00f3n del producto<\/b><\/strong><\/li>\n<\/ol>\n<p>&nbsp;<\/p>\n<p>Este producto es un producto de mantenimiento de alto rendimiento especialmente dise\u00f1ado para bicicletas. Su objetivo es proporcionar una protecci\u00f3n y lubricaci\u00f3n completas a diversas piezas de las bicicletas para garantizar un funcionamiento sin problemas y un uso prolongado.<\/p>\n<p>&nbsp;<\/p>\n<ol>\n<li><strong><b> Caracter\u00edsticas del producto<\/b><\/strong><\/li>\n<\/ol>\n<p>&nbsp;<\/p>\n<ol>\n<li>Excelente rendimiento de lubricaci\u00f3n: Contiene ingredientes lubricantes especiales que pueden formar una pel\u00edcula de aceite uniforme en piezas clave como cadenas, engranajes y rodamientos de bicicletas, reduciendo eficazmente el coeficiente de fricci\u00f3n y el desgaste, y haciendo que el ciclismo sea m\u00e1s f\u00e1cil y suave.<\/li>\n<li>Prevenci\u00f3n de la oxidaci\u00f3n y la corrosi\u00f3n: Puede formar una pel\u00edcula protectora sobre la superficie met\u00e1lica para evitar la erosi\u00f3n de la humedad, el ox\u00edgeno y otras sustancias corrosivas y prolongar la vida \u00fatil de las piezas de bicicleta.<\/li>\n<li>Resistencia a altas y bajas temperaturas: Puede mantener un rendimiento estable en diferentes entornos de temperatura. Ya sea en verano caluroso o en invierno fr\u00edo, puede proporcionar una protecci\u00f3n fiable para las bicicletas.<\/li>\n<li>Respetuoso con el medio ambiente y seguro: Adopta una f\u00f3rmula respetuosa con el medio ambiente, no t\u00f3xica e inodora, e inocua para el cuerpo humano y el medio ambiente.<\/li>\n<\/ol>\n<p>&nbsp;<\/p>\n<p><strong><b>III. M\u00e9todos de utilizaci\u00f3n<\/b><\/strong><\/p>\n<p>&nbsp;<\/p>\n<ol>\n<li>Antes de usarla, limpia primero el polvo y la suciedad de la superficie de la bicicleta. Puedes pasarle un pa\u00f1o h\u00famedo o frotar suavemente con un cepillo.<\/li>\n<li>Pulverice o gotee uniformemente el aceite de mantenimiento en las partes de la bicicleta que necesiten lubricaci\u00f3n, como cadenas, engranajes y rodamientos.<\/li>\n<li>Para la cadena, puede girar el pedal con la mano para que la cadena entre totalmente en contacto con el aceite de mantenimiento y asegurarse de que cada eslab\u00f3n est\u00e1 lubricado.<\/li>\n<li>Espere unos minutos para que el aceite de mantenimiento penetre completamente y funcione.<\/li>\n<li>Limpie el exceso de aceite de mantenimiento con un pa\u00f1o limpio para mantener limpia la superficie de la bicicleta.<\/li>\n<\/ol>\n<p>&nbsp;<\/p>\n<ol>\n<li><strong><b> Precauciones<\/b><\/strong><\/li>\n<\/ol>\n<p>&nbsp;<\/p>\n<ol>\n<li>Evitar el contacto del aceite de mantenimiento con los ojos. En caso de contacto accidental, aclarar inmediatamente con agua limpia.<\/li>\n<li>Gu\u00e1rdelo en un lugar donde los ni\u00f1os no puedan alcanzarlo f\u00e1cilmente para evitar su ingesti\u00f3n accidental.<\/li>\n<li>Preste atenci\u00f3n a la cantidad adecuada al utilizarlo para evitar un uso excesivo que provoque manchas de aceite.<\/li>\n<li>Compruebe regularmente el estado de lubricaci\u00f3n de la bicicleta y reponga a tiempo el aceite de mantenimiento seg\u00fan sea necesario.<\/li>\n<\/ol>\n<p>&nbsp;<\/p>","protected":false},"excerpt":{"rendered":"<p>\u00a1Nuestra f\u00e1brica ofrece servicios de procesamiento OEM\/ODM, podemos adaptar productos para usted; Nuestro MOQ es bajo, generalmente la cantidad m\u00ednima es de 1000 botellas pueden ser producidas; Nuestros productos son baratos, excelente calidad del producto, en l\u00ednea con cualquier ley y reglamento nacional y las necesidades del cliente!<\/p>\n<h3><strong>\u00a0 \u00a0 \u00a0 Tambi\u00e9n ofrecemos los siguientes servicios<\/strong><\/h3>\n<h4><strong><img decoding=\"async\" class=\"emoji\" role=\"img\" draggable=\"false\" src=\"https:\/\/s.w.org\/images\/core\/emoji\/15.0.3\/svg\/2714.svg\" alt=\"\u2714\" \/>\u00a0 Fuente transfronteriza\u00a0 \u00a0 \u00a0 \u00a0 \u00a0\u00a0<img decoding=\"async\" class=\"emoji\" role=\"img\" draggable=\"false\" src=\"https:\/\/s.w.org\/images\/core\/emoji\/15.0.3\/svg\/2714.svg\" alt=\"\u2714\" \/>\u00a0 Apoyo a la personalizaci\u00f3n<\/strong><\/h4>\n<h4><strong><img decoding=\"async\" class=\"emoji\" role=\"img\" draggable=\"false\" src=\"https:\/\/s.w.org\/images\/core\/emoji\/15.0.3\/svg\/2714.svg\" alt=\"\u2714\" \/>\u00a0 Fuente f\u00e1brica\u00a0 \u00a0 \u00a0 \u00a0 \u00a0 \u00a0 \u00a0 \u00a0 \u00a0 \u00a0 \u00a0 \u00a0<img decoding=\"async\" class=\"emoji\" role=\"img\" draggable=\"false\" src=\"https:\/\/s.w.org\/images\/core\/emoji\/15.0.3\/svg\/2714.svg\" alt=\"\u2714\" \/>\u00a0 Desarrollo de productos<\/strong><\/h4>\n<h4><strong><img decoding=\"async\" class=\"emoji\" role=\"img\" draggable=\"false\" src=\"https:\/\/s.w.org\/images\/core\/emoji\/15.0.3\/svg\/2714.svg\" alt=\"\u2714\" \/>\u00a0 A la medida de la muestra\u00a0 \u00a0 \u00a0 \u00a0 \u00a0 \u00a0 \u00a0 \u00a0 \u00a0 \u00a0\u00a0<img decoding=\"async\" class=\"emoji\" role=\"img\" draggable=\"false\" src=\"https:\/\/s.w.org\/images\/core\/emoji\/15.0.3\/svg\/2714.svg\" alt=\"\u2714\" \/>\u00a0 Autorizaci\u00f3n de marca<\/strong><\/h4>\n<p>&nbsp;<\/p>\n<h2><strong>\u00bfPreguntas o comentarios?<\/strong><\/h2>\n<h2><strong>wlwer@williamweir.com<\/strong><\/h2>","protected":false},"featured_media":14763,"template":"","meta":{"_uag_custom_page_level_css":"","site-sidebar-layout":"default","site-content-layout":"","ast-site-content-layout":"default","site-content-style":"default","site-sidebar-style":"default","ast-global-header-display":"","ast-banner-title-visibility":"","ast-main-header-display":"","ast-hfb-above-header-display":"","ast-hfb-below-header-display":"","ast-hfb-mobile-header-display":"","site-post-title":"","ast-breadcrumbs-content":"","ast-featured-img":"","footer-sml-layout":"","theme-transparent-header-meta":"default","adv-header-id-meta":"","stick-header-meta":"","header-above-stick-meta":"","header-main-stick-meta":"","header-below-stick-meta":"","astra-migrate-meta-layouts":"set","ast-page-background-enabled":"default","ast-page-background-meta":{"desktop":{"background-color":"","background-image":"","background-repeat":"repeat","background-position":"center center","background-size":"auto","background-attachment":"scroll","background-type":"","background-media":"","overlay-type":"","overlay-color":"","overlay-opacity":"","overlay-gradient":""},"tablet":{"background-color":"","background-image":"","background-repeat":"repeat","background-position":"center center","background-size":"auto","background-attachment":"scroll","background-type":"","background-media":"","overlay-type":"","overlay-color":"","overlay-opacity":"","overlay-gradient":""},"mobile":{"background-color":"","background-image":"","background-repeat":"repeat","background-position":"center center","background-size":"auto","background-attachment":"scroll","background-type":"","background-media":"","overlay-type":"","overlay-color":"","overlay-opacity":"","overlay-gradient":""}},"ast-content-background-meta":{"desktop":{"background-color":"var(--ast-global-color-5)","background-image":"","background-repeat":"repeat","background-position":"center center","background-size":"auto","background-attachment":"scroll","background-type":"","background-media":"","overlay-type":"","overlay-color":"","overlay-opacity":"","overlay-gradient":""},"tablet":{"background-color":"var(--ast-global-color-5)","background-image":"","background-repeat":"repeat","background-position":"center center","background-size":"auto","background-attachment":"scroll","background-type":"","background-media":"","overlay-type":"","overlay-color":"","overlay-opacity":"","overlay-gradient":""},"mobile":{"background-color":"var(--ast-global-color-5)","background-image":"","background-repeat":"repeat","background-position":"center center","background-size":"auto","background-attachment":"scroll","background-type":"","background-media":"","overlay-type":"","overlay-color":"","overlay-opacity":"","overlay-gradient":""}}},"product_brand":[],"product_cat":[83],"product_tag":[],"class_list":{"0":"post-14761","1":"product","2":"type-product","3":"status-publish","4":"has-post-thumbnail","6":"product_cat-all-products","7":"desktop-align-center","8":"tablet-align-left","9":"mobile-align-left","10":"ast-product-gallery-layout-horizontal-slider","11":"ast-product-gallery-with-no-image","12":"ast-product-tabs-layout-horizontal","14":"first","15":"instock","16":"shipping-taxable","17":"product-type-simple"},"aioseo_notices":[],"uagb_featured_image_src":{"full":["https:\/\/williamweir.com\/wp-content\/uploads\/2025\/11\/\u81ea\u884c\u8f66\u94fe\u6761\u6da6\u6ed1\u6cb9.png",800,800,false],"thumbnail":["https:\/\/williamweir.com\/wp-content\/uploads\/2025\/11\/\u81ea\u884c\u8f66\u94fe\u6761\u6da6\u6ed1\u6cb9-300x300.png",300,300,true],"medium":["https:\/\/williamweir.com\/wp-content\/uploads\/2025\/11\/\u81ea\u884c\u8f66\u94fe\u6761\u6da6\u6ed1\u6cb9-600x600.png",600,600,true],"medium_large":["https:\/\/williamweir.com\/wp-content\/uploads\/2025\/11\/\u81ea\u884c\u8f66\u94fe\u6761\u6da6\u6ed1\u6cb9-768x768.png",768,768,true],"large":["https:\/\/williamweir.com\/wp-content\/uploads\/2025\/11\/\u81ea\u884c\u8f66\u94fe\u6761\u6da6\u6ed1\u6cb9.png",800,800,false],"1536x1536":["https:\/\/williamweir.com\/wp-content\/uploads\/2025\/11\/\u81ea\u884c\u8f66\u94fe\u6761\u6da6\u6ed1\u6cb9.png",800,800,false],"2048x2048":["https:\/\/williamweir.com\/wp-content\/uploads\/2025\/11\/\u81ea\u884c\u8f66\u94fe\u6761\u6da6\u6ed1\u6cb9.png",800,800,false],"trp-custom-language-flag":["https:\/\/williamweir.com\/wp-content\/uploads\/2025\/11\/\u81ea\u884c\u8f66\u94fe\u6761\u6da6\u6ed1\u6cb9-12x12.png",12,12,true],"woocommerce_thumbnail":["https:\/\/williamweir.com\/wp-content\/uploads\/2025\/11\/\u81ea\u884c\u8f66\u94fe\u6761\u6da6\u6ed1\u6cb9-600x600.png",600,600,true],"woocommerce_single":["https:\/\/williamweir.com\/wp-content\/uploads\/2025\/11\/\u81ea\u884c\u8f66\u94fe\u6761\u6da6\u6ed1\u6cb9-600x600.png",600,600,true],"woocommerce_gallery_thumbnail":["https:\/\/williamweir.com\/wp-content\/uploads\/2025\/11\/\u81ea\u884c\u8f66\u94fe\u6761\u6da6\u6ed1\u6cb9-100x100.png",100,100,true]},"uagb_author_info":{"display_name":"wlwer","author_link":"https:\/\/williamweir.com\/es\/author\/"},"uagb_comment_info":0,"uagb_excerpt":"Our factory provides OEM\/ODM processing services, we can tailor products for you; Our MOQ is low, generally the minimum quantity is 1000 bottles can be produced; Our products are inexpensive, excellent product quality, in line with any national laws and regulations and customer needs! \u00a0 \u00a0 \u00a0 We also offer the following services \u00a0 Cross-border&hellip;","_links":{"self":[{"href":"https:\/\/williamweir.com\/es\/wp-json\/wp\/v2\/product\/14761"}],"collection":[{"href":"https:\/\/williamweir.com\/es\/wp-json\/wp\/v2\/product"}],"about":[{"href":"https:\/\/williamweir.com\/es\/wp-json\/wp\/v2\/types\/product"}],"version-history":[{"count":3,"href":"https:\/\/williamweir.com\/es\/wp-json\/wp\/v2\/product\/14761\/revisions"}],"predecessor-version":[{"id":14770,"href":"https:\/\/williamweir.com\/es\/wp-json\/wp\/v2\/product\/14761\/revisions\/14770"}],"wp:featuredmedia":[{"embeddable":true,"href":"https:\/\/williamweir.com\/es\/wp-json\/wp\/v2\/media\/14763"}],"wp:attachment":[{"href":"https:\/\/williamweir.com\/es\/wp-json\/wp\/v2\/media?parent=14761"}],"wp:term":[{"taxonomy":"product_brand","embeddable":true,"href":"https:\/\/williamweir.com\/es\/wp-json\/wp\/v2\/product_brand?post=14761"},{"taxonomy":"product_cat","embeddable":true,"href":"https:\/\/williamweir.com\/es\/wp-json\/wp\/v2\/product_cat?post=14761"},{"taxonomy":"product_tag","embeddable":true,"href":"https:\/\/williamweir.com\/es\/wp-json\/wp\/v2\/product_tag?post=14761"}],"curies":[{"name":"wp","href":"https:\/\/api.w.org\/{rel}","templated":true}]}}