{"id":14749,"date":"2025-11-27T07:44:18","date_gmt":"2025-11-27T07:44:18","guid":{"rendered":"https:\/\/williamweir.com\/?post_type=product&#038;p=14749"},"modified":"2025-11-27T07:45:16","modified_gmt":"2025-11-27T07:45:16","slug":"door-lock-lubricant","status":"publish","type":"product","link":"https:\/\/williamweir.com\/es\/producto\/door-lock-lubricant\/","title":{"rendered":"Door lock lubricant"},"content":{"rendered":"<ol>\n<li><strong><b> Presentaci\u00f3n del producto<\/b><\/strong><\/li>\n<\/ol>\n<p>&nbsp;<\/p>\n<p>Este producto es un aceite lubricante de alto rendimiento especialmente dise\u00f1ado para cerraduras de puertas y ventanas. Puede reducir eficazmente la fricci\u00f3n entre el cilindro de la cerradura y el cuerpo de la cerradura, garantizar la apertura y el cierre suaves de las cerraduras de puertas y ventanas, y prolongar la vida \u00fatil de las cerraduras.<\/p>\n<p>&nbsp;<\/p>\n<ol>\n<li><strong><b> Caracter\u00edsticas del producto<\/b><\/strong><\/li>\n<\/ol>\n<p>&nbsp;<\/p>\n<ol>\n<li>Excelente rendimiento lubricante: Contiene ingredientes lubricantes especiales que pueden formar una pel\u00edcula lubricante duradera en la superficie met\u00e1lica, reducir el coeficiente de fricci\u00f3n y hacer que el funcionamiento de las cerraduras de puertas y ventanas sea f\u00e1cil y sin esfuerzo.<\/li>\n<li>Protecci\u00f3n contra el \u00f3xido: Evita que las partes met\u00e1licas de las cerraduras se oxiden y se corroan, y mantiene el aspecto y el rendimiento de las cerraduras.<\/li>\n<li>Adaptabilidad a bajas temperaturas: Puede mantener una buena fluidez en entornos de baja temperatura, lo que garantiza que las cerraduras de puertas y ventanas puedan utilizarse con normalidad en climas fr\u00edos.<\/li>\n<li>Seguro y respetuoso con el medio ambiente: Adopta una f\u00f3rmula de protecci\u00f3n ambiental no t\u00f3xica e inodora, inofensiva para el cuerpo humano y el medio ambiente.<\/li>\n<\/ol>\n<p>&nbsp;<\/p>\n<p><strong><b>III. M\u00e9todos de utilizaci\u00f3n<\/b><\/strong><\/p>\n<p>&nbsp;<\/p>\n<ol>\n<li>En primer lugar, limpie la cerradura de la puerta y la ventana para eliminar el polvo y la suciedad de la superficie.<\/li>\n<li>Deje caer el aceite lubricante uniformemente en el cilindro de la cerradura.<\/li>\n<li>Gire suavemente la llave o accione la cerradura para que el aceite lubricante se distribuya completamente por todas las piezas.<\/li>\n<li>En el caso de cerraduras que no se hayan utilizado durante mucho tiempo o que est\u00e9n muy atascadas, los pasos anteriores pueden repetirse varias veces para conseguir un mejor efecto lubricante.<\/li>\n<\/ol>\n<p>&nbsp;<\/p>\n<ol>\n<li><strong><b> Precauciones<\/b><\/strong><\/li>\n<\/ol>\n<p>&nbsp;<\/p>\n<ol>\n<li>Gu\u00e1rdelo en un lugar donde los ni\u00f1os no puedan alcanzarlo f\u00e1cilmente para evitar su ingesti\u00f3n accidental.<\/li>\n<li>No lo utilices cerca de una fuente de fuego para evitar peligros.<\/li>\n<li>Si el aceite lubricante gotea accidentalmente sobre el suelo u otros objetos, debe limpiarse a tiempo para evitar resbalones o contaminaci\u00f3n.<\/li>\n<li>Compruebe peri\u00f3dicamente el estado de lubricaci\u00f3n de las cerraduras de puertas y ventanas y reponga el aceite lubricante a tiempo seg\u00fan sea necesario.<\/li>\n<\/ol>\n<p>&nbsp;<\/p>","protected":false},"excerpt":{"rendered":"<p>\u00a1Nuestra f\u00e1brica ofrece servicios de procesamiento OEM\/ODM, podemos adaptar productos para usted; Nuestro MOQ es bajo, generalmente la cantidad m\u00ednima es de 1000 botellas pueden ser producidas; Nuestros productos son baratos, excelente calidad del producto, en l\u00ednea con cualquier ley y reglamento nacional y las necesidades del cliente!<\/p>\n<h3><strong>\u00a0 \u00a0 \u00a0 Tambi\u00e9n ofrecemos los siguientes servicios<\/strong><\/h3>\n<h4><strong><img decoding=\"async\" class=\"emoji\" role=\"img\" draggable=\"false\" src=\"https:\/\/s.w.org\/images\/core\/emoji\/15.0.3\/svg\/2714.svg\" alt=\"\u2714\" \/>\u00a0 Fuente transfronteriza\u00a0 \u00a0 \u00a0 \u00a0 \u00a0\u00a0<img decoding=\"async\" class=\"emoji\" role=\"img\" draggable=\"false\" src=\"https:\/\/s.w.org\/images\/core\/emoji\/15.0.3\/svg\/2714.svg\" alt=\"\u2714\" \/>\u00a0 Apoyo a la personalizaci\u00f3n<\/strong><\/h4>\n<h4><strong><img decoding=\"async\" class=\"emoji\" role=\"img\" draggable=\"false\" src=\"https:\/\/s.w.org\/images\/core\/emoji\/15.0.3\/svg\/2714.svg\" alt=\"\u2714\" \/>\u00a0 Fuente f\u00e1brica\u00a0 \u00a0 \u00a0 \u00a0 \u00a0 \u00a0 \u00a0 \u00a0 \u00a0 \u00a0 \u00a0 \u00a0<img decoding=\"async\" class=\"emoji\" role=\"img\" draggable=\"false\" src=\"https:\/\/s.w.org\/images\/core\/emoji\/15.0.3\/svg\/2714.svg\" alt=\"\u2714\" \/>\u00a0 Desarrollo de productos<\/strong><\/h4>\n<h4><strong><img decoding=\"async\" class=\"emoji\" role=\"img\" draggable=\"false\" src=\"https:\/\/s.w.org\/images\/core\/emoji\/15.0.3\/svg\/2714.svg\" alt=\"\u2714\" \/>\u00a0 A la medida de la muestra\u00a0 \u00a0 \u00a0 \u00a0 \u00a0 \u00a0 \u00a0 \u00a0 \u00a0 \u00a0\u00a0<img decoding=\"async\" class=\"emoji\" role=\"img\" draggable=\"false\" src=\"https:\/\/s.w.org\/images\/core\/emoji\/15.0.3\/svg\/2714.svg\" alt=\"\u2714\" \/>\u00a0 Autorizaci\u00f3n de marca<\/strong><\/h4>\n<p>&nbsp;<\/p>\n<h2><strong>\u00bfPreguntas o comentarios?<\/strong><\/h2>\n<h2><strong>wlwer@williamweir.com<\/strong><\/h2>","protected":false},"featured_media":14750,"template":"","meta":{"_uag_custom_page_level_css":"","site-sidebar-layout":"default","site-content-layout":"","ast-site-content-layout":"default","site-content-style":"default","site-sidebar-style":"default","ast-global-header-display":"","ast-banner-title-visibility":"","ast-main-header-display":"","ast-hfb-above-header-display":"","ast-hfb-below-header-display":"","ast-hfb-mobile-header-display":"","site-post-title":"","ast-breadcrumbs-content":"","ast-featured-img":"","footer-sml-layout":"","theme-transparent-header-meta":"default","adv-header-id-meta":"","stick-header-meta":"","header-above-stick-meta":"","header-main-stick-meta":"","header-below-stick-meta":"","astra-migrate-meta-layouts":"set","ast-page-background-enabled":"default","ast-page-background-meta":{"desktop":{"background-color":"","background-image":"","background-repeat":"repeat","background-position":"center center","background-size":"auto","background-attachment":"scroll","background-type":"","background-media":"","overlay-type":"","overlay-color":"","overlay-opacity":"","overlay-gradient":""},"tablet":{"background-color":"","background-image":"","background-repeat":"repeat","background-position":"center center","background-size":"auto","background-attachment":"scroll","background-type":"","background-media":"","overlay-type":"","overlay-color":"","overlay-opacity":"","overlay-gradient":""},"mobile":{"background-color":"","background-image":"","background-repeat":"repeat","background-position":"center center","background-size":"auto","background-attachment":"scroll","background-type":"","background-media":"","overlay-type":"","overlay-color":"","overlay-opacity":"","overlay-gradient":""}},"ast-content-background-meta":{"desktop":{"background-color":"var(--ast-global-color-5)","background-image":"","background-repeat":"repeat","background-position":"center center","background-size":"auto","background-attachment":"scroll","background-type":"","background-media":"","overlay-type":"","overlay-color":"","overlay-opacity":"","overlay-gradient":""},"tablet":{"background-color":"var(--ast-global-color-5)","background-image":"","background-repeat":"repeat","background-position":"center center","background-size":"auto","background-attachment":"scroll","background-type":"","background-media":"","overlay-type":"","overlay-color":"","overlay-opacity":"","overlay-gradient":""},"mobile":{"background-color":"var(--ast-global-color-5)","background-image":"","background-repeat":"repeat","background-position":"center center","background-size":"auto","background-attachment":"scroll","background-type":"","background-media":"","overlay-type":"","overlay-color":"","overlay-opacity":"","overlay-gradient":""}}},"product_brand":[],"product_cat":[83],"product_tag":[],"class_list":{"0":"post-14749","1":"product","2":"type-product","3":"status-publish","4":"has-post-thumbnail","6":"product_cat-all-products","7":"desktop-align-center","8":"tablet-align-left","9":"mobile-align-left","10":"ast-product-gallery-layout-horizontal-slider","11":"ast-product-gallery-with-no-image","12":"ast-product-tabs-layout-horizontal","14":"first","15":"instock","16":"shipping-taxable","17":"product-type-simple"},"aioseo_notices":[],"uagb_featured_image_src":{"full":["https:\/\/williamweir.com\/wp-content\/uploads\/2025\/11\/\u95e8\u9501\u6da6\u6ed1\u6cb9.jpg",800,800,false],"thumbnail":["https:\/\/williamweir.com\/wp-content\/uploads\/2025\/11\/\u95e8\u9501\u6da6\u6ed1\u6cb9-300x300.jpg",300,300,true],"medium":["https:\/\/williamweir.com\/wp-content\/uploads\/2025\/11\/\u95e8\u9501\u6da6\u6ed1\u6cb9-600x600.jpg",600,600,true],"medium_large":["https:\/\/williamweir.com\/wp-content\/uploads\/2025\/11\/\u95e8\u9501\u6da6\u6ed1\u6cb9-768x768.jpg",768,768,true],"large":["https:\/\/williamweir.com\/wp-content\/uploads\/2025\/11\/\u95e8\u9501\u6da6\u6ed1\u6cb9.jpg",800,800,false],"1536x1536":["https:\/\/williamweir.com\/wp-content\/uploads\/2025\/11\/\u95e8\u9501\u6da6\u6ed1\u6cb9.jpg",800,800,false],"2048x2048":["https:\/\/williamweir.com\/wp-content\/uploads\/2025\/11\/\u95e8\u9501\u6da6\u6ed1\u6cb9.jpg",800,800,false],"trp-custom-language-flag":["https:\/\/williamweir.com\/wp-content\/uploads\/2025\/11\/\u95e8\u9501\u6da6\u6ed1\u6cb9-12x12.jpg",12,12,true],"woocommerce_thumbnail":["https:\/\/williamweir.com\/wp-content\/uploads\/2025\/11\/\u95e8\u9501\u6da6\u6ed1\u6cb9-600x600.jpg",600,600,true],"woocommerce_single":["https:\/\/williamweir.com\/wp-content\/uploads\/2025\/11\/\u95e8\u9501\u6da6\u6ed1\u6cb9-600x600.jpg",600,600,true],"woocommerce_gallery_thumbnail":["https:\/\/williamweir.com\/wp-content\/uploads\/2025\/11\/\u95e8\u9501\u6da6\u6ed1\u6cb9-100x100.jpg",100,100,true]},"uagb_author_info":{"display_name":"wlwer","author_link":"https:\/\/williamweir.com\/es\/author\/"},"uagb_comment_info":0,"uagb_excerpt":"Our factory provides OEM\/ODM processing services, we can tailor products for you; Our MOQ is low, generally the minimum quantity is 1000 bottles can be produced; Our products are inexpensive, excellent product quality, in line with any national laws and regulations and customer needs! \u00a0 \u00a0 \u00a0 We also offer the following services \u00a0 Cross-border&hellip;","_links":{"self":[{"href":"https:\/\/williamweir.com\/es\/wp-json\/wp\/v2\/product\/14749"}],"collection":[{"href":"https:\/\/williamweir.com\/es\/wp-json\/wp\/v2\/product"}],"about":[{"href":"https:\/\/williamweir.com\/es\/wp-json\/wp\/v2\/types\/product"}],"version-history":[{"count":1,"href":"https:\/\/williamweir.com\/es\/wp-json\/wp\/v2\/product\/14749\/revisions"}],"predecessor-version":[{"id":14751,"href":"https:\/\/williamweir.com\/es\/wp-json\/wp\/v2\/product\/14749\/revisions\/14751"}],"wp:featuredmedia":[{"embeddable":true,"href":"https:\/\/williamweir.com\/es\/wp-json\/wp\/v2\/media\/14750"}],"wp:attachment":[{"href":"https:\/\/williamweir.com\/es\/wp-json\/wp\/v2\/media?parent=14749"}],"wp:term":[{"taxonomy":"product_brand","embeddable":true,"href":"https:\/\/williamweir.com\/es\/wp-json\/wp\/v2\/product_brand?post=14749"},{"taxonomy":"product_cat","embeddable":true,"href":"https:\/\/williamweir.com\/es\/wp-json\/wp\/v2\/product_cat?post=14749"},{"taxonomy":"product_tag","embeddable":true,"href":"https:\/\/williamweir.com\/es\/wp-json\/wp\/v2\/product_tag?post=14749"}],"curies":[{"name":"wp","href":"https:\/\/api.w.org\/{rel}","templated":true}]}}