{"id":14582,"date":"2025-07-30T05:38:42","date_gmt":"2025-07-30T05:38:42","guid":{"rendered":"https:\/\/williamweir.com\/?post_type=product&#038;p=14582"},"modified":"2025-07-30T05:39:08","modified_gmt":"2025-07-30T05:39:08","slug":"formaldehyde-remover-4","status":"publish","type":"product","link":"https:\/\/williamweir.com\/es\/producto\/formaldehyde-remover-4\/","title":{"rendered":"Eliminador de formaldeh\u00eddo"},"content":{"rendered":"<h3><strong>Commodity code: 2196<\/strong><\/h3>\n<p><strong><b>Presentaci\u00f3n del producto<\/b><\/strong><\/p>\n<p>Este producto es respetuoso con el medio ambiente y se utiliza especialmente para eliminar la contaminaci\u00f3n por formaldeh\u00eddo en interiores. Tras la investigaci\u00f3n y el desarrollo cient\u00edficos y estrictas pruebas, puede reducir eficazmente el contenido de formaldeh\u00eddo en interiores y crear un entorno de vida saludable y seguro para usted y su familia.<\/p>\n<p><strong><b>Caracter\u00edsticas del producto<\/b><\/strong><\/p>\n<ol>\n<li>Eliminaci\u00f3n de formaldeh\u00eddo de alta eficacia: Adoptando tecnolog\u00eda avanzada de eliminaci\u00f3n de formaldeh\u00eddo, puede reaccionar r\u00e1pidamente con el formaldeh\u00eddo y eliminar eficazmente el formaldeh\u00eddo en el aire y en la superficie de los objetos, con una alta tasa de eliminaci\u00f3n de formaldeh\u00eddo.<\/li>\n<li>Seguro y respetuoso con el medio ambiente: Los principales componentes del producto son extractos naturales de plantas, no t\u00f3xicos, inocuos y no irritantes, respetuosos con el cuerpo humano y el medio ambiente.<\/li>\n<li>Amplia gama de aplicaciones: Es adecuado para diversos espacios interiores, como hogares, oficinas, escuelas, hospitales, hoteles, etc. Tambi\u00e9n puede utilizarse para eliminar el formaldeh\u00eddo de materiales de decoraci\u00f3n como muebles, paneles, papeles pintados y alfombras.<\/li>\n<li>Duradero y eficaz: Tiene buena estabilidad y durabilidad. Despu\u00e9s de un uso, puede desempe\u00f1ar continuamente un papel en la eliminaci\u00f3n de formaldeh\u00eddo y reducir eficazmente el rebote de formaldeh\u00eddo.<\/li>\n<li>C\u00f3modo de usar: El producto est\u00e1 en forma l\u00edquida y se puede utilizar pulveriz\u00e1ndolo, cepill\u00e1ndolo, etc. La operaci\u00f3n es simple y f\u00e1cil de construir.<\/li>\n<\/ol>\n<p><strong><b>Usage Methods<\/b><\/strong><\/p>\n<ol>\n<li>Purificaci\u00f3n del aire: Pulverice este producto uniformemente en el aire interior. La cantidad de uso puede aumentarse o reducirse seg\u00fan el grado de contaminaci\u00f3n por formaldeh\u00eddo en el interior. Tras la pulverizaci\u00f3n, mantenga la ventilaci\u00f3n interior para que el producto desempe\u00f1e plenamente su funci\u00f3n.<\/li>\n<li>Eliminaci\u00f3n de formaldeh\u00eddo para muebles: Antes de usar, limpie el polvo y las manchas de la superficie de los muebles. A continuaci\u00f3n, pulverice o cepille este producto uniformemente sobre la superficie del mueble, especialmente en las juntas y orificios de los paneles y otras fuentes de liberaci\u00f3n de formaldeh\u00eddo, y deje que el producto se seque de forma natural.<\/li>\n<li>Pulverizaci\u00f3n de reposici\u00f3n regular: Dado que la liberaci\u00f3n de formaldeh\u00eddo es un proceso a largo plazo, se recomienda utilizar este producto para la pulverizaci\u00f3n de reposici\u00f3n con regularidad para mantener un buen efecto de eliminaci\u00f3n de formaldeh\u00eddo.<\/li>\n<\/ol>\n<p><strong><b>Precauciones<\/b><\/strong><\/p>\n<ol>\n<li>Antes de utilizarlo, realice primero una prueba en una zona peque\u00f1a para observar si se producen reacciones adversas como alergias y corrosi\u00f3n. Si se produce alguna anomal\u00eda, deje de utilizarlo inmediatamente y consulte a un profesional.<\/li>\n<li>Este producto debe almacenarse en un lugar fresco, seco y ventilado, evitando la luz solar directa y las altas temperaturas.<\/li>\n<li>Por favor, coloque este producto en un lugar donde los ni\u00f1os no puedan alcanzarlo f\u00e1cilmente para evitar su ingesti\u00f3n accidental.<\/li>\n<li>Durante el uso, si el producto salpica accidentalmente los ojos o la piel, enjuague inmediatamente con abundante agua limpia y busque atenci\u00f3n m\u00e9dica a tiempo.<\/li>\n<li>Este producto no debe mezclarse con otras sustancias qu\u00edmicas para evitar que afecte al efecto de eliminaci\u00f3n del formaldeh\u00eddo o provoque reacciones adversas.<\/li>\n<\/ol>","protected":false},"excerpt":{"rendered":"<p>\u00a1Nuestra f\u00e1brica ofrece servicios de procesamiento OEM\/ODM, podemos adaptar productos para usted; Nuestro MOQ es bajo, generalmente la cantidad m\u00ednima es de 1000 botellas pueden ser producidas; Nuestros productos son baratos, excelente calidad del producto, en l\u00ednea con cualquier ley y reglamento nacional y las necesidades del cliente!<\/p>\n<h3><strong>\u00a0 \u00a0 \u00a0 Tambi\u00e9n ofrecemos los siguientes servicios<\/strong><\/h3>\n<h4><strong><img decoding=\"async\" class=\"emoji\" role=\"img\" draggable=\"false\" src=\"https:\/\/s.w.org\/images\/core\/emoji\/15.0.3\/svg\/2714.svg\" alt=\"\u2714\" \/>\u00a0 Fuente transfronteriza\u00a0 \u00a0 \u00a0 \u00a0 \u00a0\u00a0<img decoding=\"async\" class=\"emoji\" role=\"img\" draggable=\"false\" src=\"https:\/\/s.w.org\/images\/core\/emoji\/15.0.3\/svg\/2714.svg\" alt=\"\u2714\" \/>\u00a0 Apoyo a la personalizaci\u00f3n<\/strong><\/h4>\n<h4><strong><img decoding=\"async\" class=\"emoji\" role=\"img\" draggable=\"false\" src=\"https:\/\/s.w.org\/images\/core\/emoji\/15.0.3\/svg\/2714.svg\" alt=\"\u2714\" \/>\u00a0 Fuente f\u00e1brica\u00a0 \u00a0 \u00a0 \u00a0 \u00a0 \u00a0 \u00a0 \u00a0 \u00a0 \u00a0 \u00a0 \u00a0<img decoding=\"async\" class=\"emoji\" role=\"img\" draggable=\"false\" src=\"https:\/\/s.w.org\/images\/core\/emoji\/15.0.3\/svg\/2714.svg\" alt=\"\u2714\" \/>\u00a0 Desarrollo de productos<\/strong><\/h4>\n<h4><strong><img decoding=\"async\" class=\"emoji\" role=\"img\" draggable=\"false\" src=\"https:\/\/s.w.org\/images\/core\/emoji\/15.0.3\/svg\/2714.svg\" alt=\"\u2714\" \/>\u00a0 A la medida de la muestra\u00a0 \u00a0 \u00a0 \u00a0 \u00a0 \u00a0 \u00a0 \u00a0 \u00a0 \u00a0\u00a0<img decoding=\"async\" class=\"emoji\" role=\"img\" draggable=\"false\" src=\"https:\/\/s.w.org\/images\/core\/emoji\/15.0.3\/svg\/2714.svg\" alt=\"\u2714\" \/>\u00a0 Autorizaci\u00f3n de marca<br \/>\n<\/strong><\/h4>\n<h2><strong>\u00bfPreguntas o comentarios?<\/strong><\/h2>\n<h2><strong>wlwer@williamweir.com<\/strong><\/h2>","protected":false},"featured_media":14583,"template":"","meta":{"_uag_custom_page_level_css":"","site-sidebar-layout":"default","site-content-layout":"","ast-site-content-layout":"default","site-content-style":"default","site-sidebar-style":"default","ast-global-header-display":"","ast-banner-title-visibility":"","ast-main-header-display":"","ast-hfb-above-header-display":"","ast-hfb-below-header-display":"","ast-hfb-mobile-header-display":"","site-post-title":"","ast-breadcrumbs-content":"","ast-featured-img":"","footer-sml-layout":"","theme-transparent-header-meta":"default","adv-header-id-meta":"","stick-header-meta":"","header-above-stick-meta":"","header-main-stick-meta":"","header-below-stick-meta":"","astra-migrate-meta-layouts":"set","ast-page-background-enabled":"default","ast-page-background-meta":{"desktop":{"background-color":"","background-image":"","background-repeat":"repeat","background-position":"center center","background-size":"auto","background-attachment":"scroll","background-type":"","background-media":"","overlay-type":"","overlay-color":"","overlay-opacity":"","overlay-gradient":""},"tablet":{"background-color":"","background-image":"","background-repeat":"repeat","background-position":"center center","background-size":"auto","background-attachment":"scroll","background-type":"","background-media":"","overlay-type":"","overlay-color":"","overlay-opacity":"","overlay-gradient":""},"mobile":{"background-color":"","background-image":"","background-repeat":"repeat","background-position":"center center","background-size":"auto","background-attachment":"scroll","background-type":"","background-media":"","overlay-type":"","overlay-color":"","overlay-opacity":"","overlay-gradient":""}},"ast-content-background-meta":{"desktop":{"background-color":"var(--ast-global-color-5)","background-image":"","background-repeat":"repeat","background-position":"center center","background-size":"auto","background-attachment":"scroll","background-type":"","background-media":"","overlay-type":"","overlay-color":"","overlay-opacity":"","overlay-gradient":""},"tablet":{"background-color":"var(--ast-global-color-5)","background-image":"","background-repeat":"repeat","background-position":"center center","background-size":"auto","background-attachment":"scroll","background-type":"","background-media":"","overlay-type":"","overlay-color":"","overlay-opacity":"","overlay-gradient":""},"mobile":{"background-color":"var(--ast-global-color-5)","background-image":"","background-repeat":"repeat","background-position":"center center","background-size":"auto","background-attachment":"scroll","background-type":"","background-media":"","overlay-type":"","overlay-color":"","overlay-opacity":"","overlay-gradient":""}}},"product_brand":[],"product_cat":[83,74],"product_tag":[],"class_list":{"0":"post-14582","1":"product","2":"type-product","3":"status-publish","4":"has-post-thumbnail","6":"product_cat-all-products","7":"product_cat-household-cleaning-series","8":"desktop-align-center","9":"tablet-align-left","10":"mobile-align-left","11":"ast-product-gallery-layout-horizontal-slider","12":"ast-product-gallery-with-no-image","13":"ast-product-tabs-layout-horizontal","15":"first","16":"instock","17":"shipping-taxable","18":"product-type-simple"},"aioseo_notices":[],"uagb_featured_image_src":{"full":["https:\/\/williamweir.com\/wp-content\/uploads\/2025\/07\/\u4e3b\u56fe-10-3.jpg",800,800,false],"thumbnail":["https:\/\/williamweir.com\/wp-content\/uploads\/2025\/07\/\u4e3b\u56fe-10-3-300x300.jpg",300,300,true],"medium":["https:\/\/williamweir.com\/wp-content\/uploads\/2025\/07\/\u4e3b\u56fe-10-3-600x600.jpg",600,600,true],"medium_large":["https:\/\/williamweir.com\/wp-content\/uploads\/2025\/07\/\u4e3b\u56fe-10-3-768x768.jpg",768,768,true],"large":["https:\/\/williamweir.com\/wp-content\/uploads\/2025\/07\/\u4e3b\u56fe-10-3.jpg",800,800,false],"1536x1536":["https:\/\/williamweir.com\/wp-content\/uploads\/2025\/07\/\u4e3b\u56fe-10-3.jpg",800,800,false],"2048x2048":["https:\/\/williamweir.com\/wp-content\/uploads\/2025\/07\/\u4e3b\u56fe-10-3.jpg",800,800,false],"trp-custom-language-flag":["https:\/\/williamweir.com\/wp-content\/uploads\/2025\/07\/\u4e3b\u56fe-10-3-12x12.jpg",12,12,true],"woocommerce_thumbnail":["https:\/\/williamweir.com\/wp-content\/uploads\/2025\/07\/\u4e3b\u56fe-10-3-600x600.jpg",600,600,true],"woocommerce_single":["https:\/\/williamweir.com\/wp-content\/uploads\/2025\/07\/\u4e3b\u56fe-10-3-600x600.jpg",600,600,true],"woocommerce_gallery_thumbnail":["https:\/\/williamweir.com\/wp-content\/uploads\/2025\/07\/\u4e3b\u56fe-10-3-100x100.jpg",100,100,true]},"uagb_author_info":{"display_name":"wlwer","author_link":"https:\/\/williamweir.com\/es\/author\/"},"uagb_comment_info":0,"uagb_excerpt":"Our factory provides OEM\/ODM processing services, we can tailor products for you; Our MOQ is low, generally the minimum quantity is 1000 bottles can be produced; Our products are inexpensive, excellent product quality, in line with any national laws and regulations and customer needs! \u00a0 \u00a0 \u00a0 We also offer the following services \u00a0 Cross-border&hellip;","_links":{"self":[{"href":"https:\/\/williamweir.com\/es\/wp-json\/wp\/v2\/product\/14582"}],"collection":[{"href":"https:\/\/williamweir.com\/es\/wp-json\/wp\/v2\/product"}],"about":[{"href":"https:\/\/williamweir.com\/es\/wp-json\/wp\/v2\/types\/product"}],"version-history":[{"count":2,"href":"https:\/\/williamweir.com\/es\/wp-json\/wp\/v2\/product\/14582\/revisions"}],"predecessor-version":[{"id":14585,"href":"https:\/\/williamweir.com\/es\/wp-json\/wp\/v2\/product\/14582\/revisions\/14585"}],"wp:featuredmedia":[{"embeddable":true,"href":"https:\/\/williamweir.com\/es\/wp-json\/wp\/v2\/media\/14583"}],"wp:attachment":[{"href":"https:\/\/williamweir.com\/es\/wp-json\/wp\/v2\/media?parent=14582"}],"wp:term":[{"taxonomy":"product_brand","embeddable":true,"href":"https:\/\/williamweir.com\/es\/wp-json\/wp\/v2\/product_brand?post=14582"},{"taxonomy":"product_cat","embeddable":true,"href":"https:\/\/williamweir.com\/es\/wp-json\/wp\/v2\/product_cat?post=14582"},{"taxonomy":"product_tag","embeddable":true,"href":"https:\/\/williamweir.com\/es\/wp-json\/wp\/v2\/product_tag?post=14582"}],"curies":[{"name":"wp","href":"https:\/\/api.w.org\/{rel}","templated":true}]}}