{"id":14579,"date":"2025-07-30T05:33:02","date_gmt":"2025-07-30T05:33:02","guid":{"rendered":"https:\/\/williamweir.com\/?post_type=product&#038;p=14579"},"modified":"2025-07-30T05:41:51","modified_gmt":"2025-07-30T05:41:51","slug":"toilet-cleaner-2","status":"publish","type":"product","link":"https:\/\/williamweir.com\/es\/producto\/toilet-cleaner-2\/","title":{"rendered":"Limpiador de WC"},"content":{"rendered":"<p><strong>Product code\uff1a2165<\/strong><\/p>\n<p><strong>I. Caracter\u00edsticas del producto<\/strong><\/p>\n<p>Potente descontaminaci\u00f3n: Elimina r\u00e1pidamente varias manchas dif\u00edciles en el inodoro para dejarlo tan limpio como nuevo.<br data-filtered=\"filtered\" \/>Esterilizaci\u00f3n y desinfecci\u00f3n: Elimina eficazmente bacterias y virus para proporcionar un entorno sano e higi\u00e9nico a las familias.<br data-filtered=\"filtered\" \/>Desodorizaci\u00f3n: Elimina el olor peculiar del inodoro y hace que el aire sea fresco y agradable.<br data-filtered=\"filtered\" \/>C\u00f3modo y f\u00e1cil de usar: Basta con verter el limpiador de inodoros en el inodoro y, a continuaci\u00f3n, frotarlo con un cepillo tras una breve estancia.<br data-filtered=\"filtered\" \/>Econ\u00f3mico y asequible: Tiene un alto rendimiento de costes y una botella se puede utilizar varias veces.<br data-filtered=\"filtered\" \/><strong>II. \u00c1mbito de aplicaci\u00f3n<\/strong><\/p>\n<p>Adecuado para varios tipos de inodoros, incluidos retretes y bacinillas.<\/p>\n<p><strong>III. M\u00e9todo de utilizaci\u00f3n<\/strong><\/p>\n<p>Vierta una cantidad adecuada de limpiador de inodoros en el inodoro. Ten cuidado de no salpicarte el cuerpo.<br data-filtered=\"filtered\" \/>Deje que el limpiador permanezca en el inodoro durante un periodo de tiempo (generalmente de 5 a 10 minutos) para permitir que el limpiador desempe\u00f1e plenamente su funci\u00f3n.<br data-filtered=\"filtered\" \/>Utilice un cepillo para fregar el interior del inodoro, centr\u00e1ndose en fregar las zonas con manchas severas.<br data-filtered=\"filtered\" \/>Por \u00faltimo, pulse el bot\u00f3n de descarga para eliminar la suciedad y el limpiador del inodoro.<\/p>\n<p><strong>IV. Precauciones<\/strong><\/p>\n<p>Evitar el contacto con los ojos y la piel. En caso de contacto accidental, l\u00e1vese inmediata y abundantemente con agua y acuda a un m\u00e9dico a tiempo.<br data-filtered=\"filtered\" \/>Coloque el producto en un lugar al que los ni\u00f1os no puedan acceder f\u00e1cilmente para evitar que se lo coman por error.<br data-filtered=\"filtered\" \/>No mezcle el limpiador de inodoros con otros limpiadores para evitar la generaci\u00f3n de gases nocivos.<br data-filtered=\"filtered\" \/>El producto debe almacenarse en un lugar fresco y seco, alejado de la luz solar directa y de ambientes con altas temperaturas para evitar que se vean afectadas sus prestaciones y su vida \u00fatil.<\/p>","protected":false},"excerpt":{"rendered":"<p>\u00a1Nuestra f\u00e1brica ofrece servicios de procesamiento OEM\/ODM, podemos adaptar productos para usted; Nuestro MOQ es bajo, generalmente la cantidad m\u00ednima es de 1000 botellas pueden ser producidas; Nuestros productos son baratos, excelente calidad del producto, en l\u00ednea con cualquier ley y reglamento nacional y las necesidades del cliente!<\/p>\n<h3><strong>\u00a0 \u00a0 \u00a0 Tambi\u00e9n ofrecemos los siguientes servicios<\/strong><\/h3>\n<h4><strong><img decoding=\"async\" class=\"emoji\" role=\"img\" draggable=\"false\" src=\"https:\/\/s.w.org\/images\/core\/emoji\/15.0.3\/svg\/2714.svg\" alt=\"\u2714\" \/>\u00a0 Fuente transfronteriza\u00a0 \u00a0 \u00a0 \u00a0 \u00a0\u00a0<img decoding=\"async\" class=\"emoji\" role=\"img\" draggable=\"false\" src=\"https:\/\/s.w.org\/images\/core\/emoji\/15.0.3\/svg\/2714.svg\" alt=\"\u2714\" \/>\u00a0 Apoyo a la personalizaci\u00f3n<\/strong><\/h4>\n<h4><strong><img decoding=\"async\" class=\"emoji\" role=\"img\" draggable=\"false\" src=\"https:\/\/s.w.org\/images\/core\/emoji\/15.0.3\/svg\/2714.svg\" alt=\"\u2714\" \/>\u00a0 Fuente f\u00e1brica\u00a0 \u00a0 \u00a0 \u00a0 \u00a0 \u00a0 \u00a0 \u00a0 \u00a0 \u00a0 \u00a0 \u00a0<img decoding=\"async\" class=\"emoji\" role=\"img\" draggable=\"false\" src=\"https:\/\/s.w.org\/images\/core\/emoji\/15.0.3\/svg\/2714.svg\" alt=\"\u2714\" \/>\u00a0 Desarrollo de productos<\/strong><\/h4>\n<h4><strong><img decoding=\"async\" class=\"emoji\" role=\"img\" draggable=\"false\" src=\"https:\/\/s.w.org\/images\/core\/emoji\/15.0.3\/svg\/2714.svg\" alt=\"\u2714\" \/>\u00a0 A la medida de la muestra\u00a0 \u00a0 \u00a0 \u00a0 \u00a0 \u00a0 \u00a0 \u00a0 \u00a0 \u00a0\u00a0<img decoding=\"async\" class=\"emoji\" role=\"img\" draggable=\"false\" src=\"https:\/\/s.w.org\/images\/core\/emoji\/15.0.3\/svg\/2714.svg\" alt=\"\u2714\" \/>\u00a0 Autorizaci\u00f3n de marca<\/strong><\/h4>\n<p>&nbsp;<\/p>\n<h2><strong>\u00bfPreguntas o comentarios?<\/strong><\/h2>\n<h2><strong>wlwer@williamweir.com<\/strong><\/h2>","protected":false},"featured_media":14580,"template":"","meta":{"_uag_custom_page_level_css":"","site-sidebar-layout":"default","site-content-layout":"","ast-site-content-layout":"default","site-content-style":"default","site-sidebar-style":"default","ast-global-header-display":"","ast-banner-title-visibility":"","ast-main-header-display":"","ast-hfb-above-header-display":"","ast-hfb-below-header-display":"","ast-hfb-mobile-header-display":"","site-post-title":"","ast-breadcrumbs-content":"","ast-featured-img":"","footer-sml-layout":"","theme-transparent-header-meta":"default","adv-header-id-meta":"","stick-header-meta":"","header-above-stick-meta":"","header-main-stick-meta":"","header-below-stick-meta":"","astra-migrate-meta-layouts":"set","ast-page-background-enabled":"default","ast-page-background-meta":{"desktop":{"background-color":"","background-image":"","background-repeat":"repeat","background-position":"center center","background-size":"auto","background-attachment":"scroll","background-type":"","background-media":"","overlay-type":"","overlay-color":"","overlay-opacity":"","overlay-gradient":""},"tablet":{"background-color":"","background-image":"","background-repeat":"repeat","background-position":"center center","background-size":"auto","background-attachment":"scroll","background-type":"","background-media":"","overlay-type":"","overlay-color":"","overlay-opacity":"","overlay-gradient":""},"mobile":{"background-color":"","background-image":"","background-repeat":"repeat","background-position":"center center","background-size":"auto","background-attachment":"scroll","background-type":"","background-media":"","overlay-type":"","overlay-color":"","overlay-opacity":"","overlay-gradient":""}},"ast-content-background-meta":{"desktop":{"background-color":"var(--ast-global-color-5)","background-image":"","background-repeat":"repeat","background-position":"center center","background-size":"auto","background-attachment":"scroll","background-type":"","background-media":"","overlay-type":"","overlay-color":"","overlay-opacity":"","overlay-gradient":""},"tablet":{"background-color":"var(--ast-global-color-5)","background-image":"","background-repeat":"repeat","background-position":"center center","background-size":"auto","background-attachment":"scroll","background-type":"","background-media":"","overlay-type":"","overlay-color":"","overlay-opacity":"","overlay-gradient":""},"mobile":{"background-color":"var(--ast-global-color-5)","background-image":"","background-repeat":"repeat","background-position":"center center","background-size":"auto","background-attachment":"scroll","background-type":"","background-media":"","overlay-type":"","overlay-color":"","overlay-opacity":"","overlay-gradient":""}}},"product_brand":[],"product_cat":[83,74],"product_tag":[],"class_list":{"0":"post-14579","1":"product","2":"type-product","3":"status-publish","4":"has-post-thumbnail","6":"product_cat-all-products","7":"product_cat-household-cleaning-series","8":"desktop-align-center","9":"tablet-align-left","10":"mobile-align-left","11":"ast-product-gallery-layout-horizontal-slider","12":"ast-product-gallery-with-no-image","13":"ast-product-tabs-layout-horizontal","15":"first","16":"instock","17":"shipping-taxable","18":"product-type-simple"},"aioseo_notices":[],"uagb_featured_image_src":{"full":["https:\/\/williamweir.com\/wp-content\/uploads\/2025\/07\/\u4e3b\u56fe-10-2.jpg",800,800,false],"thumbnail":["https:\/\/williamweir.com\/wp-content\/uploads\/2025\/07\/\u4e3b\u56fe-10-2-300x300.jpg",300,300,true],"medium":["https:\/\/williamweir.com\/wp-content\/uploads\/2025\/07\/\u4e3b\u56fe-10-2-600x600.jpg",600,600,true],"medium_large":["https:\/\/williamweir.com\/wp-content\/uploads\/2025\/07\/\u4e3b\u56fe-10-2-768x768.jpg",768,768,true],"large":["https:\/\/williamweir.com\/wp-content\/uploads\/2025\/07\/\u4e3b\u56fe-10-2.jpg",800,800,false],"1536x1536":["https:\/\/williamweir.com\/wp-content\/uploads\/2025\/07\/\u4e3b\u56fe-10-2.jpg",800,800,false],"2048x2048":["https:\/\/williamweir.com\/wp-content\/uploads\/2025\/07\/\u4e3b\u56fe-10-2.jpg",800,800,false],"trp-custom-language-flag":["https:\/\/williamweir.com\/wp-content\/uploads\/2025\/07\/\u4e3b\u56fe-10-2-12x12.jpg",12,12,true],"woocommerce_thumbnail":["https:\/\/williamweir.com\/wp-content\/uploads\/2025\/07\/\u4e3b\u56fe-10-2-600x600.jpg",600,600,true],"woocommerce_single":["https:\/\/williamweir.com\/wp-content\/uploads\/2025\/07\/\u4e3b\u56fe-10-2-600x600.jpg",600,600,true],"woocommerce_gallery_thumbnail":["https:\/\/williamweir.com\/wp-content\/uploads\/2025\/07\/\u4e3b\u56fe-10-2-100x100.jpg",100,100,true]},"uagb_author_info":{"display_name":"wlwer","author_link":"https:\/\/williamweir.com\/es\/author\/"},"uagb_comment_info":0,"uagb_excerpt":"Our factory provides OEM\/ODM processing services, we can tailor products for you; Our MOQ is low, generally the minimum quantity is 1000 bottles can be produced; Our products are inexpensive, excellent product quality, in line with any national laws and regulations and customer needs! \u00a0 \u00a0 \u00a0 We also offer the following services \u00a0 Cross-border&hellip;","_links":{"self":[{"href":"https:\/\/williamweir.com\/es\/wp-json\/wp\/v2\/product\/14579"}],"collection":[{"href":"https:\/\/williamweir.com\/es\/wp-json\/wp\/v2\/product"}],"about":[{"href":"https:\/\/williamweir.com\/es\/wp-json\/wp\/v2\/types\/product"}],"version-history":[{"count":1,"href":"https:\/\/williamweir.com\/es\/wp-json\/wp\/v2\/product\/14579\/revisions"}],"predecessor-version":[{"id":14581,"href":"https:\/\/williamweir.com\/es\/wp-json\/wp\/v2\/product\/14579\/revisions\/14581"}],"wp:featuredmedia":[{"embeddable":true,"href":"https:\/\/williamweir.com\/es\/wp-json\/wp\/v2\/media\/14580"}],"wp:attachment":[{"href":"https:\/\/williamweir.com\/es\/wp-json\/wp\/v2\/media?parent=14579"}],"wp:term":[{"taxonomy":"product_brand","embeddable":true,"href":"https:\/\/williamweir.com\/es\/wp-json\/wp\/v2\/product_brand?post=14579"},{"taxonomy":"product_cat","embeddable":true,"href":"https:\/\/williamweir.com\/es\/wp-json\/wp\/v2\/product_cat?post=14579"},{"taxonomy":"product_tag","embeddable":true,"href":"https:\/\/williamweir.com\/es\/wp-json\/wp\/v2\/product_tag?post=14579"}],"curies":[{"name":"wp","href":"https:\/\/api.w.org\/{rel}","templated":true}]}}