{"id":14527,"date":"2025-05-16T07:16:17","date_gmt":"2025-05-16T07:16:17","guid":{"rendered":"https:\/\/williamweir.com\/?post_type=product&#038;p=14527"},"modified":"2025-05-24T01:01:15","modified_gmt":"2025-05-24T01:01:15","slug":"multi-purpose-polishing-wax","status":"publish","type":"product","link":"https:\/\/williamweir.com\/es\/producto\/multi-purpose-polishing-wax\/","title":{"rendered":"Cera de pulido multiusos"},"content":{"rendered":"<h3><strong>Commodity code: 2936<\/strong><\/h3>\n<p><strong><b>Product Introduction:<\/b><\/strong><strong><b><br \/>\n<\/b><\/strong>Este producto es un producto de mantenimiento y cuidado de alta calidad especialmente dise\u00f1ado para muebles de madera y productos de madera. Puede cuidar eficazmente diversas superficies de madera, mantenerlas naturales y bellas, y prolongar la vida \u00fatil de los art\u00edculos de madera.<\/p>\n<p><strong><b> Product Features:<\/b><\/strong><\/p>\n<p>Nutrici\u00f3n profunda: Rico en ingredientes nutritivos como los aceites naturales, puede penetrar profundamente en el interior de la madera, complementar la humedad y los nutrientes que necesita la madera y evitar que \u00e9sta se seque y se agriete.<\/p>\n<p>Gran capacidad de protecci\u00f3n: Forma una s\u00f3lida pel\u00edcula protectora sobre la superficie de madera para resistir eficazmente el desgaste diario, los ara\u00f1azos y la invasi\u00f3n de polvo y manchas.<\/p>\n<p>Realza el brillo: Hace que la superficie de madera muestre un lustre c\u00e1lido y brillante, realza la belleza de los muebles de madera y a\u00f1ade un ambiente c\u00e1lido al entorno del hogar.<\/p>\n<p>Seguro y respetuoso con el medio ambiente: no contiene sustancias qu\u00edmicas nocivas, es inocuo para el cuerpo humano y el medio ambiente, y puede utilizarse con seguridad y confianza.<\/p>\n<p>Ampliamente aplicable: Adecuado para art\u00edculos de madera de diferentes materiales, como diversas maderas macizas y maderas artificiales.<\/p>\n<p><strong><b>III. M\u00e9todo de uso:<\/b><\/strong><\/p>\n<p>En primer lugar, limpia la superficie de madera para eliminar el polvo y los restos.<\/p>\n<p>Sumerja una cantidad adecuada de cera para el cuidado de la madera con un pa\u00f1o suave o una esponja.<\/p>\n<p>Apl\u00edquelo uniformemente sobre la superficie de madera y p\u00e1selo a lo largo de la veta de la madera.<\/p>\n<p>Espere un tiempo para que la cera de cuidado penetre completamente y se seque.<\/p>\n<p>Limpie y pula suavemente con un pa\u00f1o limpio y suave para eliminar el exceso de cera de cuidado y dejar la superficie de madera lisa y brillante.<\/p>\n<p><strong><b> Precautions:<\/b><\/strong><\/p>\n<p>Col\u00f3calo en un lugar al que los ni\u00f1os no puedan acceder f\u00e1cilmente.<\/p>\n<p>Antes de utilizarlo, realice una prueba en un lugar poco visible. Despu\u00e9s de confirmar que no hay ninguna reacci\u00f3n adversa, util\u00edcelo en una zona amplia.<\/p>\n<p>Evite utilizarlo y almacenarlo a altas temperaturas, bajo la luz solar directa o en ambientes h\u00famedos.<\/p>\n<p>Si accidentalmente entra en contacto con los ojos o la piel, aclare inmediatamente con abundante agua limpia.<\/p>\n<p>&nbsp;<\/p>","protected":false},"excerpt":{"rendered":"<p>\u00a1Nuestra f\u00e1brica ofrece servicios de procesamiento OEM\/ODM, podemos adaptar productos para usted; Nuestro MOQ es bajo, generalmente la cantidad m\u00ednima es de 1000 botellas pueden ser producidas; Nuestros productos son baratos, excelente calidad del producto, en l\u00ednea con cualquier ley y reglamento nacional y las necesidades del cliente!<\/p>\n<h3><strong>\u00a0 \u00a0 \u00a0 Tambi\u00e9n ofrecemos los siguientes servicios<\/strong><\/h3>\n<h4><strong><img decoding=\"async\" class=\"emoji\" role=\"img\" draggable=\"false\" src=\"https:\/\/s.w.org\/images\/core\/emoji\/15.0.3\/svg\/2714.svg\" alt=\"\u2714\" \/>\u00a0 Fuente transfronteriza\u00a0 \u00a0 \u00a0 \u00a0 \u00a0\u00a0<img decoding=\"async\" class=\"emoji\" role=\"img\" draggable=\"false\" src=\"https:\/\/s.w.org\/images\/core\/emoji\/15.0.3\/svg\/2714.svg\" alt=\"\u2714\" \/>\u00a0 Apoyo a la personalizaci\u00f3n<\/strong><\/h4>\n<h4><strong><img decoding=\"async\" class=\"emoji\" role=\"img\" draggable=\"false\" src=\"https:\/\/s.w.org\/images\/core\/emoji\/15.0.3\/svg\/2714.svg\" alt=\"\u2714\" \/>\u00a0 Fuente f\u00e1brica\u00a0 \u00a0 \u00a0 \u00a0 \u00a0 \u00a0 \u00a0 \u00a0 \u00a0 \u00a0 \u00a0 \u00a0<img decoding=\"async\" class=\"emoji\" role=\"img\" draggable=\"false\" src=\"https:\/\/s.w.org\/images\/core\/emoji\/15.0.3\/svg\/2714.svg\" alt=\"\u2714\" \/>\u00a0 Desarrollo de productos<\/strong><\/h4>\n<h4><strong><img decoding=\"async\" class=\"emoji\" role=\"img\" draggable=\"false\" src=\"https:\/\/s.w.org\/images\/core\/emoji\/15.0.3\/svg\/2714.svg\" alt=\"\u2714\" \/>\u00a0 A la medida de la muestra\u00a0 \u00a0 \u00a0 \u00a0 \u00a0 \u00a0 \u00a0 \u00a0 \u00a0 \u00a0\u00a0<img decoding=\"async\" class=\"emoji\" role=\"img\" draggable=\"false\" src=\"https:\/\/s.w.org\/images\/core\/emoji\/15.0.3\/svg\/2714.svg\" alt=\"\u2714\" \/>\u00a0 Autorizaci\u00f3n de marca<br \/>\n<\/strong><\/h4>\n<h2><strong>\u00bfPreguntas o comentarios?<\/strong><\/h2>\n<h2><strong>wlwer@williamweir.com<\/strong><\/h2>","protected":false},"featured_media":14528,"template":"","meta":{"_uag_custom_page_level_css":"","site-sidebar-layout":"default","site-content-layout":"","ast-site-content-layout":"default","site-content-style":"default","site-sidebar-style":"default","ast-global-header-display":"","ast-banner-title-visibility":"","ast-main-header-display":"","ast-hfb-above-header-display":"","ast-hfb-below-header-display":"","ast-hfb-mobile-header-display":"","site-post-title":"","ast-breadcrumbs-content":"","ast-featured-img":"","footer-sml-layout":"","theme-transparent-header-meta":"default","adv-header-id-meta":"","stick-header-meta":"","header-above-stick-meta":"","header-main-stick-meta":"","header-below-stick-meta":"","astra-migrate-meta-layouts":"set","ast-page-background-enabled":"default","ast-page-background-meta":{"desktop":{"background-color":"","background-image":"","background-repeat":"repeat","background-position":"center center","background-size":"auto","background-attachment":"scroll","background-type":"","background-media":"","overlay-type":"","overlay-color":"","overlay-opacity":"","overlay-gradient":""},"tablet":{"background-color":"","background-image":"","background-repeat":"repeat","background-position":"center center","background-size":"auto","background-attachment":"scroll","background-type":"","background-media":"","overlay-type":"","overlay-color":"","overlay-opacity":"","overlay-gradient":""},"mobile":{"background-color":"","background-image":"","background-repeat":"repeat","background-position":"center center","background-size":"auto","background-attachment":"scroll","background-type":"","background-media":"","overlay-type":"","overlay-color":"","overlay-opacity":"","overlay-gradient":""}},"ast-content-background-meta":{"desktop":{"background-color":"var(--ast-global-color-5)","background-image":"","background-repeat":"repeat","background-position":"center center","background-size":"auto","background-attachment":"scroll","background-type":"","background-media":"","overlay-type":"","overlay-color":"","overlay-opacity":"","overlay-gradient":""},"tablet":{"background-color":"var(--ast-global-color-5)","background-image":"","background-repeat":"repeat","background-position":"center center","background-size":"auto","background-attachment":"scroll","background-type":"","background-media":"","overlay-type":"","overlay-color":"","overlay-opacity":"","overlay-gradient":""},"mobile":{"background-color":"var(--ast-global-color-5)","background-image":"","background-repeat":"repeat","background-position":"center center","background-size":"auto","background-attachment":"scroll","background-type":"","background-media":"","overlay-type":"","overlay-color":"","overlay-opacity":"","overlay-gradient":""}}},"product_brand":[],"product_cat":[83,71],"product_tag":[],"class_list":{"0":"post-14527","1":"product","2":"type-product","3":"status-publish","4":"has-post-thumbnail","6":"product_cat-all-products","7":"product_cat-maintenance-polishing-of-wood-products","8":"desktop-align-center","9":"tablet-align-left","10":"mobile-align-left","11":"ast-product-gallery-layout-horizontal-slider","12":"ast-product-gallery-with-no-image","13":"ast-product-tabs-layout-horizontal","15":"first","16":"instock","17":"shipping-taxable","18":"product-type-simple"},"aioseo_notices":[],"uagb_featured_image_src":{"full":["https:\/\/williamweir.com\/wp-content\/uploads\/2025\/05\/\u591a\u7528\u9014\u629b\u5149\u8721.jpg",800,800,false],"thumbnail":["https:\/\/williamweir.com\/wp-content\/uploads\/2025\/05\/\u591a\u7528\u9014\u629b\u5149\u8721-300x300.jpg",300,300,true],"medium":["https:\/\/williamweir.com\/wp-content\/uploads\/2025\/05\/\u591a\u7528\u9014\u629b\u5149\u8721-600x600.jpg",600,600,true],"medium_large":["https:\/\/williamweir.com\/wp-content\/uploads\/2025\/05\/\u591a\u7528\u9014\u629b\u5149\u8721-768x768.jpg",768,768,true],"large":["https:\/\/williamweir.com\/wp-content\/uploads\/2025\/05\/\u591a\u7528\u9014\u629b\u5149\u8721.jpg",800,800,false],"1536x1536":["https:\/\/williamweir.com\/wp-content\/uploads\/2025\/05\/\u591a\u7528\u9014\u629b\u5149\u8721.jpg",800,800,false],"2048x2048":["https:\/\/williamweir.com\/wp-content\/uploads\/2025\/05\/\u591a\u7528\u9014\u629b\u5149\u8721.jpg",800,800,false],"trp-custom-language-flag":["https:\/\/williamweir.com\/wp-content\/uploads\/2025\/05\/\u591a\u7528\u9014\u629b\u5149\u8721-12x12.jpg",12,12,true],"woocommerce_thumbnail":["https:\/\/williamweir.com\/wp-content\/uploads\/2025\/05\/\u591a\u7528\u9014\u629b\u5149\u8721-600x600.jpg",600,600,true],"woocommerce_single":["https:\/\/williamweir.com\/wp-content\/uploads\/2025\/05\/\u591a\u7528\u9014\u629b\u5149\u8721-600x600.jpg",600,600,true],"woocommerce_gallery_thumbnail":["https:\/\/williamweir.com\/wp-content\/uploads\/2025\/05\/\u591a\u7528\u9014\u629b\u5149\u8721-100x100.jpg",100,100,true]},"uagb_author_info":{"display_name":"wlwer","author_link":"https:\/\/williamweir.com\/es\/author\/"},"uagb_comment_info":0,"uagb_excerpt":"Our factory provides OEM\/ODM processing services, we can tailor products for you; Our MOQ is low, generally the minimum quantity is 1000 bottles can be produced; Our products are inexpensive, excellent product quality, in line with any national laws and regulations and customer needs! \u00a0 \u00a0 \u00a0 We also offer the following services \u00a0 Cross-border&hellip;","_links":{"self":[{"href":"https:\/\/williamweir.com\/es\/wp-json\/wp\/v2\/product\/14527"}],"collection":[{"href":"https:\/\/williamweir.com\/es\/wp-json\/wp\/v2\/product"}],"about":[{"href":"https:\/\/williamweir.com\/es\/wp-json\/wp\/v2\/types\/product"}],"version-history":[{"count":1,"href":"https:\/\/williamweir.com\/es\/wp-json\/wp\/v2\/product\/14527\/revisions"}],"predecessor-version":[{"id":14529,"href":"https:\/\/williamweir.com\/es\/wp-json\/wp\/v2\/product\/14527\/revisions\/14529"}],"wp:featuredmedia":[{"embeddable":true,"href":"https:\/\/williamweir.com\/es\/wp-json\/wp\/v2\/media\/14528"}],"wp:attachment":[{"href":"https:\/\/williamweir.com\/es\/wp-json\/wp\/v2\/media?parent=14527"}],"wp:term":[{"taxonomy":"product_brand","embeddable":true,"href":"https:\/\/williamweir.com\/es\/wp-json\/wp\/v2\/product_brand?post=14527"},{"taxonomy":"product_cat","embeddable":true,"href":"https:\/\/williamweir.com\/es\/wp-json\/wp\/v2\/product_cat?post=14527"},{"taxonomy":"product_tag","embeddable":true,"href":"https:\/\/williamweir.com\/es\/wp-json\/wp\/v2\/product_tag?post=14527"}],"curies":[{"name":"wp","href":"https:\/\/api.w.org\/{rel}","templated":true}]}}