{"id":14514,"date":"2025-05-16T07:01:31","date_gmt":"2025-05-16T07:01:31","guid":{"rendered":"https:\/\/williamweir.com\/?post_type=product&#038;p=14514"},"modified":"2025-05-24T01:02:13","modified_gmt":"2025-05-24T01:02:13","slug":"white-shoe-foam-cleaner-4","status":"publish","type":"product","link":"https:\/\/williamweir.com\/es\/producto\/white-shoe-foam-cleaner-4\/","title":{"rendered":"Limpiador de espuma para calzado blanco"},"content":{"rendered":"<p><strong>C\u00f3digo del producto<\/strong><strong>\uff1a<\/strong><strong>3117<\/strong><\/p>\n<p><strong><b> Presentaci\u00f3n del producto<\/b><\/strong><\/p>\n<p>Este producto es un producto de limpieza de gran eficacia especialmente dise\u00f1ado para limpiar calzado deportivo blanco, calzado informal, etc. Puede eliminar r\u00e1pidamente las manchas de la superficie del calzado y devolver al calzado blanco su blancura y brillo originales.<\/p>\n<p><strong><b> Caracter\u00edsticas del producto<\/b><\/strong><\/p>\n<ol>\n<li>Potente descontaminaci\u00f3n: Contiene ingredientes de limpieza altamente eficientes y puede eliminar eficazmente varias manchas comunes como polvo, barro y manchas de aceite, haciendo que los zapatos parezcan nuevos.<\/li>\n<li>F\u00f3rmula suave: Adopta una f\u00f3rmula de limpieza suave y no da\u00f1a el material del zapato. Puede utilizarse con seguridad en materiales de cuero, lona o malla.<\/li>\n<li>C\u00f3modo y r\u00e1pido: F\u00e1cil de usar, sin complicados pasos de operaci\u00f3n. S\u00f3lo una pulverizaci\u00f3n ligera o limpie puede limpiar r\u00e1pidamente los zapatos.<\/li>\n<li>Olor fresco: Emite una fragancia fresca, elimina el olor peculiar de los zapatos y hace que \u00e9stos desprendan un olor agradable.<\/li>\n<\/ol>\n<p><strong><b>Usage Methods<\/b><\/strong><\/p>\n<ol>\n<li>Para manchas ligeras: Pulverice el limpiador sobre la zona manchada de la superficie del zapato y l\u00edmpiela suavemente con un pa\u00f1o suave limpio o un cepillo.<\/li>\n<li>Para manchas dif\u00edciles: En primer lugar, limpie el polvo y otros restos de la superficie del zapato. A continuaci\u00f3n, pulverice uniformemente el limpiador sobre la zona manchada. Despu\u00e9s de unos minutos, frote con fuerza con un cepillo. Por \u00faltimo, aclare con agua limpia o limpie con un pa\u00f1o h\u00famedo.<\/li>\n<\/ol>\n<p><strong><b> Precauciones<\/b><\/strong><\/p>\n<ol>\n<li>Antes de su uso, realice una peque\u00f1a prueba en una parte poco visible del zapato para asegurarse de que no tendr\u00e1 efectos adversos sobre el mismo.<\/li>\n<li>Evitar el contacto con los ojos y la piel. En caso de contacto accidental, lavar inmediatamente con abundante agua limpia.<\/li>\n<li>Coloque el producto en un lugar al que los ni\u00f1os no puedan acceder f\u00e1cilmente.<\/li>\n<li>Gu\u00e1rdelo en un lugar fresco y seco, alejado de la luz solar directa.<\/li>\n<\/ol>","protected":false},"excerpt":{"rendered":"<p>Product code\uff1a3117 Product Introduction This product is a highly efficient cleaning product specially designed for cleaning white sports shoes, casual shoes, etc. It can quickly remove stains on the shoe surface and restore white shoes to their original whiteness and brightness. Product Features Powerful decontamination: Contains highly efficient cleaning ingredients and can effectively remove various [&hellip;]<\/p>","protected":false},"featured_media":14515,"template":"","meta":{"_uag_custom_page_level_css":"","site-sidebar-layout":"default","site-content-layout":"","ast-site-content-layout":"default","site-content-style":"default","site-sidebar-style":"default","ast-global-header-display":"","ast-banner-title-visibility":"","ast-main-header-display":"","ast-hfb-above-header-display":"","ast-hfb-below-header-display":"","ast-hfb-mobile-header-display":"","site-post-title":"","ast-breadcrumbs-content":"","ast-featured-img":"","footer-sml-layout":"","theme-transparent-header-meta":"default","adv-header-id-meta":"","stick-header-meta":"","header-above-stick-meta":"","header-main-stick-meta":"","header-below-stick-meta":"","astra-migrate-meta-layouts":"set","ast-page-background-enabled":"default","ast-page-background-meta":{"desktop":{"background-color":"","background-image":"","background-repeat":"repeat","background-position":"center center","background-size":"auto","background-attachment":"scroll","background-type":"","background-media":"","overlay-type":"","overlay-color":"","overlay-opacity":"","overlay-gradient":""},"tablet":{"background-color":"","background-image":"","background-repeat":"repeat","background-position":"center center","background-size":"auto","background-attachment":"scroll","background-type":"","background-media":"","overlay-type":"","overlay-color":"","overlay-opacity":"","overlay-gradient":""},"mobile":{"background-color":"","background-image":"","background-repeat":"repeat","background-position":"center center","background-size":"auto","background-attachment":"scroll","background-type":"","background-media":"","overlay-type":"","overlay-color":"","overlay-opacity":"","overlay-gradient":""}},"ast-content-background-meta":{"desktop":{"background-color":"var(--ast-global-color-5)","background-image":"","background-repeat":"repeat","background-position":"center center","background-size":"auto","background-attachment":"scroll","background-type":"","background-media":"","overlay-type":"","overlay-color":"","overlay-opacity":"","overlay-gradient":""},"tablet":{"background-color":"var(--ast-global-color-5)","background-image":"","background-repeat":"repeat","background-position":"center center","background-size":"auto","background-attachment":"scroll","background-type":"","background-media":"","overlay-type":"","overlay-color":"","overlay-opacity":"","overlay-gradient":""},"mobile":{"background-color":"var(--ast-global-color-5)","background-image":"","background-repeat":"repeat","background-position":"center center","background-size":"auto","background-attachment":"scroll","background-type":"","background-media":"","overlay-type":"","overlay-color":"","overlay-opacity":"","overlay-gradient":""}}},"product_brand":[],"product_cat":[83,70],"product_tag":[],"class_list":{"0":"post-14514","1":"product","2":"type-product","3":"status-publish","4":"has-post-thumbnail","6":"product_cat-all-products","7":"product_cat-foam-cleaner-series","8":"desktop-align-center","9":"tablet-align-left","10":"mobile-align-left","11":"ast-product-gallery-layout-horizontal-slider","12":"ast-product-gallery-with-no-image","13":"ast-product-tabs-layout-horizontal","15":"first","16":"instock","17":"shipping-taxable","18":"product-type-simple"},"aioseo_notices":[],"uagb_featured_image_src":{"full":["https:\/\/williamweir.com\/wp-content\/uploads\/2025\/05\/\u5c0f\u767d\u978b\u65b0\u6807.png",800,800,false],"thumbnail":["https:\/\/williamweir.com\/wp-content\/uploads\/2025\/05\/\u5c0f\u767d\u978b\u65b0\u6807-300x300.png",300,300,true],"medium":["https:\/\/williamweir.com\/wp-content\/uploads\/2025\/05\/\u5c0f\u767d\u978b\u65b0\u6807-600x600.png",600,600,true],"medium_large":["https:\/\/williamweir.com\/wp-content\/uploads\/2025\/05\/\u5c0f\u767d\u978b\u65b0\u6807-768x768.png",768,768,true],"large":["https:\/\/williamweir.com\/wp-content\/uploads\/2025\/05\/\u5c0f\u767d\u978b\u65b0\u6807.png",800,800,false],"1536x1536":["https:\/\/williamweir.com\/wp-content\/uploads\/2025\/05\/\u5c0f\u767d\u978b\u65b0\u6807.png",800,800,false],"2048x2048":["https:\/\/williamweir.com\/wp-content\/uploads\/2025\/05\/\u5c0f\u767d\u978b\u65b0\u6807.png",800,800,false],"trp-custom-language-flag":["https:\/\/williamweir.com\/wp-content\/uploads\/2025\/05\/\u5c0f\u767d\u978b\u65b0\u6807-12x12.png",12,12,true],"woocommerce_thumbnail":["https:\/\/williamweir.com\/wp-content\/uploads\/2025\/05\/\u5c0f\u767d\u978b\u65b0\u6807-600x600.png",600,600,true],"woocommerce_single":["https:\/\/williamweir.com\/wp-content\/uploads\/2025\/05\/\u5c0f\u767d\u978b\u65b0\u6807-600x600.png",600,600,true],"woocommerce_gallery_thumbnail":["https:\/\/williamweir.com\/wp-content\/uploads\/2025\/05\/\u5c0f\u767d\u978b\u65b0\u6807-100x100.png",100,100,true]},"uagb_author_info":{"display_name":"wlwer","author_link":"https:\/\/williamweir.com\/es\/author\/"},"uagb_comment_info":0,"uagb_excerpt":"Product code\uff1a3117 Product Introduction This product is a highly efficient cleaning product specially designed for cleaning white sports shoes, casual shoes, etc. It can quickly remove stains on the shoe surface and restore white shoes to their original whiteness and brightness. Product Features Powerful decontamination: Contains highly efficient cleaning ingredients and can effectively remove various&hellip;","_links":{"self":[{"href":"https:\/\/williamweir.com\/es\/wp-json\/wp\/v2\/product\/14514"}],"collection":[{"href":"https:\/\/williamweir.com\/es\/wp-json\/wp\/v2\/product"}],"about":[{"href":"https:\/\/williamweir.com\/es\/wp-json\/wp\/v2\/types\/product"}],"version-history":[{"count":2,"href":"https:\/\/williamweir.com\/es\/wp-json\/wp\/v2\/product\/14514\/revisions"}],"predecessor-version":[{"id":14518,"href":"https:\/\/williamweir.com\/es\/wp-json\/wp\/v2\/product\/14514\/revisions\/14518"}],"wp:featuredmedia":[{"embeddable":true,"href":"https:\/\/williamweir.com\/es\/wp-json\/wp\/v2\/media\/14515"}],"wp:attachment":[{"href":"https:\/\/williamweir.com\/es\/wp-json\/wp\/v2\/media?parent=14514"}],"wp:term":[{"taxonomy":"product_brand","embeddable":true,"href":"https:\/\/williamweir.com\/es\/wp-json\/wp\/v2\/product_brand?post=14514"},{"taxonomy":"product_cat","embeddable":true,"href":"https:\/\/williamweir.com\/es\/wp-json\/wp\/v2\/product_cat?post=14514"},{"taxonomy":"product_tag","embeddable":true,"href":"https:\/\/williamweir.com\/es\/wp-json\/wp\/v2\/product_tag?post=14514"}],"curies":[{"name":"wp","href":"https:\/\/api.w.org\/{rel}","templated":true}]}}