{"id":14444,"date":"2025-04-19T01:29:16","date_gmt":"2025-04-19T01:29:16","guid":{"rendered":"https:\/\/williamweir.com\/?post_type=product&#038;p=14444"},"modified":"2025-05-24T01:05:30","modified_gmt":"2025-05-24T01:05:30","slug":"floor-cleaner-4","status":"publish","type":"product","link":"https:\/\/williamweir.com\/es\/producto\/floor-cleaner-4\/","title":{"rendered":"Limpiador de suelos"},"content":{"rendered":"<h3><strong>Commodity code: 2554<\/strong><\/h3>\n<p><strong><b>Product Introduction:<\/b><\/strong><strong><b><br \/>\n<\/b><\/strong>Este producto es muy eficaz y se ha desarrollado especialmente para limpiar diversos tipos de suelos. Tanto si se trata de suelos de madera maciza, suelos compuestos, suelos laminados o materiales para suelos como baldosas, puede conseguir una limpieza en profundidad y devolver el suelo a un estado limpio y brillante.<\/p>\n<p><strong><b> Product Features:<\/b><\/strong><\/p>\n<ol>\n<li>Potente descontaminaci\u00f3n: Puede eliminar r\u00e1pidamente manchas, polvo, manchas de aceite, etc. en el suelo, con notable efecto de limpieza.<\/li>\n<li>Esterilizaci\u00f3n y desinfecci\u00f3n: Elimina eficazmente bacterias y virus en el suelo, proporcionando protecci\u00f3n sanitaria al entorno dom\u00e9stico.<\/li>\n<li>Protege el suelo: Contiene ingredientes protectores especiales, que pueden proteger la superficie del suelo mientras se limpia y evitar el desgaste y los ara\u00f1azos.<\/li>\n<li>Olor fresco: Emite una agradable fragancia fresca, haciendo que el espacio limpiado sea m\u00e1s confortable y agradable.<\/li>\n<li>C\u00f3modo y f\u00e1cil de usar: Su uso es sencillo y c\u00f3modo. S\u00f3lo tienes que seguir las instrucciones para operar.<\/li>\n<\/ol>\n<p><strong><b>Usage Method:<\/b><\/strong><\/p>\n<ol>\n<li>Seg\u00fan la superficie del suelo y el grado de las manchas, vierta una cantidad adecuada de limpiador de suelos en agua limpia para diluirlo.<\/li>\n<li>Sumerja una fregona o un utensilio de limpieza en la soluci\u00f3n limpiadora diluida y limpie el suelo.<\/li>\n<li>Para manchas dif\u00edciles, puede aumentar adecuadamente la cantidad de limpiador o el tiempo de permanencia, y luego pasar un pa\u00f1o fuerte.<\/li>\n<li>Tras la limpieza, aclare a fondo el suelo con agua limpia para asegurarse de que no queden restos del limpiador.<\/li>\n<\/ol>\n<p><strong><b> Precautions:<\/b><\/strong><\/p>\n<ol>\n<li>Col\u00f3calo en un lugar al que los ni\u00f1os no puedan acceder f\u00e1cilmente.<\/li>\n<li>Evite el contacto con los ojos y la piel. En caso de contacto accidental, lavar inmediatamente con abundante agua limpia.<\/li>\n<li>Los suelos de distintos materiales pueden tener requisitos de limpieza diferentes. Lea las instrucciones del producto o realice una prueba en un lugar poco visible antes de utilizarlo.<\/li>\n<li>Gu\u00e1rdelo en un lugar fresco y seco y evite la luz solar directa.<\/li>\n<\/ol>","protected":false},"excerpt":{"rendered":"<p>\u00a1Nuestra f\u00e1brica ofrece servicios de procesamiento OEM\/ODM, podemos adaptar productos para usted; Nuestro MOQ es bajo, generalmente la cantidad m\u00ednima es de 1000 botellas pueden ser producidas; Nuestros productos son baratos, excelente calidad del producto, en l\u00ednea con cualquier ley y reglamento nacional y las necesidades del cliente!<\/p>\n<h3><strong>\u00a0 \u00a0 \u00a0 Tambi\u00e9n ofrecemos los siguientes servicios<\/strong><\/h3>\n<h4><strong><img decoding=\"async\" class=\"emoji\" role=\"img\" draggable=\"false\" src=\"https:\/\/s.w.org\/images\/core\/emoji\/15.0.3\/svg\/2714.svg\" alt=\"\u2714\" \/>\u00a0 Fuente transfronteriza\u00a0 \u00a0 \u00a0 \u00a0 \u00a0\u00a0<img decoding=\"async\" class=\"emoji\" role=\"img\" draggable=\"false\" src=\"https:\/\/s.w.org\/images\/core\/emoji\/15.0.3\/svg\/2714.svg\" alt=\"\u2714\" \/>\u00a0 Apoyo a la personalizaci\u00f3n<\/strong><\/h4>\n<h4><strong><img decoding=\"async\" class=\"emoji\" role=\"img\" draggable=\"false\" src=\"https:\/\/s.w.org\/images\/core\/emoji\/15.0.3\/svg\/2714.svg\" alt=\"\u2714\" \/>\u00a0 Fuente f\u00e1brica\u00a0 \u00a0 \u00a0 \u00a0 \u00a0 \u00a0 \u00a0 \u00a0 \u00a0 \u00a0 \u00a0 \u00a0<img decoding=\"async\" class=\"emoji\" role=\"img\" draggable=\"false\" src=\"https:\/\/s.w.org\/images\/core\/emoji\/15.0.3\/svg\/2714.svg\" alt=\"\u2714\" \/>\u00a0 Desarrollo de productos<\/strong><\/h4>\n<h4><strong><img decoding=\"async\" class=\"emoji\" role=\"img\" draggable=\"false\" src=\"https:\/\/s.w.org\/images\/core\/emoji\/15.0.3\/svg\/2714.svg\" alt=\"\u2714\" \/>\u00a0 A la medida de la muestra\u00a0 \u00a0 \u00a0 \u00a0 \u00a0 \u00a0 \u00a0 \u00a0 \u00a0 \u00a0\u00a0<img decoding=\"async\" class=\"emoji\" role=\"img\" draggable=\"false\" src=\"https:\/\/s.w.org\/images\/core\/emoji\/15.0.3\/svg\/2714.svg\" alt=\"\u2714\" \/>\u00a0 Autorizaci\u00f3n de marca<br \/>\n<\/strong><\/h4>\n<h2><strong>\u00bfPreguntas o comentarios?<\/strong><\/h2>\n<h2><strong>wlwer@williamweir.com<\/strong><\/h2>","protected":false},"featured_media":14445,"template":"","meta":{"_uag_custom_page_level_css":"","site-sidebar-layout":"default","site-content-layout":"","ast-site-content-layout":"default","site-content-style":"default","site-sidebar-style":"default","ast-global-header-display":"","ast-banner-title-visibility":"","ast-main-header-display":"","ast-hfb-above-header-display":"","ast-hfb-below-header-display":"","ast-hfb-mobile-header-display":"","site-post-title":"","ast-breadcrumbs-content":"","ast-featured-img":"","footer-sml-layout":"","theme-transparent-header-meta":"default","adv-header-id-meta":"","stick-header-meta":"","header-above-stick-meta":"","header-main-stick-meta":"","header-below-stick-meta":"","astra-migrate-meta-layouts":"set","ast-page-background-enabled":"default","ast-page-background-meta":{"desktop":{"background-color":"","background-image":"","background-repeat":"repeat","background-position":"center center","background-size":"auto","background-attachment":"scroll","background-type":"","background-media":"","overlay-type":"","overlay-color":"","overlay-opacity":"","overlay-gradient":""},"tablet":{"background-color":"","background-image":"","background-repeat":"repeat","background-position":"center center","background-size":"auto","background-attachment":"scroll","background-type":"","background-media":"","overlay-type":"","overlay-color":"","overlay-opacity":"","overlay-gradient":""},"mobile":{"background-color":"","background-image":"","background-repeat":"repeat","background-position":"center center","background-size":"auto","background-attachment":"scroll","background-type":"","background-media":"","overlay-type":"","overlay-color":"","overlay-opacity":"","overlay-gradient":""}},"ast-content-background-meta":{"desktop":{"background-color":"var(--ast-global-color-5)","background-image":"","background-repeat":"repeat","background-position":"center center","background-size":"auto","background-attachment":"scroll","background-type":"","background-media":"","overlay-type":"","overlay-color":"","overlay-opacity":"","overlay-gradient":""},"tablet":{"background-color":"var(--ast-global-color-5)","background-image":"","background-repeat":"repeat","background-position":"center center","background-size":"auto","background-attachment":"scroll","background-type":"","background-media":"","overlay-type":"","overlay-color":"","overlay-opacity":"","overlay-gradient":""},"mobile":{"background-color":"var(--ast-global-color-5)","background-image":"","background-repeat":"repeat","background-position":"center center","background-size":"auto","background-attachment":"scroll","background-type":"","background-media":"","overlay-type":"","overlay-color":"","overlay-opacity":"","overlay-gradient":""}}},"product_brand":[],"product_cat":[83,74],"product_tag":[],"class_list":{"0":"post-14444","1":"product","2":"type-product","3":"status-publish","4":"has-post-thumbnail","6":"product_cat-all-products","7":"product_cat-household-cleaning-series","8":"desktop-align-center","9":"tablet-align-left","10":"mobile-align-left","11":"ast-product-gallery-layout-horizontal-slider","12":"ast-product-gallery-with-no-image","13":"ast-product-tabs-layout-horizontal","15":"first","16":"instock","17":"shipping-taxable","18":"product-type-simple"},"aioseo_notices":[],"uagb_featured_image_src":{"full":["https:\/\/williamweir.com\/wp-content\/uploads\/2025\/04\/\u5730\u677f\u6e05\u6d01\u52421.jpg",800,800,false],"thumbnail":["https:\/\/williamweir.com\/wp-content\/uploads\/2025\/04\/\u5730\u677f\u6e05\u6d01\u52421-300x300.jpg",300,300,true],"medium":["https:\/\/williamweir.com\/wp-content\/uploads\/2025\/04\/\u5730\u677f\u6e05\u6d01\u52421-600x600.jpg",600,600,true],"medium_large":["https:\/\/williamweir.com\/wp-content\/uploads\/2025\/04\/\u5730\u677f\u6e05\u6d01\u52421-768x768.jpg",768,768,true],"large":["https:\/\/williamweir.com\/wp-content\/uploads\/2025\/04\/\u5730\u677f\u6e05\u6d01\u52421.jpg",800,800,false],"1536x1536":["https:\/\/williamweir.com\/wp-content\/uploads\/2025\/04\/\u5730\u677f\u6e05\u6d01\u52421.jpg",800,800,false],"2048x2048":["https:\/\/williamweir.com\/wp-content\/uploads\/2025\/04\/\u5730\u677f\u6e05\u6d01\u52421.jpg",800,800,false],"trp-custom-language-flag":["https:\/\/williamweir.com\/wp-content\/uploads\/2025\/04\/\u5730\u677f\u6e05\u6d01\u52421-12x12.jpg",12,12,true],"woocommerce_thumbnail":["https:\/\/williamweir.com\/wp-content\/uploads\/2025\/04\/\u5730\u677f\u6e05\u6d01\u52421-600x600.jpg",600,600,true],"woocommerce_single":["https:\/\/williamweir.com\/wp-content\/uploads\/2025\/04\/\u5730\u677f\u6e05\u6d01\u52421-600x600.jpg",600,600,true],"woocommerce_gallery_thumbnail":["https:\/\/williamweir.com\/wp-content\/uploads\/2025\/04\/\u5730\u677f\u6e05\u6d01\u52421-100x100.jpg",100,100,true]},"uagb_author_info":{"display_name":"wlwer","author_link":"https:\/\/williamweir.com\/es\/author\/"},"uagb_comment_info":0,"uagb_excerpt":"Our factory provides OEM\/ODM processing services, we can tailor products for you; Our MOQ is low, generally the minimum quantity is 1000 bottles can be produced; Our products are inexpensive, excellent product quality, in line with any national laws and regulations and customer needs! \u00a0 \u00a0 \u00a0 We also offer the following services \u00a0 Cross-border&hellip;","_links":{"self":[{"href":"https:\/\/williamweir.com\/es\/wp-json\/wp\/v2\/product\/14444"}],"collection":[{"href":"https:\/\/williamweir.com\/es\/wp-json\/wp\/v2\/product"}],"about":[{"href":"https:\/\/williamweir.com\/es\/wp-json\/wp\/v2\/types\/product"}],"version-history":[{"count":1,"href":"https:\/\/williamweir.com\/es\/wp-json\/wp\/v2\/product\/14444\/revisions"}],"predecessor-version":[{"id":14446,"href":"https:\/\/williamweir.com\/es\/wp-json\/wp\/v2\/product\/14444\/revisions\/14446"}],"wp:featuredmedia":[{"embeddable":true,"href":"https:\/\/williamweir.com\/es\/wp-json\/wp\/v2\/media\/14445"}],"wp:attachment":[{"href":"https:\/\/williamweir.com\/es\/wp-json\/wp\/v2\/media?parent=14444"}],"wp:term":[{"taxonomy":"product_brand","embeddable":true,"href":"https:\/\/williamweir.com\/es\/wp-json\/wp\/v2\/product_brand?post=14444"},{"taxonomy":"product_cat","embeddable":true,"href":"https:\/\/williamweir.com\/es\/wp-json\/wp\/v2\/product_cat?post=14444"},{"taxonomy":"product_tag","embeddable":true,"href":"https:\/\/williamweir.com\/es\/wp-json\/wp\/v2\/product_tag?post=14444"}],"curies":[{"name":"wp","href":"https:\/\/api.w.org\/{rel}","templated":true}]}}