{"id":4780,"date":"2024-10-24T10:26:42","date_gmt":"2024-10-24T10:26:42","guid":{"rendered":"https:\/\/williamweir.com\/?page_id=4780"},"modified":"2024-11-03T01:38:05","modified_gmt":"2024-11-03T01:38:05","slug":"privacy-policy","status":"publish","type":"page","link":"https:\/\/williamweir.com\/es\/privacy-policy\/","title":{"rendered":"Pol\u00edtica de privacidad"},"content":{"rendered":"<p>Qui\u00e9nes somos<br>La direcci\u00f3n de nuestro sitio es: <strong>https:\/\/williamweir.com<\/strong><br>comentario<br>Texto recomendado: Cuando un visitante deja un comentario, recopilamos los datos que aparecen en el formulario de comentarios, junto con la direcci\u00f3n IP del visitante y la cadena de agente de usuario del navegador, para ayudar a comprobar si hay comentarios de spam.<br>La cadena anonimizada (tambi\u00e9n conocida como hash) generada a partir de su direcci\u00f3n de correo electr\u00f3nico puede proporcionarse al servicio Gravatar para confirmar si est\u00e1 utilizando el servicio. La pol\u00edtica de privacidad de los servicios Gravatar es la siguiente: https:\/\/automattic.com\/privacy\/ . Una vez aprobado su comentario, su imagen de perfil se mostrar\u00e1 p\u00fablicamente junto a su comentario.<br>medios de comunicaci\u00f3n<br>Texto recomendado: Si subes im\u00e1genes a este sitio web, deber\u00edas evitar subir im\u00e1genes con informaci\u00f3n de localizaci\u00f3n geogr\u00e1fica incrustada (EXIF GPS). Los visitantes de este sitio web podr\u00e1n descargar y extraer informaci\u00f3n de localizaci\u00f3n de las im\u00e1genes de este sitio web.<br>Cookies<br>Texto recomendado: Si deja un comentario en nuestro sitio, puede optar por utilizar cookies para guardar su nombre, direcci\u00f3n de correo electr\u00f3nico y direcci\u00f3n del sitio web. De este modo, evitar\u00e1 tener que volver a rellenar los campos correspondientes cuando deje un comentario. Estas cookies se conservar\u00e1n durante un a\u00f1o.<br>Si visita nuestra p\u00e1gina de inicio de sesi\u00f3n, instalaremos una cookie temporal para confirmar si su navegador acepta cookies. Esta cookie no contiene datos personales y se descartar\u00e1 cuando cierre su navegador.<br>Cuando inicia sesi\u00f3n, tambi\u00e9n instalamos varias cookies para guardar su informaci\u00f3n de inicio de sesi\u00f3n y las opciones de visualizaci\u00f3n en pantalla. Las cookies de inicio de sesi\u00f3n se conservar\u00e1n durante dos d\u00edas, mientras que las cookies de opciones de visualizaci\u00f3n en pantalla se conservar\u00e1n durante un a\u00f1o. Si elige \"Recordarme\", su estado de conexi\u00f3n se conservar\u00e1 durante dos semanas. Si cierra la sesi\u00f3n de su cuenta, se eliminar\u00e1n las cookies utilizadas para el inicio de sesi\u00f3n.<br>Si edita o publica un art\u00edculo, guardaremos una cookie adicional en su navegador. Esta cookie no contiene datos personales y s\u00f3lo registra el ID del art\u00edculo que acaba de editar. Esta cookie se conservar\u00e1 durante un d\u00eda.<\/p><p>Texto recomendado: Los art\u00edculos de este sitio pueden contener contenidos incrustados (como v\u00eddeos, im\u00e1genes, art\u00edculos, etc.). El comportamiento de incrustar contenido de otros sitios no difiere del de acceder directamente a estos otros sitios.<br>Estos sitios pueden recopilar datos sobre usted, utilizar cookies, incrustar programas de seguimiento adicionales de terceros y supervisar su interacci\u00f3n con estos contenidos incrustados, incluido el seguimiento de su interacci\u00f3n con los contenidos incrustados cuando tiene una cuenta en estos sitios e inicia sesi\u00f3n en ellos.<br>\u00bfCon qui\u00e9n compartimos su informaci\u00f3n?<br>Texto recomendado: Si solicitas un restablecimiento de contrase\u00f1a, tu direcci\u00f3n IP se incluir\u00e1 en el correo electr\u00f3nico de restablecimiento de contrase\u00f1a.<br>\u00bfCu\u00e1nto tiempo conservamos sus datos?<br>Texto recomendado: Si deja un comentario, el comentario y sus metadatos se guardar\u00e1n indefinidamente. Hacemos esto para poder identificar y aprobar autom\u00e1ticamente cualquier comentario posterior sin a\u00f1adirlo a la cola de pendientes.<br>Para los usuarios registrados de este sitio web, tambi\u00e9n almacenaremos la informaci\u00f3n personal proporcionada por el usuario en su perfil. Todos los usuarios pueden ver, editar o borrar su informaci\u00f3n personal en cualquier momento (excepto que no pueden cambiar su nombre de usuario), y los administradores del sitio tambi\u00e9n pueden ver y editar esa informaci\u00f3n.<br>\u00bfQu\u00e9 derechos tiene sobre sus datos?<br>Texto recomendado: Si tiene una cuenta en este sitio o ha dejado un comentario anteriormente, puede solicitarnos que le proporcionemos un archivo de exportaci\u00f3n de sus datos personales que poseemos, en el que tambi\u00e9n se incluyen todos los datos que nos ha proporcionado. Tambi\u00e9n puede solicitarnos que borremos todos sus datos personales. Esto no incluye los datos que debamos conservar por necesidades de gesti\u00f3n, reglamentarias o de seguridad.<br>\u00bfD\u00f3nde se enviar\u00e1n sus datos?<br>Texto recomendado: Los comentarios de los visitantes pueden ser controlados por servicios autom\u00e1ticos de monitorizaci\u00f3n de comentarios spam.<\/p><p><\/p>","protected":false},"excerpt":{"rendered":"<p>Qui\u00e9nes somosLa direcci\u00f3n de nuestro sitio es: https:\/\/williamweir.comcommentRecommended text: Cuando un visitante deja un comentario, recopilamos los datos que aparecen en el formulario de comentarios, junto con la direcci\u00f3n IP del visitante y la cadena de agente de usuario del navegador, para ayudar a comprobar si hay comentarios de spam.La cadena anonimizada (tambi\u00e9n conocida como hash) generada a partir de su direcci\u00f3n de correo electr\u00f3nico puede ser proporcionada a [...].<\/p>","protected":false},"author":1,"featured_media":0,"parent":0,"menu_order":0,"comment_status":"closed","ping_status":"closed","template":"","meta":{"_uag_custom_page_level_css":"","site-sidebar-layout":"default","site-content-layout":"","ast-site-content-layout":"default","site-content-style":"default","site-sidebar-style":"default","ast-global-header-display":"","ast-banner-title-visibility":"","ast-main-header-display":"","ast-hfb-above-header-display":"","ast-hfb-below-header-display":"","ast-hfb-mobile-header-display":"","site-post-title":"","ast-breadcrumbs-content":"","ast-featured-img":"","footer-sml-layout":"","theme-transparent-header-meta":"","adv-header-id-meta":"","stick-header-meta":"","header-above-stick-meta":"","header-main-stick-meta":"","header-below-stick-meta":"","astra-migrate-meta-layouts":"set","ast-page-background-enabled":"default","ast-page-background-meta":{"desktop":{"background-color":"","background-image":"","background-repeat":"repeat","background-position":"center center","background-size":"auto","background-attachment":"scroll","background-type":"","background-media":"","overlay-type":"","overlay-color":"","overlay-opacity":"","overlay-gradient":""},"tablet":{"background-color":"","background-image":"","background-repeat":"repeat","background-position":"center center","background-size":"auto","background-attachment":"scroll","background-type":"","background-media":"","overlay-type":"","overlay-color":"","overlay-opacity":"","overlay-gradient":""},"mobile":{"background-color":"","background-image":"","background-repeat":"repeat","background-position":"center center","background-size":"auto","background-attachment":"scroll","background-type":"","background-media":"","overlay-type":"","overlay-color":"","overlay-opacity":"","overlay-gradient":""}},"ast-content-background-meta":{"desktop":{"background-color":"var(--ast-global-color-5)","background-image":"","background-repeat":"repeat","background-position":"center center","background-size":"auto","background-attachment":"scroll","background-type":"","background-media":"","overlay-type":"","overlay-color":"","overlay-opacity":"","overlay-gradient":""},"tablet":{"background-color":"var(--ast-global-color-5)","background-image":"","background-repeat":"repeat","background-position":"center center","background-size":"auto","background-attachment":"scroll","background-type":"","background-media":"","overlay-type":"","overlay-color":"","overlay-opacity":"","overlay-gradient":""},"mobile":{"background-color":"var(--ast-global-color-5)","background-image":"","background-repeat":"repeat","background-position":"center center","background-size":"auto","background-attachment":"scroll","background-type":"","background-media":"","overlay-type":"","overlay-color":"","overlay-opacity":"","overlay-gradient":""}},"footnotes":""},"class_list":["post-4780","page","type-page","status-publish","hentry"],"aioseo_notices":[],"uagb_featured_image_src":{"full":false,"thumbnail":false,"medium":false,"medium_large":false,"large":false,"1536x1536":false,"2048x2048":false,"trp-custom-language-flag":false,"woocommerce_thumbnail":false,"woocommerce_single":false,"woocommerce_gallery_thumbnail":false},"uagb_author_info":{"display_name":"wlwer","author_link":"https:\/\/williamweir.com\/es\/author\/wlwerwilliamweir-com\/"},"uagb_comment_info":0,"uagb_excerpt":"Who are weOur site address is: https:\/\/williamweir.comcommentRecommended text: When a visitor leaves a comment, we collect the data displayed in the comment form, along with the visitor&#8217;s IP address and browser&#8217;s User Agent string, to help check for spam comments.The anonymized string (also known as hash) generated from your email address may be provided to&hellip;","_links":{"self":[{"href":"https:\/\/williamweir.com\/es\/wp-json\/wp\/v2\/pages\/4780"}],"collection":[{"href":"https:\/\/williamweir.com\/es\/wp-json\/wp\/v2\/pages"}],"about":[{"href":"https:\/\/williamweir.com\/es\/wp-json\/wp\/v2\/types\/page"}],"author":[{"embeddable":true,"href":"https:\/\/williamweir.com\/es\/wp-json\/wp\/v2\/users\/1"}],"replies":[{"embeddable":true,"href":"https:\/\/williamweir.com\/es\/wp-json\/wp\/v2\/comments?post=4780"}],"version-history":[{"count":2,"href":"https:\/\/williamweir.com\/es\/wp-json\/wp\/v2\/pages\/4780\/revisions"}],"predecessor-version":[{"id":5732,"href":"https:\/\/williamweir.com\/es\/wp-json\/wp\/v2\/pages\/4780\/revisions\/5732"}],"wp:attachment":[{"href":"https:\/\/williamweir.com\/es\/wp-json\/wp\/v2\/media?parent=4780"}],"curies":[{"name":"wp","href":"https:\/\/api.w.org\/{rel}","templated":true}]}}