{"id":43,"date":"2024-10-24T03:07:52","date_gmt":"2024-10-24T03:07:52","guid":{"rendered":"https:\/\/williamweir.com\/about\/"},"modified":"2024-10-29T01:51:36","modified_gmt":"2024-10-29T01:51:36","slug":"about","status":"publish","type":"page","link":"https:\/\/williamweir.com\/es\/about\/","title":{"rendered":"Acerca de"},"content":{"rendered":"<div data-elementor-type=\"wp-post\" data-elementor-id=\"43\" class=\"elementor elementor-43\" data-elementor-post-type=\"page\">\n\t\t\t\t<div class=\"elementor-element elementor-element-6d4ab35 e-con-full e-flex e-con e-parent\" data-id=\"6d4ab35\" data-element_type=\"container\">\n\t\t\t\t<div class=\"elementor-element elementor-element-9aca9d9 elementor-widget elementor-widget-image\" data-id=\"9aca9d9\" data-element_type=\"widget\" data-widget_type=\"image.default\">\n\t\t\t\t<div class=\"elementor-widget-container\">\n\t\t\t\t\t\t\t\t\t\t\t\t\t\t\t<img fetchpriority=\"high\" decoding=\"async\" width=\"1920\" height=\"500\" src=\"https:\/\/williamweir.com\/wp-content\/uploads\/2024\/10\/\u516c\u53f8\u56fe1-1.jpg\" class=\"attachment-full size-full wp-image-4899\" alt=\"\" srcset=\"https:\/\/williamweir.com\/wp-content\/uploads\/2024\/10\/\u516c\u53f8\u56fe1-1.jpg 1920w, https:\/\/williamweir.com\/wp-content\/uploads\/2024\/10\/\u516c\u53f8\u56fe1-1-600x156.jpg 600w, https:\/\/williamweir.com\/wp-content\/uploads\/2024\/10\/\u516c\u53f8\u56fe1-1-300x78.jpg 300w, https:\/\/williamweir.com\/wp-content\/uploads\/2024\/10\/\u516c\u53f8\u56fe1-1-1024x267.jpg 1024w, https:\/\/williamweir.com\/wp-content\/uploads\/2024\/10\/\u516c\u53f8\u56fe1-1-768x200.jpg 768w, https:\/\/williamweir.com\/wp-content\/uploads\/2024\/10\/\u516c\u53f8\u56fe1-1-1536x400.jpg 1536w, https:\/\/williamweir.com\/wp-content\/uploads\/2024\/10\/\u516c\u53f8\u56fe1-1-18x5.jpg 18w\" sizes=\"(max-width: 1920px) 100vw, 1920px\" \/>\t\t\t\t\t\t\t\t\t\t\t\t\t\t\t<\/div>\n\t\t\t\t<\/div>\n\t\t\t\t<\/div>\n\t\t<div class=\"elementor-element elementor-element-d6f8f8d e-con-full e-flex e-con e-parent\" data-id=\"d6f8f8d\" data-element_type=\"container\" data-settings=\"{&quot;background_background&quot;:&quot;classic&quot;}\">\n\t\t<div class=\"elementor-element elementor-element-2a11bca e-con-full e-flex e-con e-child\" data-id=\"2a11bca\" data-element_type=\"container\">\n\t\t<div class=\"elementor-element elementor-element-b4b1dc6 e-con-full e-flex e-con e-child\" data-id=\"b4b1dc6\" data-element_type=\"container\" data-settings=\"{&quot;background_background&quot;:&quot;classic&quot;}\">\n\t\t\t\t<div class=\"elementor-element elementor-element-c16320b elementor-widget-divider--view-line elementor-widget elementor-widget-divider\" data-id=\"c16320b\" data-element_type=\"widget\" data-widget_type=\"divider.default\">\n\t\t\t\t<div class=\"elementor-widget-container\">\n\t\t\t\t\t\t\t<div class=\"elementor-divider\">\n\t\t\t<span class=\"elementor-divider-separator\">\n\t\t\t\t\t\t<\/span>\n\t\t<\/div>\n\t\t\t\t\t\t<\/div>\n\t\t\t\t<\/div>\n\t\t\t\t<div class=\"elementor-element elementor-element-4ecfbe7 elementor-widget__width-initial elementor-widget elementor-widget-image-box\" data-id=\"4ecfbe7\" data-element_type=\"widget\" data-widget_type=\"image-box.default\">\n\t\t\t\t<div class=\"elementor-widget-container\">\n\t\t\t\t\t<div class=\"elementor-image-box-wrapper\"><div class=\"elementor-image-box-content\"><h2 class=\"elementor-image-box-title\">SOBRE NOSOTROS  <\/h2><p class=\"elementor-image-box-description\">Anhui Williamweir Ciencia y Tecnolog\u00eda CO.,LTD. (en adelante: William weir Company), registrada en 2017, capital registrado de 50 millones de yuanes de sociedad unipersonal de responsabilidad limitada. William weir Company es un fabricante profesional de productos qu\u00edmicos diarios, con un sistema de gesti\u00f3n de calidad completo y cient\u00edfico. Sus marcas incluyen \"William weir\", \"Zhiweimei\", \"Guanpopo\", etc. La marca cuenta con productos como la cera para suelos de uso dom\u00e9stico, <a class=\"wpil_keyword_link\" href=\"https:\/\/williamweir.com\/es\/producto\/stone-care-wax%ef%bc%8cmaintenance-wax\/\"   title=\"cera para el cuidado de la piedra\" data-wpil-keyword-link=\"linked\"  data-wpil-monitor-id=\"2\">cera para el cuidado de la piedra<\/a>Limpiador de baldosas de piedra, limpiador de manchas de aceite, limpiacristales, limpiador de suelos, cera de aceite esencial para el cuidado multiusos, etc. Limpieza y mantenimiento del hogar, limpieza del ba\u00f1o, cuidado personal y otras categor\u00edas.<br>\n       Entre ellos, la marca \"Zhiweimei\", fundada en 2010, ha sido m\u00e1s de 10 a\u00f1os, la marca durante m\u00e1s de 10 a\u00f1os se adhieren a la \"profesional, la integridad\" prop\u00f3sito de negocio y se esfuerzan por convertirse en una marca de alta calidad de los productos de cuidado de limpieza del hogar, en los \u00faltimos a\u00f1os para lograr el desarrollo de salto hacia adelante. En la actualidad, los productos de la marca \"Zhiweimei\" tienen una buena reputaci\u00f3n en la plataforma de comercio electr\u00f3nico y en el extranjero. \u00a1\"Zhiweimei\" a la \"marca abierta, la cooperaci\u00f3n, el concepto de ganar-ganar\" modelo de negocio, a \"centrarse en la limpieza del hogar, crear la experiencia del cliente\" como la misi\u00f3n de la marca, \u00fanica, la miner\u00eda sin descanso, la investigaci\u00f3n, hasta ahora la marca en la plataforma de comercio electr\u00f3nico y el extranjero logrado un buen desarrollo! \u00a1Muchos productos bajo la marca de \"Zhiweimei\" se venden bien en los pa\u00edses extranjeros, tales como (Zhiweimei crema de cuidado de cuero, cera de abejas Zhiweimei, Zhiweimei cera de mantenimiento de muebles de piso, etc.), a continuaci\u00f3n vamos a empujar m\u00e1s y mejores productos a los pa\u00edses extranjeros, y estamos seguros de que estos productos ser\u00e1n amados por los amigos extranjeros!<\/p><\/div><\/div>\t\t\t\t<\/div>\n\t\t\t\t<\/div>\n\t\t\t\t<\/div>\n\t\t<div class=\"elementor-element elementor-element-d8389aa e-con-full e-flex e-con e-child\" data-id=\"d8389aa\" data-element_type=\"container\" data-settings=\"{&quot;background_background&quot;:&quot;classic&quot;}\">\n\t\t\t\t<div class=\"elementor-element elementor-element-b2a172d elementor-widget elementor-widget-image\" data-id=\"b2a172d\" data-element_type=\"widget\" data-widget_type=\"image.default\">\n\t\t\t\t<div class=\"elementor-widget-container\">\n\t\t\t\t\t\t\t\t\t\t\t\t\t\t\t<img decoding=\"async\" width=\"423\" height=\"515\" src=\"https:\/\/williamweir.com\/wp-content\/uploads\/2024\/10\/gy-1.jpg\" class=\"attachment-full size-full wp-image-4900\" alt=\"\" srcset=\"https:\/\/williamweir.com\/wp-content\/uploads\/2024\/10\/gy-1.jpg 423w, https:\/\/williamweir.com\/wp-content\/uploads\/2024\/10\/gy-1-246x300.jpg 246w, https:\/\/williamweir.com\/wp-content\/uploads\/2024\/10\/gy-1-10x12.jpg 10w\" sizes=\"(max-width: 423px) 100vw, 423px\" \/>\t\t\t\t\t\t\t\t\t\t\t\t\t\t\t<\/div>\n\t\t\t\t<\/div>\n\t\t\t\t<\/div>\n\t\t\t\t<\/div>\n\t\t\t\t<\/div>\n\t\t<div class=\"elementor-element elementor-element-7e5327e e-flex e-con-boxed e-con e-parent\" data-id=\"7e5327e\" data-element_type=\"container\">\n\t\t\t\t\t<div class=\"e-con-inner\">\n\t\t<div class=\"elementor-element elementor-element-a5cd6c6 e-con-full e-flex e-con e-child\" data-id=\"a5cd6c6\" data-element_type=\"container\">\n\t\t\t\t<div class=\"elementor-element elementor-element-cb75962 elementor-position-top elementor-widget elementor-widget-image-box\" data-id=\"cb75962\" data-element_type=\"widget\" data-widget_type=\"image-box.default\">\n\t\t\t\t<div class=\"elementor-widget-container\">\n\t\t\t\t\t<div class=\"elementor-image-box-wrapper\"><figure class=\"elementor-image-box-img\"><img decoding=\"async\" width=\"120\" height=\"120\" src=\"https:\/\/williamweir.com\/wp-content\/uploads\/2018\/12\/globe-free-img.png\" class=\"attachment-full size-full wp-image-586\" alt=\"\" srcset=\"https:\/\/williamweir.com\/wp-content\/uploads\/2018\/12\/globe-free-img.png 120w, https:\/\/williamweir.com\/wp-content\/uploads\/2018\/12\/globe-free-img-100x100.png 100w\" sizes=\"(max-width: 120px) 100vw, 120px\" \/><\/figure><div class=\"elementor-image-box-content\"><h5 class=\"elementor-image-box-title\">Env\u00edos a todo el mundo<\/h5><p class=\"elementor-image-box-description\">Prestamos apoyo al transporte ferroviario y mar\u00edtimo y ofrecemos diversas soluciones para ahorrar costes<\/p><\/div><\/div>\t\t\t\t<\/div>\n\t\t\t\t<\/div>\n\t\t\t\t<\/div>\n\t\t<div class=\"elementor-element elementor-element-aedde58 e-con-full e-flex e-con e-child\" data-id=\"aedde58\" data-element_type=\"container\">\n\t\t\t\t<div class=\"elementor-element elementor-element-354e72a elementor-position-top elementor-widget elementor-widget-image-box\" data-id=\"354e72a\" data-element_type=\"widget\" data-widget_type=\"image-box.default\">\n\t\t\t\t<div class=\"elementor-widget-container\">\n\t\t\t\t\t<div class=\"elementor-image-box-wrapper\"><figure class=\"elementor-image-box-img\"><img loading=\"lazy\" decoding=\"async\" width=\"120\" height=\"120\" src=\"https:\/\/williamweir.com\/wp-content\/uploads\/2018\/12\/quality-free-img.png\" class=\"attachment-full size-full wp-image-588\" alt=\"\" srcset=\"https:\/\/williamweir.com\/wp-content\/uploads\/2018\/12\/quality-free-img.png 120w, https:\/\/williamweir.com\/wp-content\/uploads\/2018\/12\/quality-free-img-100x100.png 100w\" sizes=\"(max-width: 120px) 100vw, 120px\" \/><\/figure><div class=\"elementor-image-box-content\"><h5 class=\"elementor-image-box-title\">La mejor calidad<\/h5><p class=\"elementor-image-box-description\">Desde la preparaci\u00f3n de la materia prima, el desarrollo del producto, la producci\u00f3n, el enlatado, la inspecci\u00f3n de calidad y la entrega, cada proceso se ha sometido a un estricto control de calidad.<\/p><\/div><\/div>\t\t\t\t<\/div>\n\t\t\t\t<\/div>\n\t\t\t\t<\/div>\n\t\t<div class=\"elementor-element elementor-element-dbc9b68 e-con-full e-flex e-con e-child\" data-id=\"dbc9b68\" data-element_type=\"container\">\n\t\t\t\t<div class=\"elementor-element elementor-element-6bef0f0 elementor-position-top elementor-widget elementor-widget-image-box\" data-id=\"6bef0f0\" data-element_type=\"widget\" data-widget_type=\"image-box.default\">\n\t\t\t\t<div class=\"elementor-widget-container\">\n\t\t\t\t\t<div class=\"elementor-image-box-wrapper\"><figure class=\"elementor-image-box-img\"><img loading=\"lazy\" decoding=\"async\" width=\"120\" height=\"120\" src=\"https:\/\/williamweir.com\/wp-content\/uploads\/2018\/12\/tag-free-img.png\" class=\"attachment-full size-full wp-image-589\" alt=\"\" srcset=\"https:\/\/williamweir.com\/wp-content\/uploads\/2018\/12\/tag-free-img.png 120w, https:\/\/williamweir.com\/wp-content\/uploads\/2018\/12\/tag-free-img-100x100.png 100w\" sizes=\"(max-width: 120px) 100vw, 120px\" \/><\/figure><div class=\"elementor-image-box-content\"><h5 class=\"elementor-image-box-title\">Mejores ofertas<\/h5><p class=\"elementor-image-box-description\">Somos la fuente de la f\u00e1brica de detergente qu\u00edmico diario, m\u00e1s de 10 a\u00f1os de experiencia en la industria, con una l\u00ednea de producci\u00f3n profesional, el precio es favorable<\/p><\/div><\/div>\t\t\t\t<\/div>\n\t\t\t\t<\/div>\n\t\t\t\t<\/div>\n\t\t<div class=\"elementor-element elementor-element-e16ff0a e-con-full e-flex e-con e-child\" data-id=\"e16ff0a\" data-element_type=\"container\">\n\t\t\t\t<div class=\"elementor-element elementor-element-5fcddda elementor-position-top elementor-widget elementor-widget-image-box\" data-id=\"5fcddda\" data-element_type=\"widget\" data-widget_type=\"image-box.default\">\n\t\t\t\t<div class=\"elementor-widget-container\">\n\t\t\t\t\t<div class=\"elementor-image-box-wrapper\"><figure class=\"elementor-image-box-img\"><img loading=\"lazy\" decoding=\"async\" width=\"120\" height=\"120\" src=\"https:\/\/williamweir.com\/wp-content\/uploads\/2018\/12\/lock-free-img.png\" class=\"attachment-full size-full wp-image-587\" alt=\"\" srcset=\"https:\/\/williamweir.com\/wp-content\/uploads\/2018\/12\/lock-free-img.png 120w, https:\/\/williamweir.com\/wp-content\/uploads\/2018\/12\/lock-free-img-100x100.png 100w\" sizes=\"(max-width: 120px) 100vw, 120px\" \/><\/figure><div class=\"elementor-image-box-content\"><h5 class=\"elementor-image-box-title\">Pagos seguros<\/h5><p class=\"elementor-image-box-description\">Disponemos de una gama de m\u00e9todos de pago seguros que son como una armadura indestructible para sus transacciones, d\u00e1ndole tranquilidad en cada proceso de pago.<\/p><\/div><\/div>\t\t\t\t<\/div>\n\t\t\t\t<\/div>\n\t\t\t\t<\/div>\n\t\t\t\t\t<\/div>\n\t\t\t\t<\/div>\n\t\t\t\t<\/div>","protected":false},"excerpt":{"rendered":"<p>ACERCA DE NOSOTROS Anhui Williamweir Science &amp; Technology CO.,LTD. (en adelante: William weir Company), registrada en 2017, capital registrado de 50 millones de yuanes de sociedad unipersonal de responsabilidad limitada. William weir Company es un fabricante profesional de productos qu\u00edmicos diarios, con un sistema de gesti\u00f3n de calidad completo y cient\u00edfico. Sus marcas incluyen \"William weir\", \"Zhiweimei\", \"Guanpopo\", etc. [...]<\/p>","protected":false},"author":1,"featured_media":0,"parent":0,"menu_order":0,"comment_status":"closed","ping_status":"closed","template":"","meta":{"_uag_custom_page_level_css":"","site-sidebar-layout":"no-sidebar","site-content-layout":"page-builder","ast-site-content-layout":"full-width-container","site-content-style":"unboxed","site-sidebar-style":"unboxed","ast-global-header-display":"","ast-banner-title-visibility":"","ast-main-header-display":"","ast-hfb-above-header-display":"","ast-hfb-below-header-display":"","ast-hfb-mobile-header-display":"","site-post-title":"disabled","ast-breadcrumbs-content":"","ast-featured-img":"disabled","footer-sml-layout":"","theme-transparent-header-meta":"enabled","adv-header-id-meta":"","stick-header-meta":"","header-above-stick-meta":"","header-main-stick-meta":"","header-below-stick-meta":"","astra-migrate-meta-layouts":"set","ast-page-background-enabled":"default","ast-page-background-meta":{"desktop":{"background-color":"","background-image":"","background-repeat":"repeat","background-position":"center center","background-size":"auto","background-attachment":"scroll","background-type":"","background-media":"","overlay-type":"","overlay-color":"","overlay-opacity":"","overlay-gradient":""},"tablet":{"background-color":"","background-image":"","background-repeat":"repeat","background-position":"center center","background-size":"auto","background-attachment":"scroll","background-type":"","background-media":"","overlay-type":"","overlay-color":"","overlay-opacity":"","overlay-gradient":""},"mobile":{"background-color":"","background-image":"","background-repeat":"repeat","background-position":"center center","background-size":"auto","background-attachment":"scroll","background-type":"","background-media":"","overlay-type":"","overlay-color":"","overlay-opacity":"","overlay-gradient":""}},"ast-content-background-meta":{"desktop":{"background-color":"var(--ast-global-color-5)","background-image":"","background-repeat":"repeat","background-position":"center center","background-size":"auto","background-attachment":"scroll","background-type":"","background-media":"","overlay-type":"","overlay-color":"","overlay-opacity":"","overlay-gradient":""},"tablet":{"background-color":"var(--ast-global-color-5)","background-image":"","background-repeat":"repeat","background-position":"center center","background-size":"auto","background-attachment":"scroll","background-type":"","background-media":"","overlay-type":"","overlay-color":"","overlay-opacity":"","overlay-gradient":""},"mobile":{"background-color":"var(--ast-global-color-5)","background-image":"","background-repeat":"repeat","background-position":"center center","background-size":"auto","background-attachment":"scroll","background-type":"","background-media":"","overlay-type":"","overlay-color":"","overlay-opacity":"","overlay-gradient":""}},"footnotes":""},"class_list":["post-43","page","type-page","status-publish","hentry"],"aioseo_notices":[],"uagb_featured_image_src":{"full":false,"thumbnail":false,"medium":false,"medium_large":false,"large":false,"1536x1536":false,"2048x2048":false,"trp-custom-language-flag":false,"woocommerce_thumbnail":false,"woocommerce_single":false,"woocommerce_gallery_thumbnail":false},"uagb_author_info":{"display_name":"wlwer","author_link":"https:\/\/williamweir.com\/es\/author\/wlwerwilliamweir-com\/"},"uagb_comment_info":0,"uagb_excerpt":"ABOUT US Anhui Williamweir Science &amp; Technology CO.,LTD. (referred to as: William weir Company), registered in 2017, registered capital of 50 million yuan of sole proprietorlimited liability company. William weir Company is a professional manufacturer of daily chemical products, with a complete and scientific quality management system. Its brands include &#8220;William weir&#8221;, &#8220;Zhiweimei&#8221;, &#8220;Guanpopo&#8221;, etc.&hellip;","_links":{"self":[{"href":"https:\/\/williamweir.com\/es\/wp-json\/wp\/v2\/pages\/43"}],"collection":[{"href":"https:\/\/williamweir.com\/es\/wp-json\/wp\/v2\/pages"}],"about":[{"href":"https:\/\/williamweir.com\/es\/wp-json\/wp\/v2\/types\/page"}],"author":[{"embeddable":true,"href":"https:\/\/williamweir.com\/es\/wp-json\/wp\/v2\/users\/1"}],"replies":[{"embeddable":true,"href":"https:\/\/williamweir.com\/es\/wp-json\/wp\/v2\/comments?post=43"}],"version-history":[{"count":34,"href":"https:\/\/williamweir.com\/es\/wp-json\/wp\/v2\/pages\/43\/revisions"}],"predecessor-version":[{"id":5916,"href":"https:\/\/williamweir.com\/es\/wp-json\/wp\/v2\/pages\/43\/revisions\/5916"}],"wp:attachment":[{"href":"https:\/\/williamweir.com\/es\/wp-json\/wp\/v2\/media?parent=43"}],"curies":[{"name":"wp","href":"https:\/\/api.w.org\/{rel}","templated":true}]}}