{"id":5638,"date":"2024-10-31T08:51:14","date_gmt":"2024-10-31T08:51:14","guid":{"rendered":"https:\/\/williamweir.com\/?post_type=product&#038;p=5638"},"modified":"2025-05-24T01:12:31","modified_gmt":"2025-05-24T01:12:31","slug":"stone-care-wax%ef%bc%8cmaintenance-wax","status":"publish","type":"product","link":"https:\/\/williamweir.com\/de\/produkt\/stone-care-wax%ef%bc%8cmaintenance-wax\/","title":{"rendered":"Steinpflegewachs"},"content":{"rendered":"<p><strong>Produkt-Code\uff1a0482<\/strong><\/p>\n<p><strong>I. Einf\u00fchrung in das Produkt<\/strong><\/p>\n<p>Dieses Produkt ist ein Pflegewachs, das speziell f\u00fcr verschiedene Arten von Stein entwickelt wurde. Es bietet ausgezeichneten Schutz und \u00e4sthetische Effekte f\u00fcr Steinprodukte und macht die Steinoberfl\u00e4che dauerhaft hell und neu.<\/p>\n<p><strong>II. Produktmerkmale<\/strong><\/p>\n<p>Leistungsstarker Schutz: Bildet einen soliden Schutzfilm auf der Steinoberfl\u00e4che, der dem t\u00e4glichen Verschlei\u00df, Kratzern, Flecken und der Erosion durch chemische Substanzen wirksam widersteht.<br \/>\nWasserdicht und feuchtigkeitsbest\u00e4ndig: Verhindert das Eindringen von Feuchtigkeit und sch\u00fctzt den Stein vor Verf\u00e4rbung und Schimmelbildung durch Feuchtigkeit.<br \/>\nGlanz hinzuf\u00fcgen: Verleiht dem Stein einen nat\u00fcrlichen Glanz und verst\u00e4rkt die \u00e4sthetische und dekorative Wirkung des Steins.<br \/>\nLanglebig: Eine Anwendung kann eine gute Schutzwirkung f\u00fcr eine lange Zeit aufrechterhalten.<\/p>\n<p><strong>III. Gebrauchsanweisung<\/strong><\/p>\n<p>Reinigen Sie die Steinfliesen gr\u00fcndlich. Verwenden Sie einen Schwamm, um eine angemessene Dosis zu nehmen und wischen Sie damit \u00fcber die Steinoberfl\u00e4che.<br \/>\nVerwenden Sie einen speziellen Mopp oder Lappen, um das Produkt gleichm\u00e4\u00dfig auf den Stein aufzutragen.<br \/>\nNachdem das Wachs getrocknet ist (in der Regel 15-20 Minuten), polieren Sie es mit einem sauberen Mopp oder einer Poliermaschine.<\/p>\n<p><strong>IV. Vorsichtsma\u00dfnahmen<\/strong><\/p>\n<p>Es ist nicht geeignet f\u00fcr die Arbeit in starkem Sonnenlicht oder bei hohen Temperaturen und an staubigen Orten.<br \/>\nWischen Sie die trockene Wachsschicht rechtzeitig ab.<br \/>\nDieses Produkt enth\u00e4lt keine giftigen Industrierohstoffe und L\u00f6sungsmittel. Es ist nat\u00fcrlich und umweltfreundlich. Bitte lagern Sie es an einem k\u00fchlen, trockenen und bel\u00fcfteten Ort.<br \/>\nEs wird empfohlen, den Grundsatz zu befolgen, mehrmals eine kleine Menge zu verwenden. Nicht betreten, bevor der Boden vollst\u00e4ndig trocken ist, um Fu\u00dfspuren und Ausrutschen zu vermeiden.<\/p>","protected":false},"excerpt":{"rendered":"<p>Unsere Fabrik bietet OEM\/ODM-Verarbeitungsdienstleistungen, wir k\u00f6nnen Produkte f\u00fcr Sie ma\u00dfschneidern; Unser MOQ ist niedrig, im Allgemeinen kann die Mindestmenge 1000 Flaschen produziert werden; Unsere Produkte sind preiswert, ausgezeichnete Produktqualit\u00e4t, im Einklang mit allen nationalen Gesetzen und Vorschriften und Kundenbed\u00fcrfnissen!<\/p>\n<h3><strong>\u00a0 \u00a0 \u00a0 Wir bieten au\u00dferdem folgende Dienstleistungen an<\/strong><\/h3>\n<h4><strong>\u2714 Grenz\u00fcberschreitende Quelle \u2714 Unterst\u00fctzung von Anpassungen<\/strong><\/h4>\n<h4><strong>\u2714 Ausgangsfabrik \u2714 Produktentwicklung<\/strong><\/h4>\n<h4><strong>\u2714 Ma\u00dfgeschneiderte Muster \u2714 Markenzulassung<br \/>\n<\/strong><\/h4>\n<h2 style=\"text-align: left;\"><strong>Fragen oder Kommentare? <\/strong><\/h2>\n<h2 style=\"text-align: left;\"><strong>wlwer@williamweir.com<\/strong><\/h2>\n<h4><strong>\u00a0<\/strong><\/h4>","protected":false},"featured_media":5639,"template":"","meta":{"_uag_custom_page_level_css":"","site-sidebar-layout":"default","site-content-layout":"","ast-site-content-layout":"default","site-content-style":"default","site-sidebar-style":"default","ast-global-header-display":"","ast-banner-title-visibility":"","ast-main-header-display":"","ast-hfb-above-header-display":"","ast-hfb-below-header-display":"","ast-hfb-mobile-header-display":"","site-post-title":"","ast-breadcrumbs-content":"","ast-featured-img":"","footer-sml-layout":"","theme-transparent-header-meta":"default","adv-header-id-meta":"","stick-header-meta":"","header-above-stick-meta":"","header-main-stick-meta":"","header-below-stick-meta":"","astra-migrate-meta-layouts":"set","ast-page-background-enabled":"default","ast-page-background-meta":{"desktop":{"background-color":"","background-image":"","background-repeat":"repeat","background-position":"center center","background-size":"auto","background-attachment":"scroll","background-type":"","background-media":"","overlay-type":"","overlay-color":"","overlay-opacity":"","overlay-gradient":""},"tablet":{"background-color":"","background-image":"","background-repeat":"repeat","background-position":"center center","background-size":"auto","background-attachment":"scroll","background-type":"","background-media":"","overlay-type":"","overlay-color":"","overlay-opacity":"","overlay-gradient":""},"mobile":{"background-color":"","background-image":"","background-repeat":"repeat","background-position":"center center","background-size":"auto","background-attachment":"scroll","background-type":"","background-media":"","overlay-type":"","overlay-color":"","overlay-opacity":"","overlay-gradient":""}},"ast-content-background-meta":{"desktop":{"background-color":"var(--ast-global-color-5)","background-image":"","background-repeat":"repeat","background-position":"center center","background-size":"auto","background-attachment":"scroll","background-type":"","background-media":"","overlay-type":"","overlay-color":"","overlay-opacity":"","overlay-gradient":""},"tablet":{"background-color":"var(--ast-global-color-5)","background-image":"","background-repeat":"repeat","background-position":"center center","background-size":"auto","background-attachment":"scroll","background-type":"","background-media":"","overlay-type":"","overlay-color":"","overlay-opacity":"","overlay-gradient":""},"mobile":{"background-color":"var(--ast-global-color-5)","background-image":"","background-repeat":"repeat","background-position":"center center","background-size":"auto","background-attachment":"scroll","background-type":"","background-media":"","overlay-type":"","overlay-color":"","overlay-opacity":"","overlay-gradient":""}}},"product_brand":[],"product_cat":[72],"product_tag":[177,178],"class_list":{"0":"post-5638","1":"product","2":"type-product","3":"status-publish","4":"has-post-thumbnail","6":"product_cat-stone-maintenance-and-polishing","7":"product_tag-stone-care-wax","8":"product_tag-stone-polishing-wax","9":"desktop-align-center","10":"tablet-align-left","11":"mobile-align-left","12":"ast-product-gallery-layout-horizontal-slider","13":"ast-product-gallery-with-no-image","14":"ast-product-tabs-layout-horizontal","16":"first","17":"instock","18":"featured","19":"shipping-taxable","20":"product-type-simple"},"aioseo_notices":[],"uagb_featured_image_src":{"full":["https:\/\/williamweir.com\/wp-content\/uploads\/2024\/10\/9879372.jpg",800,800,false],"thumbnail":["https:\/\/williamweir.com\/wp-content\/uploads\/2024\/10\/9879372-300x300.jpg",300,300,true],"medium":["https:\/\/williamweir.com\/wp-content\/uploads\/2024\/10\/9879372-600x600.jpg",600,600,true],"medium_large":["https:\/\/williamweir.com\/wp-content\/uploads\/2024\/10\/9879372-768x768.jpg",768,768,true],"large":["https:\/\/williamweir.com\/wp-content\/uploads\/2024\/10\/9879372.jpg",800,800,false],"1536x1536":["https:\/\/williamweir.com\/wp-content\/uploads\/2024\/10\/9879372.jpg",800,800,false],"2048x2048":["https:\/\/williamweir.com\/wp-content\/uploads\/2024\/10\/9879372.jpg",800,800,false],"trp-custom-language-flag":["https:\/\/williamweir.com\/wp-content\/uploads\/2024\/10\/9879372-12x12.jpg",12,12,true],"woocommerce_thumbnail":["https:\/\/williamweir.com\/wp-content\/uploads\/2024\/10\/9879372-600x600.jpg",600,600,true],"woocommerce_single":["https:\/\/williamweir.com\/wp-content\/uploads\/2024\/10\/9879372-600x600.jpg",600,600,true],"woocommerce_gallery_thumbnail":["https:\/\/williamweir.com\/wp-content\/uploads\/2024\/10\/9879372-100x100.jpg",100,100,true]},"uagb_author_info":{"display_name":"wlwer","author_link":"https:\/\/williamweir.com\/de\/author\/"},"uagb_comment_info":0,"uagb_excerpt":"Our factory provides OEM\/ODM processing services, we can tailor products for you; Our MOQ is low, generally the minimum quantity is 1000 bottles can be produced; Our products are inexpensive, excellent product quality, in line with any national laws and regulations and customer needs! \u00a0 \u00a0 \u00a0 We also offer the following services \u2714\u00a0 Cross-border&hellip;","_links":{"self":[{"href":"https:\/\/williamweir.com\/de\/wp-json\/wp\/v2\/product\/5638"}],"collection":[{"href":"https:\/\/williamweir.com\/de\/wp-json\/wp\/v2\/product"}],"about":[{"href":"https:\/\/williamweir.com\/de\/wp-json\/wp\/v2\/types\/product"}],"version-history":[{"count":6,"href":"https:\/\/williamweir.com\/de\/wp-json\/wp\/v2\/product\/5638\/revisions"}],"predecessor-version":[{"id":8184,"href":"https:\/\/williamweir.com\/de\/wp-json\/wp\/v2\/product\/5638\/revisions\/8184"}],"wp:featuredmedia":[{"embeddable":true,"href":"https:\/\/williamweir.com\/de\/wp-json\/wp\/v2\/media\/5639"}],"wp:attachment":[{"href":"https:\/\/williamweir.com\/de\/wp-json\/wp\/v2\/media?parent=5638"}],"wp:term":[{"taxonomy":"product_brand","embeddable":true,"href":"https:\/\/williamweir.com\/de\/wp-json\/wp\/v2\/product_brand?post=5638"},{"taxonomy":"product_cat","embeddable":true,"href":"https:\/\/williamweir.com\/de\/wp-json\/wp\/v2\/product_cat?post=5638"},{"taxonomy":"product_tag","embeddable":true,"href":"https:\/\/williamweir.com\/de\/wp-json\/wp\/v2\/product_tag?post=5638"}],"curies":[{"name":"wp","href":"https:\/\/api.w.org\/{rel}","templated":true}]}}