{"id":5627,"date":"2024-10-31T08:39:50","date_gmt":"2024-10-31T08:39:50","guid":{"rendered":"https:\/\/williamweir.com\/?post_type=product&#038;p=5627"},"modified":"2025-05-24T01:12:48","modified_gmt":"2025-05-24T01:12:48","slug":"bleach-colour-cleaner","status":"publish","type":"product","link":"https:\/\/williamweir.com\/de\/produkt\/bleach-colour-cleaner\/","title":{"rendered":"Bleichfarbenreiniger"},"content":{"rendered":"<p><strong>Produkt-Code\uff1a0543<\/strong><\/p>\n<p><strong>I. Einf\u00fchrung in das Produkt<\/strong><\/p>\n<p>Dieses Produkt ist ein Bleichmittel, das speziell f\u00fcr farbige Kleidung entwickelt wurde. Es kann effektiv entfernen Flecken und gelbe Flecken auf der Kleidung, w\u00e4hrend die Farbe der Kleidung hell und nicht verblassen zu halten.<\/p>\n<p><strong>II. Produktmerkmale<\/strong><\/p>\n<p>Leistungsstarke Dekontamination: Es kann verschiedene Flecken, einschlie\u00dflich Teeflecken, Kaffeeflecken, Saftflecken usw., schnell zersetzen und die Sauberkeit der Kleidung wiederherstellen.<br \/>\nFarbschutz und Aufhellung: Beim Entfernen von Flecken wird die Farbe der Kleidung nicht besch\u00e4digt. Stattdessen kann es die Farbe lebendiger machen.<br \/>\nSicher und umweltfreundlich: Es enth\u00e4lt keine sch\u00e4dlichen Chemikalien und ist f\u00fcr Mensch und Umwelt unbedenklich. Es ist sicher in der Anwendung.<br \/>\nWeithin anwendbar: Es eignet sich f\u00fcr verschiedenfarbige Kleidung, einschlie\u00dflich Baumwolle, Leinen, Seide, Wolle, etc.<\/p>\n<p><strong>III. Gebrauchsanweisung<\/strong><\/p>\n<p>Verd\u00fcnnen Sie das Produkt mit Wasser im Verh\u00e4ltnis 1:100. Gie\u00dfen Sie hei\u00dfes Wasser \u00fcber 80 Grad Celsius, um das Produkt vollst\u00e4ndig aufzul\u00f6sen. Mischen Sie es mit einer entsprechenden Menge Waschpulver oder Waschmittel und r\u00fchren Sie es gleichm\u00e4\u00dfig um (wenn es nicht gleichm\u00e4\u00dfig gemischt wird, kann es leicht zu Farbflecken kommen). F\u00fcgen Sie dann die Kleidung zum Einweichen und Reinigen hinzu. Es wird empfohlen, 2-3 Kronkorken f\u00fcr 2-3 leichte Sommerkleider und 3-5 Kronkorken f\u00fcr schwere Winterkleidung zu verwenden. Nach dem Umr\u00fchren und Aufl\u00f6sen kann die Kleidung, die keine Angst vor Hitze hat, direkt eingeweicht werden. Kleidungsst\u00fccke, die sich vor Hitze f\u00fcrchten, k\u00f6nnen eingeweicht werden, wenn die Wassertemperatur unter 40 Grad Celsius f\u00e4llt. Die Einweichzeit betr\u00e4gt 2-6 Stunden (dunkle Kleidung sollte getrennt von heller Kleidung verwendet werden). Bei Kleidungsst\u00fccken mit Waschnorm m\u00fcssen Sie nur die Waschnorm beachten. Bei hartn\u00e4ckigen Flecken kann die Einweichzeit entsprechend verl\u00e4ngert werden.<\/p>\n<p><strong>IV. Vorsichtsma\u00dfnahmen<\/strong><\/p>\n<p>Bitte lesen Sie die Gebrauchsanweisung vor dem Gebrauch sorgf\u00e4ltig durch und bedienen Sie das Ger\u00e4t entsprechend den Anweisungen.<br \/>\nBer\u00fchrung mit den Augen und der Haut vermeiden. Bei versehentlichem Kontakt sofort mit klarem Wasser absp\u00fclen.<br \/>\nBitte an einem k\u00fchlen und trockenen Ort lagern und vor direkter Sonneneinstrahlung sch\u00fctzen.<br \/>\nNicht mit anderen Reinigungsmitteln mischen, um nachteilige chemische Reaktionen zu vermeiden.<br \/>\nBei Kleidungsst\u00fccken, die leicht ausbleichen, testen Sie bitte zuerst an einer unauff\u00e4lligen Stelle, um sicherzugehen, dass kein Ausbleichen auftritt, bevor Sie sie verwenden.<\/p>","protected":false},"excerpt":{"rendered":"<p>Unsere Fabrik bietet OEM\/ODM-Verarbeitungsdienstleistungen, wir k\u00f6nnen Produkte f\u00fcr Sie ma\u00dfschneidern; Unser MOQ ist niedrig, im Allgemeinen kann die Mindestmenge 1000 Flaschen produziert werden; Unsere Produkte sind preiswert, ausgezeichnete Produktqualit\u00e4t, im Einklang mit allen nationalen Gesetzen und Vorschriften und Kundenbed\u00fcrfnissen!<\/p>\n<h3><strong>\u00a0 \u00a0 \u00a0 Wir bieten au\u00dferdem folgende Dienstleistungen an<\/strong><\/h3>\n<h4><strong><img decoding=\"async\" class=\"emoji\" role=\"img\" draggable=\"false\" src=\"https:\/\/s.w.org\/images\/core\/emoji\/15.0.3\/svg\/2714.svg\" alt=\"\u2714\" \/>\u00a0 Grenz\u00fcberschreitende Quelle\u00a0 \u00a0 \u00a0 \u00a0 \u00a0\u00a0<img decoding=\"async\" class=\"emoji\" role=\"img\" draggable=\"false\" src=\"https:\/\/s.w.org\/images\/core\/emoji\/15.0.3\/svg\/2714.svg\" alt=\"\u2714\" \/>\u00a0 Unterst\u00fctzung der Anpassung<\/strong><\/h4>\n<h4><strong><img decoding=\"async\" class=\"emoji\" role=\"img\" draggable=\"false\" src=\"https:\/\/s.w.org\/images\/core\/emoji\/15.0.3\/svg\/2714.svg\" alt=\"\u2714\" \/>\u00a0 Quelle: Fabrik\u00a0 \u00a0 \u00a0 \u00a0 \u00a0 \u00a0 \u00a0 \u00a0 \u00a0 \u00a0 \u00a0 \u00a0<img decoding=\"async\" class=\"emoji\" role=\"img\" draggable=\"false\" src=\"https:\/\/s.w.org\/images\/core\/emoji\/15.0.3\/svg\/2714.svg\" alt=\"\u2714\" \/>\u00a0 Produktentwicklung<\/strong><\/h4>\n<h4><strong><img decoding=\"async\" class=\"emoji\" role=\"img\" draggable=\"false\" src=\"https:\/\/s.w.org\/images\/core\/emoji\/15.0.3\/svg\/2714.svg\" alt=\"\u2714\" \/>\u00a0 Ma\u00dfgeschneidert nach Muster\u00a0 \u00a0 \u00a0 \u00a0 \u00a0 \u00a0 \u00a0 \u00a0 \u00a0 \u00a0\u00a0<img decoding=\"async\" class=\"emoji\" role=\"img\" draggable=\"false\" src=\"https:\/\/s.w.org\/images\/core\/emoji\/15.0.3\/svg\/2714.svg\" alt=\"\u2714\" \/>\u00a0 Markenberechtigung<\/strong><\/h4>\n<p>&nbsp;<\/p>\n<h2 style=\"text-align: left;\"><strong>Fragen oder Kommentare? <\/strong><\/h2>\n<h2 style=\"text-align: left;\"><strong>wlwer@williamweir.com<\/strong><\/h2>\n<h4><strong>\u00a0<\/strong><\/h4>","protected":false},"featured_media":5628,"template":"","meta":{"_uag_custom_page_level_css":"","site-sidebar-layout":"default","site-content-layout":"","ast-site-content-layout":"default","site-content-style":"default","site-sidebar-style":"default","ast-global-header-display":"","ast-banner-title-visibility":"","ast-main-header-display":"","ast-hfb-above-header-display":"","ast-hfb-below-header-display":"","ast-hfb-mobile-header-display":"","site-post-title":"","ast-breadcrumbs-content":"","ast-featured-img":"","footer-sml-layout":"","theme-transparent-header-meta":"default","adv-header-id-meta":"","stick-header-meta":"","header-above-stick-meta":"","header-main-stick-meta":"","header-below-stick-meta":"","astra-migrate-meta-layouts":"set","ast-page-background-enabled":"default","ast-page-background-meta":{"desktop":{"background-color":"","background-image":"","background-repeat":"repeat","background-position":"center center","background-size":"auto","background-attachment":"scroll","background-type":"","background-media":"","overlay-type":"","overlay-color":"","overlay-opacity":"","overlay-gradient":""},"tablet":{"background-color":"","background-image":"","background-repeat":"repeat","background-position":"center center","background-size":"auto","background-attachment":"scroll","background-type":"","background-media":"","overlay-type":"","overlay-color":"","overlay-opacity":"","overlay-gradient":""},"mobile":{"background-color":"","background-image":"","background-repeat":"repeat","background-position":"center center","background-size":"auto","background-attachment":"scroll","background-type":"","background-media":"","overlay-type":"","overlay-color":"","overlay-opacity":"","overlay-gradient":""}},"ast-content-background-meta":{"desktop":{"background-color":"var(--ast-global-color-5)","background-image":"","background-repeat":"repeat","background-position":"center center","background-size":"auto","background-attachment":"scroll","background-type":"","background-media":"","overlay-type":"","overlay-color":"","overlay-opacity":"","overlay-gradient":""},"tablet":{"background-color":"var(--ast-global-color-5)","background-image":"","background-repeat":"repeat","background-position":"center center","background-size":"auto","background-attachment":"scroll","background-type":"","background-media":"","overlay-type":"","overlay-color":"","overlay-opacity":"","overlay-gradient":""},"mobile":{"background-color":"var(--ast-global-color-5)","background-image":"","background-repeat":"repeat","background-position":"center center","background-size":"auto","background-attachment":"scroll","background-type":"","background-media":"","overlay-type":"","overlay-color":"","overlay-opacity":"","overlay-gradient":""}}},"product_brand":[],"product_cat":[76],"product_tag":[184,183],"class_list":{"0":"post-5627","1":"product","2":"type-product","3":"status-publish","4":"has-post-thumbnail","6":"product_cat-laundry-care","7":"product_tag-color-bleaching-agent","8":"product_tag-explosive-salt","9":"desktop-align-center","10":"tablet-align-left","11":"mobile-align-left","12":"ast-product-gallery-layout-horizontal-slider","13":"ast-product-tabs-layout-horizontal","15":"first","16":"instock","17":"shipping-taxable","18":"product-type-simple"},"aioseo_notices":[],"uagb_featured_image_src":{"full":["https:\/\/williamweir.com\/wp-content\/uploads\/2024\/10\/9832607.jpg",800,800,false],"thumbnail":["https:\/\/williamweir.com\/wp-content\/uploads\/2024\/10\/9832607-300x300.jpg",300,300,true],"medium":["https:\/\/williamweir.com\/wp-content\/uploads\/2024\/10\/9832607-600x600.jpg",600,600,true],"medium_large":["https:\/\/williamweir.com\/wp-content\/uploads\/2024\/10\/9832607-768x768.jpg",768,768,true],"large":["https:\/\/williamweir.com\/wp-content\/uploads\/2024\/10\/9832607.jpg",800,800,false],"1536x1536":["https:\/\/williamweir.com\/wp-content\/uploads\/2024\/10\/9832607.jpg",800,800,false],"2048x2048":["https:\/\/williamweir.com\/wp-content\/uploads\/2024\/10\/9832607.jpg",800,800,false],"trp-custom-language-flag":["https:\/\/williamweir.com\/wp-content\/uploads\/2024\/10\/9832607-12x12.jpg",12,12,true],"woocommerce_thumbnail":["https:\/\/williamweir.com\/wp-content\/uploads\/2024\/10\/9832607-600x600.jpg",600,600,true],"woocommerce_single":["https:\/\/williamweir.com\/wp-content\/uploads\/2024\/10\/9832607-600x600.jpg",600,600,true],"woocommerce_gallery_thumbnail":["https:\/\/williamweir.com\/wp-content\/uploads\/2024\/10\/9832607-100x100.jpg",100,100,true]},"uagb_author_info":{"display_name":"wlwer","author_link":"https:\/\/williamweir.com\/de\/author\/"},"uagb_comment_info":0,"uagb_excerpt":"Our factory provides OEM\/ODM processing services, we can tailor products for you; Our MOQ is low, generally the minimum quantity is 1000 bottles can be produced; Our products are inexpensive, excellent product quality, in line with any national laws and regulations and customer needs! \u00a0 \u00a0 \u00a0 We also offer the following services \u00a0 Cross-border&hellip;","_links":{"self":[{"href":"https:\/\/williamweir.com\/de\/wp-json\/wp\/v2\/product\/5627"}],"collection":[{"href":"https:\/\/williamweir.com\/de\/wp-json\/wp\/v2\/product"}],"about":[{"href":"https:\/\/williamweir.com\/de\/wp-json\/wp\/v2\/types\/product"}],"version-history":[{"count":5,"href":"https:\/\/williamweir.com\/de\/wp-json\/wp\/v2\/product\/5627\/revisions"}],"predecessor-version":[{"id":8187,"href":"https:\/\/williamweir.com\/de\/wp-json\/wp\/v2\/product\/5627\/revisions\/8187"}],"wp:featuredmedia":[{"embeddable":true,"href":"https:\/\/williamweir.com\/de\/wp-json\/wp\/v2\/media\/5628"}],"wp:attachment":[{"href":"https:\/\/williamweir.com\/de\/wp-json\/wp\/v2\/media?parent=5627"}],"wp:term":[{"taxonomy":"product_brand","embeddable":true,"href":"https:\/\/williamweir.com\/de\/wp-json\/wp\/v2\/product_brand?post=5627"},{"taxonomy":"product_cat","embeddable":true,"href":"https:\/\/williamweir.com\/de\/wp-json\/wp\/v2\/product_cat?post=5627"},{"taxonomy":"product_tag","embeddable":true,"href":"https:\/\/williamweir.com\/de\/wp-json\/wp\/v2\/product_tag?post=5627"}],"curies":[{"name":"wp","href":"https:\/\/api.w.org\/{rel}","templated":true}]}}