{"id":5600,"date":"2024-10-31T08:25:36","date_gmt":"2024-10-31T08:25:36","guid":{"rendered":"https:\/\/williamweir.com\/?post_type=product&#038;p=5600"},"modified":"2025-05-24T01:13:45","modified_gmt":"2025-05-24T01:13:45","slug":"air-conditioner-cleaner","status":"publish","type":"product","link":"https:\/\/williamweir.com\/de\/produkt\/air-conditioner-cleaner\/","title":{"rendered":"Klimareiniger"},"content":{"rendered":"<p><strong>Produkt-Code\uff1a0864<\/strong><\/p>\n<p><strong>I. Einf\u00fchrung in das Produkt<\/strong><\/p>\n<p>Dieses Produkt ist ein hocheffizienter Reiniger, der speziell f\u00fcr die Reinigung von Klimaanlagen entwickelt wurde. Es kann den Schmutz und Staub im Inneren der Klimaanlage gr\u00fcndlich reinigen und Ihnen eine frische und gesunde Luft bieten.<\/p>\n<p><strong>II. Produktmerkmale<\/strong><\/p>\n<p>Leistungsstarke Dekontamination: Es kann effektiv Schmutz, Staub und \u00d6lflecken im Inneren der Klimaanlage entfernen und die Klimaanlage wieder sauber machen.<br \/>\nGeruchsbeseitigung: Es kann den merkw\u00fcrdigen Geruch im Inneren der Klimaanlage entfernen und die Luft frischer machen.<br \/>\nSicher und umweltfreundlich: Es enth\u00e4lt keine sch\u00e4dlichen Chemikalien und ist f\u00fcr Mensch und Umwelt unbedenklich. Es ist sicher in der Anwendung.<br \/>\nEinfache Bedienung: Es ist einfach zu bedienen. Befolgen Sie einfach die Anweisungen zu bedienen.<\/p>\n<p><strong>III. Gebrauchsanweisung<\/strong><\/p>\n<p>Schalten Sie das Klimager\u00e4t aus, \u00f6ffnen Sie die Schalttafel des Klimager\u00e4ts und nehmen Sie das Filtersieb heraus.<br \/>\nSpr\u00fchen Sie den Reiniger gleichm\u00e4\u00dfig auf das Filtersieb und den K\u00fchlk\u00f6rper im Inneren des Klimager\u00e4ts.<br \/>\nWarten Sie 10-15 Minuten, damit der Reiniger seine volle Wirkung entfalten kann.<br \/>\nSp\u00fclen Sie das Filtersieb und den K\u00fchlk\u00f6rper im Inneren der Klimaanlage mit sauberem Wasser aus, um sicherzustellen, dass keine Reinigungsmittelr\u00fcckst\u00e4nde vorhanden sind.<br \/>\nSetzen Sie das Filtersieb nach dem Trocknen wieder in das Klimager\u00e4t ein, schlie\u00dfen Sie die Abdeckung des Klimager\u00e4ts und schalten Sie die Klimaanlage ein.<\/p>\n<p><strong>IV. Vorsichtsma\u00dfnahmen<\/strong><\/p>\n<p>Bitte lesen Sie die Gebrauchsanweisung vor dem Gebrauch sorgf\u00e4ltig durch und bedienen Sie das Ger\u00e4t entsprechend den Anweisungen.<br \/>\nSpr\u00fchen Sie den Reiniger nicht auf die elektrischen Komponenten der Klimaanlage, um Sch\u00e4den zu vermeiden.<br \/>\nVermeiden Sie bitte, dass der Reiniger mit den Augen in Ber\u00fchrung kommt. Bei versehentlichem Kontakt sofort mit klarem Wasser aussp\u00fclen.<br \/>\nBitte bewahren Sie es au\u00dferhalb der Reichweite von Kindern auf, um ein versehentliches Verschlucken durch Kinder zu vermeiden.<br \/>\nDie Benutzungsmethoden der verschiedenen Modelle von Klimaanlagen k\u00f6nnen unterschiedlich sein. Bitte halten Sie sich an die Bedienungsanleitung des Klimager\u00e4tes.<\/p>","protected":false},"excerpt":{"rendered":"<p>Unsere Fabrik bietet OEM\/ODM-Verarbeitungsdienstleistungen, wir k\u00f6nnen Produkte f\u00fcr Sie ma\u00dfschneidern; Unser MOQ ist niedrig, im Allgemeinen kann die Mindestmenge 1000 Flaschen produziert werden; Unsere Produkte sind preiswert, ausgezeichnete Produktqualit\u00e4t, im Einklang mit allen nationalen Gesetzen und Vorschriften und Kundenbed\u00fcrfnissen!<\/p>\n<h3><strong>\u00a0 \u00a0 \u00a0 Wir bieten au\u00dferdem folgende Dienstleistungen an<\/strong><\/h3>\n<h4><strong><img decoding=\"async\" class=\"emoji\" role=\"img\" draggable=\"false\" src=\"https:\/\/s.w.org\/images\/core\/emoji\/15.0.3\/svg\/2714.svg\" alt=\"\u2714\" \/>\u00a0 Grenz\u00fcberschreitende Quelle\u00a0 \u00a0 \u00a0 \u00a0 \u00a0\u00a0<img decoding=\"async\" class=\"emoji\" role=\"img\" draggable=\"false\" src=\"https:\/\/s.w.org\/images\/core\/emoji\/15.0.3\/svg\/2714.svg\" alt=\"\u2714\" \/>\u00a0 Unterst\u00fctzung der Anpassung<\/strong><\/h4>\n<h4><strong><img decoding=\"async\" class=\"emoji\" role=\"img\" draggable=\"false\" src=\"https:\/\/s.w.org\/images\/core\/emoji\/15.0.3\/svg\/2714.svg\" alt=\"\u2714\" \/>\u00a0 Quelle: Fabrik\u00a0 \u00a0 \u00a0 \u00a0 \u00a0 \u00a0 \u00a0 \u00a0 \u00a0 \u00a0 \u00a0 \u00a0<img decoding=\"async\" class=\"emoji\" role=\"img\" draggable=\"false\" src=\"https:\/\/s.w.org\/images\/core\/emoji\/15.0.3\/svg\/2714.svg\" alt=\"\u2714\" \/>\u00a0 Produktentwicklung<\/strong><\/h4>\n<h4><strong><img decoding=\"async\" class=\"emoji\" role=\"img\" draggable=\"false\" src=\"https:\/\/s.w.org\/images\/core\/emoji\/15.0.3\/svg\/2714.svg\" alt=\"\u2714\" \/>\u00a0 Ma\u00dfgeschneidert nach Muster\u00a0 \u00a0 \u00a0 \u00a0 \u00a0 \u00a0 \u00a0 \u00a0 \u00a0 \u00a0\u00a0<img decoding=\"async\" class=\"emoji\" role=\"img\" draggable=\"false\" src=\"https:\/\/s.w.org\/images\/core\/emoji\/15.0.3\/svg\/2714.svg\" alt=\"\u2714\" \/>\u00a0 Markenberechtigung<\/strong><\/h4>\n<p>&nbsp;<\/p>\n<h2 style=\"text-align: left;\"><strong>Fragen oder Kommentare? <\/strong><\/h2>\n<h2 style=\"text-align: left;\"><strong>wlwer@williamweir.com<\/strong><\/h2>\n<h4><strong>\u00a0<\/strong><\/h4>","protected":false},"featured_media":5601,"template":"","meta":{"_uag_custom_page_level_css":"","site-sidebar-layout":"default","site-content-layout":"","ast-site-content-layout":"default","site-content-style":"default","site-sidebar-style":"default","ast-global-header-display":"","ast-banner-title-visibility":"","ast-main-header-display":"","ast-hfb-above-header-display":"","ast-hfb-below-header-display":"","ast-hfb-mobile-header-display":"","site-post-title":"","ast-breadcrumbs-content":"","ast-featured-img":"","footer-sml-layout":"","theme-transparent-header-meta":"default","adv-header-id-meta":"","stick-header-meta":"","header-above-stick-meta":"","header-main-stick-meta":"","header-below-stick-meta":"","astra-migrate-meta-layouts":"set","ast-page-background-enabled":"default","ast-page-background-meta":{"desktop":{"background-color":"","background-image":"","background-repeat":"repeat","background-position":"center center","background-size":"auto","background-attachment":"scroll","background-type":"","background-media":"","overlay-type":"","overlay-color":"","overlay-opacity":"","overlay-gradient":""},"tablet":{"background-color":"","background-image":"","background-repeat":"repeat","background-position":"center center","background-size":"auto","background-attachment":"scroll","background-type":"","background-media":"","overlay-type":"","overlay-color":"","overlay-opacity":"","overlay-gradient":""},"mobile":{"background-color":"","background-image":"","background-repeat":"repeat","background-position":"center center","background-size":"auto","background-attachment":"scroll","background-type":"","background-media":"","overlay-type":"","overlay-color":"","overlay-opacity":"","overlay-gradient":""}},"ast-content-background-meta":{"desktop":{"background-color":"var(--ast-global-color-5)","background-image":"","background-repeat":"repeat","background-position":"center center","background-size":"auto","background-attachment":"scroll","background-type":"","background-media":"","overlay-type":"","overlay-color":"","overlay-opacity":"","overlay-gradient":""},"tablet":{"background-color":"var(--ast-global-color-5)","background-image":"","background-repeat":"repeat","background-position":"center center","background-size":"auto","background-attachment":"scroll","background-type":"","background-media":"","overlay-type":"","overlay-color":"","overlay-opacity":"","overlay-gradient":""},"mobile":{"background-color":"var(--ast-global-color-5)","background-image":"","background-repeat":"repeat","background-position":"center center","background-size":"auto","background-attachment":"scroll","background-type":"","background-media":"","overlay-type":"","overlay-color":"","overlay-opacity":"","overlay-gradient":""}}},"product_brand":[],"product_cat":[83],"product_tag":[190],"class_list":{"0":"post-5600","1":"product","2":"type-product","3":"status-publish","4":"has-post-thumbnail","6":"product_cat-all-products","7":"product_tag-air-conditioner-cleaner","8":"desktop-align-center","9":"tablet-align-left","10":"mobile-align-left","11":"ast-product-gallery-layout-horizontal-slider","12":"ast-product-gallery-with-no-image","13":"ast-product-tabs-layout-horizontal","15":"first","16":"instock","17":"shipping-taxable","18":"product-type-simple"},"aioseo_notices":[],"uagb_featured_image_src":{"full":["https:\/\/williamweir.com\/wp-content\/uploads\/2024\/10\/9832583.jpg",800,800,false],"thumbnail":["https:\/\/williamweir.com\/wp-content\/uploads\/2024\/10\/9832583-300x300.jpg",300,300,true],"medium":["https:\/\/williamweir.com\/wp-content\/uploads\/2024\/10\/9832583-600x600.jpg",600,600,true],"medium_large":["https:\/\/williamweir.com\/wp-content\/uploads\/2024\/10\/9832583-768x768.jpg",768,768,true],"large":["https:\/\/williamweir.com\/wp-content\/uploads\/2024\/10\/9832583.jpg",800,800,false],"1536x1536":["https:\/\/williamweir.com\/wp-content\/uploads\/2024\/10\/9832583.jpg",800,800,false],"2048x2048":["https:\/\/williamweir.com\/wp-content\/uploads\/2024\/10\/9832583.jpg",800,800,false],"trp-custom-language-flag":["https:\/\/williamweir.com\/wp-content\/uploads\/2024\/10\/9832583-12x12.jpg",12,12,true],"woocommerce_thumbnail":["https:\/\/williamweir.com\/wp-content\/uploads\/2024\/10\/9832583-600x600.jpg",600,600,true],"woocommerce_single":["https:\/\/williamweir.com\/wp-content\/uploads\/2024\/10\/9832583-600x600.jpg",600,600,true],"woocommerce_gallery_thumbnail":["https:\/\/williamweir.com\/wp-content\/uploads\/2024\/10\/9832583-100x100.jpg",100,100,true]},"uagb_author_info":{"display_name":"wlwer","author_link":"https:\/\/williamweir.com\/de\/author\/"},"uagb_comment_info":0,"uagb_excerpt":"Our factory provides OEM\/ODM processing services, we can tailor products for you; Our MOQ is low, generally the minimum quantity is 1000 bottles can be produced; Our products are inexpensive, excellent product quality, in line with any national laws and regulations and customer needs! \u00a0 \u00a0 \u00a0 We also offer the following services \u00a0 Cross-border&hellip;","_links":{"self":[{"href":"https:\/\/williamweir.com\/de\/wp-json\/wp\/v2\/product\/5600"}],"collection":[{"href":"https:\/\/williamweir.com\/de\/wp-json\/wp\/v2\/product"}],"about":[{"href":"https:\/\/williamweir.com\/de\/wp-json\/wp\/v2\/types\/product"}],"version-history":[{"count":5,"href":"https:\/\/williamweir.com\/de\/wp-json\/wp\/v2\/product\/5600\/revisions"}],"predecessor-version":[{"id":8198,"href":"https:\/\/williamweir.com\/de\/wp-json\/wp\/v2\/product\/5600\/revisions\/8198"}],"wp:featuredmedia":[{"embeddable":true,"href":"https:\/\/williamweir.com\/de\/wp-json\/wp\/v2\/media\/5601"}],"wp:attachment":[{"href":"https:\/\/williamweir.com\/de\/wp-json\/wp\/v2\/media?parent=5600"}],"wp:term":[{"taxonomy":"product_brand","embeddable":true,"href":"https:\/\/williamweir.com\/de\/wp-json\/wp\/v2\/product_brand?post=5600"},{"taxonomy":"product_cat","embeddable":true,"href":"https:\/\/williamweir.com\/de\/wp-json\/wp\/v2\/product_cat?post=5600"},{"taxonomy":"product_tag","embeddable":true,"href":"https:\/\/williamweir.com\/de\/wp-json\/wp\/v2\/product_tag?post=5600"}],"curies":[{"name":"wp","href":"https:\/\/api.w.org\/{rel}","templated":true}]}}