{"id":5576,"date":"2024-10-31T08:16:41","date_gmt":"2024-10-31T08:16:41","guid":{"rendered":"https:\/\/williamweir.com\/?post_type=product&#038;p=5576"},"modified":"2025-05-24T01:28:51","modified_gmt":"2025-05-24T01:28:51","slug":"wood-furniture-dry-cleaner","status":"publish","type":"product","link":"https:\/\/williamweir.com\/de\/produkt\/wood-furniture-dry-cleaner\/","title":{"rendered":"Reinigung von Holzm\u00f6beln"},"content":{"rendered":"<p><strong>Produkt-Code\uff1a1847<\/strong><\/p>\n<p><strong>I. Produktmerkmale<\/strong><\/p>\n<p>Leistungsstarke Reinigung: Entfernt schnell verschiedene Flecken auf der Oberfl\u00e4che von Holzprodukten, wie \u00d6lflecken, Fingerabdr\u00fccke, Staub, usw.<br \/>\nSchutz des Holzes: Die Oberfl\u00e4chenbeschichtung und -struktur von Holzprodukten wird nicht besch\u00e4digt und die nat\u00fcrliche Sch\u00f6nheit des Holzes bleibt erhalten.<br \/>\nBequem und einfach zu verwenden: Der Schaumreiniger l\u00e4sst sich leicht auftragen und reinigen und ist praktisch in der Anwendung.<br \/>\nSicher und umweltfreundlich: Die umweltfreundliche Formel enth\u00e4lt keine sch\u00e4dlichen Substanzen und ist f\u00fcr Mensch und Umwelt unbedenklich.<\/p>\n<p><strong>II. Umfang der Anwendung<\/strong><\/p>\n<p>Geeignet f\u00fcr verschiedene Holzprodukte, wie z. B. Holzm\u00f6bel, Holzb\u00f6den, Holzornamente usw.<\/p>\n<p><strong>III. Verwendungsmethode<\/strong><\/p>\n<p>Sch\u00fctteln Sie die Reinigerflasche, um den Schaum vollst\u00e4ndig zu mischen.<br \/>\nSpr\u00fchen Sie den Schaum gleichm\u00e4\u00dfig auf die zu reinigenden Teile der Oberfl\u00e4che des Holzprodukts.<br \/>\nWarten Sie ein paar Minuten, damit der Reiniger seine Wirkung voll entfalten kann.<br \/>\nWischen Sie die Oberfl\u00e4che von Holzprodukten vorsichtig mit einem sauberen, weichen Tuch oder Schwamm ab, um Flecken und Schaum zu entfernen.<br \/>\nBei hartn\u00e4ckigen Flecken k\u00f6nnen Sie die oben genannten Schritte wiederholen.<br \/>\nTrocknen Sie die Oberfl\u00e4che der Holzprodukte nach der Reinigung mit einem sauberen, trockenen Tuch ab.<\/p>\n<p><strong>IV. Vorsichtsma\u00dfnahmen<\/strong><\/p>\n<p>Ber\u00fchrung mit den Augen und dem Mund vermeiden. Bei versehentlichem Kontakt sofort mit viel Wasser aussp\u00fclen und rechtzeitig einen Arzt aufsuchen.<br \/>\nLegen Sie das Produkt bitte an einen f\u00fcr Kinder unzug\u00e4nglichen Ort, um zu verhindern, dass Kinder es versehentlich essen.<br \/>\nWenn w\u00e4hrend der Anwendung allergische oder andere unangenehme Symptome auf der Haut auftreten, beenden Sie die Anwendung sofort und suchen Sie einen Arzt auf.<br \/>\nVerwenden Sie dieses Produkt nicht in einer Umgebung mit hohen Temperaturen oder direkter Sonneneinstrahlung, um die Reinigungswirkung nicht zu beeintr\u00e4chtigen.<br \/>\nDas Produkt sollte an einem k\u00fchlen und trockenen Ort gelagert werden, fern von direktem Sonnenlicht und hohen Temperaturen, um die Leistung und Haltbarkeit des Produkts nicht zu beeintr\u00e4chtigen.<\/p>","protected":false},"excerpt":{"rendered":"<p>Unsere Fabrik bietet OEM\/ODM-Verarbeitungsdienstleistungen, wir k\u00f6nnen Produkte f\u00fcr Sie ma\u00dfschneidern; Unser MOQ ist niedrig, im Allgemeinen kann die Mindestmenge 1000 Flaschen produziert werden; Unsere Produkte sind preiswert, ausgezeichnete Produktqualit\u00e4t, im Einklang mit allen nationalen Gesetzen und Vorschriften und Kundenbed\u00fcrfnissen!<\/p>\n<h3><strong>\u00a0 \u00a0 \u00a0 Wir bieten au\u00dferdem folgende Dienstleistungen an<\/strong><\/h3>\n<h4><strong><img decoding=\"async\" class=\"emoji\" role=\"img\" draggable=\"false\" src=\"https:\/\/s.w.org\/images\/core\/emoji\/15.0.3\/svg\/2714.svg\" alt=\"\u2714\" \/>\u00a0 Grenz\u00fcberschreitende Quelle\u00a0 \u00a0 \u00a0 \u00a0 \u00a0\u00a0<img decoding=\"async\" class=\"emoji\" role=\"img\" draggable=\"false\" src=\"https:\/\/s.w.org\/images\/core\/emoji\/15.0.3\/svg\/2714.svg\" alt=\"\u2714\" \/>\u00a0 Unterst\u00fctzung der Anpassung<\/strong><\/h4>\n<h4><strong><img decoding=\"async\" class=\"emoji\" role=\"img\" draggable=\"false\" src=\"https:\/\/s.w.org\/images\/core\/emoji\/15.0.3\/svg\/2714.svg\" alt=\"\u2714\" \/>\u00a0 Quelle: Fabrik\u00a0 \u00a0 \u00a0 \u00a0 \u00a0 \u00a0 \u00a0 \u00a0 \u00a0 \u00a0 \u00a0 \u00a0<img decoding=\"async\" class=\"emoji\" role=\"img\" draggable=\"false\" src=\"https:\/\/s.w.org\/images\/core\/emoji\/15.0.3\/svg\/2714.svg\" alt=\"\u2714\" \/>\u00a0 Produktentwicklung<\/strong><\/h4>\n<h4><strong><img decoding=\"async\" class=\"emoji\" role=\"img\" draggable=\"false\" src=\"https:\/\/s.w.org\/images\/core\/emoji\/15.0.3\/svg\/2714.svg\" alt=\"\u2714\" \/>\u00a0 Ma\u00dfgeschneidert nach Muster\u00a0 \u00a0 \u00a0 \u00a0 \u00a0 \u00a0 \u00a0 \u00a0 \u00a0 \u00a0\u00a0<img decoding=\"async\" class=\"emoji\" role=\"img\" draggable=\"false\" src=\"https:\/\/s.w.org\/images\/core\/emoji\/15.0.3\/svg\/2714.svg\" alt=\"\u2714\" \/>\u00a0 Markenberechtigung<\/strong><\/h4>\n<p>&nbsp;<\/p>\n<h2 style=\"text-align: left;\"><strong>Fragen oder Kommentare? <\/strong><\/h2>\n<h2 style=\"text-align: left;\"><strong>wlwer@williamweir.com<\/strong><\/h2>\n<h4><strong>\u00a0<\/strong><\/h4>","protected":false},"featured_media":5577,"template":"","meta":{"_uag_custom_page_level_css":"","site-sidebar-layout":"default","site-content-layout":"","ast-site-content-layout":"default","site-content-style":"default","site-sidebar-style":"default","ast-global-header-display":"","ast-banner-title-visibility":"","ast-main-header-display":"","ast-hfb-above-header-display":"","ast-hfb-below-header-display":"","ast-hfb-mobile-header-display":"","site-post-title":"","ast-breadcrumbs-content":"","ast-featured-img":"","footer-sml-layout":"","theme-transparent-header-meta":"default","adv-header-id-meta":"","stick-header-meta":"","header-above-stick-meta":"","header-main-stick-meta":"","header-below-stick-meta":"","astra-migrate-meta-layouts":"set","ast-page-background-enabled":"default","ast-page-background-meta":{"desktop":{"background-color":"","background-image":"","background-repeat":"repeat","background-position":"center center","background-size":"auto","background-attachment":"scroll","background-type":"","background-media":"","overlay-type":"","overlay-color":"","overlay-opacity":"","overlay-gradient":""},"tablet":{"background-color":"","background-image":"","background-repeat":"repeat","background-position":"center center","background-size":"auto","background-attachment":"scroll","background-type":"","background-media":"","overlay-type":"","overlay-color":"","overlay-opacity":"","overlay-gradient":""},"mobile":{"background-color":"","background-image":"","background-repeat":"repeat","background-position":"center center","background-size":"auto","background-attachment":"scroll","background-type":"","background-media":"","overlay-type":"","overlay-color":"","overlay-opacity":"","overlay-gradient":""}},"ast-content-background-meta":{"desktop":{"background-color":"var(--ast-global-color-5)","background-image":"","background-repeat":"repeat","background-position":"center center","background-size":"auto","background-attachment":"scroll","background-type":"","background-media":"","overlay-type":"","overlay-color":"","overlay-opacity":"","overlay-gradient":""},"tablet":{"background-color":"var(--ast-global-color-5)","background-image":"","background-repeat":"repeat","background-position":"center center","background-size":"auto","background-attachment":"scroll","background-type":"","background-media":"","overlay-type":"","overlay-color":"","overlay-opacity":"","overlay-gradient":""},"mobile":{"background-color":"var(--ast-global-color-5)","background-image":"","background-repeat":"repeat","background-position":"center center","background-size":"auto","background-attachment":"scroll","background-type":"","background-media":"","overlay-type":"","overlay-color":"","overlay-opacity":"","overlay-gradient":""}}},"product_brand":[],"product_cat":[70,74],"product_tag":[202,203,201],"class_list":{"0":"post-5576","1":"product","2":"type-product","3":"status-publish","4":"has-post-thumbnail","6":"product_cat-foam-cleaner-series","7":"product_cat-household-cleaning-series","8":"product_tag-foam-cleaners","9":"product_tag-furniture-cleaners","10":"product_tag-wood-cleaners","11":"desktop-align-center","12":"tablet-align-left","13":"mobile-align-left","14":"ast-product-gallery-layout-horizontal-slider","15":"ast-product-gallery-with-no-image","16":"ast-product-tabs-layout-horizontal","18":"first","19":"instock","20":"shipping-taxable","21":"product-type-simple"},"aioseo_notices":[],"uagb_featured_image_src":{"full":["https:\/\/williamweir.com\/wp-content\/uploads\/2024\/10\/9879406.jpg",800,800,false],"thumbnail":["https:\/\/williamweir.com\/wp-content\/uploads\/2024\/10\/9879406-300x300.jpg",300,300,true],"medium":["https:\/\/williamweir.com\/wp-content\/uploads\/2024\/10\/9879406-600x600.jpg",600,600,true],"medium_large":["https:\/\/williamweir.com\/wp-content\/uploads\/2024\/10\/9879406-768x768.jpg",768,768,true],"large":["https:\/\/williamweir.com\/wp-content\/uploads\/2024\/10\/9879406.jpg",800,800,false],"1536x1536":["https:\/\/williamweir.com\/wp-content\/uploads\/2024\/10\/9879406.jpg",800,800,false],"2048x2048":["https:\/\/williamweir.com\/wp-content\/uploads\/2024\/10\/9879406.jpg",800,800,false],"trp-custom-language-flag":["https:\/\/williamweir.com\/wp-content\/uploads\/2024\/10\/9879406-12x12.jpg",12,12,true],"woocommerce_thumbnail":["https:\/\/williamweir.com\/wp-content\/uploads\/2024\/10\/9879406-600x600.jpg",600,600,true],"woocommerce_single":["https:\/\/williamweir.com\/wp-content\/uploads\/2024\/10\/9879406-600x600.jpg",600,600,true],"woocommerce_gallery_thumbnail":["https:\/\/williamweir.com\/wp-content\/uploads\/2024\/10\/9879406-100x100.jpg",100,100,true]},"uagb_author_info":{"display_name":"wlwer","author_link":"https:\/\/williamweir.com\/de\/author\/"},"uagb_comment_info":0,"uagb_excerpt":"Our factory provides OEM\/ODM processing services, we can tailor products for you; Our MOQ is low, generally the minimum quantity is 1000 bottles can be produced; Our products are inexpensive, excellent product quality, in line with any national laws and regulations and customer needs! \u00a0 \u00a0 \u00a0 We also offer the following services \u00a0 Cross-border&hellip;","_links":{"self":[{"href":"https:\/\/williamweir.com\/de\/wp-json\/wp\/v2\/product\/5576"}],"collection":[{"href":"https:\/\/williamweir.com\/de\/wp-json\/wp\/v2\/product"}],"about":[{"href":"https:\/\/williamweir.com\/de\/wp-json\/wp\/v2\/types\/product"}],"version-history":[{"count":6,"href":"https:\/\/williamweir.com\/de\/wp-json\/wp\/v2\/product\/5576\/revisions"}],"predecessor-version":[{"id":8209,"href":"https:\/\/williamweir.com\/de\/wp-json\/wp\/v2\/product\/5576\/revisions\/8209"}],"wp:featuredmedia":[{"embeddable":true,"href":"https:\/\/williamweir.com\/de\/wp-json\/wp\/v2\/media\/5577"}],"wp:attachment":[{"href":"https:\/\/williamweir.com\/de\/wp-json\/wp\/v2\/media?parent=5576"}],"wp:term":[{"taxonomy":"product_brand","embeddable":true,"href":"https:\/\/williamweir.com\/de\/wp-json\/wp\/v2\/product_brand?post=5576"},{"taxonomy":"product_cat","embeddable":true,"href":"https:\/\/williamweir.com\/de\/wp-json\/wp\/v2\/product_cat?post=5576"},{"taxonomy":"product_tag","embeddable":true,"href":"https:\/\/williamweir.com\/de\/wp-json\/wp\/v2\/product_tag?post=5576"}],"curies":[{"name":"wp","href":"https:\/\/api.w.org\/{rel}","templated":true}]}}