{"id":5558,"date":"2024-10-31T08:07:21","date_gmt":"2024-10-31T08:07:21","guid":{"rendered":"https:\/\/williamweir.com\/?post_type=product&#038;p=5558"},"modified":"2025-05-24T01:30:28","modified_gmt":"2025-05-24T01:30:28","slug":"oil-stain-cleaner-4","status":"publish","type":"product","link":"https:\/\/williamweir.com\/de\/produkt\/oil-stain-cleaner-4\/","title":{"rendered":"\u00d6lfleckenreiniger"},"content":{"rendered":"<p><strong>Produkt-Code\uff1a0093<\/strong><\/p>\n<p><strong>I. Produkteinf\u00fchrung:<\/strong><\/p>\n<p>Dieses Produkt ist ein leistungsstarkes Reinigungsmittel zur Entfernung von \u00d6lflecken. Es ist speziell f\u00fcr hartn\u00e4ckige \u00d6lflecken in K\u00fcchen, Restaurants und anderen Orten konzipiert. Ob es sich um \u00d6lflecken auf den Oberfl\u00e4chen von K\u00fcchenger\u00e4ten wie Herden, Dunstabzugshauben und Back\u00f6fen oder um \u00d6lflecken auf Fliesen und Edelstahl-Arbeitsplatten handelt, sie lassen sich leicht entfernen und machen Ihre Reinigungsarbeit effizienter und bequemer.<\/p>\n<p><strong>II. Produktmerkmale:<\/strong><\/p>\n<p>Leistungsstarke Dekontamination: Mit einer fortschrittlichen Reinigungsformel kann es \u00d6lflecken schnell zersetzen und sie von der Oberfl\u00e4che l\u00f6sen, mit bemerkenswerter Reinigungswirkung.<br \/>\nSicher und umweltfreundlich: Es enth\u00e4lt keine sch\u00e4dlichen chemischen Substanzen, ist unsch\u00e4dlich f\u00fcr den menschlichen K\u00f6rper und die Umwelt und ist sicher und zuverl\u00e4ssig in der Anwendung.<br \/>\nBreiter Anwendungsbereich: Es eignet sich zur Reinigung von \u00d6lflecken auf den Oberfl\u00e4chen verschiedener Materialien, wie Edelstahl, Fliesen, Glas, Kunststoff usw.<br \/>\nBequem und einfach zu verwenden: Spr\u00fchen Sie den Reiniger einfach auf die \u00f6lverschmutzte Oberfl\u00e4che, und wischen Sie sie nach kurzer Zeit mit einem Lappen ab. Es besteht keine Notwendigkeit, hart zu schrubben.<\/p>\n<p><strong>III. Verwendungsmethode:<\/strong><\/p>\n<p>Reinigen Sie zun\u00e4chst die \u00f6lverschmutzte Oberfl\u00e4che von Staub und anderen Verschmutzungen.<br \/>\nSpr\u00fchen Sie den \u00d6lfleckenreiniger gleichm\u00e4\u00dfig in einem Abstand von etwa 15-20 Zentimetern von der \u00f6lverschmutzten Oberfl\u00e4che.<br \/>\nWarten Sie 3-5 Minuten, damit der Reiniger die \u00d6lflecken vollst\u00e4ndig zersetzen kann.<br \/>\nWischen Sie die \u00f6lverschmutzte Oberfl\u00e4che mit einem sauberen Lappen oder Schwamm ab. Bei hartn\u00e4ckigen Flecken k\u00f6nnen Sie mit angemessener Kraft wischen oder die oben genannten Schritte wiederholen.<br \/>\nNach der Reinigung mit klarem Wasser absp\u00fclen oder mit einem sauberen Lappen abtrocknen.<\/p>\n<p><strong>IV. Vorsichtsma\u00dfnahmen:<\/strong><\/p>\n<p>Bitte stellen Sie es an einem Ort auf, der f\u00fcr Kinder nicht leicht erreichbar ist.<br \/>\nVermeiden Sie den Kontakt mit Augen und Haut. Bei versehentlichem Kontakt sofort mit einer gro\u00dfen Menge sauberen Wassers absp\u00fclen.<br \/>\nBei empfindlichen Materialoberfl\u00e4chen f\u00fchren Sie bitte zun\u00e4chst einen Versuch an einer unauff\u00e4lligen Stelle durch. Nachdem Sie sich vergewissert haben, dass keine unerw\u00fcnschten Reaktionen auftreten, verwenden Sie es auf einer gro\u00dfen Fl\u00e4che.<br \/>\nBitte bewahren Sie es an einem k\u00fchlen und trockenen Ort auf und vermeiden Sie direkte Sonneneinstrahlung.<\/p>","protected":false},"excerpt":{"rendered":"<p>Unsere Fabrik bietet OEM\/ODM-Verarbeitungsdienstleistungen, wir k\u00f6nnen Produkte f\u00fcr Sie ma\u00dfschneidern; Unser MOQ ist niedrig, im Allgemeinen kann die Mindestmenge 1000 Flaschen produziert werden; Unsere Produkte sind preiswert, ausgezeichnete Produktqualit\u00e4t, im Einklang mit allen nationalen Gesetzen und Vorschriften und Kundenbed\u00fcrfnissen!<\/p>\n<h3><strong>\u00a0 \u00a0 \u00a0 Wir bieten au\u00dferdem folgende Dienstleistungen an<\/strong><\/h3>\n<h4><strong><img decoding=\"async\" class=\"emoji\" role=\"img\" draggable=\"false\" src=\"https:\/\/s.w.org\/images\/core\/emoji\/15.0.3\/svg\/2714.svg\" alt=\"\u2714\" \/>\u00a0 Grenz\u00fcberschreitende Quelle\u00a0 \u00a0 \u00a0 \u00a0 \u00a0\u00a0<img decoding=\"async\" class=\"emoji\" role=\"img\" draggable=\"false\" src=\"https:\/\/s.w.org\/images\/core\/emoji\/15.0.3\/svg\/2714.svg\" alt=\"\u2714\" \/>\u00a0 Unterst\u00fctzung der Anpassung<\/strong><\/h4>\n<h4><strong><img decoding=\"async\" class=\"emoji\" role=\"img\" draggable=\"false\" src=\"https:\/\/s.w.org\/images\/core\/emoji\/15.0.3\/svg\/2714.svg\" alt=\"\u2714\" \/>\u00a0 Quelle: Fabrik\u00a0 \u00a0 \u00a0 \u00a0 \u00a0 \u00a0 \u00a0 \u00a0 \u00a0 \u00a0 \u00a0 \u00a0<img decoding=\"async\" class=\"emoji\" role=\"img\" draggable=\"false\" src=\"https:\/\/s.w.org\/images\/core\/emoji\/15.0.3\/svg\/2714.svg\" alt=\"\u2714\" \/>\u00a0 Produktentwicklung<\/strong><\/h4>\n<h4><strong><img decoding=\"async\" class=\"emoji\" role=\"img\" draggable=\"false\" src=\"https:\/\/s.w.org\/images\/core\/emoji\/15.0.3\/svg\/2714.svg\" alt=\"\u2714\" \/>\u00a0 Ma\u00dfgeschneidert nach Muster\u00a0 \u00a0 \u00a0 \u00a0 \u00a0 \u00a0 \u00a0 \u00a0 \u00a0 \u00a0\u00a0<img decoding=\"async\" class=\"emoji\" role=\"img\" draggable=\"false\" src=\"https:\/\/s.w.org\/images\/core\/emoji\/15.0.3\/svg\/2714.svg\" alt=\"\u2714\" \/>\u00a0 Markenberechtigung<\/strong><\/h4>\n<p>&nbsp;<\/p>\n<h2 style=\"text-align: left;\"><strong>Fragen oder Kommentare? <\/strong><\/h2>\n<h2 style=\"text-align: left;\"><strong>wlwer@williamweir.com<\/strong><\/h2>\n<h4><strong>\u00a0<\/strong><\/h4>","protected":false},"featured_media":5559,"template":"","meta":{"_uag_custom_page_level_css":"","site-sidebar-layout":"default","site-content-layout":"","ast-site-content-layout":"default","site-content-style":"default","site-sidebar-style":"default","ast-global-header-display":"","ast-banner-title-visibility":"","ast-main-header-display":"","ast-hfb-above-header-display":"","ast-hfb-below-header-display":"","ast-hfb-mobile-header-display":"","site-post-title":"","ast-breadcrumbs-content":"","ast-featured-img":"","footer-sml-layout":"","theme-transparent-header-meta":"default","adv-header-id-meta":"","stick-header-meta":"","header-above-stick-meta":"","header-main-stick-meta":"","header-below-stick-meta":"","astra-migrate-meta-layouts":"set","ast-page-background-enabled":"default","ast-page-background-meta":{"desktop":{"background-color":"","background-image":"","background-repeat":"repeat","background-position":"center center","background-size":"auto","background-attachment":"scroll","background-type":"","background-media":"","overlay-type":"","overlay-color":"","overlay-opacity":"","overlay-gradient":""},"tablet":{"background-color":"","background-image":"","background-repeat":"repeat","background-position":"center center","background-size":"auto","background-attachment":"scroll","background-type":"","background-media":"","overlay-type":"","overlay-color":"","overlay-opacity":"","overlay-gradient":""},"mobile":{"background-color":"","background-image":"","background-repeat":"repeat","background-position":"center center","background-size":"auto","background-attachment":"scroll","background-type":"","background-media":"","overlay-type":"","overlay-color":"","overlay-opacity":"","overlay-gradient":""}},"ast-content-background-meta":{"desktop":{"background-color":"var(--ast-global-color-5)","background-image":"","background-repeat":"repeat","background-position":"center center","background-size":"auto","background-attachment":"scroll","background-type":"","background-media":"","overlay-type":"","overlay-color":"","overlay-opacity":"","overlay-gradient":""},"tablet":{"background-color":"var(--ast-global-color-5)","background-image":"","background-repeat":"repeat","background-position":"center center","background-size":"auto","background-attachment":"scroll","background-type":"","background-media":"","overlay-type":"","overlay-color":"","overlay-opacity":"","overlay-gradient":""},"mobile":{"background-color":"var(--ast-global-color-5)","background-image":"","background-repeat":"repeat","background-position":"center center","background-size":"auto","background-attachment":"scroll","background-type":"","background-media":"","overlay-type":"","overlay-color":"","overlay-opacity":"","overlay-gradient":""}}},"product_brand":[],"product_cat":[74],"product_tag":[213,214],"class_list":{"0":"post-5558","1":"product","2":"type-product","3":"status-publish","4":"has-post-thumbnail","6":"product_cat-household-cleaning-series","7":"product_tag-grease-cleaner","8":"product_tag-kitchen-oil-remover","9":"desktop-align-center","10":"tablet-align-left","11":"mobile-align-left","12":"ast-product-gallery-layout-horizontal-slider","13":"ast-product-gallery-with-no-image","14":"ast-product-tabs-layout-horizontal","16":"first","17":"instock","18":"shipping-taxable","19":"product-type-simple"},"aioseo_notices":[],"uagb_featured_image_src":{"full":["https:\/\/williamweir.com\/wp-content\/uploads\/2024\/10\/9879428.jpg",800,800,false],"thumbnail":["https:\/\/williamweir.com\/wp-content\/uploads\/2024\/10\/9879428-300x300.jpg",300,300,true],"medium":["https:\/\/williamweir.com\/wp-content\/uploads\/2024\/10\/9879428-600x600.jpg",600,600,true],"medium_large":["https:\/\/williamweir.com\/wp-content\/uploads\/2024\/10\/9879428-768x768.jpg",768,768,true],"large":["https:\/\/williamweir.com\/wp-content\/uploads\/2024\/10\/9879428.jpg",800,800,false],"1536x1536":["https:\/\/williamweir.com\/wp-content\/uploads\/2024\/10\/9879428.jpg",800,800,false],"2048x2048":["https:\/\/williamweir.com\/wp-content\/uploads\/2024\/10\/9879428.jpg",800,800,false],"trp-custom-language-flag":["https:\/\/williamweir.com\/wp-content\/uploads\/2024\/10\/9879428-12x12.jpg",12,12,true],"woocommerce_thumbnail":["https:\/\/williamweir.com\/wp-content\/uploads\/2024\/10\/9879428-600x600.jpg",600,600,true],"woocommerce_single":["https:\/\/williamweir.com\/wp-content\/uploads\/2024\/10\/9879428-600x600.jpg",600,600,true],"woocommerce_gallery_thumbnail":["https:\/\/williamweir.com\/wp-content\/uploads\/2024\/10\/9879428-100x100.jpg",100,100,true]},"uagb_author_info":{"display_name":"wlwer","author_link":"https:\/\/williamweir.com\/de\/author\/"},"uagb_comment_info":0,"uagb_excerpt":"Our factory provides OEM\/ODM processing services, we can tailor products for you; Our MOQ is low, generally the minimum quantity is 1000 bottles can be produced; Our products are inexpensive, excellent product quality, in line with any national laws and regulations and customer needs! \u00a0 \u00a0 \u00a0 We also offer the following services \u00a0 Cross-border&hellip;","_links":{"self":[{"href":"https:\/\/williamweir.com\/de\/wp-json\/wp\/v2\/product\/5558"}],"collection":[{"href":"https:\/\/williamweir.com\/de\/wp-json\/wp\/v2\/product"}],"about":[{"href":"https:\/\/williamweir.com\/de\/wp-json\/wp\/v2\/types\/product"}],"version-history":[{"count":6,"href":"https:\/\/williamweir.com\/de\/wp-json\/wp\/v2\/product\/5558\/revisions"}],"predecessor-version":[{"id":8215,"href":"https:\/\/williamweir.com\/de\/wp-json\/wp\/v2\/product\/5558\/revisions\/8215"}],"wp:featuredmedia":[{"embeddable":true,"href":"https:\/\/williamweir.com\/de\/wp-json\/wp\/v2\/media\/5559"}],"wp:attachment":[{"href":"https:\/\/williamweir.com\/de\/wp-json\/wp\/v2\/media?parent=5558"}],"wp:term":[{"taxonomy":"product_brand","embeddable":true,"href":"https:\/\/williamweir.com\/de\/wp-json\/wp\/v2\/product_brand?post=5558"},{"taxonomy":"product_cat","embeddable":true,"href":"https:\/\/williamweir.com\/de\/wp-json\/wp\/v2\/product_cat?post=5558"},{"taxonomy":"product_tag","embeddable":true,"href":"https:\/\/williamweir.com\/de\/wp-json\/wp\/v2\/product_tag?post=5558"}],"curies":[{"name":"wp","href":"https:\/\/api.w.org\/{rel}","templated":true}]}}