{"id":5517,"date":"2024-10-31T07:49:14","date_gmt":"2024-10-31T07:49:14","guid":{"rendered":"https:\/\/williamweir.com\/?post_type=product&#038;p=5517"},"modified":"2025-05-24T01:38:36","modified_gmt":"2025-05-24T01:38:36","slug":"glass-cleaner-4","status":"publish","type":"product","link":"https:\/\/williamweir.com\/de\/produkt\/glass-cleaner-4\/","title":{"rendered":"Glasreiniger"},"content":{"rendered":"<p><strong>Produkt-Code\uff1a0987<\/strong><\/p>\n<p><strong>I. Produktmerkmale<\/strong><\/p>\n<p>Gefrierschutz, staubdicht, beschlagfrei und antistatisch. Es kann effektiv halten Glas kristallklar f\u00fcr eine lange Zeit. Kein Absp\u00fclen mit Wasser erforderlich. Es ist mit einem Wisch sauber und hinterl\u00e4sst keine Schlieren oder Wasserflecken.<\/p>\n<p><strong>II. Umfang der Anwendung<\/strong><\/p>\n<p>Dieses Produkt kann auf Spiegeln, Gl\u00e4sern, Glasfenstern, Autoglas, Fernsehbildschirmen und jedem anderen Glas verwendet werden. Es kann alle Arten von glatten Oberfl\u00e4chen abwischen: Glaswaren, Keramikfliesen, Kristalle, Edelstahl, Kunstleder, Kunststoffe und andere harte Oberfl\u00e4chen.<\/p>\n<p><strong>III. Gebrauchsanweisung<\/strong><\/p>\n<p>Stellen Sie die D\u00fcse auf einen Spr\u00fchstrahl oder eine gerade Linie ein und spr\u00fchen Sie gleichm\u00e4\u00dfig. Wischen Sie es dann mit einem trockenen Tuch ab. Die beste Wirkung erzielen Sie, wenn Sie das Objekt vor dem Spr\u00fchen mit trockenem Seidenpapier abwischen.<\/p>\n<p><strong>IV. Vorsichtsma\u00dfnahmen<\/strong><\/p>\n<p>Au\u00dferhalb der Reichweite von Kindern aufbewahren.<br \/>\nWenn es versehentlich in die Augen gelangt, sp\u00fclen Sie es mit viel Wasser aus und suchen Sie ein Krankenhaus auf.<\/p>","protected":false},"excerpt":{"rendered":"<p>Unsere Fabrik bietet OEM\/0DM-Verarbeitungsdienstleistungen an, wir k\u00f6nnen Produkte f\u00fcr Sie ma\u00dfschneidern; Unser MOQ ist niedrig, im Allgemeinen ist die Mindestmenge 1000 Flaschen, die produziert werden k\u00f6nnen; Unsere Produkte sind preiswert, ausgezeichnete Produktqualit\u00e4t, im Einklang mit allen nationalen Gesetzen und Vorschriften und Kundenbed\u00fcrfnissen!<br \/>\nWir bieten au\u00dferdem folgende Dienstleistungen an<br \/>\nGrenz\u00fcberschreitende Quelle<br \/>\nQuelle: Fabrik<br \/>\nMa\u00dfgeschneidert nach Muster<br \/>\nSupport-AnpassungProduktentwicklungMarkenautorisierung<\/p>\n<h2 style=\"text-align: left;\"><strong>Fragen oder Kommentare? <\/strong><\/h2>\n<h2 style=\"text-align: left;\"><strong>wlwer@williamweir.com<\/strong><\/h2>","protected":false},"featured_media":12045,"template":"","meta":{"_uag_custom_page_level_css":"","site-sidebar-layout":"default","site-content-layout":"","ast-site-content-layout":"default","site-content-style":"default","site-sidebar-style":"default","ast-global-header-display":"","ast-banner-title-visibility":"","ast-main-header-display":"","ast-hfb-above-header-display":"","ast-hfb-below-header-display":"","ast-hfb-mobile-header-display":"","site-post-title":"","ast-breadcrumbs-content":"","ast-featured-img":"","footer-sml-layout":"","theme-transparent-header-meta":"default","adv-header-id-meta":"","stick-header-meta":"","header-above-stick-meta":"","header-main-stick-meta":"","header-below-stick-meta":"","astra-migrate-meta-layouts":"set","ast-page-background-enabled":"default","ast-page-background-meta":{"desktop":{"background-color":"","background-image":"","background-repeat":"repeat","background-position":"center center","background-size":"auto","background-attachment":"scroll","background-type":"","background-media":"","overlay-type":"","overlay-color":"","overlay-opacity":"","overlay-gradient":""},"tablet":{"background-color":"","background-image":"","background-repeat":"repeat","background-position":"center center","background-size":"auto","background-attachment":"scroll","background-type":"","background-media":"","overlay-type":"","overlay-color":"","overlay-opacity":"","overlay-gradient":""},"mobile":{"background-color":"","background-image":"","background-repeat":"repeat","background-position":"center center","background-size":"auto","background-attachment":"scroll","background-type":"","background-media":"","overlay-type":"","overlay-color":"","overlay-opacity":"","overlay-gradient":""}},"ast-content-background-meta":{"desktop":{"background-color":"var(--ast-global-color-5)","background-image":"","background-repeat":"repeat","background-position":"center center","background-size":"auto","background-attachment":"scroll","background-type":"","background-media":"","overlay-type":"","overlay-color":"","overlay-opacity":"","overlay-gradient":""},"tablet":{"background-color":"var(--ast-global-color-5)","background-image":"","background-repeat":"repeat","background-position":"center center","background-size":"auto","background-attachment":"scroll","background-type":"","background-media":"","overlay-type":"","overlay-color":"","overlay-opacity":"","overlay-gradient":""},"mobile":{"background-color":"var(--ast-global-color-5)","background-image":"","background-repeat":"repeat","background-position":"center center","background-size":"auto","background-attachment":"scroll","background-type":"","background-media":"","overlay-type":"","overlay-color":"","overlay-opacity":"","overlay-gradient":""}}},"product_brand":[],"product_cat":[74],"product_tag":[141,142],"class_list":{"0":"post-5517","1":"product","2":"type-product","3":"status-publish","4":"has-post-thumbnail","6":"product_cat-household-cleaning-series","7":"product_tag-glass-cleaner","8":"product_tag-oil-film-cleaner","9":"desktop-align-center","10":"tablet-align-left","11":"mobile-align-left","12":"ast-product-gallery-layout-horizontal-slider","13":"ast-product-tabs-layout-horizontal","15":"first","16":"instock","17":"shipping-taxable","18":"product-type-simple"},"aioseo_notices":[],"uagb_featured_image_src":{"full":["https:\/\/williamweir.com\/wp-content\/uploads\/2024\/10\/1-14.jpg",1000,1000,false],"thumbnail":["https:\/\/williamweir.com\/wp-content\/uploads\/2024\/10\/1-14-300x300.jpg",300,300,true],"medium":["https:\/\/williamweir.com\/wp-content\/uploads\/2024\/10\/1-14-600x600.jpg",600,600,true],"medium_large":["https:\/\/williamweir.com\/wp-content\/uploads\/2024\/10\/1-14-768x768.jpg",768,768,true],"large":["https:\/\/williamweir.com\/wp-content\/uploads\/2024\/10\/1-14.jpg",1000,1000,false],"1536x1536":["https:\/\/williamweir.com\/wp-content\/uploads\/2024\/10\/1-14.jpg",1000,1000,false],"2048x2048":["https:\/\/williamweir.com\/wp-content\/uploads\/2024\/10\/1-14.jpg",1000,1000,false],"trp-custom-language-flag":["https:\/\/williamweir.com\/wp-content\/uploads\/2024\/10\/1-14-12x12.jpg",12,12,true],"woocommerce_thumbnail":["https:\/\/williamweir.com\/wp-content\/uploads\/2024\/10\/1-14-600x600.jpg",600,600,true],"woocommerce_single":["https:\/\/williamweir.com\/wp-content\/uploads\/2024\/10\/1-14-600x600.jpg",600,600,true],"woocommerce_gallery_thumbnail":["https:\/\/williamweir.com\/wp-content\/uploads\/2024\/10\/1-14-100x100.jpg",100,100,true]},"uagb_author_info":{"display_name":"wlwer","author_link":"https:\/\/williamweir.com\/de\/author\/"},"uagb_comment_info":0,"uagb_excerpt":"Our factory provides OEM\/0DM processing services, we can tailor products for you; Our MOQis low, generally the minimum quantity is 1000 bottles can be produced; Our products areinexpensive, excellent product quality, in line with any national laws and regulations andcustomerneeds! We also offer the following services Cross-border source Source factory Tailor to sample Support customizationProduct&hellip;","_links":{"self":[{"href":"https:\/\/williamweir.com\/de\/wp-json\/wp\/v2\/product\/5517"}],"collection":[{"href":"https:\/\/williamweir.com\/de\/wp-json\/wp\/v2\/product"}],"about":[{"href":"https:\/\/williamweir.com\/de\/wp-json\/wp\/v2\/types\/product"}],"version-history":[{"count":5,"href":"https:\/\/williamweir.com\/de\/wp-json\/wp\/v2\/product\/5517\/revisions"}],"predecessor-version":[{"id":8231,"href":"https:\/\/williamweir.com\/de\/wp-json\/wp\/v2\/product\/5517\/revisions\/8231"}],"wp:featuredmedia":[{"embeddable":true,"href":"https:\/\/williamweir.com\/de\/wp-json\/wp\/v2\/media\/12045"}],"wp:attachment":[{"href":"https:\/\/williamweir.com\/de\/wp-json\/wp\/v2\/media?parent=5517"}],"wp:term":[{"taxonomy":"product_brand","embeddable":true,"href":"https:\/\/williamweir.com\/de\/wp-json\/wp\/v2\/product_brand?post=5517"},{"taxonomy":"product_cat","embeddable":true,"href":"https:\/\/williamweir.com\/de\/wp-json\/wp\/v2\/product_cat?post=5517"},{"taxonomy":"product_tag","embeddable":true,"href":"https:\/\/williamweir.com\/de\/wp-json\/wp\/v2\/product_tag?post=5517"}],"curies":[{"name":"wp","href":"https:\/\/api.w.org\/{rel}","templated":true}]}}