{"id":5505,"date":"2024-10-31T07:44:37","date_gmt":"2024-10-31T07:44:37","guid":{"rendered":"https:\/\/williamweir.com\/?post_type=product&#038;p=5505"},"modified":"2025-05-24T01:39:04","modified_gmt":"2025-05-24T01:39:04","slug":"wall-de-mildew-agent","status":"publish","type":"product","link":"https:\/\/williamweir.com\/de\/produkt\/wall-de-mildew-agent\/","title":{"rendered":"Wandentschimmelungsmittel"},"content":{"rendered":"<p><strong>Produkt-Code\uff1a0925<\/strong><\/p>\n<p><strong>I. Produkteinf\u00fchrung:<\/strong><\/p>\n<p>Dieses Produkt ist ein hocheffizientes Reinigungsmittel, das speziell f\u00fcr die Entfernung von Wandschimmel entwickelt wurde. Egal, ob es sich um schwarze Flecken oder Schimmel an der Wand handelt, die durch eine feuchte Umgebung verursacht wurden, oder um Schimmel, der sich durch langfristige ungereinigte Reinigung angesammelt hat, er kann effektiv entfernt werden, um die Wand wieder sauber und ordentlich zu machen.<\/p>\n<p><strong>II. Produktmerkmale:<\/strong><\/p>\n<p>Leistungsstarke Schimmelentfernung: Mit einer speziellen Formel zur Schimmelentfernung kann es Schimmel schnell zersetzen, so dass er seine Aktivit\u00e4t verliert und von der Wand abf\u00e4llt.<br \/>\nSicher und umweltfreundlich: Es enth\u00e4lt keine sch\u00e4dlichen Substanzen, ist freundlich f\u00fcr den menschlichen K\u00f6rper und die Umwelt und ist sicher und zuverl\u00e4ssig in der Anwendung.<br \/>\nVielf\u00e4ltig einsetzbar: Geeignet f\u00fcr verschiedene Wandmaterialien, z. B. Latexfarben, Tapeten, Kieselgur usw.<br \/>\nEinfach zu bedienen: Spr\u00fchen Sie den Schimmelentferner einfach auf die verschimmelte Wand und wischen Sie sie nach einer gewissen Wartezeit ab.<\/p>\n<p><strong>III. Verwendungsmethode:<\/strong><\/p>\n<p>Beseitigen Sie zun\u00e4chst den Staub und andere Verschmutzungen an der Wand.<br \/>\nSpr\u00fchen Sie den Wandschimmelentferner gleichm\u00e4\u00dfig in einem Abstand von etwa 15 bis 20 Zentimetern zur Wand.<br \/>\nWarten Sie 10 bis 15 Minuten, damit der Schimmelentferner seine Wirkung voll entfalten kann.<br \/>\nWischen Sie die Wand vorsichtig mit einem sauberen Lappen oder Schwamm ab, um Schimmel und Reste des Schimmelentferners zu entfernen.<br \/>\nBei stark verschimmelten Stellen wiederholen Sie die oben genannten Schritte.<\/p>\n<p><strong>IV. Vorsichtsma\u00dfnahmen:<\/strong><\/p>\n<p>Bitte stellen Sie es an einem Ort auf, der f\u00fcr Kinder nicht leicht erreichbar ist.<br \/>\nVermeiden Sie den Kontakt mit Augen und Haut. Bei versehentlichem Kontakt sofort mit einer gro\u00dfen Menge sauberen Wassers absp\u00fclen.<br \/>\nSorgen Sie bei der Verwendung f\u00fcr eine gute Bel\u00fcftung der R\u00e4ume.<br \/>\nBei W\u00e4nden aus besonderen Materialien oder W\u00e4nden in der N\u00e4he wertvoller Dekorationen empfiehlt es sich, zun\u00e4chst einen Versuch an einer unauff\u00e4lligen Stelle durchzuf\u00fchren.<br \/>\nBitte bewahren Sie es an einem k\u00fchlen und trockenen Ort auf und vermeiden Sie direkte Sonneneinstrahlung.<\/p>","protected":false},"excerpt":{"rendered":"<p>Unsere Fabrik bietet OEM\/ODM-Verarbeitungsdienstleistungen, wir k\u00f6nnen Produkte f\u00fcr Sie ma\u00dfschneidern; Unser MOQ ist niedrig, im Allgemeinen kann die Mindestmenge 1000 Flaschen produziert werden; Unsere Produkte sind preiswert, ausgezeichnete Produktqualit\u00e4t, im Einklang mit allen nationalen Gesetzen und Vorschriften und Kundenbed\u00fcrfnissen!<\/p>\n<h3><strong>\u00a0 \u00a0 \u00a0 Wir bieten au\u00dferdem folgende Dienstleistungen an<\/strong><\/h3>\n<h4><strong><img decoding=\"async\" class=\"emoji\" role=\"img\" draggable=\"false\" src=\"https:\/\/s.w.org\/images\/core\/emoji\/15.0.3\/svg\/2714.svg\" alt=\"\u2714\" \/>\u00a0 Grenz\u00fcberschreitende Quelle\u00a0 \u00a0 \u00a0 \u00a0 \u00a0\u00a0<img decoding=\"async\" class=\"emoji\" role=\"img\" draggable=\"false\" src=\"https:\/\/s.w.org\/images\/core\/emoji\/15.0.3\/svg\/2714.svg\" alt=\"\u2714\" \/>\u00a0 Unterst\u00fctzung der Anpassung<\/strong><\/h4>\n<h4><strong><img decoding=\"async\" class=\"emoji\" role=\"img\" draggable=\"false\" src=\"https:\/\/s.w.org\/images\/core\/emoji\/15.0.3\/svg\/2714.svg\" alt=\"\u2714\" \/>\u00a0 Quelle: Fabrik\u00a0 \u00a0 \u00a0 \u00a0 \u00a0 \u00a0 \u00a0 \u00a0 \u00a0 \u00a0 \u00a0 \u00a0<img decoding=\"async\" class=\"emoji\" role=\"img\" draggable=\"false\" src=\"https:\/\/s.w.org\/images\/core\/emoji\/15.0.3\/svg\/2714.svg\" alt=\"\u2714\" \/>\u00a0 Produktentwicklung<\/strong><\/h4>\n<h4><strong><img decoding=\"async\" class=\"emoji\" role=\"img\" draggable=\"false\" src=\"https:\/\/s.w.org\/images\/core\/emoji\/15.0.3\/svg\/2714.svg\" alt=\"\u2714\" \/>\u00a0 Ma\u00dfgeschneidert nach Muster\u00a0 \u00a0 \u00a0 \u00a0 \u00a0 \u00a0 \u00a0 \u00a0 \u00a0 \u00a0\u00a0<img decoding=\"async\" class=\"emoji\" role=\"img\" draggable=\"false\" src=\"https:\/\/s.w.org\/images\/core\/emoji\/15.0.3\/svg\/2714.svg\" alt=\"\u2714\" \/>\u00a0 Markenberechtigung<\/strong><\/h4>\n<p>&nbsp;<\/p>\n<h2 style=\"text-align: left;\"><strong>Fragen oder Kommentare? <\/strong><\/h2>\n<h2 style=\"text-align: left;\"><strong>wlwer@williamweir.com<\/strong><\/h2>\n<h4><strong>\u00a0<\/strong><\/h4>","protected":false},"featured_media":12104,"template":"","meta":{"_uag_custom_page_level_css":"","site-sidebar-layout":"default","site-content-layout":"","ast-site-content-layout":"default","site-content-style":"default","site-sidebar-style":"default","ast-global-header-display":"","ast-banner-title-visibility":"","ast-main-header-display":"","ast-hfb-above-header-display":"","ast-hfb-below-header-display":"","ast-hfb-mobile-header-display":"","site-post-title":"","ast-breadcrumbs-content":"","ast-featured-img":"","footer-sml-layout":"","theme-transparent-header-meta":"default","adv-header-id-meta":"","stick-header-meta":"","header-above-stick-meta":"","header-main-stick-meta":"","header-below-stick-meta":"","astra-migrate-meta-layouts":"set","ast-page-background-enabled":"default","ast-page-background-meta":{"desktop":{"background-color":"","background-image":"","background-repeat":"repeat","background-position":"center center","background-size":"auto","background-attachment":"scroll","background-type":"","background-media":"","overlay-type":"","overlay-color":"","overlay-opacity":"","overlay-gradient":""},"tablet":{"background-color":"","background-image":"","background-repeat":"repeat","background-position":"center center","background-size":"auto","background-attachment":"scroll","background-type":"","background-media":"","overlay-type":"","overlay-color":"","overlay-opacity":"","overlay-gradient":""},"mobile":{"background-color":"","background-image":"","background-repeat":"repeat","background-position":"center center","background-size":"auto","background-attachment":"scroll","background-type":"","background-media":"","overlay-type":"","overlay-color":"","overlay-opacity":"","overlay-gradient":""}},"ast-content-background-meta":{"desktop":{"background-color":"var(--ast-global-color-5)","background-image":"","background-repeat":"repeat","background-position":"center center","background-size":"auto","background-attachment":"scroll","background-type":"","background-media":"","overlay-type":"","overlay-color":"","overlay-opacity":"","overlay-gradient":""},"tablet":{"background-color":"var(--ast-global-color-5)","background-image":"","background-repeat":"repeat","background-position":"center center","background-size":"auto","background-attachment":"scroll","background-type":"","background-media":"","overlay-type":"","overlay-color":"","overlay-opacity":"","overlay-gradient":""},"mobile":{"background-color":"var(--ast-global-color-5)","background-image":"","background-repeat":"repeat","background-position":"center center","background-size":"auto","background-attachment":"scroll","background-type":"","background-media":"","overlay-type":"","overlay-color":"","overlay-opacity":"","overlay-gradient":""}}},"product_brand":[],"product_cat":[74],"product_tag":[234,196],"class_list":{"0":"post-5505","1":"product","2":"type-product","3":"status-publish","4":"has-post-thumbnail","6":"product_cat-household-cleaning-series","7":"product_tag-mold-remover-spray","8":"product_tag-wall-mold-remover","9":"desktop-align-center","10":"tablet-align-left","11":"mobile-align-left","12":"ast-product-gallery-layout-horizontal-slider","13":"ast-product-tabs-layout-horizontal","15":"first","16":"instock","17":"shipping-taxable","18":"product-type-simple"},"aioseo_notices":[],"uagb_featured_image_src":{"full":["https:\/\/williamweir.com\/wp-content\/uploads\/2024\/10\/1-29.jpg",1000,1000,false],"thumbnail":["https:\/\/williamweir.com\/wp-content\/uploads\/2024\/10\/1-29-300x300.jpg",300,300,true],"medium":["https:\/\/williamweir.com\/wp-content\/uploads\/2024\/10\/1-29-600x600.jpg",600,600,true],"medium_large":["https:\/\/williamweir.com\/wp-content\/uploads\/2024\/10\/1-29-768x768.jpg",768,768,true],"large":["https:\/\/williamweir.com\/wp-content\/uploads\/2024\/10\/1-29.jpg",1000,1000,false],"1536x1536":["https:\/\/williamweir.com\/wp-content\/uploads\/2024\/10\/1-29.jpg",1000,1000,false],"2048x2048":["https:\/\/williamweir.com\/wp-content\/uploads\/2024\/10\/1-29.jpg",1000,1000,false],"trp-custom-language-flag":["https:\/\/williamweir.com\/wp-content\/uploads\/2024\/10\/1-29-12x12.jpg",12,12,true],"woocommerce_thumbnail":["https:\/\/williamweir.com\/wp-content\/uploads\/2024\/10\/1-29-600x600.jpg",600,600,true],"woocommerce_single":["https:\/\/williamweir.com\/wp-content\/uploads\/2024\/10\/1-29-600x600.jpg",600,600,true],"woocommerce_gallery_thumbnail":["https:\/\/williamweir.com\/wp-content\/uploads\/2024\/10\/1-29-100x100.jpg",100,100,true]},"uagb_author_info":{"display_name":"wlwer","author_link":"https:\/\/williamweir.com\/de\/author\/"},"uagb_comment_info":0,"uagb_excerpt":"Our factory provides OEM\/ODM processing services, we can tailor products for you; Our MOQ is low, generally the minimum quantity is 1000 bottles can be produced; Our products are inexpensive, excellent product quality, in line with any national laws and regulations and customer needs! \u00a0 \u00a0 \u00a0 We also offer the following services \u00a0 Cross-border&hellip;","_links":{"self":[{"href":"https:\/\/williamweir.com\/de\/wp-json\/wp\/v2\/product\/5505"}],"collection":[{"href":"https:\/\/williamweir.com\/de\/wp-json\/wp\/v2\/product"}],"about":[{"href":"https:\/\/williamweir.com\/de\/wp-json\/wp\/v2\/types\/product"}],"version-history":[{"count":6,"href":"https:\/\/williamweir.com\/de\/wp-json\/wp\/v2\/product\/5505\/revisions"}],"predecessor-version":[{"id":8235,"href":"https:\/\/williamweir.com\/de\/wp-json\/wp\/v2\/product\/5505\/revisions\/8235"}],"wp:featuredmedia":[{"embeddable":true,"href":"https:\/\/williamweir.com\/de\/wp-json\/wp\/v2\/media\/12104"}],"wp:attachment":[{"href":"https:\/\/williamweir.com\/de\/wp-json\/wp\/v2\/media?parent=5505"}],"wp:term":[{"taxonomy":"product_brand","embeddable":true,"href":"https:\/\/williamweir.com\/de\/wp-json\/wp\/v2\/product_brand?post=5505"},{"taxonomy":"product_cat","embeddable":true,"href":"https:\/\/williamweir.com\/de\/wp-json\/wp\/v2\/product_cat?post=5505"},{"taxonomy":"product_tag","embeddable":true,"href":"https:\/\/williamweir.com\/de\/wp-json\/wp\/v2\/product_tag?post=5505"}],"curies":[{"name":"wp","href":"https:\/\/api.w.org\/{rel}","templated":true}]}}