{"id":5493,"date":"2024-10-31T07:34:19","date_gmt":"2024-10-31T07:34:19","guid":{"rendered":"https:\/\/williamweir.com\/?post_type=product&#038;p=5493"},"modified":"2025-05-24T01:39:33","modified_gmt":"2025-05-24T01:39:33","slug":"refrigerator-cleaner-deodorizer","status":"publish","type":"product","link":"https:\/\/williamweir.com\/de\/produkt\/refrigerator-cleaner-deodorizer\/","title":{"rendered":"K\u00fchlschrankreiniger und Desodorierungsmittel"},"content":{"rendered":"<p><strong>Produkt-Code\uff1a1014<\/strong><\/p>\n<p><strong>I. Produktmerkmale<\/strong><\/p>\n<p>Leistungsstarke Reinigung: Entfernt schnell verschiedene Flecken im K\u00fchlschrank, einschlie\u00dflich \u00d6lflecken, Wasserflecken, Essensreste usw. und verleiht dem K\u00fchlschrank ein neues Aussehen.<br \/>\nDauerhafte Desodorierung: Adsorbiert und zersetzt kontinuierlich Ger\u00fcche, h\u00e4lt die Luft im K\u00fchlschrank frisch und verhindert die Geruchs\u00fcbertragung.<br \/>\nSicher und zuverl\u00e4ssig: Nehmen Sie sichere Zutaten in Lebensmittelqualit\u00e4t, die ungiftig und unsch\u00e4dlich f\u00fcr Menschen und Lebensmittel sind.<br \/>\nBequem in der Anwendung: Spr\u00fchen Sie den Reiniger einfach ins Innere des K\u00fchlschranks und wischen Sie ihn dann mit einem Lappen ab. Es sind keine komplizierten Vorg\u00e4nge erforderlich.<\/p>\n<p><strong>II. Umfang der Anwendung<\/strong><\/p>\n<p>Geeignet f\u00fcr verschiedene Arten von K\u00fchlschr\u00e4nken, einschlie\u00dflich eint\u00fcriger K\u00fchlschr\u00e4nke, zweit\u00fcriger K\u00fchlschr\u00e4nke, Side-by-Side-K\u00fchlschr\u00e4nke usw.<\/p>\n<p><strong>III. Verwendungsmethode<\/strong><\/p>\n<p>Nehmen Sie zun\u00e4chst die Lebensmittel aus dem K\u00fchlschrank und schalten Sie den Strom ab.<br \/>\nSch\u00fctteln Sie den K\u00fchlschrankreiniger gut und spr\u00fchen Sie ihn gleichm\u00e4\u00dfig auf die verschiedenen Oberfl\u00e4chen im Inneren des K\u00fchlschranks, einschlie\u00dflich der Innenwand, der Schubladen, der Ablagen usw.<br \/>\nWarten Sie ein paar Minuten, damit der Reiniger seine Wirkung voll entfalten kann.<br \/>\nWischen Sie das Innere des K\u00fchlschranks mit einem sauberen Lappen oder Schwamm ab, um die Flecken und den Reiniger zu entfernen.<br \/>\nBei hartn\u00e4ckigen Flecken k\u00f6nnen Sie mit einer B\u00fcrste vorsichtig schrubben und dann mit einem Lappen abwischen.<br \/>\n\u00d6ffnen Sie nach der Reinigung die K\u00fchlschrankt\u00fcr und l\u00fcften Sie eine Zeit lang, damit sich der Geruch im K\u00fchlschrank verfl\u00fcchtigt.<\/p>\n<p><strong>IV. Vorsichtsma\u00dfnahmen<\/strong><\/p>\n<p>Ber\u00fchrung mit den Augen und dem Mund vermeiden. Bei versehentlichem Kontakt sofort mit viel Wasser aussp\u00fclen und rechtzeitig einen Arzt aufsuchen.<br \/>\nLegen Sie das Produkt bitte an einen f\u00fcr Kinder unzug\u00e4nglichen Ort, um zu verhindern, dass Kinder es versehentlich essen.<br \/>\nWenn w\u00e4hrend der Anwendung allergische oder andere unangenehme Symptome auf der Haut auftreten, beenden Sie die Anwendung sofort und suchen Sie einen Arzt auf.<br \/>\nVerwenden Sie dieses Produkt nicht in einer Umgebung mit hohen Temperaturen, um Gefahren zu vermeiden.<br \/>\nDas Produkt sollte an einem k\u00fchlen und trockenen Ort gelagert werden, fern von direkter Sonneneinstrahlung und hohen Temperaturen, um seine Leistung und Haltbarkeit nicht zu beeintr\u00e4chtigen.<\/p>","protected":false},"excerpt":{"rendered":"<p>Unsere Fabrik bietet OEM\/ODM-Verarbeitungsdienstleistungen, wir k\u00f6nnen Produkte f\u00fcr Sie ma\u00dfschneidern; Unser MOQ ist niedrig, im Allgemeinen kann die Mindestmenge 1000 Flaschen produziert werden; Unsere Produkte sind preiswert, ausgezeichnete Produktqualit\u00e4t, im Einklang mit allen nationalen Gesetzen und Vorschriften und Kundenbed\u00fcrfnissen!<\/p>\n<h3><strong>\u00a0 \u00a0 \u00a0 Wir bieten au\u00dferdem folgende Dienstleistungen an<\/strong><\/h3>\n<h4><strong><img decoding=\"async\" class=\"emoji\" role=\"img\" draggable=\"false\" src=\"https:\/\/s.w.org\/images\/core\/emoji\/15.0.3\/svg\/2714.svg\" alt=\"\u2714\" \/>\u00a0 Grenz\u00fcberschreitende Quelle\u00a0 \u00a0 \u00a0 \u00a0 \u00a0\u00a0<img decoding=\"async\" class=\"emoji\" role=\"img\" draggable=\"false\" src=\"https:\/\/s.w.org\/images\/core\/emoji\/15.0.3\/svg\/2714.svg\" alt=\"\u2714\" \/>\u00a0 Unterst\u00fctzung der Anpassung<\/strong><\/h4>\n<h4><strong><img decoding=\"async\" class=\"emoji\" role=\"img\" draggable=\"false\" src=\"https:\/\/s.w.org\/images\/core\/emoji\/15.0.3\/svg\/2714.svg\" alt=\"\u2714\" \/>\u00a0 Quelle: Fabrik\u00a0 \u00a0 \u00a0 \u00a0 \u00a0 \u00a0 \u00a0 \u00a0 \u00a0 \u00a0 \u00a0 \u00a0<img decoding=\"async\" class=\"emoji\" role=\"img\" draggable=\"false\" src=\"https:\/\/s.w.org\/images\/core\/emoji\/15.0.3\/svg\/2714.svg\" alt=\"\u2714\" \/>\u00a0 Produktentwicklung<\/strong><\/h4>\n<h4><strong><img decoding=\"async\" class=\"emoji\" role=\"img\" draggable=\"false\" src=\"https:\/\/s.w.org\/images\/core\/emoji\/15.0.3\/svg\/2714.svg\" alt=\"\u2714\" \/>\u00a0 Ma\u00dfgeschneidert nach Muster\u00a0 \u00a0 \u00a0 \u00a0 \u00a0 \u00a0 \u00a0 \u00a0 \u00a0 \u00a0\u00a0<img decoding=\"async\" class=\"emoji\" role=\"img\" draggable=\"false\" src=\"https:\/\/s.w.org\/images\/core\/emoji\/15.0.3\/svg\/2714.svg\" alt=\"\u2714\" \/>\u00a0 Markenberechtigung<\/strong><\/h4>\n<p>&nbsp;<\/p>\n<h2 style=\"text-align: left;\"><strong>Fragen oder Kommentare? <\/strong><\/h2>\n<h2 style=\"text-align: left;\"><strong>wlwer@williamweir.com<\/strong><\/h2>\n<h4><strong>\u00a0<\/strong><\/h4>","protected":false},"featured_media":12049,"template":"","meta":{"_uag_custom_page_level_css":"","site-sidebar-layout":"default","site-content-layout":"","ast-site-content-layout":"default","site-content-style":"default","site-sidebar-style":"default","ast-global-header-display":"","ast-banner-title-visibility":"","ast-main-header-display":"","ast-hfb-above-header-display":"","ast-hfb-below-header-display":"","ast-hfb-mobile-header-display":"","site-post-title":"","ast-breadcrumbs-content":"","ast-featured-img":"","footer-sml-layout":"","theme-transparent-header-meta":"default","adv-header-id-meta":"","stick-header-meta":"","header-above-stick-meta":"","header-main-stick-meta":"","header-below-stick-meta":"","astra-migrate-meta-layouts":"set","ast-page-background-enabled":"default","ast-page-background-meta":{"desktop":{"background-color":"","background-image":"","background-repeat":"repeat","background-position":"center center","background-size":"auto","background-attachment":"scroll","background-type":"","background-media":"","overlay-type":"","overlay-color":"","overlay-opacity":"","overlay-gradient":""},"tablet":{"background-color":"","background-image":"","background-repeat":"repeat","background-position":"center center","background-size":"auto","background-attachment":"scroll","background-type":"","background-media":"","overlay-type":"","overlay-color":"","overlay-opacity":"","overlay-gradient":""},"mobile":{"background-color":"","background-image":"","background-repeat":"repeat","background-position":"center center","background-size":"auto","background-attachment":"scroll","background-type":"","background-media":"","overlay-type":"","overlay-color":"","overlay-opacity":"","overlay-gradient":""}},"ast-content-background-meta":{"desktop":{"background-color":"var(--ast-global-color-5)","background-image":"","background-repeat":"repeat","background-position":"center center","background-size":"auto","background-attachment":"scroll","background-type":"","background-media":"","overlay-type":"","overlay-color":"","overlay-opacity":"","overlay-gradient":""},"tablet":{"background-color":"var(--ast-global-color-5)","background-image":"","background-repeat":"repeat","background-position":"center center","background-size":"auto","background-attachment":"scroll","background-type":"","background-media":"","overlay-type":"","overlay-color":"","overlay-opacity":"","overlay-gradient":""},"mobile":{"background-color":"var(--ast-global-color-5)","background-image":"","background-repeat":"repeat","background-position":"center center","background-size":"auto","background-attachment":"scroll","background-type":"","background-media":"","overlay-type":"","overlay-color":"","overlay-opacity":"","overlay-gradient":""}}},"product_brand":[],"product_cat":[74],"product_tag":[240,239],"class_list":{"0":"post-5493","1":"product","2":"type-product","3":"status-publish","4":"has-post-thumbnail","6":"product_cat-household-cleaning-series","7":"product_tag-microwave-cleaner","8":"product_tag-refrigerator-cleaner-and-deodorizer","9":"desktop-align-center","10":"tablet-align-left","11":"mobile-align-left","12":"ast-product-gallery-layout-horizontal-slider","13":"ast-product-tabs-layout-horizontal","15":"first","16":"instock","17":"shipping-taxable","18":"product-type-simple"},"aioseo_notices":[],"uagb_featured_image_src":{"full":["https:\/\/williamweir.com\/wp-content\/uploads\/2024\/10\/1-15.jpg",1000,1000,false],"thumbnail":["https:\/\/williamweir.com\/wp-content\/uploads\/2024\/10\/1-15-300x300.jpg",300,300,true],"medium":["https:\/\/williamweir.com\/wp-content\/uploads\/2024\/10\/1-15-600x600.jpg",600,600,true],"medium_large":["https:\/\/williamweir.com\/wp-content\/uploads\/2024\/10\/1-15-768x768.jpg",768,768,true],"large":["https:\/\/williamweir.com\/wp-content\/uploads\/2024\/10\/1-15.jpg",1000,1000,false],"1536x1536":["https:\/\/williamweir.com\/wp-content\/uploads\/2024\/10\/1-15.jpg",1000,1000,false],"2048x2048":["https:\/\/williamweir.com\/wp-content\/uploads\/2024\/10\/1-15.jpg",1000,1000,false],"trp-custom-language-flag":["https:\/\/williamweir.com\/wp-content\/uploads\/2024\/10\/1-15-12x12.jpg",12,12,true],"woocommerce_thumbnail":["https:\/\/williamweir.com\/wp-content\/uploads\/2024\/10\/1-15-600x600.jpg",600,600,true],"woocommerce_single":["https:\/\/williamweir.com\/wp-content\/uploads\/2024\/10\/1-15-600x600.jpg",600,600,true],"woocommerce_gallery_thumbnail":["https:\/\/williamweir.com\/wp-content\/uploads\/2024\/10\/1-15-100x100.jpg",100,100,true]},"uagb_author_info":{"display_name":"wlwer","author_link":"https:\/\/williamweir.com\/de\/author\/"},"uagb_comment_info":0,"uagb_excerpt":"Our factory provides OEM\/ODM processing services, we can tailor products for you; Our MOQ is low, generally the minimum quantity is 1000 bottles can be produced; Our products are inexpensive, excellent product quality, in line with any national laws and regulations and customer needs! \u00a0 \u00a0 \u00a0 We also offer the following services \u00a0 Cross-border&hellip;","_links":{"self":[{"href":"https:\/\/williamweir.com\/de\/wp-json\/wp\/v2\/product\/5493"}],"collection":[{"href":"https:\/\/williamweir.com\/de\/wp-json\/wp\/v2\/product"}],"about":[{"href":"https:\/\/williamweir.com\/de\/wp-json\/wp\/v2\/types\/product"}],"version-history":[{"count":5,"href":"https:\/\/williamweir.com\/de\/wp-json\/wp\/v2\/product\/5493\/revisions"}],"predecessor-version":[{"id":8240,"href":"https:\/\/williamweir.com\/de\/wp-json\/wp\/v2\/product\/5493\/revisions\/8240"}],"wp:featuredmedia":[{"embeddable":true,"href":"https:\/\/williamweir.com\/de\/wp-json\/wp\/v2\/media\/12049"}],"wp:attachment":[{"href":"https:\/\/williamweir.com\/de\/wp-json\/wp\/v2\/media?parent=5493"}],"wp:term":[{"taxonomy":"product_brand","embeddable":true,"href":"https:\/\/williamweir.com\/de\/wp-json\/wp\/v2\/product_brand?post=5493"},{"taxonomy":"product_cat","embeddable":true,"href":"https:\/\/williamweir.com\/de\/wp-json\/wp\/v2\/product_cat?post=5493"},{"taxonomy":"product_tag","embeddable":true,"href":"https:\/\/williamweir.com\/de\/wp-json\/wp\/v2\/product_tag?post=5493"}],"curies":[{"name":"wp","href":"https:\/\/api.w.org\/{rel}","templated":true}]}}