{"id":5427,"date":"2024-10-31T06:56:58","date_gmt":"2024-10-31T06:56:58","guid":{"rendered":"https:\/\/williamweir.com\/?post_type=product&#038;p=5427"},"modified":"2025-05-24T01:42:49","modified_gmt":"2025-05-24T01:42:49","slug":"active-enzyme-clothes-oil-remove","status":"publish","type":"product","link":"https:\/\/williamweir.com\/de\/produkt\/active-enzyme-clothes-oil-remove\/","title":{"rendered":"Aktive Enzyme entfernen Kleider\u00f6l"},"content":{"rendered":"<p><strong>Produkt-Code\uff1a1861<\/strong><\/p>\n<p><strong>I. Produktmerkmale<\/strong><\/p>\n<p>Kleider\u00f6l-Entferner K\u00f6nig kann schweres \u00d6l auf Textilien effektiv entfernen. Er wurde speziell entwickelt, um schwer zu entfernende \u00d6lflecken wie tierische und pflanzliche \u00d6le, Suppen\u00f6l, Chili-\u00d6l, \u00d6l aus hei\u00dfen T\u00f6pfen, schwarzes \u00d6l, Kugelschreiber\u00f6l, Farbstiftflecken, Kaugummiflecken usw. auf lokalen Teilen von Stoffen zu entfernen. Es ist sicher, umweltfreundlich und zuverl\u00e4ssig. Au\u00dferdem ist es mild und professionell, besch\u00e4digt die Kleidung nicht und ist bequem und schnell.<br \/>\nProduktbestandteile: Tenside, L\u00f6sungsmittel, Chelatbildner, deionisiertes Wasser usw.<\/p>\n<p><strong>II. Umfang der Nutzung<\/strong><\/p>\n<p>Geeignet zum Waschen von schweren \u00d6lflecken auf verschiedenen farbigen Stoffen wie Baumwolle, Leinen, Seide, Wolle, Daunen, Mischgewebe und Kunstfasern.<\/p>\n<p><strong>III. Verwendungsmethode<\/strong><\/p>\n<p>Halten Sie die \u00f6lverschmutzte Stelle der Kleidung trocken. Tr\u00f6pfeln Sie das Produkt direkt darauf, damit es sich vollst\u00e4ndig vollsaugt. Lassen Sie es 5-10 Minuten einwirken. Reiben Sie die \u00f6lverschmutzte Stelle mit der Hand ab. Wenn das \u00d6l aufschwimmt, mit Wasser aussp\u00fclen. Geben Sie Waschmittel in klares Wasser, lassen Sie es eine Weile einwirken und reiben Sie die \u00f6lverschmutzte Stelle der Kleidung, um den \u00d6lfleck zu entfernen. Bei \u00d6lflecken, die sich nicht auf einmal entfernen lassen, wiederholen Sie die oben genannten Schritte, nachdem die Kleidung getrocknet ist, bis das Ergebnis zufriedenstellend ist.<\/p>\n<p><strong>IV. Vorsichtsma\u00dfnahmen<\/strong><\/p>\n<p>Die Kleidung darf vor der Behandlung nicht nass werden. Bitte stellen Sie sicher, dass sie trocken ist. Es kann nicht auf Pelzkleidung angewendet werden. Nach der Anwendung der unverd\u00fcnnten L\u00f6sung waschen Sie sie bitte innerhalb einer halben Stunde.<br \/>\nBei empfindlicher und leicht ausbleichender Kleidung (wie z.B. 100% reine Baumwolle, seidengef\u00e4rbte Kleidung) oder Kleidung mit Beschichtung, Viskose, bedrucktem Gewebe und Acetatfasergewebe, testen Sie es bitte zuerst an einer unauff\u00e4lligen Stelle. Wenn es nicht verblasst, dann verwenden Sie es.<br \/>\nBei versehentlichem Eindringen in die Augen sofort mit viel klarem Wasser aussp\u00fclen. Bei versehentlichem Verschlucken oder Unwohlsein sofort einen Arzt aufsuchen.<br \/>\nBitte bewahren Sie es au\u00dferhalb der Reichweite von Kindern auf. Halten Sie es von Licht fern und bewahren Sie es luftdicht an einem k\u00fchlen und trockenen Ort auf.<\/p>","protected":false},"excerpt":{"rendered":"<p>Unsere Fabrik bietet OEM\/ODM-Verarbeitungsdienstleistungen, wir k\u00f6nnen Produkte f\u00fcr Sie ma\u00dfschneidern; Unser MOQ ist niedrig, im Allgemeinen kann die Mindestmenge 1000 Flaschen produziert werden; Unsere Produkte sind preiswert, ausgezeichnete Produktqualit\u00e4t, im Einklang mit allen nationalen Gesetzen und Vorschriften und Kundenbed\u00fcrfnissen!<\/p>\n<h3><strong>\u00a0 \u00a0 \u00a0 Wir bieten au\u00dferdem folgende Dienstleistungen an<\/strong><\/h3>\n<h4><strong><img decoding=\"async\" class=\"emoji\" role=\"img\" draggable=\"false\" src=\"https:\/\/s.w.org\/images\/core\/emoji\/15.0.3\/svg\/2714.svg\" alt=\"\u2714\" \/>\u00a0 Grenz\u00fcberschreitende Quelle\u00a0 \u00a0 \u00a0 \u00a0 \u00a0\u00a0<img decoding=\"async\" class=\"emoji\" role=\"img\" draggable=\"false\" src=\"https:\/\/s.w.org\/images\/core\/emoji\/15.0.3\/svg\/2714.svg\" alt=\"\u2714\" \/>\u00a0 Unterst\u00fctzung der Anpassung<\/strong><\/h4>\n<h4><strong><img decoding=\"async\" class=\"emoji\" role=\"img\" draggable=\"false\" src=\"https:\/\/s.w.org\/images\/core\/emoji\/15.0.3\/svg\/2714.svg\" alt=\"\u2714\" \/>\u00a0 Quelle: Fabrik\u00a0 \u00a0 \u00a0 \u00a0 \u00a0 \u00a0 \u00a0 \u00a0 \u00a0 \u00a0 \u00a0 \u00a0<img decoding=\"async\" class=\"emoji\" role=\"img\" draggable=\"false\" src=\"https:\/\/s.w.org\/images\/core\/emoji\/15.0.3\/svg\/2714.svg\" alt=\"\u2714\" \/>\u00a0 Produktentwicklung<\/strong><\/h4>\n<h4><strong><img decoding=\"async\" class=\"emoji\" role=\"img\" draggable=\"false\" src=\"https:\/\/s.w.org\/images\/core\/emoji\/15.0.3\/svg\/2714.svg\" alt=\"\u2714\" \/>\u00a0 Ma\u00dfgeschneidert nach Muster\u00a0 \u00a0 \u00a0 \u00a0 \u00a0 \u00a0 \u00a0 \u00a0 \u00a0 \u00a0\u00a0<img decoding=\"async\" class=\"emoji\" role=\"img\" draggable=\"false\" src=\"https:\/\/s.w.org\/images\/core\/emoji\/15.0.3\/svg\/2714.svg\" alt=\"\u2714\" \/>\u00a0 Markenberechtigung<\/strong><\/h4>\n<p>&nbsp;<\/p>\n<h2 style=\"text-align: left;\"><strong>Fragen oder Kommentare? <\/strong><\/h2>\n<h2 style=\"text-align: left;\"><strong>wlwer@williamweir.com<\/strong><\/h2>\n<h4><strong>\u00a0<\/strong><\/h4>","protected":false},"featured_media":5428,"template":"","meta":{"_uag_custom_page_level_css":"","site-sidebar-layout":"default","site-content-layout":"","ast-site-content-layout":"default","site-content-style":"default","site-sidebar-style":"default","ast-global-header-display":"","ast-banner-title-visibility":"","ast-main-header-display":"","ast-hfb-above-header-display":"","ast-hfb-below-header-display":"","ast-hfb-mobile-header-display":"","site-post-title":"","ast-breadcrumbs-content":"","ast-featured-img":"","footer-sml-layout":"","theme-transparent-header-meta":"default","adv-header-id-meta":"","stick-header-meta":"","header-above-stick-meta":"","header-main-stick-meta":"","header-below-stick-meta":"","astra-migrate-meta-layouts":"set","ast-page-background-enabled":"default","ast-page-background-meta":{"desktop":{"background-color":"","background-image":"","background-repeat":"repeat","background-position":"center center","background-size":"auto","background-attachment":"scroll","background-type":"","background-media":"","overlay-type":"","overlay-color":"","overlay-opacity":"","overlay-gradient":""},"tablet":{"background-color":"","background-image":"","background-repeat":"repeat","background-position":"center center","background-size":"auto","background-attachment":"scroll","background-type":"","background-media":"","overlay-type":"","overlay-color":"","overlay-opacity":"","overlay-gradient":""},"mobile":{"background-color":"","background-image":"","background-repeat":"repeat","background-position":"center center","background-size":"auto","background-attachment":"scroll","background-type":"","background-media":"","overlay-type":"","overlay-color":"","overlay-opacity":"","overlay-gradient":""}},"ast-content-background-meta":{"desktop":{"background-color":"var(--ast-global-color-5)","background-image":"","background-repeat":"repeat","background-position":"center center","background-size":"auto","background-attachment":"scroll","background-type":"","background-media":"","overlay-type":"","overlay-color":"","overlay-opacity":"","overlay-gradient":""},"tablet":{"background-color":"var(--ast-global-color-5)","background-image":"","background-repeat":"repeat","background-position":"center center","background-size":"auto","background-attachment":"scroll","background-type":"","background-media":"","overlay-type":"","overlay-color":"","overlay-opacity":"","overlay-gradient":""},"mobile":{"background-color":"var(--ast-global-color-5)","background-image":"","background-repeat":"repeat","background-position":"center center","background-size":"auto","background-attachment":"scroll","background-type":"","background-media":"","overlay-type":"","overlay-color":"","overlay-opacity":"","overlay-gradient":""}}},"product_brand":[],"product_cat":[76],"product_tag":[260,179],"class_list":{"0":"post-5427","1":"product","2":"type-product","3":"status-publish","4":"has-post-thumbnail","6":"product_cat-laundry-care","7":"product_tag-clothes-grease-stain-cleaner","8":"product_tag-clothes-oil-remover","9":"desktop-align-center","10":"tablet-align-left","11":"mobile-align-left","12":"ast-product-gallery-layout-horizontal-slider","13":"ast-product-gallery-with-no-image","14":"ast-product-tabs-layout-horizontal","16":"first","17":"instock","18":"shipping-taxable","19":"product-type-simple"},"aioseo_notices":[],"uagb_featured_image_src":{"full":["https:\/\/williamweir.com\/wp-content\/uploads\/2024\/10\/9911725.jpeg",705,705,false],"thumbnail":["https:\/\/williamweir.com\/wp-content\/uploads\/2024\/10\/9911725-300x300.jpeg",300,300,true],"medium":["https:\/\/williamweir.com\/wp-content\/uploads\/2024\/10\/9911725-600x600.jpeg",600,600,true],"medium_large":["https:\/\/williamweir.com\/wp-content\/uploads\/2024\/10\/9911725.jpeg",705,705,false],"large":["https:\/\/williamweir.com\/wp-content\/uploads\/2024\/10\/9911725.jpeg",705,705,false],"1536x1536":["https:\/\/williamweir.com\/wp-content\/uploads\/2024\/10\/9911725.jpeg",705,705,false],"2048x2048":["https:\/\/williamweir.com\/wp-content\/uploads\/2024\/10\/9911725.jpeg",705,705,false],"trp-custom-language-flag":["https:\/\/williamweir.com\/wp-content\/uploads\/2024\/10\/9911725-12x12.jpeg",12,12,true],"woocommerce_thumbnail":["https:\/\/williamweir.com\/wp-content\/uploads\/2024\/10\/9911725-600x600.jpeg",600,600,true],"woocommerce_single":["https:\/\/williamweir.com\/wp-content\/uploads\/2024\/10\/9911725-600x600.jpeg",600,600,true],"woocommerce_gallery_thumbnail":["https:\/\/williamweir.com\/wp-content\/uploads\/2024\/10\/9911725-100x100.jpeg",100,100,true]},"uagb_author_info":{"display_name":"wlwer","author_link":"https:\/\/williamweir.com\/de\/author\/"},"uagb_comment_info":0,"uagb_excerpt":"Our factory provides OEM\/ODM processing services, we can tailor products for you; Our MOQ is low, generally the minimum quantity is 1000 bottles can be produced; Our products are inexpensive, excellent product quality, in line with any national laws and regulations and customer needs! \u00a0 \u00a0 \u00a0 We also offer the following services \u00a0 Cross-border&hellip;","_links":{"self":[{"href":"https:\/\/williamweir.com\/de\/wp-json\/wp\/v2\/product\/5427"}],"collection":[{"href":"https:\/\/williamweir.com\/de\/wp-json\/wp\/v2\/product"}],"about":[{"href":"https:\/\/williamweir.com\/de\/wp-json\/wp\/v2\/types\/product"}],"version-history":[{"count":4,"href":"https:\/\/williamweir.com\/de\/wp-json\/wp\/v2\/product\/5427\/revisions"}],"predecessor-version":[{"id":8262,"href":"https:\/\/williamweir.com\/de\/wp-json\/wp\/v2\/product\/5427\/revisions\/8262"}],"wp:featuredmedia":[{"embeddable":true,"href":"https:\/\/williamweir.com\/de\/wp-json\/wp\/v2\/media\/5428"}],"wp:attachment":[{"href":"https:\/\/williamweir.com\/de\/wp-json\/wp\/v2\/media?parent=5427"}],"wp:term":[{"taxonomy":"product_brand","embeddable":true,"href":"https:\/\/williamweir.com\/de\/wp-json\/wp\/v2\/product_brand?post=5427"},{"taxonomy":"product_cat","embeddable":true,"href":"https:\/\/williamweir.com\/de\/wp-json\/wp\/v2\/product_cat?post=5427"},{"taxonomy":"product_tag","embeddable":true,"href":"https:\/\/williamweir.com\/de\/wp-json\/wp\/v2\/product_tag?post=5427"}],"curies":[{"name":"wp","href":"https:\/\/api.w.org\/{rel}","templated":true}]}}