{"id":5418,"date":"2024-10-31T06:52:12","date_gmt":"2024-10-31T06:52:12","guid":{"rendered":"https:\/\/williamweir.com\/?post_type=product&#038;p=5418"},"modified":"2025-05-24T01:43:08","modified_gmt":"2025-05-24T01:43:08","slug":"multi-purpose-foam-cleaner","status":"publish","type":"product","link":"https:\/\/williamweir.com\/de\/produkt\/multi-purpose-foam-cleaner\/","title":{"rendered":"Mehrzweck-Schaumreiniger"},"content":{"rendered":"<p><strong>Produkt-Code\uff1a2059<\/strong><\/p>\n<p><strong>I. Produktmerkmale<\/strong><\/p>\n<p>Anwendbar sowohl auf harten als auch auf weichen Oberfl\u00e4chen: Es ber\u00fccksichtigt die t\u00e4gliche Reinigung verschiedener Flecken auf Stoffoberfl\u00e4chen wie Kleidung, Bettw\u00e4sche, Innenausstattung von Autos und Helmauskleidungen sowie auf harten Oberfl\u00e4chen wie Kunststoffoberfl\u00e4chen im Autoinnenraum und Helmschalen. Er l\u00f6st mehrere Reinigungsprobleme im Innen- und Au\u00dfenbereich, spart Sorgen und ist praktisch.<br \/>\nProblemlos mit hartn\u00e4ckigen Flecken fertig werden: Speziell hinzugef\u00fcgte, mehrfache Tenside verbessern die Reinigungsf\u00e4higkeit bei hartn\u00e4ckigen Flecken und helfen, schwer zu reinigende Flecken wie \u00d6lflecken und andere Lebensmittelflecken, Rotweinflecken, Stiftflecken und einige kosmetische Flecken aufzul\u00f6sen und zu entfernen.<br \/>\nKeine Besch\u00e4digung der Materialien und Pflege der H\u00e4nde: Die neutrale Formel auf pflanzlicher Basis besch\u00e4digt die zu reinigenden Materialien nicht. Sie enth\u00e4lt keinen Phosphor, keine k\u00fcnstlichen Farbstoffe, keine fluoreszierenden Bleichmittel und keine anderen Inhaltsstoffe. Sie reizt die Haut nicht. Der Kontakt mit M\u00fcttern, S\u00e4uglingen und Haustieren ist unbedenklich.<\/p>\n<p><strong>II. Gebrauchsanweisung<\/strong><\/p>\n<p>Reinigung von Stoffen\/Textilien: Spr\u00fchen Sie den Schaum direkt auf den Fleck. Wischen Sie mit einem sauberen, nassen Handtuch sanft in eine Richtung, bis der Fleck verschwunden ist. Verwenden Sie dann ein sauberes, trockenes Handtuch\/Tuch, um den restlichen Schaum aufzusaugen. Lassen Sie den Fleck nach der Reinigung an der Luft trocknen oder verwenden Sie zum Trocknen einen Haartrockner im Kaltluftmodus. Bei starken Flecken wiederholen Sie die oben genannten Schritte. Bei abwaschbaren Materialien hat das Absp\u00fclen mit warmem Wasser eine bessere Wirkung.<br \/>\nReinigung harter Oberfl\u00e4chen: Spr\u00fchen Sie den Schaum direkt auf den Fleck und wischen Sie ihn mit einem sauberen, feuchten Handtuch ab. Bei starken Verschmutzungen die oben genannten Schritte wiederholen.<\/p>\n<p><strong>III. Umfang der Anwendung<\/strong><\/p>\n<p>Zur Entfernung von Oberfl\u00e4chenflecken auf Materialien, die nicht leicht ausbleichen und nicht speziell beschichtet sind, wie z. B. Kleidung, Schuhe, Bettw\u00e4sche, Innenausstattung von Autos aus Stoffen, Helmverkleidungen, Kunststoffoberfl\u00e4chen im Autoinnenraum (mit Ausnahme von funktionalen Pr\u00e4zisionsoberfl\u00e4chen wie Armaturenbrettern, zentralen Bedienelementen und Ber\u00fchrungskn\u00f6pfen) und Helmschalen.<\/p>\n<p><strong>IV. Vorsichtsma\u00dfnahmen<\/strong><\/p>\n<p>Aufgrund von Unterschieden bei Stoffen und Materialien sollten Sie bei dunklem Leder, beschichteten Typen, leicht ausbleichenden Materialien und Materialien mit unsicherer Beschaffenheit zun\u00e4chst an einer kleinen Fl\u00e4che an einem versteckten Ort testen. Wenn Sie zufrieden sind, verwenden Sie es. Sollte es versehentlich in die Augen gelangen, sp\u00fclen Sie es sofort mit klarem Wasser aus. Nicht verschlucken. An einem k\u00fchlen und trockenen Ort aufbewahren.<\/p>","protected":false},"excerpt":{"rendered":"<p>Unsere Fabrik bietet OEM\/ODM-Verarbeitungsdienstleistungen, wir k\u00f6nnen Produkte f\u00fcr Sie ma\u00dfschneidern; Unser MOQ ist niedrig, im Allgemeinen kann die Mindestmenge 1000 Flaschen produziert werden; Unsere Produkte sind preiswert, ausgezeichnete Produktqualit\u00e4t, im Einklang mit allen nationalen Gesetzen und Vorschriften und Kundenbed\u00fcrfnissen!<\/p>\n<h3><strong>\u00a0 \u00a0 \u00a0 Wir bieten au\u00dferdem folgende Dienstleistungen an<\/strong><\/h3>\n<h4><strong><img decoding=\"async\" class=\"emoji\" role=\"img\" draggable=\"false\" src=\"https:\/\/s.w.org\/images\/core\/emoji\/15.0.3\/svg\/2714.svg\" alt=\"\u2714\" \/>\u00a0 Grenz\u00fcberschreitende Quelle\u00a0 \u00a0 \u00a0 \u00a0 \u00a0\u00a0<img decoding=\"async\" class=\"emoji\" role=\"img\" draggable=\"false\" src=\"https:\/\/s.w.org\/images\/core\/emoji\/15.0.3\/svg\/2714.svg\" alt=\"\u2714\" \/>\u00a0 Unterst\u00fctzung der Anpassung<\/strong><\/h4>\n<h4><strong><img decoding=\"async\" class=\"emoji\" role=\"img\" draggable=\"false\" src=\"https:\/\/s.w.org\/images\/core\/emoji\/15.0.3\/svg\/2714.svg\" alt=\"\u2714\" \/>\u00a0 Quelle: Fabrik\u00a0 \u00a0 \u00a0 \u00a0 \u00a0 \u00a0 \u00a0 \u00a0 \u00a0 \u00a0 \u00a0 \u00a0<img decoding=\"async\" class=\"emoji\" role=\"img\" draggable=\"false\" src=\"https:\/\/s.w.org\/images\/core\/emoji\/15.0.3\/svg\/2714.svg\" alt=\"\u2714\" \/>\u00a0 Produktentwicklung<\/strong><\/h4>\n<h4><strong><img decoding=\"async\" class=\"emoji\" role=\"img\" draggable=\"false\" src=\"https:\/\/s.w.org\/images\/core\/emoji\/15.0.3\/svg\/2714.svg\" alt=\"\u2714\" \/>\u00a0 Ma\u00dfgeschneidert nach Muster\u00a0 \u00a0 \u00a0 \u00a0 \u00a0 \u00a0 \u00a0 \u00a0 \u00a0 \u00a0\u00a0<img decoding=\"async\" class=\"emoji\" role=\"img\" draggable=\"false\" src=\"https:\/\/s.w.org\/images\/core\/emoji\/15.0.3\/svg\/2714.svg\" alt=\"\u2714\" \/>\u00a0 Markenberechtigung<\/strong><\/h4>\n<p>&nbsp;<\/p>\n<h2 style=\"text-align: left;\"><strong>Fragen oder Kommentare? <\/strong><\/h2>\n<h2 style=\"text-align: left;\"><strong>wlwer@williamweir.com<\/strong><\/h2>\n<h4><strong>\u00a0<\/strong><\/h4>","protected":false},"featured_media":11348,"template":"","meta":{"_uag_custom_page_level_css":"","site-sidebar-layout":"default","site-content-layout":"","ast-site-content-layout":"default","site-content-style":"default","site-sidebar-style":"default","ast-global-header-display":"","ast-banner-title-visibility":"","ast-main-header-display":"","ast-hfb-above-header-display":"","ast-hfb-below-header-display":"","ast-hfb-mobile-header-display":"","site-post-title":"","ast-breadcrumbs-content":"","ast-featured-img":"","footer-sml-layout":"","theme-transparent-header-meta":"default","adv-header-id-meta":"","stick-header-meta":"","header-above-stick-meta":"","header-main-stick-meta":"","header-below-stick-meta":"","astra-migrate-meta-layouts":"set","ast-page-background-enabled":"default","ast-page-background-meta":{"desktop":{"background-color":"","background-image":"","background-repeat":"repeat","background-position":"center center","background-size":"auto","background-attachment":"scroll","background-type":"","background-media":"","overlay-type":"","overlay-color":"","overlay-opacity":"","overlay-gradient":""},"tablet":{"background-color":"","background-image":"","background-repeat":"repeat","background-position":"center center","background-size":"auto","background-attachment":"scroll","background-type":"","background-media":"","overlay-type":"","overlay-color":"","overlay-opacity":"","overlay-gradient":""},"mobile":{"background-color":"","background-image":"","background-repeat":"repeat","background-position":"center center","background-size":"auto","background-attachment":"scroll","background-type":"","background-media":"","overlay-type":"","overlay-color":"","overlay-opacity":"","overlay-gradient":""}},"ast-content-background-meta":{"desktop":{"background-color":"var(--ast-global-color-5)","background-image":"","background-repeat":"repeat","background-position":"center center","background-size":"auto","background-attachment":"scroll","background-type":"","background-media":"","overlay-type":"","overlay-color":"","overlay-opacity":"","overlay-gradient":""},"tablet":{"background-color":"var(--ast-global-color-5)","background-image":"","background-repeat":"repeat","background-position":"center center","background-size":"auto","background-attachment":"scroll","background-type":"","background-media":"","overlay-type":"","overlay-color":"","overlay-opacity":"","overlay-gradient":""},"mobile":{"background-color":"var(--ast-global-color-5)","background-image":"","background-repeat":"repeat","background-position":"center center","background-size":"auto","background-attachment":"scroll","background-type":"","background-media":"","overlay-type":"","overlay-color":"","overlay-opacity":"","overlay-gradient":""}}},"product_brand":[],"product_cat":[70],"product_tag":[139],"class_list":{"0":"post-5418","1":"product","2":"type-product","3":"status-publish","4":"has-post-thumbnail","6":"product_cat-foam-cleaner-series","7":"product_tag-foam-cleaner","8":"desktop-align-center","9":"tablet-align-left","10":"mobile-align-left","11":"ast-product-gallery-layout-horizontal-slider","12":"ast-product-tabs-layout-horizontal","14":"first","15":"instock","16":"shipping-taxable","17":"product-type-simple"},"aioseo_notices":[],"uagb_featured_image_src":{"full":["https:\/\/williamweir.com\/wp-content\/uploads\/2024\/10\/1-3.jpg",1000,1000,false],"thumbnail":["https:\/\/williamweir.com\/wp-content\/uploads\/2024\/10\/1-3-300x300.jpg",300,300,true],"medium":["https:\/\/williamweir.com\/wp-content\/uploads\/2024\/10\/1-3-600x600.jpg",600,600,true],"medium_large":["https:\/\/williamweir.com\/wp-content\/uploads\/2024\/10\/1-3-768x768.jpg",768,768,true],"large":["https:\/\/williamweir.com\/wp-content\/uploads\/2024\/10\/1-3.jpg",1000,1000,false],"1536x1536":["https:\/\/williamweir.com\/wp-content\/uploads\/2024\/10\/1-3.jpg",1000,1000,false],"2048x2048":["https:\/\/williamweir.com\/wp-content\/uploads\/2024\/10\/1-3.jpg",1000,1000,false],"trp-custom-language-flag":["https:\/\/williamweir.com\/wp-content\/uploads\/2024\/10\/1-3-12x12.jpg",12,12,true],"woocommerce_thumbnail":["https:\/\/williamweir.com\/wp-content\/uploads\/2024\/10\/1-3-600x600.jpg",600,600,true],"woocommerce_single":["https:\/\/williamweir.com\/wp-content\/uploads\/2024\/10\/1-3-600x600.jpg",600,600,true],"woocommerce_gallery_thumbnail":["https:\/\/williamweir.com\/wp-content\/uploads\/2024\/10\/1-3-100x100.jpg",100,100,true]},"uagb_author_info":{"display_name":"wlwer","author_link":"https:\/\/williamweir.com\/de\/author\/"},"uagb_comment_info":0,"uagb_excerpt":"Our factory provides OEM\/ODM processing services, we can tailor products for you; Our MOQ is low, generally the minimum quantity is 1000 bottles can be produced; Our products are inexpensive, excellent product quality, in line with any national laws and regulations and customer needs! \u00a0 \u00a0 \u00a0 We also offer the following services \u00a0 Cross-border&hellip;","_links":{"self":[{"href":"https:\/\/williamweir.com\/de\/wp-json\/wp\/v2\/product\/5418"}],"collection":[{"href":"https:\/\/williamweir.com\/de\/wp-json\/wp\/v2\/product"}],"about":[{"href":"https:\/\/williamweir.com\/de\/wp-json\/wp\/v2\/types\/product"}],"version-history":[{"count":4,"href":"https:\/\/williamweir.com\/de\/wp-json\/wp\/v2\/product\/5418\/revisions"}],"predecessor-version":[{"id":8265,"href":"https:\/\/williamweir.com\/de\/wp-json\/wp\/v2\/product\/5418\/revisions\/8265"}],"wp:featuredmedia":[{"embeddable":true,"href":"https:\/\/williamweir.com\/de\/wp-json\/wp\/v2\/media\/11348"}],"wp:attachment":[{"href":"https:\/\/williamweir.com\/de\/wp-json\/wp\/v2\/media?parent=5418"}],"wp:term":[{"taxonomy":"product_brand","embeddable":true,"href":"https:\/\/williamweir.com\/de\/wp-json\/wp\/v2\/product_brand?post=5418"},{"taxonomy":"product_cat","embeddable":true,"href":"https:\/\/williamweir.com\/de\/wp-json\/wp\/v2\/product_cat?post=5418"},{"taxonomy":"product_tag","embeddable":true,"href":"https:\/\/williamweir.com\/de\/wp-json\/wp\/v2\/product_tag?post=5418"}],"curies":[{"name":"wp","href":"https:\/\/api.w.org\/{rel}","templated":true}]}}