{"id":5415,"date":"2024-10-31T06:50:54","date_gmt":"2024-10-31T06:50:54","guid":{"rendered":"https:\/\/williamweir.com\/?post_type=product&#038;p=5415"},"modified":"2025-05-24T01:43:13","modified_gmt":"2025-05-24T01:43:13","slug":"clothing-oil-stain-dry-cleaning-agent","status":"publish","type":"product","link":"https:\/\/williamweir.com\/de\/produkt\/clothing-oil-stain-dry-cleaning-agent\/","title":{"rendered":"\u00d6lflecken in der Kleidung Trockenreinigungsmittel"},"content":{"rendered":"<p><strong>Produkt-Code\uff1a1410<\/strong><\/p>\n<p><strong>I. Einf\u00fchrung in das Produkt<\/strong><\/p>\n<p>Dieses Produkt hat eine milde Wirkung und ist speziell f\u00fcr das Waschen von \u00d6lflecken auf Stoffen wie reiner Baumwolle und reiner Seide entwickelt worden. Es hat einen frischen Duft und ist nicht reizend. Nach dem Waschen kann es die urspr\u00fcngliche Farbe des Gewebes erhalten. Es hat eine starke Reinigungskraft. Beim Waschen von Wollstoffen entstehen keine P\u00f6lsterchen oder Schrumpfungen. Es beseitigt die statische Elektrizit\u00e4t und macht den Stoff flauschig und elastisch.<\/p>\n<p><strong>II. Produktmerkmale<\/strong><\/p>\n<p>Dieses Produkt enth\u00e4lt eine Pflegeformel mit Dekontaminationsfaktor. Es wurde speziell entwickelt, um kleine Flecken wie \u00d6lflecken, Weinflecken, Grasflecken, Kaffee und Fruchtsaft auf Kleidung zu entfernen. Es ist sicher, umweltfreundlich und zuverl\u00e4ssig. Bei lokalen Flecken auf Daunenjacken, Stoffvorh\u00e4ngen, Sofas usw. ist eine Handw\u00e4sche nicht erforderlich. Einfach aufspr\u00fchen und abwischen, um sie sauber zu machen. Es entfernt Flecken schnell. Es wird regelm\u00e4\u00dfig zur Reinigung von Daunenjacken und Heimtextilien eingesetzt. Es ist mild, professionell, praktisch und schnell.<\/p>\n<p><strong>III. Umfang der Anwendung<\/strong><\/p>\n<p>Es kann zur Entfernung von \u00d6lflecken auf Daunenjacken und verschiedenen Textilgeweben wie Wollstoffen, Chemiefaserstoffen, Wolle, reinen Baumwollstoffen, Seide, Teppichen, Stoffsofas, Vorh\u00e4ngen und anderen Kleidungsst\u00fccken verwendet werden. Dieses Produkt ist ein Produkt zur Entfernung von \u00d6lflecken. Jedes Produkt birgt gewisse Risiken und muss nach Pr\u00fcfung verwendet werden. Verwenden Sie es nicht blindlings, um durch das Produkt verursachte unerw\u00fcnschte Reaktionen zu vermeiden.<\/p>\n<p><strong>IV. Verwendungsmethode<\/strong><\/p>\n<p>Vor Gebrauch gut sch\u00fctteln. Dr\u00fccken Sie den Pumpenkopf, um den Schaum auf die Oberfl\u00e4che des Schmutzes zu pressen. Verwenden Sie eine Schuhb\u00fcrste oder ein Handtuch, um den Schmutz wiederholt abzuschrubben. Nach der Reinigung den restlichen Schaum abwischen.<\/p>\n<p><strong>V. Vorsichtsma\u00dfnahmen<\/strong><\/p>\n<p>Testen Sie es vor der Verwendung an einem versteckten Ort. Wenn es keine nachteiligen Erscheinungen gibt, verwenden Sie es auf einer gro\u00dfen Fl\u00e4che.<br \/>\nVor Gebrauch gut sch\u00fctteln.<br \/>\nBewahren Sie es an einem k\u00fchlen, trockenen und vor Licht gesch\u00fctzten Ort und au\u00dferhalb der Reichweite von Kindern auf. Eine orale Einnahme ist strengstens untersagt.<br \/>\nWenn es versehentlich in die Augen gelangt, sofort mit viel sauberem Wasser aussp\u00fclen. Wenn es versehentlich verschluckt wird, viel Wasser trinken und rechtzeitig einen Arzt aufsuchen.<\/p>","protected":false},"excerpt":{"rendered":"<p>Unsere Fabrik bietet OEM\/ODM-Verarbeitungsdienstleistungen, wir k\u00f6nnen Produkte f\u00fcr Sie ma\u00dfschneidern; Unser MOQ ist niedrig, im Allgemeinen kann die Mindestmenge 1000 Flaschen produziert werden; Unsere Produkte sind preiswert, ausgezeichnete Produktqualit\u00e4t, im Einklang mit allen nationalen Gesetzen und Vorschriften und Kundenbed\u00fcrfnissen!<\/p>\n<h3><strong>\u00a0 \u00a0 \u00a0 Wir bieten au\u00dferdem folgende Dienstleistungen an<\/strong><\/h3>\n<h4><strong><img decoding=\"async\" class=\"emoji\" role=\"img\" draggable=\"false\" src=\"https:\/\/s.w.org\/images\/core\/emoji\/15.0.3\/svg\/2714.svg\" alt=\"\u2714\" \/>\u00a0 Grenz\u00fcberschreitende Quelle\u00a0 \u00a0 \u00a0 \u00a0 \u00a0\u00a0<img decoding=\"async\" class=\"emoji\" role=\"img\" draggable=\"false\" src=\"https:\/\/s.w.org\/images\/core\/emoji\/15.0.3\/svg\/2714.svg\" alt=\"\u2714\" \/>\u00a0 Unterst\u00fctzung der Anpassung<\/strong><\/h4>\n<h4><strong><img decoding=\"async\" class=\"emoji\" role=\"img\" draggable=\"false\" src=\"https:\/\/s.w.org\/images\/core\/emoji\/15.0.3\/svg\/2714.svg\" alt=\"\u2714\" \/>\u00a0 Quelle: Fabrik\u00a0 \u00a0 \u00a0 \u00a0 \u00a0 \u00a0 \u00a0 \u00a0 \u00a0 \u00a0 \u00a0 \u00a0<img decoding=\"async\" class=\"emoji\" role=\"img\" draggable=\"false\" src=\"https:\/\/s.w.org\/images\/core\/emoji\/15.0.3\/svg\/2714.svg\" alt=\"\u2714\" \/>\u00a0 Produktentwicklung<\/strong><\/h4>\n<h4><strong><img decoding=\"async\" class=\"emoji\" role=\"img\" draggable=\"false\" src=\"https:\/\/s.w.org\/images\/core\/emoji\/15.0.3\/svg\/2714.svg\" alt=\"\u2714\" \/>\u00a0 Ma\u00dfgeschneidert nach Muster\u00a0 \u00a0 \u00a0 \u00a0 \u00a0 \u00a0 \u00a0 \u00a0 \u00a0 \u00a0\u00a0<img decoding=\"async\" class=\"emoji\" role=\"img\" draggable=\"false\" src=\"https:\/\/s.w.org\/images\/core\/emoji\/15.0.3\/svg\/2714.svg\" alt=\"\u2714\" \/>\u00a0 Markenberechtigung<\/strong><\/h4>\n<p>&nbsp;<\/p>\n<h2 style=\"text-align: left;\"><strong>Fragen oder Kommentare? <\/strong><\/h2>\n<h2 style=\"text-align: left;\"><strong>wlwer@williamweir.com<\/strong><\/h2>\n<h4><strong>\u00a0<\/strong><\/h4>","protected":false},"featured_media":5416,"template":"","meta":{"_uag_custom_page_level_css":"","site-sidebar-layout":"default","site-content-layout":"","ast-site-content-layout":"default","site-content-style":"default","site-sidebar-style":"default","ast-global-header-display":"","ast-banner-title-visibility":"","ast-main-header-display":"","ast-hfb-above-header-display":"","ast-hfb-below-header-display":"","ast-hfb-mobile-header-display":"","site-post-title":"","ast-breadcrumbs-content":"","ast-featured-img":"","footer-sml-layout":"","theme-transparent-header-meta":"default","adv-header-id-meta":"","stick-header-meta":"","header-above-stick-meta":"","header-main-stick-meta":"","header-below-stick-meta":"","astra-migrate-meta-layouts":"set","ast-page-background-enabled":"default","ast-page-background-meta":{"desktop":{"background-color":"","background-image":"","background-repeat":"repeat","background-position":"center center","background-size":"auto","background-attachment":"scroll","background-type":"","background-media":"","overlay-type":"","overlay-color":"","overlay-opacity":"","overlay-gradient":""},"tablet":{"background-color":"","background-image":"","background-repeat":"repeat","background-position":"center center","background-size":"auto","background-attachment":"scroll","background-type":"","background-media":"","overlay-type":"","overlay-color":"","overlay-opacity":"","overlay-gradient":""},"mobile":{"background-color":"","background-image":"","background-repeat":"repeat","background-position":"center center","background-size":"auto","background-attachment":"scroll","background-type":"","background-media":"","overlay-type":"","overlay-color":"","overlay-opacity":"","overlay-gradient":""}},"ast-content-background-meta":{"desktop":{"background-color":"var(--ast-global-color-5)","background-image":"","background-repeat":"repeat","background-position":"center center","background-size":"auto","background-attachment":"scroll","background-type":"","background-media":"","overlay-type":"","overlay-color":"","overlay-opacity":"","overlay-gradient":""},"tablet":{"background-color":"var(--ast-global-color-5)","background-image":"","background-repeat":"repeat","background-position":"center center","background-size":"auto","background-attachment":"scroll","background-type":"","background-media":"","overlay-type":"","overlay-color":"","overlay-opacity":"","overlay-gradient":""},"mobile":{"background-color":"var(--ast-global-color-5)","background-image":"","background-repeat":"repeat","background-position":"center center","background-size":"auto","background-attachment":"scroll","background-type":"","background-media":"","overlay-type":"","overlay-color":"","overlay-opacity":"","overlay-gradient":""}}},"product_brand":[],"product_cat":[70],"product_tag":[179,261],"class_list":{"0":"post-5415","1":"product","2":"type-product","3":"status-publish","4":"has-post-thumbnail","6":"product_cat-foam-cleaner-series","7":"product_tag-clothes-oil-remover","8":"product_tag-clothing-oil-stain-dry-cleaning-agent","9":"desktop-align-center","10":"tablet-align-left","11":"mobile-align-left","12":"ast-product-gallery-layout-horizontal-slider","13":"ast-product-gallery-with-no-image","14":"ast-product-tabs-layout-horizontal","16":"first","17":"instock","18":"shipping-taxable","19":"product-type-simple"},"aioseo_notices":[],"uagb_featured_image_src":{"full":["https:\/\/williamweir.com\/wp-content\/uploads\/2024\/10\/9911737.jpg",800,800,false],"thumbnail":["https:\/\/williamweir.com\/wp-content\/uploads\/2024\/10\/9911737-300x300.jpg",300,300,true],"medium":["https:\/\/williamweir.com\/wp-content\/uploads\/2024\/10\/9911737-600x600.jpg",600,600,true],"medium_large":["https:\/\/williamweir.com\/wp-content\/uploads\/2024\/10\/9911737-768x768.jpg",768,768,true],"large":["https:\/\/williamweir.com\/wp-content\/uploads\/2024\/10\/9911737.jpg",800,800,false],"1536x1536":["https:\/\/williamweir.com\/wp-content\/uploads\/2024\/10\/9911737.jpg",800,800,false],"2048x2048":["https:\/\/williamweir.com\/wp-content\/uploads\/2024\/10\/9911737.jpg",800,800,false],"trp-custom-language-flag":["https:\/\/williamweir.com\/wp-content\/uploads\/2024\/10\/9911737-12x12.jpg",12,12,true],"woocommerce_thumbnail":["https:\/\/williamweir.com\/wp-content\/uploads\/2024\/10\/9911737-600x600.jpg",600,600,true],"woocommerce_single":["https:\/\/williamweir.com\/wp-content\/uploads\/2024\/10\/9911737-600x600.jpg",600,600,true],"woocommerce_gallery_thumbnail":["https:\/\/williamweir.com\/wp-content\/uploads\/2024\/10\/9911737-100x100.jpg",100,100,true]},"uagb_author_info":{"display_name":"wlwer","author_link":"https:\/\/williamweir.com\/de\/author\/"},"uagb_comment_info":0,"uagb_excerpt":"Our factory provides OEM\/ODM processing services, we can tailor products for you; Our MOQ is low, generally the minimum quantity is 1000 bottles can be produced; Our products are inexpensive, excellent product quality, in line with any national laws and regulations and customer needs! \u00a0 \u00a0 \u00a0 We also offer the following services \u00a0 Cross-border&hellip;","_links":{"self":[{"href":"https:\/\/williamweir.com\/de\/wp-json\/wp\/v2\/product\/5415"}],"collection":[{"href":"https:\/\/williamweir.com\/de\/wp-json\/wp\/v2\/product"}],"about":[{"href":"https:\/\/williamweir.com\/de\/wp-json\/wp\/v2\/types\/product"}],"version-history":[{"count":6,"href":"https:\/\/williamweir.com\/de\/wp-json\/wp\/v2\/product\/5415\/revisions"}],"predecessor-version":[{"id":8266,"href":"https:\/\/williamweir.com\/de\/wp-json\/wp\/v2\/product\/5415\/revisions\/8266"}],"wp:featuredmedia":[{"embeddable":true,"href":"https:\/\/williamweir.com\/de\/wp-json\/wp\/v2\/media\/5416"}],"wp:attachment":[{"href":"https:\/\/williamweir.com\/de\/wp-json\/wp\/v2\/media?parent=5415"}],"wp:term":[{"taxonomy":"product_brand","embeddable":true,"href":"https:\/\/williamweir.com\/de\/wp-json\/wp\/v2\/product_brand?post=5415"},{"taxonomy":"product_cat","embeddable":true,"href":"https:\/\/williamweir.com\/de\/wp-json\/wp\/v2\/product_cat?post=5415"},{"taxonomy":"product_tag","embeddable":true,"href":"https:\/\/williamweir.com\/de\/wp-json\/wp\/v2\/product_tag?post=5415"}],"curies":[{"name":"wp","href":"https:\/\/api.w.org\/{rel}","templated":true}]}}