{"id":5403,"date":"2024-10-31T06:44:56","date_gmt":"2024-10-31T06:44:56","guid":{"rendered":"https:\/\/williamweir.com\/?post_type=product&#038;p=5403"},"modified":"2025-05-24T01:43:30","modified_gmt":"2025-05-24T01:43:30","slug":"active-oxygen-shoe-cleaning-powder","status":"publish","type":"product","link":"https:\/\/williamweir.com\/de\/produkt\/active-oxygen-shoe-cleaning-powder\/","title":{"rendered":"Aktivsauerstoff-Schuhreinigungspulver"},"content":{"rendered":"<p><strong>Produkt-Code\uff1a1632<\/strong><\/p>\n<p><strong>I. Einf\u00fchrung in das Produkt<\/strong><\/p>\n<p>Reich an sauerstoffaktivierten Teilchen. Nach dem Aufl\u00f6sen in Wasser wird eine gro\u00dfe Anzahl von aktiven Sauerstoffatomen freigesetzt. Sie bewegen sich mit hoher Geschwindigkeit und zersetzen schnell den organischen Schmutz auf dem Stoff und zerlegen die Flecken in wasserl\u00f6sliche kleine Molek\u00fcle, so dass die Flecken zersetzt, abgesch\u00e4lt und abgel\u00f6st werden. Hartn\u00e4ckige Flecken, Schlamm- und \u00d6lflecken lassen sich damit leicht entfernen und Ihre geliebten Schuhe sch\u00fctzen.<\/p>\n<p><strong>II. Verwendungsmethoden<\/strong><\/p>\n<p>Geben Sie eine entsprechende Menge Seifenblasenpulver im Verh\u00e4ltnis 1:100, f\u00fcgen Sie 40\u2103 warmes Wasser hinzu, um es aufzul\u00f6sen, und f\u00fcgen Sie dann ausreichend klares Wasser hinzu.<br \/>\nLegen Sie die Schuhe ein und lassen Sie sie 30 Minuten lang einweichen, damit die aktiven Sauerstoffkomponenten die Flecken vollst\u00e4ndig aufl\u00f6sen k\u00f6nnen.<br \/>\nVerwenden Sie eine B\u00fcrste, um die Flecken auf den Schuhen abzuschrubben. Nachdem sie sauber sind, lassen Sie sie nat\u00fcrlich trocknen.<\/p>\n<p><strong>III. Umfang der Anwendung<\/strong><\/p>\n<p>Mesh-Schuhe, gestrickte Schuhe, Laufschuhe, kleine wei\u00dfe Schuhe, Turnschuhe, Stoffschuhe, Sportschuhe und andere Schuhe aus Baumwolle, Leinen, Nylon und anderen Stoffen. (Hinweis: Seide, Wolle, Leder, Wildleder und andere nicht waschbare Schuhe).<\/p>\n<p><strong>IV. Vorsichtsma\u00dfnahmen<\/strong><\/p>\n<p>1. dieses Produkt ist nicht zum Verzehr geeignet. Bitte bewahren Sie es an einem k\u00fchlen Ort au\u00dferhalb der Reichweite von Kindern auf.<\/p>\n<p>Wenn es versehentlich in die Augen gelangt oder versehentlich verschluckt wird, sp\u00fclen Sie es mit einer gro\u00dfen Menge sauberen Wassers aus und suchen Sie rechtzeitig einen Arzt auf.<\/p>\n<p>3. stellen Sie bitte sicher, dass das Seifenblasenpulver vollst\u00e4ndig im Wasser aufgel\u00f6st ist. Bei farbigen Schuhen sollte die Einweichzeit nicht l\u00e4nger als 1 Stunde, bei wei\u00dfen Schuhen nicht l\u00e4nger als 6 Stunden betragen.<\/p>\n<p>4. wenn Sie nicht sicher sind, ob die Schuhe verblassen, verwenden Sie dieses Produkt nicht oder testen Sie es an einer unauff\u00e4lligen Stelle.<\/p>","protected":false},"excerpt":{"rendered":"<p>Unsere Fabrik bietet OEM\/ODM-Verarbeitungsdienstleistungen, wir k\u00f6nnen Produkte f\u00fcr Sie ma\u00dfschneidern; Unser MOQ ist niedrig, im Allgemeinen kann die Mindestmenge 1000 Flaschen produziert werden; Unsere Produkte sind preiswert, ausgezeichnete Produktqualit\u00e4t, im Einklang mit allen nationalen Gesetzen und Vorschriften und Kundenbed\u00fcrfnissen!<\/p>\n<h3><strong>\u00a0 \u00a0 \u00a0 Wir bieten au\u00dferdem folgende Dienstleistungen an<\/strong><\/h3>\n<h4><strong><img decoding=\"async\" class=\"emoji\" role=\"img\" draggable=\"false\" src=\"https:\/\/s.w.org\/images\/core\/emoji\/15.0.3\/svg\/2714.svg\" alt=\"\u2714\" \/>\u00a0 Grenz\u00fcberschreitende Quelle\u00a0 \u00a0 \u00a0 \u00a0 \u00a0\u00a0<img decoding=\"async\" class=\"emoji\" role=\"img\" draggable=\"false\" src=\"https:\/\/s.w.org\/images\/core\/emoji\/15.0.3\/svg\/2714.svg\" alt=\"\u2714\" \/>\u00a0 Unterst\u00fctzung der Anpassung<\/strong><\/h4>\n<h4><strong><img decoding=\"async\" class=\"emoji\" role=\"img\" draggable=\"false\" src=\"https:\/\/s.w.org\/images\/core\/emoji\/15.0.3\/svg\/2714.svg\" alt=\"\u2714\" \/>\u00a0 Quelle: Fabrik\u00a0 \u00a0 \u00a0 \u00a0 \u00a0 \u00a0 \u00a0 \u00a0 \u00a0 \u00a0 \u00a0 \u00a0<img decoding=\"async\" class=\"emoji\" role=\"img\" draggable=\"false\" src=\"https:\/\/s.w.org\/images\/core\/emoji\/15.0.3\/svg\/2714.svg\" alt=\"\u2714\" \/>\u00a0 Produktentwicklung<\/strong><\/h4>\n<h4><strong><img decoding=\"async\" class=\"emoji\" role=\"img\" draggable=\"false\" src=\"https:\/\/s.w.org\/images\/core\/emoji\/15.0.3\/svg\/2714.svg\" alt=\"\u2714\" \/>\u00a0 Ma\u00dfgeschneidert nach Muster\u00a0 \u00a0 \u00a0 \u00a0 \u00a0 \u00a0 \u00a0 \u00a0 \u00a0 \u00a0\u00a0<img decoding=\"async\" class=\"emoji\" role=\"img\" draggable=\"false\" src=\"https:\/\/s.w.org\/images\/core\/emoji\/15.0.3\/svg\/2714.svg\" alt=\"\u2714\" \/>\u00a0 Markenberechtigung<\/strong><\/h4>\n<p>&nbsp;<\/p>\n<h2 style=\"text-align: left;\"><strong>Fragen oder Kommentare? <\/strong><\/h2>\n<h2 style=\"text-align: left;\"><strong>wlwer@williamweir.com<\/strong><\/h2>\n<h4><strong>\u00a0<\/strong><\/h4>","protected":false},"featured_media":5404,"template":"","meta":{"_uag_custom_page_level_css":"","site-sidebar-layout":"default","site-content-layout":"","ast-site-content-layout":"default","site-content-style":"default","site-sidebar-style":"default","ast-global-header-display":"","ast-banner-title-visibility":"","ast-main-header-display":"","ast-hfb-above-header-display":"","ast-hfb-below-header-display":"","ast-hfb-mobile-header-display":"","site-post-title":"","ast-breadcrumbs-content":"","ast-featured-img":"","footer-sml-layout":"","theme-transparent-header-meta":"default","adv-header-id-meta":"","stick-header-meta":"","header-above-stick-meta":"","header-main-stick-meta":"","header-below-stick-meta":"","astra-migrate-meta-layouts":"set","ast-page-background-enabled":"default","ast-page-background-meta":{"desktop":{"background-color":"","background-image":"","background-repeat":"repeat","background-position":"center center","background-size":"auto","background-attachment":"scroll","background-type":"","background-media":"","overlay-type":"","overlay-color":"","overlay-opacity":"","overlay-gradient":""},"tablet":{"background-color":"","background-image":"","background-repeat":"repeat","background-position":"center center","background-size":"auto","background-attachment":"scroll","background-type":"","background-media":"","overlay-type":"","overlay-color":"","overlay-opacity":"","overlay-gradient":""},"mobile":{"background-color":"","background-image":"","background-repeat":"repeat","background-position":"center center","background-size":"auto","background-attachment":"scroll","background-type":"","background-media":"","overlay-type":"","overlay-color":"","overlay-opacity":"","overlay-gradient":""}},"ast-content-background-meta":{"desktop":{"background-color":"var(--ast-global-color-5)","background-image":"","background-repeat":"repeat","background-position":"center center","background-size":"auto","background-attachment":"scroll","background-type":"","background-media":"","overlay-type":"","overlay-color":"","overlay-opacity":"","overlay-gradient":""},"tablet":{"background-color":"var(--ast-global-color-5)","background-image":"","background-repeat":"repeat","background-position":"center center","background-size":"auto","background-attachment":"scroll","background-type":"","background-media":"","overlay-type":"","overlay-color":"","overlay-opacity":"","overlay-gradient":""},"mobile":{"background-color":"var(--ast-global-color-5)","background-image":"","background-repeat":"repeat","background-position":"center center","background-size":"auto","background-attachment":"scroll","background-type":"","background-media":"","overlay-type":"","overlay-color":"","overlay-opacity":"","overlay-gradient":""}}},"product_brand":[],"product_cat":[74],"product_tag":[264,263],"class_list":{"0":"post-5403","1":"product","2":"type-product","3":"status-publish","4":"has-post-thumbnail","6":"product_cat-household-cleaning-series","7":"product_tag-oxygenated-bleach","8":"product_tag-shoe-soaking-powder","9":"desktop-align-center","10":"tablet-align-left","11":"mobile-align-left","12":"ast-product-gallery-layout-horizontal-slider","13":"ast-product-gallery-with-no-image","14":"ast-product-tabs-layout-horizontal","16":"first","17":"instock","18":"shipping-taxable","19":"product-type-simple"},"aioseo_notices":[],"uagb_featured_image_src":{"full":["https:\/\/williamweir.com\/wp-content\/uploads\/2024\/10\/9911750.jpg",800,800,false],"thumbnail":["https:\/\/williamweir.com\/wp-content\/uploads\/2024\/10\/9911750-300x300.jpg",300,300,true],"medium":["https:\/\/williamweir.com\/wp-content\/uploads\/2024\/10\/9911750-600x600.jpg",600,600,true],"medium_large":["https:\/\/williamweir.com\/wp-content\/uploads\/2024\/10\/9911750-768x768.jpg",768,768,true],"large":["https:\/\/williamweir.com\/wp-content\/uploads\/2024\/10\/9911750.jpg",800,800,false],"1536x1536":["https:\/\/williamweir.com\/wp-content\/uploads\/2024\/10\/9911750.jpg",800,800,false],"2048x2048":["https:\/\/williamweir.com\/wp-content\/uploads\/2024\/10\/9911750.jpg",800,800,false],"trp-custom-language-flag":["https:\/\/williamweir.com\/wp-content\/uploads\/2024\/10\/9911750-12x12.jpg",12,12,true],"woocommerce_thumbnail":["https:\/\/williamweir.com\/wp-content\/uploads\/2024\/10\/9911750-600x600.jpg",600,600,true],"woocommerce_single":["https:\/\/williamweir.com\/wp-content\/uploads\/2024\/10\/9911750-600x600.jpg",600,600,true],"woocommerce_gallery_thumbnail":["https:\/\/williamweir.com\/wp-content\/uploads\/2024\/10\/9911750-100x100.jpg",100,100,true]},"uagb_author_info":{"display_name":"wlwer","author_link":"https:\/\/williamweir.com\/de\/author\/"},"uagb_comment_info":0,"uagb_excerpt":"Our factory provides OEM\/ODM processing services, we can tailor products for you; Our MOQ is low, generally the minimum quantity is 1000 bottles can be produced; Our products are inexpensive, excellent product quality, in line with any national laws and regulations and customer needs! \u00a0 \u00a0 \u00a0 We also offer the following services \u00a0 Cross-border&hellip;","_links":{"self":[{"href":"https:\/\/williamweir.com\/de\/wp-json\/wp\/v2\/product\/5403"}],"collection":[{"href":"https:\/\/williamweir.com\/de\/wp-json\/wp\/v2\/product"}],"about":[{"href":"https:\/\/williamweir.com\/de\/wp-json\/wp\/v2\/types\/product"}],"version-history":[{"count":4,"href":"https:\/\/williamweir.com\/de\/wp-json\/wp\/v2\/product\/5403\/revisions"}],"predecessor-version":[{"id":8269,"href":"https:\/\/williamweir.com\/de\/wp-json\/wp\/v2\/product\/5403\/revisions\/8269"}],"wp:featuredmedia":[{"embeddable":true,"href":"https:\/\/williamweir.com\/de\/wp-json\/wp\/v2\/media\/5404"}],"wp:attachment":[{"href":"https:\/\/williamweir.com\/de\/wp-json\/wp\/v2\/media?parent=5403"}],"wp:term":[{"taxonomy":"product_brand","embeddable":true,"href":"https:\/\/williamweir.com\/de\/wp-json\/wp\/v2\/product_brand?post=5403"},{"taxonomy":"product_cat","embeddable":true,"href":"https:\/\/williamweir.com\/de\/wp-json\/wp\/v2\/product_cat?post=5403"},{"taxonomy":"product_tag","embeddable":true,"href":"https:\/\/williamweir.com\/de\/wp-json\/wp\/v2\/product_tag?post=5403"}],"curies":[{"name":"wp","href":"https:\/\/api.w.org\/{rel}","templated":true}]}}