{"id":5393,"date":"2024-10-31T06:36:31","date_gmt":"2024-10-31T06:36:31","guid":{"rendered":"https:\/\/williamweir.com\/?post_type=product&#038;p=5393"},"modified":"2025-05-24T01:43:47","modified_gmt":"2025-05-24T01:43:47","slug":"oil-stain-cleaning-powder","status":"publish","type":"product","link":"https:\/\/williamweir.com\/de\/produkt\/oil-stain-cleaning-powder\/","title":{"rendered":"\u00d6lflecken-Reinigungspulver"},"content":{"rendered":"<p><strong>Produkt-Code\uff1a2691<\/strong><\/p>\n<p><strong>I. Einf\u00fchrung in das Produkt<\/strong><\/p>\n<p>Dieses Produkt ist ein leistungsstarkes Reinigungsmittel zur Entfernung von Flecken. Es ist speziell f\u00fcr schwere \u00d6lflecken in K\u00fcchen und Maschinenfabriken geeignet. Es kann verschiedene hartn\u00e4ckige \u00d6lflecken schnell zersetzen und entfernen und die gereinigte Oberfl\u00e4che wieder sauber machen.<\/p>\n<p><strong>II. Produktmerkmale<\/strong><\/p>\n<p>Leistungsstarke Dekontaminationsf\u00e4higkeit: Reich an hochwirksamen Dekontaminationsbestandteilen, kann es schnell in die \u00d6lflecken eindringen und die \u00d6lflecken in kleine Molek\u00fcle zersetzen, wodurch schwere \u00d6lflecken, die sich \u00fcber einen langen Zeitraum angesammelt haben, wie z. B. auf den Oberfl\u00e4chen von \u00d6fen, Dunstabzugshauben und Abluftventilatoren, leicht entfernt werden k\u00f6nnen.<br \/>\nBreite Anwendbarkeit: Geeignet f\u00fcr die Reinigung von \u00d6lflecken auf den Oberfl\u00e4chen verschiedener Materialien, einschlie\u00dflich Edelstahl, Fliesen, Glas, Kunststoff usw., ohne Korrosion oder Sch\u00e4den an der gereinigten Oberfl\u00e4che zu verursachen.<br \/>\nTiefenreinigung: Es kann nicht nur oberfl\u00e4chliche \u00d6lflecken entfernen, sondern auch \u00d6lflecken in Ritzen und Ecken tief reinigen, um eine gr\u00fcndliche Reinigung zu gew\u00e4hrleisten.<br \/>\nLeicht abzusp\u00fclen: Nach der Reinigung gen\u00fcgt es, mit klarem Wasser nachzusp\u00fclen, um die \u00d6lflecken und das restliche Reinigungspulver vollst\u00e4ndig zu entfernen, ohne Spuren zu hinterlassen.<\/p>\n<p><strong>III. Verwendungsmethoden<\/strong><\/p>\n<p>Geben Sie je nach Grad der Verschmutzung eine angemessene Menge des Reinigungspulvers f\u00fcr schwere \u00d6lflecken in einen Beh\u00e4lter, f\u00fcgen Sie eine angemessene Menge warmes Wasser hinzu und r\u00fchren Sie gleichm\u00e4\u00dfig um, um eine Reinigungsl\u00f6sung zu erhalten.<br \/>\nTragen Sie die Reinigungsl\u00f6sung auf die \u00f6lverschmutzte Oberfl\u00e4che auf oder spr\u00fchen Sie sie auf, um sicherzustellen, dass die \u00d6lflecken vollst\u00e4ndig mit der Reinigungsl\u00f6sung in Kontakt sind.<br \/>\nBei starken \u00d6lflecken lassen Sie die Reinigungsl\u00f6sung 5 bis 10 Minuten auf der Oberfl\u00e4che einwirken, damit sich die \u00d6lflecken vollst\u00e4ndig zersetzen.<br \/>\nVerwenden Sie Hilfsmittel wie B\u00fcrsten, Lappen oder Schw\u00e4mme, um die \u00f6lverschmutzte Oberfl\u00e4che abzuwischen, bis die \u00d6lflecken vollst\u00e4ndig entfernt sind.<br \/>\nSp\u00fclen Sie abschlie\u00dfend die gereinigte Oberfl\u00e4che mit klarem Wasser ab, um sicherzustellen, dass keine Reste der Reinigungsl\u00f6sung oder \u00d6lflecken zur\u00fcckbleiben.<\/p>\n<p><strong>IV. Vorsichtsma\u00dfnahmen<\/strong><\/p>\n<p>Es wird empfohlen, bei der Anwendung Handschuhe zu tragen, um den direkten Kontakt des Reinigungspulvers mit der Haut zu vermeiden.<br \/>\nVermeiden Sie den Kontakt mit den Augen. Wenn es versehentlich in die Augen gelangt, sofort mit viel sauberem Wasser aussp\u00fclen und rechtzeitig einen Arzt aufsuchen.<br \/>\nBitte stellen Sie das Produkt an einem Ort auf, an dem es f\u00fcr Kinder unerreichbar ist.<br \/>\nAn einem k\u00fchlen und trockenen Ort lagern, um Feuchtigkeit zu vermeiden.<\/p>","protected":false},"excerpt":{"rendered":"<p>Unsere Fabrik bietet OEM\/ODM-Verarbeitungsdienstleistungen, wir k\u00f6nnen Produkte f\u00fcr Sie ma\u00dfschneidern; Unser MOQ ist niedrig, im Allgemeinen kann die Mindestmenge 1000 Flaschen produziert werden; Unsere Produkte sind preiswert, ausgezeichnete Produktqualit\u00e4t, im Einklang mit allen nationalen Gesetzen und Vorschriften und Kundenbed\u00fcrfnissen!<\/p>\n<h3><strong>\u00a0 \u00a0 \u00a0 Wir bieten au\u00dferdem folgende Dienstleistungen an<\/strong><\/h3>\n<h4><strong><img decoding=\"async\" class=\"emoji\" role=\"img\" draggable=\"false\" src=\"https:\/\/s.w.org\/images\/core\/emoji\/15.0.3\/svg\/2714.svg\" alt=\"\u2714\" \/>\u00a0 Grenz\u00fcberschreitende Quelle\u00a0 \u00a0 \u00a0 \u00a0 \u00a0\u00a0<img decoding=\"async\" class=\"emoji\" role=\"img\" draggable=\"false\" src=\"https:\/\/s.w.org\/images\/core\/emoji\/15.0.3\/svg\/2714.svg\" alt=\"\u2714\" \/>\u00a0 Unterst\u00fctzung der Anpassung<\/strong><\/h4>\n<h4><strong><img decoding=\"async\" class=\"emoji\" role=\"img\" draggable=\"false\" src=\"https:\/\/s.w.org\/images\/core\/emoji\/15.0.3\/svg\/2714.svg\" alt=\"\u2714\" \/>\u00a0 Quelle: Fabrik\u00a0 \u00a0 \u00a0 \u00a0 \u00a0 \u00a0 \u00a0 \u00a0 \u00a0 \u00a0 \u00a0 \u00a0<img decoding=\"async\" class=\"emoji\" role=\"img\" draggable=\"false\" src=\"https:\/\/s.w.org\/images\/core\/emoji\/15.0.3\/svg\/2714.svg\" alt=\"\u2714\" \/>\u00a0 Produktentwicklung<\/strong><\/h4>\n<h4><strong><img decoding=\"async\" class=\"emoji\" role=\"img\" draggable=\"false\" src=\"https:\/\/s.w.org\/images\/core\/emoji\/15.0.3\/svg\/2714.svg\" alt=\"\u2714\" \/>\u00a0 Ma\u00dfgeschneidert nach Muster\u00a0 \u00a0 \u00a0 \u00a0 \u00a0 \u00a0 \u00a0 \u00a0 \u00a0 \u00a0\u00a0<img decoding=\"async\" class=\"emoji\" role=\"img\" draggable=\"false\" src=\"https:\/\/s.w.org\/images\/core\/emoji\/15.0.3\/svg\/2714.svg\" alt=\"\u2714\" \/>\u00a0 Markenberechtigung<\/strong><\/h4>\n<p>&nbsp;<\/p>\n<h2 style=\"text-align: left;\"><strong>Fragen oder Kommentare? <\/strong><\/h2>\n<h2 style=\"text-align: left;\"><strong>wlwer@williamweir.com<\/strong><\/h2>\n<p>&nbsp;<\/p>","protected":false},"featured_media":5396,"template":"","meta":{"_uag_custom_page_level_css":"","site-sidebar-layout":"default","site-content-layout":"","ast-site-content-layout":"default","site-content-style":"default","site-sidebar-style":"default","ast-global-header-display":"","ast-banner-title-visibility":"","ast-main-header-display":"","ast-hfb-above-header-display":"","ast-hfb-below-header-display":"","ast-hfb-mobile-header-display":"","site-post-title":"","ast-breadcrumbs-content":"","ast-featured-img":"","footer-sml-layout":"","theme-transparent-header-meta":"default","adv-header-id-meta":"","stick-header-meta":"","header-above-stick-meta":"","header-main-stick-meta":"","header-below-stick-meta":"","astra-migrate-meta-layouts":"set","ast-page-background-enabled":"default","ast-page-background-meta":{"desktop":{"background-color":"","background-image":"","background-repeat":"repeat","background-position":"center center","background-size":"auto","background-attachment":"scroll","background-type":"","background-media":"","overlay-type":"","overlay-color":"","overlay-opacity":"","overlay-gradient":""},"tablet":{"background-color":"","background-image":"","background-repeat":"repeat","background-position":"center center","background-size":"auto","background-attachment":"scroll","background-type":"","background-media":"","overlay-type":"","overlay-color":"","overlay-opacity":"","overlay-gradient":""},"mobile":{"background-color":"","background-image":"","background-repeat":"repeat","background-position":"center center","background-size":"auto","background-attachment":"scroll","background-type":"","background-media":"","overlay-type":"","overlay-color":"","overlay-opacity":"","overlay-gradient":""}},"ast-content-background-meta":{"desktop":{"background-color":"var(--ast-global-color-5)","background-image":"","background-repeat":"repeat","background-position":"center center","background-size":"auto","background-attachment":"scroll","background-type":"","background-media":"","overlay-type":"","overlay-color":"","overlay-opacity":"","overlay-gradient":""},"tablet":{"background-color":"var(--ast-global-color-5)","background-image":"","background-repeat":"repeat","background-position":"center center","background-size":"auto","background-attachment":"scroll","background-type":"","background-media":"","overlay-type":"","overlay-color":"","overlay-opacity":"","overlay-gradient":""},"mobile":{"background-color":"var(--ast-global-color-5)","background-image":"","background-repeat":"repeat","background-position":"center center","background-size":"auto","background-attachment":"scroll","background-type":"","background-media":"","overlay-type":"","overlay-color":"","overlay-opacity":"","overlay-gradient":""}}},"product_brand":[],"product_cat":[74],"product_tag":[267,266],"class_list":{"0":"post-5393","1":"product","2":"type-product","3":"status-publish","4":"has-post-thumbnail","6":"product_cat-household-cleaning-series","7":"product_tag-heavy-oil-cleaning-agent","8":"product_tag-oil-cleaning-powder","9":"desktop-align-center","10":"tablet-align-left","11":"mobile-align-left","12":"ast-product-gallery-layout-horizontal-slider","13":"ast-product-gallery-with-no-image","14":"ast-product-tabs-layout-horizontal","16":"first","17":"instock","18":"shipping-taxable","19":"product-type-simple"},"aioseo_notices":[],"uagb_featured_image_src":{"full":["https:\/\/williamweir.com\/wp-content\/uploads\/2024\/10\/\u4e3b\u56fe-1-2.jpg",800,800,false],"thumbnail":["https:\/\/williamweir.com\/wp-content\/uploads\/2024\/10\/\u4e3b\u56fe-1-2-300x300.jpg",300,300,true],"medium":["https:\/\/williamweir.com\/wp-content\/uploads\/2024\/10\/\u4e3b\u56fe-1-2-600x600.jpg",600,600,true],"medium_large":["https:\/\/williamweir.com\/wp-content\/uploads\/2024\/10\/\u4e3b\u56fe-1-2-768x768.jpg",768,768,true],"large":["https:\/\/williamweir.com\/wp-content\/uploads\/2024\/10\/\u4e3b\u56fe-1-2.jpg",800,800,false],"1536x1536":["https:\/\/williamweir.com\/wp-content\/uploads\/2024\/10\/\u4e3b\u56fe-1-2.jpg",800,800,false],"2048x2048":["https:\/\/williamweir.com\/wp-content\/uploads\/2024\/10\/\u4e3b\u56fe-1-2.jpg",800,800,false],"trp-custom-language-flag":["https:\/\/williamweir.com\/wp-content\/uploads\/2024\/10\/\u4e3b\u56fe-1-2-12x12.jpg",12,12,true],"woocommerce_thumbnail":["https:\/\/williamweir.com\/wp-content\/uploads\/2024\/10\/\u4e3b\u56fe-1-2-600x600.jpg",600,600,true],"woocommerce_single":["https:\/\/williamweir.com\/wp-content\/uploads\/2024\/10\/\u4e3b\u56fe-1-2-600x600.jpg",600,600,true],"woocommerce_gallery_thumbnail":["https:\/\/williamweir.com\/wp-content\/uploads\/2024\/10\/\u4e3b\u56fe-1-2-100x100.jpg",100,100,true]},"uagb_author_info":{"display_name":"wlwer","author_link":"https:\/\/williamweir.com\/de\/author\/"},"uagb_comment_info":0,"uagb_excerpt":"Our factory provides OEM\/ODM processing services, we can tailor products for you; Our MOQ is low, generally the minimum quantity is 1000 bottles can be produced; Our products are inexpensive, excellent product quality, in line with any national laws and regulations and customer needs! \u00a0 \u00a0 \u00a0 We also offer the following services \u00a0 Cross-border&hellip;","_links":{"self":[{"href":"https:\/\/williamweir.com\/de\/wp-json\/wp\/v2\/product\/5393"}],"collection":[{"href":"https:\/\/williamweir.com\/de\/wp-json\/wp\/v2\/product"}],"about":[{"href":"https:\/\/williamweir.com\/de\/wp-json\/wp\/v2\/types\/product"}],"version-history":[{"count":5,"href":"https:\/\/williamweir.com\/de\/wp-json\/wp\/v2\/product\/5393\/revisions"}],"predecessor-version":[{"id":8272,"href":"https:\/\/williamweir.com\/de\/wp-json\/wp\/v2\/product\/5393\/revisions\/8272"}],"wp:featuredmedia":[{"embeddable":true,"href":"https:\/\/williamweir.com\/de\/wp-json\/wp\/v2\/media\/5396"}],"wp:attachment":[{"href":"https:\/\/williamweir.com\/de\/wp-json\/wp\/v2\/media?parent=5393"}],"wp:term":[{"taxonomy":"product_brand","embeddable":true,"href":"https:\/\/williamweir.com\/de\/wp-json\/wp\/v2\/product_brand?post=5393"},{"taxonomy":"product_cat","embeddable":true,"href":"https:\/\/williamweir.com\/de\/wp-json\/wp\/v2\/product_cat?post=5393"},{"taxonomy":"product_tag","embeddable":true,"href":"https:\/\/williamweir.com\/de\/wp-json\/wp\/v2\/product_tag?post=5393"}],"curies":[{"name":"wp","href":"https:\/\/api.w.org\/{rel}","templated":true}]}}