{"id":5390,"date":"2024-10-31T06:32:40","date_gmt":"2024-10-31T06:32:40","guid":{"rendered":"https:\/\/williamweir.com\/?post_type=product&#038;p=5390"},"modified":"2025-05-24T01:44:48","modified_gmt":"2025-05-24T01:44:48","slug":"cashmere-silk-laundry-detergent","status":"publish","type":"product","link":"https:\/\/williamweir.com\/de\/produkt\/cashmere-silk-laundry-detergent\/","title":{"rendered":"Waschmittel f\u00fcr Kaschmir-Seide"},"content":{"rendered":"<p><strong>Produkt-Code\uff1a2042<\/strong><\/p>\n<p><strong>I. Einf\u00fchrung in das Produkt<\/strong><\/p>\n<p>Dieses Produkt ist ein hochwertiges Waschmittel, das speziell f\u00fcr wertvolle Kaschmir- und Seidenstoffe entwickelt wurde. Mit einer milden Formel und hochwertigen Rohstoffen pflegt es Ihre Kaschmir- und Seidenkleidung sorgf\u00e4ltig und h\u00e4lt sie stets weich, glatt und gl\u00e4nzend.<\/p>\n<p><strong>II. Produktmerkmale<\/strong><\/p>\n<p>Sanfte Reinigung: Die Formel ist mild und kann Flecken effektiv entfernen, ohne die Kaschmir- und Seidenfasern zu besch\u00e4digen und die Textur und Farbe der Kleidung zu sch\u00fctzen.<br \/>\nSanfte Pflege: Reich an weichmachenden Inhaltsstoffen, macht es Kaschmir- und Seidenstoffe nach dem Waschen weicher und angenehmer zu tragen.<br \/>\nFarbschutz und Frischeerhaltung: Es kann die Farbe der Kleidung zu sch\u00fctzen, zu verhindern Verblassen, und halten Sie Kleidung immer hell und neu.<br \/>\nEleganter Duft: Es verstr\u00f6mt einen eleganten Duft, so dass Ihre Kleidung nach der Reinigung einen charmanten Geruch verstr\u00f6mt.<\/p>\n<p><strong>III. Umfang der Anwendung<\/strong><\/p>\n<p>Geeignet f\u00fcr empfindliche Materialien wie Kaschmir, Seide, Wolle und Kleidung, Schals, T\u00fccher usw.<\/p>\n<p><strong>IV. Verwendungsmethoden<\/strong><\/p>\n<p>Geben Sie eine angemessene Menge Waschmittel ins Wasser und r\u00fchren Sie gut um.<br \/>\nLegen Sie Kaschmir- oder Seidenkleidung in Wasser und reiben Sie sie sanft ab, ohne dabei zu ziehen oder stark zu schrubben.<br \/>\nNach einer gewissen Einwirkungszeit mit Wasser absp\u00fclen, bis keine Schaumreste mehr vorhanden sind.<br \/>\nDr\u00fccken Sie die Kleidung vorsichtig aus, um \u00fcbersch\u00fcssiges Wasser zu entfernen, und trocknen Sie sie dann flach oder h\u00e4ngen Sie sie zum Trocknen an einem gut bel\u00fcfteten Ort auf.<\/p>\n<p><strong>V. Vorsichtsma\u00dfnahmen<\/strong><\/p>\n<p>Bitte f\u00fchren Sie zun\u00e4chst einen lokalen Test an einer unauff\u00e4lligen Stelle durch. Nachdem Sie sich vergewissert haben, dass es keine unerw\u00fcnschten Reaktionen gibt, f\u00fchren Sie eine gro\u00dffl\u00e4chige Reinigung durch.<br \/>\nVermeiden Sie das Mischen mit anderen Reinigungsmitteln, um die Waschwirkung nicht zu beeintr\u00e4chtigen.<br \/>\nBitte bewahren Sie dieses Produkt an einem k\u00fchlen und trockenen Ort auf und vermeiden Sie direkte Sonneneinstrahlung.<br \/>\nHalten Sie es von Kindern fern, um ein versehentliches Verschlucken zu verhindern.<\/p>","protected":false},"excerpt":{"rendered":"<p>Unsere Fabrik bietet OEM\/ODM-Verarbeitungsdienstleistungen, wir k\u00f6nnen Produkte f\u00fcr Sie ma\u00dfschneidern; Unser MOQ ist niedrig, im Allgemeinen kann die Mindestmenge 1000 Flaschen produziert werden; Unsere Produkte sind preiswert, ausgezeichnete Produktqualit\u00e4t, im Einklang mit allen nationalen Gesetzen und Vorschriften und Kundenbed\u00fcrfnissen!<\/p>\n<h3><strong>\u00a0 \u00a0 \u00a0 Wir bieten au\u00dferdem folgende Dienstleistungen an<\/strong><\/h3>\n<h4><strong><img decoding=\"async\" class=\"emoji\" role=\"img\" draggable=\"false\" src=\"https:\/\/s.w.org\/images\/core\/emoji\/15.0.3\/svg\/2714.svg\" alt=\"\u2714\" \/>\u00a0 Grenz\u00fcberschreitende Quelle\u00a0 \u00a0 \u00a0 \u00a0 \u00a0\u00a0<img decoding=\"async\" class=\"emoji\" role=\"img\" draggable=\"false\" src=\"https:\/\/s.w.org\/images\/core\/emoji\/15.0.3\/svg\/2714.svg\" alt=\"\u2714\" \/>\u00a0 Unterst\u00fctzung der Anpassung<\/strong><\/h4>\n<h4><strong><img decoding=\"async\" class=\"emoji\" role=\"img\" draggable=\"false\" src=\"https:\/\/s.w.org\/images\/core\/emoji\/15.0.3\/svg\/2714.svg\" alt=\"\u2714\" \/>\u00a0 Quelle: Fabrik\u00a0 \u00a0 \u00a0 \u00a0 \u00a0 \u00a0 \u00a0 \u00a0 \u00a0 \u00a0 \u00a0 \u00a0<img decoding=\"async\" class=\"emoji\" role=\"img\" draggable=\"false\" src=\"https:\/\/s.w.org\/images\/core\/emoji\/15.0.3\/svg\/2714.svg\" alt=\"\u2714\" \/>\u00a0 Produktentwicklung<\/strong><\/h4>\n<h4><strong><img decoding=\"async\" class=\"emoji\" role=\"img\" draggable=\"false\" src=\"https:\/\/s.w.org\/images\/core\/emoji\/15.0.3\/svg\/2714.svg\" alt=\"\u2714\" \/>\u00a0 Ma\u00dfgeschneidert nach Muster\u00a0 \u00a0 \u00a0 \u00a0 \u00a0 \u00a0 \u00a0 \u00a0 \u00a0 \u00a0\u00a0<img decoding=\"async\" class=\"emoji\" role=\"img\" draggable=\"false\" src=\"https:\/\/s.w.org\/images\/core\/emoji\/15.0.3\/svg\/2714.svg\" alt=\"\u2714\" \/>\u00a0 Markenberechtigung<\/strong><\/h4>\n<p>&nbsp;<\/p>\n<h2 style=\"text-align: left;\"><strong>Fragen oder Kommentare? <\/strong><\/h2>\n<h2 style=\"text-align: left;\"><strong>wlwer@williamweir.com<\/strong><\/h2>\n<p>&nbsp;<\/p>","protected":false},"featured_media":5391,"template":"","meta":{"_uag_custom_page_level_css":"","site-sidebar-layout":"default","site-content-layout":"","ast-site-content-layout":"default","site-content-style":"default","site-sidebar-style":"default","ast-global-header-display":"","ast-banner-title-visibility":"","ast-main-header-display":"","ast-hfb-above-header-display":"","ast-hfb-below-header-display":"","ast-hfb-mobile-header-display":"","site-post-title":"","ast-breadcrumbs-content":"","ast-featured-img":"","footer-sml-layout":"","theme-transparent-header-meta":"default","adv-header-id-meta":"","stick-header-meta":"","header-above-stick-meta":"","header-main-stick-meta":"","header-below-stick-meta":"","astra-migrate-meta-layouts":"set","ast-page-background-enabled":"default","ast-page-background-meta":{"desktop":{"background-color":"","background-image":"","background-repeat":"repeat","background-position":"center center","background-size":"auto","background-attachment":"scroll","background-type":"","background-media":"","overlay-type":"","overlay-color":"","overlay-opacity":"","overlay-gradient":""},"tablet":{"background-color":"","background-image":"","background-repeat":"repeat","background-position":"center center","background-size":"auto","background-attachment":"scroll","background-type":"","background-media":"","overlay-type":"","overlay-color":"","overlay-opacity":"","overlay-gradient":""},"mobile":{"background-color":"","background-image":"","background-repeat":"repeat","background-position":"center center","background-size":"auto","background-attachment":"scroll","background-type":"","background-media":"","overlay-type":"","overlay-color":"","overlay-opacity":"","overlay-gradient":""}},"ast-content-background-meta":{"desktop":{"background-color":"var(--ast-global-color-5)","background-image":"","background-repeat":"repeat","background-position":"center center","background-size":"auto","background-attachment":"scroll","background-type":"","background-media":"","overlay-type":"","overlay-color":"","overlay-opacity":"","overlay-gradient":""},"tablet":{"background-color":"var(--ast-global-color-5)","background-image":"","background-repeat":"repeat","background-position":"center center","background-size":"auto","background-attachment":"scroll","background-type":"","background-media":"","overlay-type":"","overlay-color":"","overlay-opacity":"","overlay-gradient":""},"mobile":{"background-color":"var(--ast-global-color-5)","background-image":"","background-repeat":"repeat","background-position":"center center","background-size":"auto","background-attachment":"scroll","background-type":"","background-media":"","overlay-type":"","overlay-color":"","overlay-opacity":"","overlay-gradient":""}}},"product_brand":[],"product_cat":[76],"product_tag":[268,189],"class_list":{"0":"post-5390","1":"product","2":"type-product","3":"status-publish","4":"has-post-thumbnail","6":"product_cat-laundry-care","7":"product_tag-cashmere-silk-laundry-detergent","8":"product_tag-laundry-detergent","9":"desktop-align-center","10":"tablet-align-left","11":"mobile-align-left","12":"ast-product-gallery-layout-horizontal-slider","13":"ast-product-gallery-with-no-image","14":"ast-product-tabs-layout-horizontal","16":"first","17":"instock","18":"shipping-taxable","19":"product-type-simple"},"aioseo_notices":[],"uagb_featured_image_src":{"full":["https:\/\/williamweir.com\/wp-content\/uploads\/2024\/10\/\u4e3b\u56fe5.jpg",800,800,false],"thumbnail":["https:\/\/williamweir.com\/wp-content\/uploads\/2024\/10\/\u4e3b\u56fe5-300x300.jpg",300,300,true],"medium":["https:\/\/williamweir.com\/wp-content\/uploads\/2024\/10\/\u4e3b\u56fe5-600x600.jpg",600,600,true],"medium_large":["https:\/\/williamweir.com\/wp-content\/uploads\/2024\/10\/\u4e3b\u56fe5-768x768.jpg",768,768,true],"large":["https:\/\/williamweir.com\/wp-content\/uploads\/2024\/10\/\u4e3b\u56fe5.jpg",800,800,false],"1536x1536":["https:\/\/williamweir.com\/wp-content\/uploads\/2024\/10\/\u4e3b\u56fe5.jpg",800,800,false],"2048x2048":["https:\/\/williamweir.com\/wp-content\/uploads\/2024\/10\/\u4e3b\u56fe5.jpg",800,800,false],"trp-custom-language-flag":["https:\/\/williamweir.com\/wp-content\/uploads\/2024\/10\/\u4e3b\u56fe5-12x12.jpg",12,12,true],"woocommerce_thumbnail":["https:\/\/williamweir.com\/wp-content\/uploads\/2024\/10\/\u4e3b\u56fe5-600x600.jpg",600,600,true],"woocommerce_single":["https:\/\/williamweir.com\/wp-content\/uploads\/2024\/10\/\u4e3b\u56fe5-600x600.jpg",600,600,true],"woocommerce_gallery_thumbnail":["https:\/\/williamweir.com\/wp-content\/uploads\/2024\/10\/\u4e3b\u56fe5-100x100.jpg",100,100,true]},"uagb_author_info":{"display_name":"wlwer","author_link":"https:\/\/williamweir.com\/de\/author\/"},"uagb_comment_info":0,"uagb_excerpt":"Our factory provides OEM\/ODM processing services, we can tailor products for you; Our MOQ is low, generally the minimum quantity is 1000 bottles can be produced; Our products are inexpensive, excellent product quality, in line with any national laws and regulations and customer needs! \u00a0 \u00a0 \u00a0 We also offer the following services \u00a0 Cross-border&hellip;","_links":{"self":[{"href":"https:\/\/williamweir.com\/de\/wp-json\/wp\/v2\/product\/5390"}],"collection":[{"href":"https:\/\/williamweir.com\/de\/wp-json\/wp\/v2\/product"}],"about":[{"href":"https:\/\/williamweir.com\/de\/wp-json\/wp\/v2\/types\/product"}],"version-history":[{"count":5,"href":"https:\/\/williamweir.com\/de\/wp-json\/wp\/v2\/product\/5390\/revisions"}],"predecessor-version":[{"id":8273,"href":"https:\/\/williamweir.com\/de\/wp-json\/wp\/v2\/product\/5390\/revisions\/8273"}],"wp:featuredmedia":[{"embeddable":true,"href":"https:\/\/williamweir.com\/de\/wp-json\/wp\/v2\/media\/5391"}],"wp:attachment":[{"href":"https:\/\/williamweir.com\/de\/wp-json\/wp\/v2\/media?parent=5390"}],"wp:term":[{"taxonomy":"product_brand","embeddable":true,"href":"https:\/\/williamweir.com\/de\/wp-json\/wp\/v2\/product_brand?post=5390"},{"taxonomy":"product_cat","embeddable":true,"href":"https:\/\/williamweir.com\/de\/wp-json\/wp\/v2\/product_cat?post=5390"},{"taxonomy":"product_tag","embeddable":true,"href":"https:\/\/williamweir.com\/de\/wp-json\/wp\/v2\/product_tag?post=5390"}],"curies":[{"name":"wp","href":"https:\/\/api.w.org\/{rel}","templated":true}]}}