{"id":5360,"date":"2024-10-31T05:51:09","date_gmt":"2024-10-31T05:51:09","guid":{"rendered":"https:\/\/williamweir.com\/?post_type=product&#038;p=5360"},"modified":"2025-05-24T01:45:40","modified_gmt":"2025-05-24T01:45:40","slug":"wood-polish-wood-care-beeswax","status":"publish","type":"product","link":"https:\/\/williamweir.com\/de\/produkt\/wood-polish-wood-care-beeswax\/","title":{"rendered":"Holzpolitur, Holzpflege Bienenwachs"},"content":{"rendered":"<p><strong>Produkt-Code: 2752<\/strong><\/p>\n<p><strong>\u2160.Produkteinf\u00fchrung<\/strong><\/p>\n<p>William weir Wood care beeswax ist ein hochwertiges Pflegemittel, das speziell f\u00fcr verschiedene Holzprodukte entwickelt wurde. Aus nat\u00fcrlichem Bienenwachs und anderen ausgew\u00e4hlten Inhaltsstoffen hergestellt, kann es Holz tiefgreifend n\u00e4hren, es hervorragend sch\u00fctzen und pflegen und Holzm\u00f6bel, Kunsthandwerk und andere Gegenst\u00e4nde in nat\u00fcrlichem Glanz erstrahlen lassen und ihre Lebensdauer verl\u00e4ngern.<\/p>\n<p><strong>II:Anwendungsbereich<\/strong><\/p>\n<p>Es eignet sich f\u00fcr die Wartung und Pflege verschiedener Holzprodukte wie Holzm\u00f6bel, Holzb\u00f6den, Kunsthandwerk aus Holz und literarische Spielarmb\u00e4nder.<\/p>\n<p><strong>III:Verwendungsmethode<\/strong><\/p>\n<p>Vergewissern Sie sich vor der Anwendung, dass die Oberfl\u00e4che der Holzprodukte sauber und trocken ist. Nehmen Sie eine angemessene Menge Bienenwachs, tauchen Sie es in ein sauberes Tuch oder einen Schwamm und tragen Sie es dann gleichm\u00e4\u00dfig auf die Oberfl\u00e4che der Holzprodukte auf. Achten Sie beim Auftragen darauf, dass Sie in Richtung der Holzmaserung vorgehen. Warten Sie eine gewisse Zeit (in der Regel 15-30 Minuten), damit das Bienenwachs vollst\u00e4ndig in das Holz eindringen kann. Wischen und polieren Sie dann die Oberfl\u00e4che der Holzprodukte mit einem sauberen Lappen oder Poliertuch, bis die Oberfl\u00e4che glatt und gl\u00e4nzend ist. Es wird empfohlen, dieses Produkt zur regelm\u00e4\u00dfigen Pflege zu verwenden. Im Allgemeinen kann die Pflege alle 3-6 Monate durchgef\u00fchrt werden.<\/p>\n<p><strong>IV:Vorsichtsma\u00dfnahmen<\/strong><\/p>\n<p>Dieses Produkt ist nur zur \u00e4u\u00dferlichen Anwendung bestimmt und darf nicht verschluckt werden. Bei versehentlichem Verschlucken ist sofort ein Arzt aufzusuchen.<br \/>\nBei einigen speziellen Holzprodukten, wie z. B. Edelholz und antiken M\u00f6beln, empfiehlt es sich, vor der Anwendung dieses Produkts einen kleinfl\u00e4chigen Test an einer unauff\u00e4lligen Stelle durchzuf\u00fchren, um zu sehen, ob es zu unerw\u00fcnschten Reaktionen kommt. Wenn es keine Probleme gibt, f\u00fchren Sie eine umfassende Pflege durch.<br \/>\nNach dem Gebrauch versiegeln und lagern Sie das Produkt, um zu vermeiden, dass das Bienenwachs der Luft ausgesetzt wird. Gleichzeitig sollte das Produkt an einem k\u00fchlen und trockenen Ort aufbewahrt und direkte Sonneneinstrahlung vermieden werden.<br \/>\nStellen Sie das Produkt so auf, dass es f\u00fcr Kinder unerreichbar ist, um zu verhindern, dass Kinder es verschlucken oder versehentlich ber\u00fchren.<\/p>","protected":false},"excerpt":{"rendered":"<p>Unsere Fabrik bietet OEM\/ODM-Verarbeitungsdienstleistungen, wir k\u00f6nnen Produkte f\u00fcr Sie ma\u00dfschneidern; Unser MOQ ist niedrig, im Allgemeinen kann die Mindestmenge 1000 Flaschen produziert werden; Unsere Produkte sind preiswert, ausgezeichnete Produktqualit\u00e4t, im Einklang mit allen nationalen Gesetzen und Vorschriften und Kundenbed\u00fcrfnissen!<\/p>\n<h3><strong>\u00a0 \u00a0 \u00a0 Wir bieten au\u00dferdem folgende Dienstleistungen an<\/strong><\/h3>\n<h4><strong><img decoding=\"async\" class=\"emoji\" role=\"img\" draggable=\"false\" src=\"https:\/\/s.w.org\/images\/core\/emoji\/15.0.3\/svg\/2714.svg\" alt=\"\u2714\" \/>\u00a0 Grenz\u00fcberschreitende Quelle\u00a0 \u00a0 \u00a0 \u00a0 \u00a0\u00a0<img decoding=\"async\" class=\"emoji\" role=\"img\" draggable=\"false\" src=\"https:\/\/s.w.org\/images\/core\/emoji\/15.0.3\/svg\/2714.svg\" alt=\"\u2714\" \/>\u00a0 Unterst\u00fctzung der Anpassung<\/strong><\/h4>\n<h4><strong><img decoding=\"async\" class=\"emoji\" role=\"img\" draggable=\"false\" src=\"https:\/\/s.w.org\/images\/core\/emoji\/15.0.3\/svg\/2714.svg\" alt=\"\u2714\" \/>\u00a0 Quelle: Fabrik\u00a0 \u00a0 \u00a0 \u00a0 \u00a0 \u00a0 \u00a0 \u00a0 \u00a0 \u00a0 \u00a0 \u00a0<img decoding=\"async\" class=\"emoji\" role=\"img\" draggable=\"false\" src=\"https:\/\/s.w.org\/images\/core\/emoji\/15.0.3\/svg\/2714.svg\" alt=\"\u2714\" \/>\u00a0 Produktentwicklung<\/strong><\/h4>\n<h4><strong><img decoding=\"async\" class=\"emoji\" role=\"img\" draggable=\"false\" src=\"https:\/\/s.w.org\/images\/core\/emoji\/15.0.3\/svg\/2714.svg\" alt=\"\u2714\" \/>\u00a0 Ma\u00dfgeschneidert nach Muster\u00a0 \u00a0 \u00a0 \u00a0 \u00a0 \u00a0 \u00a0 \u00a0 \u00a0 \u00a0\u00a0<img decoding=\"async\" class=\"emoji\" role=\"img\" draggable=\"false\" src=\"https:\/\/s.w.org\/images\/core\/emoji\/15.0.3\/svg\/2714.svg\" alt=\"\u2714\" \/>\u00a0 Markenberechtigung<\/strong><\/h4>\n<p>&nbsp;<\/p>\n<h2 style=\"text-align: left;\"><strong>Fragen oder Kommentare? <\/strong><\/h2>\n<h2 style=\"text-align: left;\"><strong>wlwer@williamweir.com<\/strong><\/h2>\n<h4><strong>\u00a0<\/strong><\/h4>","protected":false},"featured_media":5361,"template":"","meta":{"_uag_custom_page_level_css":"","site-sidebar-layout":"default","site-content-layout":"","ast-site-content-layout":"default","site-content-style":"default","site-sidebar-style":"default","ast-global-header-display":"","ast-banner-title-visibility":"","ast-main-header-display":"","ast-hfb-above-header-display":"","ast-hfb-below-header-display":"","ast-hfb-mobile-header-display":"","site-post-title":"","ast-breadcrumbs-content":"","ast-featured-img":"","footer-sml-layout":"","theme-transparent-header-meta":"default","adv-header-id-meta":"","stick-header-meta":"","header-above-stick-meta":"","header-main-stick-meta":"","header-below-stick-meta":"","astra-migrate-meta-layouts":"set","ast-page-background-enabled":"default","ast-page-background-meta":{"desktop":{"background-color":"","background-image":"","background-repeat":"repeat","background-position":"center center","background-size":"auto","background-attachment":"scroll","background-type":"","background-media":"","overlay-type":"","overlay-color":"","overlay-opacity":"","overlay-gradient":""},"tablet":{"background-color":"","background-image":"","background-repeat":"repeat","background-position":"center center","background-size":"auto","background-attachment":"scroll","background-type":"","background-media":"","overlay-type":"","overlay-color":"","overlay-opacity":"","overlay-gradient":""},"mobile":{"background-color":"","background-image":"","background-repeat":"repeat","background-position":"center center","background-size":"auto","background-attachment":"scroll","background-type":"","background-media":"","overlay-type":"","overlay-color":"","overlay-opacity":"","overlay-gradient":""}},"ast-content-background-meta":{"desktop":{"background-color":"var(--ast-global-color-5)","background-image":"","background-repeat":"repeat","background-position":"center center","background-size":"auto","background-attachment":"scroll","background-type":"","background-media":"","overlay-type":"","overlay-color":"","overlay-opacity":"","overlay-gradient":""},"tablet":{"background-color":"var(--ast-global-color-5)","background-image":"","background-repeat":"repeat","background-position":"center center","background-size":"auto","background-attachment":"scroll","background-type":"","background-media":"","overlay-type":"","overlay-color":"","overlay-opacity":"","overlay-gradient":""},"mobile":{"background-color":"var(--ast-global-color-5)","background-image":"","background-repeat":"repeat","background-position":"center center","background-size":"auto","background-attachment":"scroll","background-type":"","background-media":"","overlay-type":"","overlay-color":"","overlay-opacity":"","overlay-gradient":""}}},"product_brand":[],"product_cat":[71],"product_tag":[86,195,84,246],"class_list":{"0":"post-5360","1":"product","2":"type-product","3":"status-publish","4":"has-post-thumbnail","6":"product_cat-maintenance-polishing-of-wood-products","7":"product_tag-natural-beeswax","8":"product_tag-polishing-wax","9":"product_tag-wood-care","10":"product_tag-wood-care-beeswax","11":"desktop-align-center","12":"tablet-align-left","13":"mobile-align-left","14":"ast-product-gallery-layout-horizontal-slider","15":"ast-product-gallery-with-no-image","16":"ast-product-tabs-layout-horizontal","18":"first","19":"instock","20":"featured","21":"shipping-taxable","22":"product-type-simple"},"aioseo_notices":[],"uagb_featured_image_src":{"full":["https:\/\/williamweir.com\/wp-content\/uploads\/2024\/10\/\u6728\u8d28\u62a4\u7406\u8721.jpg",1000,1000,false],"thumbnail":["https:\/\/williamweir.com\/wp-content\/uploads\/2024\/10\/\u6728\u8d28\u62a4\u7406\u8721-300x300.jpg",300,300,true],"medium":["https:\/\/williamweir.com\/wp-content\/uploads\/2024\/10\/\u6728\u8d28\u62a4\u7406\u8721-600x600.jpg",600,600,true],"medium_large":["https:\/\/williamweir.com\/wp-content\/uploads\/2024\/10\/\u6728\u8d28\u62a4\u7406\u8721-768x768.jpg",768,768,true],"large":["https:\/\/williamweir.com\/wp-content\/uploads\/2024\/10\/\u6728\u8d28\u62a4\u7406\u8721.jpg",1000,1000,false],"1536x1536":["https:\/\/williamweir.com\/wp-content\/uploads\/2024\/10\/\u6728\u8d28\u62a4\u7406\u8721.jpg",1000,1000,false],"2048x2048":["https:\/\/williamweir.com\/wp-content\/uploads\/2024\/10\/\u6728\u8d28\u62a4\u7406\u8721.jpg",1000,1000,false],"trp-custom-language-flag":["https:\/\/williamweir.com\/wp-content\/uploads\/2024\/10\/\u6728\u8d28\u62a4\u7406\u8721-12x12.jpg",12,12,true],"woocommerce_thumbnail":["https:\/\/williamweir.com\/wp-content\/uploads\/2024\/10\/\u6728\u8d28\u62a4\u7406\u8721-600x600.jpg",600,600,true],"woocommerce_single":["https:\/\/williamweir.com\/wp-content\/uploads\/2024\/10\/\u6728\u8d28\u62a4\u7406\u8721-600x600.jpg",600,600,true],"woocommerce_gallery_thumbnail":["https:\/\/williamweir.com\/wp-content\/uploads\/2024\/10\/\u6728\u8d28\u62a4\u7406\u8721-100x100.jpg",100,100,true]},"uagb_author_info":{"display_name":"wlwer","author_link":"https:\/\/williamweir.com\/de\/author\/"},"uagb_comment_info":0,"uagb_excerpt":"Our factory provides OEM\/ODM processing services, we can tailor products for you; Our MOQ is low, generally the minimum quantity is 1000 bottles can be produced; Our products are inexpensive, excellent product quality, in line with any national laws and regulations and customer needs! \u00a0 \u00a0 \u00a0 We also offer the following services \u00a0 Cross-border&hellip;","_links":{"self":[{"href":"https:\/\/williamweir.com\/de\/wp-json\/wp\/v2\/product\/5360"}],"collection":[{"href":"https:\/\/williamweir.com\/de\/wp-json\/wp\/v2\/product"}],"about":[{"href":"https:\/\/williamweir.com\/de\/wp-json\/wp\/v2\/types\/product"}],"version-history":[{"count":5,"href":"https:\/\/williamweir.com\/de\/wp-json\/wp\/v2\/product\/5360\/revisions"}],"predecessor-version":[{"id":8282,"href":"https:\/\/williamweir.com\/de\/wp-json\/wp\/v2\/product\/5360\/revisions\/8282"}],"wp:featuredmedia":[{"embeddable":true,"href":"https:\/\/williamweir.com\/de\/wp-json\/wp\/v2\/media\/5361"}],"wp:attachment":[{"href":"https:\/\/williamweir.com\/de\/wp-json\/wp\/v2\/media?parent=5360"}],"wp:term":[{"taxonomy":"product_brand","embeddable":true,"href":"https:\/\/williamweir.com\/de\/wp-json\/wp\/v2\/product_brand?post=5360"},{"taxonomy":"product_cat","embeddable":true,"href":"https:\/\/williamweir.com\/de\/wp-json\/wp\/v2\/product_cat?post=5360"},{"taxonomy":"product_tag","embeddable":true,"href":"https:\/\/williamweir.com\/de\/wp-json\/wp\/v2\/product_tag?post=5360"}],"curies":[{"name":"wp","href":"https:\/\/api.w.org\/{rel}","templated":true}]}}