{"id":5345,"date":"2024-10-30T06:47:07","date_gmt":"2024-10-30T06:47:07","guid":{"rendered":"https:\/\/williamweir.com\/?post_type=product&#038;p=5345"},"modified":"2025-05-24T01:45:47","modified_gmt":"2025-05-24T01:45:47","slug":"pool-cue-cleaner","status":"publish","type":"product","link":"https:\/\/williamweir.com\/de\/produkt\/pool-cue-cleaner\/","title":{"rendered":"Pool Queue Reiniger"},"content":{"rendered":"<p align=\"justify\"><strong>Produkt-Code<\/strong><strong>\uff1a<\/strong><strong>2<\/strong><strong>721<\/strong><\/p>\n<p><strong>I. Einf\u00fchrung in das Produkt<\/strong><\/p>\n<p>Dieses Produkt ist ein hocheffizientes Produkt, das speziell f\u00fcr die Reinigung von Billardst\u00f6cken entwickelt wurde. Es kann effektiv Schmutz, Schwei\u00dfflecken und Fett auf der Oberfl\u00e4che von Billardst\u00f6cken entfernen, wodurch Ihre Billardst\u00f6cke sauber und glatt bleiben und das Schlaggef\u00fchl und die Lebensdauer verbessert werden.<\/p>\n<p><strong>II. Produktmerkmale<\/strong><\/p>\n<ol>\n<li>Leistungsstarke Reinigung: Enth\u00e4lt spezielle Reinigungssubstanzen, die verschiedene Flecken schnell zersetzen und entfernen k\u00f6nnen und den Billardqueue wieder in seinen urspr\u00fcnglichen, sauberen Zustand versetzen.<\/li>\n<li>Keine Besch\u00e4digung des Queue-Schaftes: Die Formel ist mild und verursacht keine Sch\u00e4den am Holz oder anderen Materialien des Billardqueues, wodurch die Qualit\u00e4t und das Aussehen des Queueschaftes gesch\u00fctzt werden.<\/li>\n<li>Bequem und einfach zu bedienen: Es ist einfach und bequem zu verwenden. Spr\u00fchen Sie den Reiniger einfach auf die Oberfl\u00e4che des Billardqueues und wischen Sie ihn dann mit einem sauberen Tuch ab.<\/li>\n<li>Vielf\u00e4ltig einsetzbar: Geeignet f\u00fcr verschiedene Arten von Billardst\u00f6cken, einschlie\u00dflich Holz, Kohlefaser und anderen Materialien.<\/li>\n<\/ol>\n<p><strong>III. Verwendungsmethoden<\/strong><\/p>\n<ol>\n<li>Wischen Sie vor dem Gebrauch vorsichtig den Staub von der Oberfl\u00e4che des Billardqueues.<\/li>\n<li>Spr\u00fchen Sie den Reiniger gleichm\u00e4\u00dfig auf die Oberfl\u00e4che des Billardqueues, um eine vollst\u00e4ndige Abdeckung zu gew\u00e4hrleisten.<\/li>\n<li>Wischen Sie den Billardqueue vorsichtig mit einem sauberen, weichen Tuch oder Schwamm ab, damit der Reiniger seine volle Wirkung entfalten und Flecken entfernen kann.<\/li>\n<li>Bei hartn\u00e4ckigen Flecken k\u00f6nnen Sie die Menge des Reinigers entsprechend erh\u00f6hen oder die Wischvorg\u00e4nge wiederholen.<\/li>\n<li>Trocknen Sie die Oberfl\u00e4che des Billardqueues nach der Reinigung mit einem sauberen, trockenen Tuch ab, um sicherzustellen, dass keine R\u00fcckst\u00e4nde von Reiniger und Feuchtigkeit vorhanden sind.<\/li>\n<\/ol>\n<p><strong>IV. Vorsichtsma\u00dfnahmen<\/strong><\/p>\n<ol>\n<li>Vermeiden Sie den Kontakt mit den Augen: Wenn der Reiniger versehentlich mit den Augen in Ber\u00fchrung kommt, sp\u00fclen Sie sie sofort mit viel klarem Wasser aus und suchen Sie rechtzeitig einen Arzt auf.<\/li>\n<li>An einem f\u00fcr Kinder nicht leicht zug\u00e4nglichen Ort aufbewahren: Sch\u00fctzen Sie Kinder vor versehentlichem Verschlucken oder Kontakt.<\/li>\n<li>Vermeiden Sie hohe Temperaturen und Feuerquellen: Der Reiniger sollte an einem k\u00fchlen und trockenen Ort gelagert werden, fern von hohen Temperaturen und Feuerquellen, um Gefahren zu vermeiden.<\/li>\n<li>Regelm\u00e4\u00dfige Reinigung: Um den Billardqueue in gutem Zustand zu halten, empfiehlt es sich, den Queue regelm\u00e4\u00dfig mit Billardqueue-Reiniger zu reinigen.<\/li>\n<\/ol>","protected":false},"excerpt":{"rendered":"<p>Unsere Fabrik bietet OEM\/ODM-Verarbeitungsdienstleistungen, wir k\u00f6nnen Produkte f\u00fcr Sie ma\u00dfschneidern; Unser MOQ ist niedrig, im Allgemeinen kann die Mindestmenge 1000 Flaschen produziert werden; Unsere Produkte sind preiswert, ausgezeichnete Produktqualit\u00e4t, im Einklang mit allen nationalen Gesetzen und Vorschriften und Kundenbed\u00fcrfnissen!<\/p>\n<h3><strong>\u00a0 \u00a0 \u00a0 Wir bieten au\u00dferdem folgende Dienstleistungen an<\/strong><\/h3>\n<h4><strong><img decoding=\"async\" class=\"emoji\" role=\"img\" draggable=\"false\" src=\"https:\/\/s.w.org\/images\/core\/emoji\/15.0.3\/svg\/2714.svg\" alt=\"\u2714\" \/>\u00a0 Grenz\u00fcberschreitende Quelle\u00a0 \u00a0 \u00a0 \u00a0 \u00a0\u00a0<img decoding=\"async\" class=\"emoji\" role=\"img\" draggable=\"false\" src=\"https:\/\/s.w.org\/images\/core\/emoji\/15.0.3\/svg\/2714.svg\" alt=\"\u2714\" \/>\u00a0 Unterst\u00fctzung der Anpassung<\/strong><\/h4>\n<h4><strong><img decoding=\"async\" class=\"emoji\" role=\"img\" draggable=\"false\" src=\"https:\/\/s.w.org\/images\/core\/emoji\/15.0.3\/svg\/2714.svg\" alt=\"\u2714\" \/>\u00a0 Quelle: Fabrik\u00a0 \u00a0 \u00a0 \u00a0 \u00a0 \u00a0 \u00a0 \u00a0 \u00a0 \u00a0 \u00a0 \u00a0<img decoding=\"async\" class=\"emoji\" role=\"img\" draggable=\"false\" src=\"https:\/\/s.w.org\/images\/core\/emoji\/15.0.3\/svg\/2714.svg\" alt=\"\u2714\" \/>\u00a0 Produktentwicklung<\/strong><\/h4>\n<h4><strong><img decoding=\"async\" class=\"emoji\" role=\"img\" draggable=\"false\" src=\"https:\/\/s.w.org\/images\/core\/emoji\/15.0.3\/svg\/2714.svg\" alt=\"\u2714\" \/>\u00a0 Ma\u00dfgeschneidert nach Muster\u00a0 \u00a0 \u00a0 \u00a0 \u00a0 \u00a0 \u00a0 \u00a0 \u00a0 \u00a0\u00a0<img decoding=\"async\" class=\"emoji\" role=\"img\" draggable=\"false\" src=\"https:\/\/s.w.org\/images\/core\/emoji\/15.0.3\/svg\/2714.svg\" alt=\"\u2714\" \/>\u00a0 Markenberechtigung<\/strong><\/h4>\n<p>&nbsp;<\/p>\n<h2 style=\"text-align: left;\"><strong>Fragen oder Kommentare? <\/strong><\/h2>\n<h2 style=\"text-align: left;\"><strong>wlwer@williamweir.com<\/strong><\/h2>\n<h4><strong>\u00a0<\/strong><\/h4>","protected":false},"featured_media":5347,"template":"","meta":{"_uag_custom_page_level_css":"","site-sidebar-layout":"default","site-content-layout":"","ast-site-content-layout":"default","site-content-style":"default","site-sidebar-style":"default","ast-global-header-display":"","ast-banner-title-visibility":"","ast-main-header-display":"","ast-hfb-above-header-display":"","ast-hfb-below-header-display":"","ast-hfb-mobile-header-display":"","site-post-title":"","ast-breadcrumbs-content":"","ast-featured-img":"","footer-sml-layout":"","theme-transparent-header-meta":"default","adv-header-id-meta":"","stick-header-meta":"","header-above-stick-meta":"","header-main-stick-meta":"","header-below-stick-meta":"","astra-migrate-meta-layouts":"set","ast-page-background-enabled":"default","ast-page-background-meta":{"desktop":{"background-color":"","background-image":"","background-repeat":"repeat","background-position":"center center","background-size":"auto","background-attachment":"scroll","background-type":"","background-media":"","overlay-type":"","overlay-color":"","overlay-opacity":"","overlay-gradient":""},"tablet":{"background-color":"","background-image":"","background-repeat":"repeat","background-position":"center center","background-size":"auto","background-attachment":"scroll","background-type":"","background-media":"","overlay-type":"","overlay-color":"","overlay-opacity":"","overlay-gradient":""},"mobile":{"background-color":"","background-image":"","background-repeat":"repeat","background-position":"center center","background-size":"auto","background-attachment":"scroll","background-type":"","background-media":"","overlay-type":"","overlay-color":"","overlay-opacity":"","overlay-gradient":""}},"ast-content-background-meta":{"desktop":{"background-color":"var(--ast-global-color-5)","background-image":"","background-repeat":"repeat","background-position":"center center","background-size":"auto","background-attachment":"scroll","background-type":"","background-media":"","overlay-type":"","overlay-color":"","overlay-opacity":"","overlay-gradient":""},"tablet":{"background-color":"var(--ast-global-color-5)","background-image":"","background-repeat":"repeat","background-position":"center center","background-size":"auto","background-attachment":"scroll","background-type":"","background-media":"","overlay-type":"","overlay-color":"","overlay-opacity":"","overlay-gradient":""},"mobile":{"background-color":"var(--ast-global-color-5)","background-image":"","background-repeat":"repeat","background-position":"center center","background-size":"auto","background-attachment":"scroll","background-type":"","background-media":"","overlay-type":"","overlay-color":"","overlay-opacity":"","overlay-gradient":""}}},"product_brand":[],"product_cat":[81],"product_tag":[167],"class_list":{"0":"post-5345","1":"product","2":"type-product","3":"status-publish","4":"has-post-thumbnail","6":"product_cat-special-goods-cleaning-and-maintenance-series","7":"product_tag-pool-cue-cleaner","8":"desktop-align-center","9":"tablet-align-left","10":"mobile-align-left","11":"ast-product-gallery-layout-horizontal-slider","12":"ast-product-gallery-with-no-image","13":"ast-product-tabs-layout-horizontal","15":"first","16":"instock","17":"featured","18":"shipping-taxable","19":"product-type-simple"},"aioseo_notices":[],"uagb_featured_image_src":{"full":["https:\/\/williamweir.com\/wp-content\/uploads\/2024\/10\/\u4e3b\u56fe-3.jpg",800,800,false],"thumbnail":["https:\/\/williamweir.com\/wp-content\/uploads\/2024\/10\/\u4e3b\u56fe-3-300x300.jpg",300,300,true],"medium":["https:\/\/williamweir.com\/wp-content\/uploads\/2024\/10\/\u4e3b\u56fe-3-600x600.jpg",600,600,true],"medium_large":["https:\/\/williamweir.com\/wp-content\/uploads\/2024\/10\/\u4e3b\u56fe-3-768x768.jpg",768,768,true],"large":["https:\/\/williamweir.com\/wp-content\/uploads\/2024\/10\/\u4e3b\u56fe-3.jpg",800,800,false],"1536x1536":["https:\/\/williamweir.com\/wp-content\/uploads\/2024\/10\/\u4e3b\u56fe-3.jpg",800,800,false],"2048x2048":["https:\/\/williamweir.com\/wp-content\/uploads\/2024\/10\/\u4e3b\u56fe-3.jpg",800,800,false],"trp-custom-language-flag":["https:\/\/williamweir.com\/wp-content\/uploads\/2024\/10\/\u4e3b\u56fe-3-12x12.jpg",12,12,true],"woocommerce_thumbnail":["https:\/\/williamweir.com\/wp-content\/uploads\/2024\/10\/\u4e3b\u56fe-3-600x600.jpg",600,600,true],"woocommerce_single":["https:\/\/williamweir.com\/wp-content\/uploads\/2024\/10\/\u4e3b\u56fe-3-600x600.jpg",600,600,true],"woocommerce_gallery_thumbnail":["https:\/\/williamweir.com\/wp-content\/uploads\/2024\/10\/\u4e3b\u56fe-3-100x100.jpg",100,100,true]},"uagb_author_info":{"display_name":"wlwer","author_link":"https:\/\/williamweir.com\/de\/author\/"},"uagb_comment_info":0,"uagb_excerpt":"Our factory provides OEM\/ODM processing services, we can tailor products for you; Our MOQ is low, generally the minimum quantity is 1000 bottles can be produced; Our products are inexpensive, excellent product quality, in line with any national laws and regulations and customer needs! \u00a0 \u00a0 \u00a0 We also offer the following services \u00a0 Cross-border&hellip;","_links":{"self":[{"href":"https:\/\/williamweir.com\/de\/wp-json\/wp\/v2\/product\/5345"}],"collection":[{"href":"https:\/\/williamweir.com\/de\/wp-json\/wp\/v2\/product"}],"about":[{"href":"https:\/\/williamweir.com\/de\/wp-json\/wp\/v2\/types\/product"}],"version-history":[{"count":5,"href":"https:\/\/williamweir.com\/de\/wp-json\/wp\/v2\/product\/5345\/revisions"}],"predecessor-version":[{"id":8283,"href":"https:\/\/williamweir.com\/de\/wp-json\/wp\/v2\/product\/5345\/revisions\/8283"}],"wp:featuredmedia":[{"embeddable":true,"href":"https:\/\/williamweir.com\/de\/wp-json\/wp\/v2\/media\/5347"}],"wp:attachment":[{"href":"https:\/\/williamweir.com\/de\/wp-json\/wp\/v2\/media?parent=5345"}],"wp:term":[{"taxonomy":"product_brand","embeddable":true,"href":"https:\/\/williamweir.com\/de\/wp-json\/wp\/v2\/product_brand?post=5345"},{"taxonomy":"product_cat","embeddable":true,"href":"https:\/\/williamweir.com\/de\/wp-json\/wp\/v2\/product_cat?post=5345"},{"taxonomy":"product_tag","embeddable":true,"href":"https:\/\/williamweir.com\/de\/wp-json\/wp\/v2\/product_tag?post=5345"}],"curies":[{"name":"wp","href":"https:\/\/api.w.org\/{rel}","templated":true}]}}