{"id":5333,"date":"2024-10-30T06:21:15","date_gmt":"2024-10-30T06:21:15","guid":{"rendered":"https:\/\/williamweir.com\/?post_type=product&#038;p=5333"},"modified":"2025-05-24T01:46:07","modified_gmt":"2025-05-24T01:46:07","slug":"refrigerator-defrosting-and-deicing-agent","status":"publish","type":"product","link":"https:\/\/williamweir.com\/de\/produkt\/refrigerator-defrosting-and-deicing-agent\/","title":{"rendered":"Mittel zum Abtauen und Enteisen des K\u00fchlschranks"},"content":{"rendered":"<p align=\"justify\"><strong>Produkt-Code<\/strong><strong>\uff1a<\/strong><strong>2<\/strong><strong>813<\/strong><\/p>\n<p><strong>I. Einf\u00fchrung in das Produkt<\/strong><\/p>\n<p>Dieses Produkt ist ein praktisches Produkt, das speziell f\u00fcr die schnelle Entfernung von Eisschichten in K\u00fchlschr\u00e4nken entwickelt wurde. Es kann die Eisschicht effektiv aufl\u00f6sen und daf\u00fcr sorgen, dass der K\u00fchlschrank schnell wieder normal k\u00fchlt, wodurch Sie Zeit und Energie sparen.<\/p>\n<p><strong>II. Produktmerkmale<\/strong><\/p>\n<ol>\n<li>Effiziente Enteisung: Die einzigartige Formel kann schnell in die Eisschicht eindringen, den Gefrierpunkt von Eis rasch herabsetzen, die Eisschicht schnell schmelzen lassen und die Enteisungszeit erheblich verk\u00fcrzen.<\/li>\n<li>Sicher und unsch\u00e4dlich: Es werden Inhaltsstoffe verwendet, die f\u00fcr den menschlichen K\u00f6rper und die inneren Materialien des K\u00fchlschranks sicher sind. Es verursacht keine Sch\u00e4den an Lebensmitteln, der Innenwand des K\u00fchlschranks und anderen Komponenten und kann bedenkenlos verwendet werden.<\/li>\n<li>Frischer Geruch: Es hat einen schwachen frischen Geruch. W\u00e4hrend des Enteisungsvorgangs entsteht kein stechender und unangenehmer Geruch, was Ihnen ein gutes Nutzungserlebnis verschafft.<\/li>\n<li>Bequem zu bedienen: Spray-Design, einfache und bequeme Bedienung. Spr\u00fchen Sie das Spray einfach gleichm\u00e4\u00dfig auf die Eisschicht, indem Sie es anvisieren, und starten Sie dann die Enteisungsarbeit.<\/li>\n<\/ol>\n<p><strong>III. Verwendungsmethoden<\/strong><\/p>\n<ol>\n<li>Nehmen Sie zun\u00e4chst die Lebensmittel aus dem K\u00fchlschrank und lagern Sie sie ordnungsgem\u00e4\u00df, und schalten Sie den Strom des K\u00fchlschranks aus.<\/li>\n<li>Halten Sie das Enteisungsspray senkrecht und spr\u00fchen Sie es gleichm\u00e4\u00dfig auf die Oberfl\u00e4che der Eisschicht in einem Abstand von etwa 15 bis 20 Zentimetern zur Eisschicht, um eine vollst\u00e4ndige Abdeckung der Eisschicht zu gew\u00e4hrleisten.<\/li>\n<li>Warten Sie einige Minuten, damit das Enteisungsspray seine Wirkung voll entfalten kann und die Eisschicht allm\u00e4hlich zu schmelzen beginnt.<\/li>\n<li>Bei dickeren Eisschichten k\u00f6nnen Sie das Enteisungsspray mehrmals aufspr\u00fchen und die gel\u00f6sten Eisbl\u00f6cke vorsichtig mit einem Plastikschaber oder einem weichen Werkzeug entfernen, aber achten Sie darauf, dass Sie die Innenwand des K\u00fchlschranks nicht zerkratzen.<\/li>\n<li>Wenn die Eisschicht vollst\u00e4ndig entfernt ist, wischen Sie das Innere des K\u00fchlschranks mit einem sauberen, feuchten Tuch ab, um die Restfeuchtigkeit und das Enteisungsspray zu entfernen, und trocknen Sie ihn dann mit einem trockenen Tuch ab.<\/li>\n<\/ol>\n<p><strong>IV. Vorsichtsma\u00dfnahmen<\/strong><\/p>\n<ol>\n<li>Vermeiden Sie den Kontakt mit den Augen: Wenn das Enteisungsspray versehentlich in die Augen gelangt, sp\u00fclen Sie es sofort mit einer gro\u00dfen Menge sauberen Wassers aus und suchen Sie rechtzeitig einen Arzt auf.<\/li>\n<li>Von Kindern fernhalten: Bewahren Sie das Enteisungsspray an einem f\u00fcr Kinder unerreichbaren Ort auf, um zu verhindern, dass Kinder es versehentlich mitnehmen und missbrauchen.<\/li>\n<li>Verhindern Sie versehentliches Verschlucken: Das Enteisungsspray ist nicht essbar und sollte nicht versehentlich verschluckt werden.<\/li>\n<li>Vermeiden Sie hohe Temperaturen und Feuerquellen: Das Enteisungsspray sollte an einem k\u00fchlen und trockenen Ort gelagert werden, fern von hohen Temperaturen und Feuerquellen, um Gefahren zu vermeiden.<br \/>\nVerwenden Sie es nicht, wenn der K\u00fchlschrank in Betrieb ist: Schalten Sie zuerst den Strom des K\u00fchlschranks aus. Nachdem die Enteisung abgeschlossen und aufger\u00e4umt ist, schalten Sie den K\u00fchlschrank wieder ein.<\/li>\n<\/ol>\n<p>&nbsp;<\/p>","protected":false},"excerpt":{"rendered":"<p>Unsere Fabrik bietet OEM\/ODM-Verarbeitungsdienstleistungen, wir k\u00f6nnen Produkte f\u00fcr Sie ma\u00dfschneidern; Unser MOQ ist niedrig, im Allgemeinen kann die Mindestmenge 1000 Flaschen produziert werden; Unsere Produkte sind preiswert, ausgezeichnete Produktqualit\u00e4t, im Einklang mit allen nationalen Gesetzen und Vorschriften und Kundenbed\u00fcrfnissen!<\/p>\n<h3><strong>\u00a0 \u00a0 \u00a0 Wir bieten au\u00dferdem folgende Dienstleistungen an<\/strong><\/h3>\n<h4><strong><img decoding=\"async\" class=\"emoji\" role=\"img\" draggable=\"false\" src=\"https:\/\/s.w.org\/images\/core\/emoji\/15.0.3\/svg\/2714.svg\" alt=\"\u2714\" \/>\u00a0 Grenz\u00fcberschreitende Quelle\u00a0 \u00a0 \u00a0 \u00a0 \u00a0\u00a0<img decoding=\"async\" class=\"emoji\" role=\"img\" draggable=\"false\" src=\"https:\/\/s.w.org\/images\/core\/emoji\/15.0.3\/svg\/2714.svg\" alt=\"\u2714\" \/>\u00a0 Unterst\u00fctzung der Anpassung<\/strong><\/h4>\n<h4><strong><img decoding=\"async\" class=\"emoji\" role=\"img\" draggable=\"false\" src=\"https:\/\/s.w.org\/images\/core\/emoji\/15.0.3\/svg\/2714.svg\" alt=\"\u2714\" \/>\u00a0 Quelle: Fabrik\u00a0 \u00a0 \u00a0 \u00a0 \u00a0 \u00a0 \u00a0 \u00a0 \u00a0 \u00a0 \u00a0 \u00a0<img decoding=\"async\" class=\"emoji\" role=\"img\" draggable=\"false\" src=\"https:\/\/s.w.org\/images\/core\/emoji\/15.0.3\/svg\/2714.svg\" alt=\"\u2714\" \/>\u00a0 Produktentwicklung<\/strong><\/h4>\n<h4><strong><img decoding=\"async\" class=\"emoji\" role=\"img\" draggable=\"false\" src=\"https:\/\/s.w.org\/images\/core\/emoji\/15.0.3\/svg\/2714.svg\" alt=\"\u2714\" \/>\u00a0 Ma\u00dfgeschneidert nach Muster\u00a0 \u00a0 \u00a0 \u00a0 \u00a0 \u00a0 \u00a0 \u00a0 \u00a0 \u00a0\u00a0<img decoding=\"async\" class=\"emoji\" role=\"img\" draggable=\"false\" src=\"https:\/\/s.w.org\/images\/core\/emoji\/15.0.3\/svg\/2714.svg\" alt=\"\u2714\" \/>\u00a0 Markenberechtigung<\/p>\n<p><\/strong><\/h4>\n<h2 style=\"text-align: left;\"><strong>Fragen oder Kommentare? <\/strong><\/h2>\n<h2 style=\"text-align: left;\"><strong>wlwer@williamweir.com<\/strong><\/h2>\n<h4><strong>\u00a0<\/strong><\/h4>","protected":false},"featured_media":5334,"template":"","meta":{"_uag_custom_page_level_css":"","site-sidebar-layout":"default","site-content-layout":"","ast-site-content-layout":"default","site-content-style":"default","site-sidebar-style":"default","ast-global-header-display":"","ast-banner-title-visibility":"","ast-main-header-display":"","ast-hfb-above-header-display":"","ast-hfb-below-header-display":"","ast-hfb-mobile-header-display":"","site-post-title":"","ast-breadcrumbs-content":"","ast-featured-img":"","footer-sml-layout":"","theme-transparent-header-meta":"default","adv-header-id-meta":"","stick-header-meta":"","header-above-stick-meta":"","header-main-stick-meta":"","header-below-stick-meta":"","astra-migrate-meta-layouts":"set","ast-page-background-enabled":"default","ast-page-background-meta":{"desktop":{"background-color":"","background-image":"","background-repeat":"repeat","background-position":"center center","background-size":"auto","background-attachment":"scroll","background-type":"","background-media":"","overlay-type":"","overlay-color":"","overlay-opacity":"","overlay-gradient":""},"tablet":{"background-color":"","background-image":"","background-repeat":"repeat","background-position":"center center","background-size":"auto","background-attachment":"scroll","background-type":"","background-media":"","overlay-type":"","overlay-color":"","overlay-opacity":"","overlay-gradient":""},"mobile":{"background-color":"","background-image":"","background-repeat":"repeat","background-position":"center center","background-size":"auto","background-attachment":"scroll","background-type":"","background-media":"","overlay-type":"","overlay-color":"","overlay-opacity":"","overlay-gradient":""}},"ast-content-background-meta":{"desktop":{"background-color":"var(--ast-global-color-5)","background-image":"","background-repeat":"repeat","background-position":"center center","background-size":"auto","background-attachment":"scroll","background-type":"","background-media":"","overlay-type":"","overlay-color":"","overlay-opacity":"","overlay-gradient":""},"tablet":{"background-color":"var(--ast-global-color-5)","background-image":"","background-repeat":"repeat","background-position":"center center","background-size":"auto","background-attachment":"scroll","background-type":"","background-media":"","overlay-type":"","overlay-color":"","overlay-opacity":"","overlay-gradient":""},"mobile":{"background-color":"var(--ast-global-color-5)","background-image":"","background-repeat":"repeat","background-position":"center center","background-size":"auto","background-attachment":"scroll","background-type":"","background-media":"","overlay-type":"","overlay-color":"","overlay-opacity":"","overlay-gradient":""}}},"product_brand":[],"product_cat":[80],"product_tag":[161,162,163],"class_list":{"0":"post-5333","1":"product","2":"type-product","3":"status-publish","4":"has-post-thumbnail","6":"product_cat-snow-melting-and-deicing-agent","7":"product_tag-deicing-agent","8":"product_tag-refrigerator-deicing-agent","9":"product_tag-snow-melting-agent","10":"desktop-align-center","11":"tablet-align-left","12":"mobile-align-left","13":"ast-product-gallery-layout-horizontal-slider","14":"ast-product-gallery-with-no-image","15":"ast-product-tabs-layout-horizontal","17":"first","18":"instock","19":"shipping-taxable","20":"product-type-simple"},"aioseo_notices":[],"uagb_featured_image_src":{"full":["https:\/\/williamweir.com\/wp-content\/uploads\/2024\/10\/120ml\u51b0\u7bb1\u9664\u971c\u9664\u51b0\u5242.jpg",800,800,false],"thumbnail":["https:\/\/williamweir.com\/wp-content\/uploads\/2024\/10\/120ml\u51b0\u7bb1\u9664\u971c\u9664\u51b0\u5242-300x300.jpg",300,300,true],"medium":["https:\/\/williamweir.com\/wp-content\/uploads\/2024\/10\/120ml\u51b0\u7bb1\u9664\u971c\u9664\u51b0\u5242-600x600.jpg",600,600,true],"medium_large":["https:\/\/williamweir.com\/wp-content\/uploads\/2024\/10\/120ml\u51b0\u7bb1\u9664\u971c\u9664\u51b0\u5242-768x768.jpg",768,768,true],"large":["https:\/\/williamweir.com\/wp-content\/uploads\/2024\/10\/120ml\u51b0\u7bb1\u9664\u971c\u9664\u51b0\u5242.jpg",800,800,false],"1536x1536":["https:\/\/williamweir.com\/wp-content\/uploads\/2024\/10\/120ml\u51b0\u7bb1\u9664\u971c\u9664\u51b0\u5242.jpg",800,800,false],"2048x2048":["https:\/\/williamweir.com\/wp-content\/uploads\/2024\/10\/120ml\u51b0\u7bb1\u9664\u971c\u9664\u51b0\u5242.jpg",800,800,false],"trp-custom-language-flag":["https:\/\/williamweir.com\/wp-content\/uploads\/2024\/10\/120ml\u51b0\u7bb1\u9664\u971c\u9664\u51b0\u5242-12x12.jpg",12,12,true],"woocommerce_thumbnail":["https:\/\/williamweir.com\/wp-content\/uploads\/2024\/10\/120ml\u51b0\u7bb1\u9664\u971c\u9664\u51b0\u5242-600x600.jpg",600,600,true],"woocommerce_single":["https:\/\/williamweir.com\/wp-content\/uploads\/2024\/10\/120ml\u51b0\u7bb1\u9664\u971c\u9664\u51b0\u5242-600x600.jpg",600,600,true],"woocommerce_gallery_thumbnail":["https:\/\/williamweir.com\/wp-content\/uploads\/2024\/10\/120ml\u51b0\u7bb1\u9664\u971c\u9664\u51b0\u5242-100x100.jpg",100,100,true]},"uagb_author_info":{"display_name":"wlwer","author_link":"https:\/\/williamweir.com\/de\/author\/"},"uagb_comment_info":0,"uagb_excerpt":"Our factory provides OEM\/ODM processing services, we can tailor products for you; Our MOQ is low, generally the minimum quantity is 1000 bottles can be produced; Our products are inexpensive, excellent product quality, in line with any national laws and regulations and customer needs! \u00a0 \u00a0 \u00a0 We also offer the following services \u00a0 Cross-border&hellip;","_links":{"self":[{"href":"https:\/\/williamweir.com\/de\/wp-json\/wp\/v2\/product\/5333"}],"collection":[{"href":"https:\/\/williamweir.com\/de\/wp-json\/wp\/v2\/product"}],"about":[{"href":"https:\/\/williamweir.com\/de\/wp-json\/wp\/v2\/types\/product"}],"version-history":[{"count":5,"href":"https:\/\/williamweir.com\/de\/wp-json\/wp\/v2\/product\/5333\/revisions"}],"predecessor-version":[{"id":8287,"href":"https:\/\/williamweir.com\/de\/wp-json\/wp\/v2\/product\/5333\/revisions\/8287"}],"wp:featuredmedia":[{"embeddable":true,"href":"https:\/\/williamweir.com\/de\/wp-json\/wp\/v2\/media\/5334"}],"wp:attachment":[{"href":"https:\/\/williamweir.com\/de\/wp-json\/wp\/v2\/media?parent=5333"}],"wp:term":[{"taxonomy":"product_brand","embeddable":true,"href":"https:\/\/williamweir.com\/de\/wp-json\/wp\/v2\/product_brand?post=5333"},{"taxonomy":"product_cat","embeddable":true,"href":"https:\/\/williamweir.com\/de\/wp-json\/wp\/v2\/product_cat?post=5333"},{"taxonomy":"product_tag","embeddable":true,"href":"https:\/\/williamweir.com\/de\/wp-json\/wp\/v2\/product_tag?post=5333"}],"curies":[{"name":"wp","href":"https:\/\/api.w.org\/{rel}","templated":true}]}}