{"id":5311,"date":"2024-10-30T05:27:04","date_gmt":"2024-10-30T05:27:04","guid":{"rendered":"https:\/\/williamweir.com\/?post_type=product&#038;p=5311"},"modified":"2025-05-24T01:47:43","modified_gmt":"2025-05-24T01:47:43","slug":"fishing-rod-care-oil","status":"publish","type":"product","link":"https:\/\/williamweir.com\/de\/produkt\/fishing-rod-care-oil\/","title":{"rendered":"Pflege\u00f6l f\u00fcr Angelruten"},"content":{"rendered":"<p align=\"justify\"><strong>Produkt-Code<\/strong><strong>\uff1a<\/strong><strong>2455<\/strong><\/p>\n<p><strong>I. Einf\u00fchrung in das Produkt<\/strong><\/p>\n<p>Dieses Produkt ist ein hochwertiges Pflegemittel, das speziell f\u00fcr Angelsportler entwickelt wurde. Es wird verwendet, um Angelruten zu pflegen und zu reparieren, um sie in guter Leistung und Aussehen zu halten.<\/p>\n<p><strong>II. Produktmerkmale<\/strong><\/p>\n<ol>\n<li>Anti-Korrosion: Verhindert wirksam, dass Angelruten durch Feuchtigkeit, Salz und andere korrosive Substanzen erodiert werden, und verl\u00e4ngert die Lebensdauer der Angelruten.<\/li>\n<li>Schmieren Sie die Gelenke: Sorgt daf\u00fcr, dass sich die Gelenke der Angelruten leichter drehen lassen, und verringert den Verschlei\u00df und das Verklemmen.<\/li>\n<li>Sch\u00fctzen Sie die Lackoberfl\u00e4che: Bilden Sie einen Schutzfilm auf der Oberfl\u00e4che der Angelruten, um Kratzer und das Verblassen der Lackoberfl\u00e4che zu verhindern.<\/li>\n<li>Verbessert die Z\u00e4higkeit: Hilft, die Elastizit\u00e4t und Z\u00e4higkeit von Angelruten zu erhalten und verbessert die Festigkeit und Haltbarkeit von Angelruten.<\/li>\n<li>Umweltfreundlich und sicher: Hergestellt aus umweltfreundlichen Materialien, unsch\u00e4dlich f\u00fcr den menschlichen K\u00f6rper und die Umwelt.<\/li>\n<\/ol>\n<p><strong>III. Verwendungsmethoden<\/strong><\/p>\n<ol>\n<li>Bevor Sie die Angelrute benutzen, tragen Sie das Pflege\u00f6l gleichm\u00e4\u00dfig auf die Oberfl\u00e4che der Angelrute auf, insbesondere auf die Gelenke und leicht abgenutzten Stellen.<\/li>\n<li>Wischen Sie vorsichtig mit einem sauberen Tuch nach, damit das Pflege\u00f6l vollst\u00e4ndig in das Material der Angelrute eindringen kann.<\/li>\n<li>Bei Angelruten, die lange Zeit nicht benutzt wurden, k\u00f6nnen Sie vor der Benutzung erneut Pflege\u00f6l auftragen, um den guten Zustand der Angelrute zu gew\u00e4hrleisten.<\/li>\n<li>Sp\u00fclen Sie die Angelrute nach jedem Angeln mit klarem Wasser ab, um Salz und Schmutz zu entfernen, trocknen Sie sie dann und tragen Sie Pflege\u00f6l auf.<\/li>\n<\/ol>\n<p><strong>IV. Vorsichtsma\u00dfnahmen<\/strong><\/p>\n<ol>\n<li>Vermeiden Sie den Kontakt des Pflege\u00f6ls mit den Augen. Bei versehentlichem Kontakt sofort mit klarem Wasser aussp\u00fclen.<\/li>\n<li>An einem k\u00fchlen und trockenen Ort aufbewahren und direktes Sonnenlicht und hohe Temperaturen vermeiden.<\/li>\n<li>Lassen Sie Kinder nicht mit dem Pflege\u00f6l in Ber\u00fchrung kommen, um Unf\u00e4lle zu vermeiden.<\/li>\n<li>Bitte beachten Sie bei der Verwendung die Anweisungen und verwenden Sie nicht zu viel Pflege\u00f6l, um die Leistung der Angelrute nicht zu beeintr\u00e4chtigen.<\/li>\n<\/ol>","protected":false},"excerpt":{"rendered":"<p>Unsere Fabrik bietet OEM\/ODM-Verarbeitungsdienstleistungen, wir k\u00f6nnen Produkte f\u00fcr Sie ma\u00dfschneidern; Unser MOQ ist niedrig, im Allgemeinen kann die Mindestmenge 1000 Flaschen produziert werden; Unsere Produkte sind preiswert, ausgezeichnete Produktqualit\u00e4t, im Einklang mit allen nationalen Gesetzen und Vorschriften und Kundenbed\u00fcrfnissen!<\/p>\n<p>Wir bieten au\u00dferdem folgende Dienstleistungen an<br \/>\n\u2714 Grenz\u00fcberschreitende Quelle \u2714 Unterst\u00fctzung von Anpassungen<br \/>\n\u2714 Ausgangsfabrik \u2714 Produktentwicklung<br \/>\n\u2714 Ma\u00dfgeschneiderte Muster \u2714 Markenzulassung<\/p>\n<h2 style=\"text-align: left;\"><strong>Fragen oder Kommentare? <\/strong><\/h2>\n<h2 style=\"text-align: left;\"><strong>wlwer@williamweir.com<\/strong><\/h2>","protected":false},"featured_media":5312,"template":"","meta":{"_uag_custom_page_level_css":"","site-sidebar-layout":"default","site-content-layout":"","ast-site-content-layout":"default","site-content-style":"default","site-sidebar-style":"default","ast-global-header-display":"","ast-banner-title-visibility":"","ast-main-header-display":"","ast-hfb-above-header-display":"","ast-hfb-below-header-display":"","ast-hfb-mobile-header-display":"","site-post-title":"","ast-breadcrumbs-content":"","ast-featured-img":"","footer-sml-layout":"","theme-transparent-header-meta":"default","adv-header-id-meta":"","stick-header-meta":"","header-above-stick-meta":"","header-main-stick-meta":"","header-below-stick-meta":"","astra-migrate-meta-layouts":"set","ast-page-background-enabled":"default","ast-page-background-meta":{"desktop":{"background-color":"","background-image":"","background-repeat":"repeat","background-position":"center center","background-size":"auto","background-attachment":"scroll","background-type":"","background-media":"","overlay-type":"","overlay-color":"","overlay-opacity":"","overlay-gradient":""},"tablet":{"background-color":"","background-image":"","background-repeat":"repeat","background-position":"center center","background-size":"auto","background-attachment":"scroll","background-type":"","background-media":"","overlay-type":"","overlay-color":"","overlay-opacity":"","overlay-gradient":""},"mobile":{"background-color":"","background-image":"","background-repeat":"repeat","background-position":"center center","background-size":"auto","background-attachment":"scroll","background-type":"","background-media":"","overlay-type":"","overlay-color":"","overlay-opacity":"","overlay-gradient":""}},"ast-content-background-meta":{"desktop":{"background-color":"var(--ast-global-color-5)","background-image":"","background-repeat":"repeat","background-position":"center center","background-size":"auto","background-attachment":"scroll","background-type":"","background-media":"","overlay-type":"","overlay-color":"","overlay-opacity":"","overlay-gradient":""},"tablet":{"background-color":"var(--ast-global-color-5)","background-image":"","background-repeat":"repeat","background-position":"center center","background-size":"auto","background-attachment":"scroll","background-type":"","background-media":"","overlay-type":"","overlay-color":"","overlay-opacity":"","overlay-gradient":""},"mobile":{"background-color":"var(--ast-global-color-5)","background-image":"","background-repeat":"repeat","background-position":"center center","background-size":"auto","background-attachment":"scroll","background-type":"","background-media":"","overlay-type":"","overlay-color":"","overlay-opacity":"","overlay-gradient":""}}},"product_brand":[],"product_cat":[78],"product_tag":[148,151,145],"class_list":{"0":"post-5311","1":"product","2":"type-product","3":"status-publish","4":"has-post-thumbnail","6":"product_cat-lubricating-oil-care-oil-series","7":"product_tag-care-oil","8":"product_tag-fishing-rod-care-oil","9":"product_tag-maintenance-oil","10":"desktop-align-center","11":"tablet-align-left","12":"mobile-align-left","13":"ast-product-gallery-layout-horizontal-slider","14":"ast-product-gallery-with-no-image","15":"ast-product-tabs-layout-horizontal","17":"first","18":"instock","19":"shipping-taxable","20":"product-type-simple"},"aioseo_notices":[],"uagb_featured_image_src":{"full":["https:\/\/williamweir.com\/wp-content\/uploads\/2024\/10\/\u9c7c\u7aff\u4fdd\u517b\u6cb9.jpg",800,800,false],"thumbnail":["https:\/\/williamweir.com\/wp-content\/uploads\/2024\/10\/\u9c7c\u7aff\u4fdd\u517b\u6cb9-300x300.jpg",300,300,true],"medium":["https:\/\/williamweir.com\/wp-content\/uploads\/2024\/10\/\u9c7c\u7aff\u4fdd\u517b\u6cb9-600x600.jpg",600,600,true],"medium_large":["https:\/\/williamweir.com\/wp-content\/uploads\/2024\/10\/\u9c7c\u7aff\u4fdd\u517b\u6cb9-768x768.jpg",768,768,true],"large":["https:\/\/williamweir.com\/wp-content\/uploads\/2024\/10\/\u9c7c\u7aff\u4fdd\u517b\u6cb9.jpg",800,800,false],"1536x1536":["https:\/\/williamweir.com\/wp-content\/uploads\/2024\/10\/\u9c7c\u7aff\u4fdd\u517b\u6cb9.jpg",800,800,false],"2048x2048":["https:\/\/williamweir.com\/wp-content\/uploads\/2024\/10\/\u9c7c\u7aff\u4fdd\u517b\u6cb9.jpg",800,800,false],"trp-custom-language-flag":["https:\/\/williamweir.com\/wp-content\/uploads\/2024\/10\/\u9c7c\u7aff\u4fdd\u517b\u6cb9-12x12.jpg",12,12,true],"woocommerce_thumbnail":["https:\/\/williamweir.com\/wp-content\/uploads\/2024\/10\/\u9c7c\u7aff\u4fdd\u517b\u6cb9-600x600.jpg",600,600,true],"woocommerce_single":["https:\/\/williamweir.com\/wp-content\/uploads\/2024\/10\/\u9c7c\u7aff\u4fdd\u517b\u6cb9-600x600.jpg",600,600,true],"woocommerce_gallery_thumbnail":["https:\/\/williamweir.com\/wp-content\/uploads\/2024\/10\/\u9c7c\u7aff\u4fdd\u517b\u6cb9-100x100.jpg",100,100,true]},"uagb_author_info":{"display_name":"wlwer","author_link":"https:\/\/williamweir.com\/de\/author\/"},"uagb_comment_info":0,"uagb_excerpt":"Our factory provides OEM\/ODM processing services, we can tailor products for you; Our MOQ is low, generally the minimum quantity is 1000 bottles can be produced; Our products are inexpensive, excellent product quality, in line with any national laws and regulations and customer needs! We also offer the following services \u2714\u00a0 Cross-border source\u00a0 \u00a0 \u00a0&hellip;","_links":{"self":[{"href":"https:\/\/williamweir.com\/de\/wp-json\/wp\/v2\/product\/5311"}],"collection":[{"href":"https:\/\/williamweir.com\/de\/wp-json\/wp\/v2\/product"}],"about":[{"href":"https:\/\/williamweir.com\/de\/wp-json\/wp\/v2\/types\/product"}],"version-history":[{"count":5,"href":"https:\/\/williamweir.com\/de\/wp-json\/wp\/v2\/product\/5311\/revisions"}],"predecessor-version":[{"id":8293,"href":"https:\/\/williamweir.com\/de\/wp-json\/wp\/v2\/product\/5311\/revisions\/8293"}],"wp:featuredmedia":[{"embeddable":true,"href":"https:\/\/williamweir.com\/de\/wp-json\/wp\/v2\/media\/5312"}],"wp:attachment":[{"href":"https:\/\/williamweir.com\/de\/wp-json\/wp\/v2\/media?parent=5311"}],"wp:term":[{"taxonomy":"product_brand","embeddable":true,"href":"https:\/\/williamweir.com\/de\/wp-json\/wp\/v2\/product_brand?post=5311"},{"taxonomy":"product_cat","embeddable":true,"href":"https:\/\/williamweir.com\/de\/wp-json\/wp\/v2\/product_cat?post=5311"},{"taxonomy":"product_tag","embeddable":true,"href":"https:\/\/williamweir.com\/de\/wp-json\/wp\/v2\/product_tag?post=5311"}],"curies":[{"name":"wp","href":"https:\/\/api.w.org\/{rel}","templated":true}]}}