{"id":5308,"date":"2024-10-30T05:18:55","date_gmt":"2024-10-30T05:18:55","guid":{"rendered":"https:\/\/williamweir.com\/?post_type=product&#038;p=5308"},"modified":"2025-05-24T01:48:13","modified_gmt":"2025-05-24T01:48:13","slug":"hardware-lubricating-oil","status":"publish","type":"product","link":"https:\/\/williamweir.com\/de\/produkt\/hardware-lubricating-oil\/","title":{"rendered":"Hardware Schmier\u00f6l"},"content":{"rendered":"<p align=\"justify\"><strong>Produkt-Code<\/strong><strong>\uff1a<\/strong><strong>2486<\/strong><\/p>\n<p><strong>I. Einf\u00fchrung in das Produkt<\/strong><\/p>\n<p>Dieses Produkt ist ein Hochleistungsschutzmittel, das speziell entwickelt wurde, um das Rosten von Metalloberfl\u00e4chen zu verhindern und eine dauerhafte Schmierung zu gew\u00e4hrleisten. Es ist f\u00fcr verschiedene Metallprodukte wie mechanische Ger\u00e4te, Werkzeuge und Autoteile geeignet und kann Metalle wirksam vor Feuchtigkeit, Sauerstoff und anderen korrosiven Faktoren sch\u00fctzen.<\/p>\n<p><strong>II. Produktmerkmale<\/strong><\/p>\n<ol>\n<li>Ausgezeichnete Rostschutzleistung: Enth\u00e4lt spezielle Rostschutzadditive, die einen starken Schutzfilm auf der Metalloberfl\u00e4che bilden k\u00f6nnen, der den Kontakt mit Feuchtigkeit, Sauerstoff und anderen korrosiven Substanzen verhindert und das Rosten des Metalls wirksam unterbindet.<\/li>\n<li>Gute Schmierungsleistung: Bietet eine hervorragende Schmierwirkung, reduziert die Reibung und den Verschlei\u00df zwischen Metallteilen und verl\u00e4ngert die Lebensdauer der Ausr\u00fcstung.<\/li>\n<li>Hohe Temperaturbest\u00e4ndigkeit: Es kann auch in Umgebungen mit hohen Temperaturen eine stabile Leistung beibehalten und wird nicht aufgrund hoher Temperaturen ausfallen oder verloren gehen.<\/li>\n<li>Starke Kompatibilit\u00e4t: Vertr\u00e4gt sich mit den meisten Metallwerkstoffen und -beschichtungen und verursacht keine Sch\u00e4den an der Metalloberfl\u00e4che oder beeintr\u00e4chtigt deren Aussehen.<\/li>\n<\/ol>\n<p><strong>III. Verwendungsmethoden<\/strong><\/p>\n<ol>\n<li>Vergewissern Sie sich vor der Verwendung, dass die Metalloberfl\u00e4che sauber und trocken, frei von \u00d6lflecken, Staub und anderen Verunreinigungen ist.<\/li>\n<li>Spr\u00fchen oder tragen Sie das rostverhindernde Schmier\u00f6l gleichm\u00e4\u00dfig auf die Metalloberfl\u00e4che auf. Es k\u00f6nnen Werkzeuge wie Spr\u00fchger\u00e4te, Pinsel oder Lappen verwendet werden.<\/li>\n<li>Bei Metallprodukten, die langfristig vor Rost gesch\u00fctzt werden m\u00fcssen, kann die Dicke der Beschichtung entsprechend erh\u00f6ht werden.<\/li>\n<li>Wenn w\u00e4hrend des Gebrauchs ein neues Rostschutzschmier\u00f6l aufgetragen werden muss, kann die alte Beschichtung zuerst entfernt und dann neu aufgetragen werden.<\/li>\n<\/ol>\n<p><strong>IV. Vorsichtsma\u00dfnahmen<\/strong><\/p>\n<ol>\n<li>Ber\u00fchrung mit den Augen und der Haut vermeiden. Bei versehentlichem Kontakt sofort mit klarem Wasser absp\u00fclen.<\/li>\n<li>An einem k\u00fchlen, trockenen und gut bel\u00fcfteten Ort fern von Feuer- und W\u00e4rmequellen lagern.<\/li>\n<li>Mischen Sie das Rostschutz-Schmier\u00f6l nicht mit anderen Chemikalien, um seine Leistung nicht zu beeintr\u00e4chtigen.<\/li>\n<li>Bitte versiegeln Sie den Beh\u00e4lter nach Gebrauch rechtzeitig, um Verfl\u00fcchtigung und Verschmutzung zu vermeiden.<\/li>\n<li>Wenn w\u00e4hrend des Gebrauchs abnormale Zust\u00e4nde wie Verf\u00e4rbungen und Blasenbildung auf der Metalloberfl\u00e4che auftreten, stellen Sie den Gebrauch sofort ein und ergreifen Sie entsprechende Ma\u00dfnahmen zur Behandlung.<\/li>\n<\/ol>\n<p>&nbsp;<\/p>","protected":false},"excerpt":{"rendered":"<p>Unsere Fabrik bietet OEM\/ODM-Verarbeitungsdienstleistungen, wir k\u00f6nnen Produkte f\u00fcr Sie ma\u00dfschneidern; Unser MOQ ist niedrig, im Allgemeinen kann die Mindestmenge 1000 Flaschen produziert werden; Unsere Produkte sind preiswert, ausgezeichnete Produktqualit\u00e4t, im Einklang mit allen nationalen Gesetzen und Vorschriften und Kundenbed\u00fcrfnissen!<\/p>\n<p>Wir bieten au\u00dferdem folgende Dienstleistungen an<br \/>\n\u2714 Grenz\u00fcberschreitende Quelle \u2714 Unterst\u00fctzung von Anpassungen<br \/>\n\u2714 Ausgangsfabrik \u2714 Produktentwicklung<br \/>\n\u2714 Ma\u00dfgeschneiderte Muster \u2714 Markenzulassung<\/p>\n<h2 style=\"text-align: left;\"><strong>Fragen oder Kommentare? <\/strong><\/h2>\n<h2 style=\"text-align: left;\"><strong>wlwer@williamweir.com<\/strong><\/h2>","protected":false},"featured_media":5309,"template":"","meta":{"_uag_custom_page_level_css":"","site-sidebar-layout":"default","site-content-layout":"","ast-site-content-layout":"default","site-content-style":"default","site-sidebar-style":"default","ast-global-header-display":"","ast-banner-title-visibility":"","ast-main-header-display":"","ast-hfb-above-header-display":"","ast-hfb-below-header-display":"","ast-hfb-mobile-header-display":"","site-post-title":"","ast-breadcrumbs-content":"","ast-featured-img":"","footer-sml-layout":"","theme-transparent-header-meta":"default","adv-header-id-meta":"","stick-header-meta":"","header-above-stick-meta":"","header-main-stick-meta":"","header-below-stick-meta":"","astra-migrate-meta-layouts":"set","ast-page-background-enabled":"default","ast-page-background-meta":{"desktop":{"background-color":"","background-image":"","background-repeat":"repeat","background-position":"center center","background-size":"auto","background-attachment":"scroll","background-type":"","background-media":"","overlay-type":"","overlay-color":"","overlay-opacity":"","overlay-gradient":""},"tablet":{"background-color":"","background-image":"","background-repeat":"repeat","background-position":"center center","background-size":"auto","background-attachment":"scroll","background-type":"","background-media":"","overlay-type":"","overlay-color":"","overlay-opacity":"","overlay-gradient":""},"mobile":{"background-color":"","background-image":"","background-repeat":"repeat","background-position":"center center","background-size":"auto","background-attachment":"scroll","background-type":"","background-media":"","overlay-type":"","overlay-color":"","overlay-opacity":"","overlay-gradient":""}},"ast-content-background-meta":{"desktop":{"background-color":"var(--ast-global-color-5)","background-image":"","background-repeat":"repeat","background-position":"center center","background-size":"auto","background-attachment":"scroll","background-type":"","background-media":"","overlay-type":"","overlay-color":"","overlay-opacity":"","overlay-gradient":""},"tablet":{"background-color":"var(--ast-global-color-5)","background-image":"","background-repeat":"repeat","background-position":"center center","background-size":"auto","background-attachment":"scroll","background-type":"","background-media":"","overlay-type":"","overlay-color":"","overlay-opacity":"","overlay-gradient":""},"mobile":{"background-color":"var(--ast-global-color-5)","background-image":"","background-repeat":"repeat","background-position":"center center","background-size":"auto","background-attachment":"scroll","background-type":"","background-media":"","overlay-type":"","overlay-color":"","overlay-opacity":"","overlay-gradient":""}}},"product_brand":[],"product_cat":[78],"product_tag":[148,150,145],"class_list":{"0":"post-5308","1":"product","2":"type-product","3":"status-publish","4":"has-post-thumbnail","6":"product_cat-lubricating-oil-care-oil-series","7":"product_tag-care-oil","8":"product_tag-lubricating-oil","9":"product_tag-maintenance-oil","10":"desktop-align-center","11":"tablet-align-left","12":"mobile-align-left","13":"ast-product-gallery-layout-horizontal-slider","14":"ast-product-gallery-with-no-image","15":"ast-product-tabs-layout-horizontal","17":"first","18":"instock","19":"shipping-taxable","20":"product-type-simple"},"aioseo_notices":[],"uagb_featured_image_src":{"full":["https:\/\/williamweir.com\/wp-content\/uploads\/2024\/10\/\u4e94\u91d1\u9632\u9508\u6da6\u6ed1\u6cb9.jpg",800,800,false],"thumbnail":["https:\/\/williamweir.com\/wp-content\/uploads\/2024\/10\/\u4e94\u91d1\u9632\u9508\u6da6\u6ed1\u6cb9-300x300.jpg",300,300,true],"medium":["https:\/\/williamweir.com\/wp-content\/uploads\/2024\/10\/\u4e94\u91d1\u9632\u9508\u6da6\u6ed1\u6cb9-600x600.jpg",600,600,true],"medium_large":["https:\/\/williamweir.com\/wp-content\/uploads\/2024\/10\/\u4e94\u91d1\u9632\u9508\u6da6\u6ed1\u6cb9-768x768.jpg",768,768,true],"large":["https:\/\/williamweir.com\/wp-content\/uploads\/2024\/10\/\u4e94\u91d1\u9632\u9508\u6da6\u6ed1\u6cb9.jpg",800,800,false],"1536x1536":["https:\/\/williamweir.com\/wp-content\/uploads\/2024\/10\/\u4e94\u91d1\u9632\u9508\u6da6\u6ed1\u6cb9.jpg",800,800,false],"2048x2048":["https:\/\/williamweir.com\/wp-content\/uploads\/2024\/10\/\u4e94\u91d1\u9632\u9508\u6da6\u6ed1\u6cb9.jpg",800,800,false],"trp-custom-language-flag":["https:\/\/williamweir.com\/wp-content\/uploads\/2024\/10\/\u4e94\u91d1\u9632\u9508\u6da6\u6ed1\u6cb9-12x12.jpg",12,12,true],"woocommerce_thumbnail":["https:\/\/williamweir.com\/wp-content\/uploads\/2024\/10\/\u4e94\u91d1\u9632\u9508\u6da6\u6ed1\u6cb9-600x600.jpg",600,600,true],"woocommerce_single":["https:\/\/williamweir.com\/wp-content\/uploads\/2024\/10\/\u4e94\u91d1\u9632\u9508\u6da6\u6ed1\u6cb9-600x600.jpg",600,600,true],"woocommerce_gallery_thumbnail":["https:\/\/williamweir.com\/wp-content\/uploads\/2024\/10\/\u4e94\u91d1\u9632\u9508\u6da6\u6ed1\u6cb9-100x100.jpg",100,100,true]},"uagb_author_info":{"display_name":"wlwer","author_link":"https:\/\/williamweir.com\/de\/author\/"},"uagb_comment_info":0,"uagb_excerpt":"Our factory provides OEM\/ODM processing services, we can tailor products for you; Our MOQ is low, generally the minimum quantity is 1000 bottles can be produced; Our products are inexpensive, excellent product quality, in line with any national laws and regulations and customer needs! We also offer the following services \u2714\u00a0 Cross-border source\u00a0 \u00a0 \u00a0&hellip;","_links":{"self":[{"href":"https:\/\/williamweir.com\/de\/wp-json\/wp\/v2\/product\/5308"}],"collection":[{"href":"https:\/\/williamweir.com\/de\/wp-json\/wp\/v2\/product"}],"about":[{"href":"https:\/\/williamweir.com\/de\/wp-json\/wp\/v2\/types\/product"}],"version-history":[{"count":5,"href":"https:\/\/williamweir.com\/de\/wp-json\/wp\/v2\/product\/5308\/revisions"}],"predecessor-version":[{"id":8294,"href":"https:\/\/williamweir.com\/de\/wp-json\/wp\/v2\/product\/5308\/revisions\/8294"}],"wp:featuredmedia":[{"embeddable":true,"href":"https:\/\/williamweir.com\/de\/wp-json\/wp\/v2\/media\/5309"}],"wp:attachment":[{"href":"https:\/\/williamweir.com\/de\/wp-json\/wp\/v2\/media?parent=5308"}],"wp:term":[{"taxonomy":"product_brand","embeddable":true,"href":"https:\/\/williamweir.com\/de\/wp-json\/wp\/v2\/product_brand?post=5308"},{"taxonomy":"product_cat","embeddable":true,"href":"https:\/\/williamweir.com\/de\/wp-json\/wp\/v2\/product_cat?post=5308"},{"taxonomy":"product_tag","embeddable":true,"href":"https:\/\/williamweir.com\/de\/wp-json\/wp\/v2\/product_tag?post=5308"}],"curies":[{"name":"wp","href":"https:\/\/api.w.org\/{rel}","templated":true}]}}