{"id":5305,"date":"2024-10-30T05:15:43","date_gmt":"2024-10-30T05:15:43","guid":{"rendered":"https:\/\/williamweir.com\/?post_type=product&#038;p=5305"},"modified":"2025-05-24T01:48:18","modified_gmt":"2025-05-24T01:48:18","slug":"treadmill-lubricating-oil","status":"publish","type":"product","link":"https:\/\/williamweir.com\/de\/produkt\/treadmill-lubricating-oil\/","title":{"rendered":"Laufband-Schmier\u00f6l"},"content":{"rendered":"<p align=\"justify\"><strong>Produkt-Code<\/strong><strong>\uff1a<\/strong><strong>2479<\/strong><\/p>\n<p><strong>I. Einf\u00fchrung in das Produkt<\/strong><\/p>\n<p>Dieses Produkt ist ein hochwertiges Schmier\u00f6l, das speziell f\u00fcr Laufb\u00e4nder entwickelt wurde. Es soll den reibungslosen Betrieb von Laufb\u00e4ndern gew\u00e4hrleisten, den Verschlei\u00df reduzieren und die Lebensdauer von Laufb\u00e4ndern verl\u00e4ngern.<\/p>\n<p><strong>II. Produktmerkmale<\/strong><\/p>\n<ol>\n<li>Hocheffiziente Schmierung: Enth\u00e4lt spezielle Schmierstoffe, die einen gleichm\u00e4\u00dfigen \u00d6lfilm zwischen dem Laufband und dem Laufbrett des Laufbandes bilden k\u00f6nnen, wodurch der Reibungskoeffizient effektiv reduziert und der Laufprozess reibungsloser wird.<\/li>\n<li>Anti-Verschlei\u00df: Verringern Sie den Verschlei\u00df zwischen Laufband und Laufbrett, sch\u00fctzen Sie die wichtigsten Komponenten des Laufbandes und verl\u00e4ngern Sie die Lebensdauer des Laufbandes.<\/li>\n<li>Hohe Temperaturbest\u00e4ndigkeit: In der Hochtemperaturumgebung, die w\u00e4hrend des Betriebs des Laufbands entsteht, kann es immer noch eine stabile Schmierleistung aufrechterhalten und wird nicht aufgrund hoher Temperaturen ausfallen.<\/li>\n<li>Hohe Kompatibilit\u00e4t: Geeignet f\u00fcr verschiedene Arten von Laufb\u00e4ndern, einschlie\u00dflich Heim- und kommerziellen Laufb\u00e4ndern.<\/li>\n<\/ol>\n<p><strong>III. Verwendungsmethoden<\/strong><\/p>\n<ol>\n<li>Schalten Sie das Laufband aus, um sicherzustellen, dass es sich im Ruhezustand befindet.<\/li>\n<li>Wischen Sie die Oberfl\u00e4che des Laufbands und des Trittbretts mit einem sauberen Lappen ab, um Staub und Verschmutzungen zu entfernen.<\/li>\n<li>Geben Sie eine angemessene Menge Laufband-Schmier\u00f6l gleichm\u00e4\u00dfig auf die Mitte des Laufbandes.<\/li>\n<li>Schalten Sie das Laufband ein, stellen Sie es auf niedrige Geschwindigkeit und lassen Sie das Laufband einige Minuten laufen, damit sich das Schmier\u00f6l gleichm\u00e4\u00dfig zwischen Laufband und Lauffl\u00e4che verteilt.<\/li>\n<li>Schalten Sie das Laufband aus und wischen Sie die Oberfl\u00e4che des Laufbandes erneut mit einem sauberen Lappen ab, um \u00fcbersch\u00fcssiges Schmier\u00f6l zu entfernen.<\/li>\n<\/ol>\n<p><strong>IV. Vorsichtsma\u00dfnahmen<\/strong><\/p>\n<ol>\n<li>Bitte lesen Sie das Produkthandbuch vor dem Gebrauch sorgf\u00e4ltig durch und verwenden Sie das Schmier\u00f6l auf die richtige Weise.<\/li>\n<li>Verwenden Sie nicht zu viel Schmier\u00f6l, um ein Durchrutschen des Laufbandes zu vermeiden.<\/li>\n<li>Bewahren Sie es an einem Ort auf, an dem Kinder es nicht leicht erreichen k\u00f6nnen, um ein versehentliches Verschlucken zu verhindern.<\/li>\n<\/ol>","protected":false},"excerpt":{"rendered":"<p>Unsere Fabrik bietet OEM\/ODM-Verarbeitungsdienstleistungen, wir k\u00f6nnen Produkte f\u00fcr Sie ma\u00dfschneidern; Unser MOQ ist niedrig, im Allgemeinen kann die Mindestmenge 1000 Flaschen produziert werden; Unsere Produkte sind preiswert, ausgezeichnete Produktqualit\u00e4t, im Einklang mit allen nationalen Gesetzen und Vorschriften und Kundenbed\u00fcrfnissen!<\/p>\n<p>Wir bieten au\u00dferdem folgende Dienstleistungen an<br \/>\n\u2714 Grenz\u00fcberschreitende Quelle \u2714 Unterst\u00fctzung von Anpassungen<br \/>\n\u2714 Ausgangsfabrik \u2714 Produktentwicklung<br \/>\n\u2714 Ma\u00dfgeschneiderte Muster \u2714 Markenzulassung<\/p>\n<h2 style=\"text-align: left;\"><strong>Fragen oder Kommentare? <\/strong><\/h2>\n<h2 style=\"text-align: left;\"><strong>wlwer@williamweir.com<\/strong><\/h2>","protected":false},"featured_media":5306,"template":"","meta":{"_uag_custom_page_level_css":"","site-sidebar-layout":"default","site-content-layout":"","ast-site-content-layout":"default","site-content-style":"default","site-sidebar-style":"default","ast-global-header-display":"","ast-banner-title-visibility":"","ast-main-header-display":"","ast-hfb-above-header-display":"","ast-hfb-below-header-display":"","ast-hfb-mobile-header-display":"","site-post-title":"","ast-breadcrumbs-content":"","ast-featured-img":"","footer-sml-layout":"","theme-transparent-header-meta":"default","adv-header-id-meta":"","stick-header-meta":"","header-above-stick-meta":"","header-main-stick-meta":"","header-below-stick-meta":"","astra-migrate-meta-layouts":"set","ast-page-background-enabled":"default","ast-page-background-meta":{"desktop":{"background-color":"","background-image":"","background-repeat":"repeat","background-position":"center center","background-size":"auto","background-attachment":"scroll","background-type":"","background-media":"","overlay-type":"","overlay-color":"","overlay-opacity":"","overlay-gradient":""},"tablet":{"background-color":"","background-image":"","background-repeat":"repeat","background-position":"center center","background-size":"auto","background-attachment":"scroll","background-type":"","background-media":"","overlay-type":"","overlay-color":"","overlay-opacity":"","overlay-gradient":""},"mobile":{"background-color":"","background-image":"","background-repeat":"repeat","background-position":"center center","background-size":"auto","background-attachment":"scroll","background-type":"","background-media":"","overlay-type":"","overlay-color":"","overlay-opacity":"","overlay-gradient":""}},"ast-content-background-meta":{"desktop":{"background-color":"var(--ast-global-color-5)","background-image":"","background-repeat":"repeat","background-position":"center center","background-size":"auto","background-attachment":"scroll","background-type":"","background-media":"","overlay-type":"","overlay-color":"","overlay-opacity":"","overlay-gradient":""},"tablet":{"background-color":"var(--ast-global-color-5)","background-image":"","background-repeat":"repeat","background-position":"center center","background-size":"auto","background-attachment":"scroll","background-type":"","background-media":"","overlay-type":"","overlay-color":"","overlay-opacity":"","overlay-gradient":""},"mobile":{"background-color":"var(--ast-global-color-5)","background-image":"","background-repeat":"repeat","background-position":"center center","background-size":"auto","background-attachment":"scroll","background-type":"","background-media":"","overlay-type":"","overlay-color":"","overlay-opacity":"","overlay-gradient":""}}},"product_brand":[],"product_cat":[78],"product_tag":[148,150,145],"class_list":{"0":"post-5305","1":"product","2":"type-product","3":"status-publish","4":"has-post-thumbnail","6":"product_cat-lubricating-oil-care-oil-series","7":"product_tag-care-oil","8":"product_tag-lubricating-oil","9":"product_tag-maintenance-oil","10":"desktop-align-center","11":"tablet-align-left","12":"mobile-align-left","13":"ast-product-gallery-layout-horizontal-slider","14":"ast-product-gallery-with-no-image","15":"ast-product-tabs-layout-horizontal","17":"first","18":"instock","19":"shipping-taxable","20":"product-type-simple"},"aioseo_notices":[],"uagb_featured_image_src":{"full":["https:\/\/williamweir.com\/wp-content\/uploads\/2024\/10\/\u8dd1\u6b65\u673a\u6da6\u6ed1\u6cb9.jpg",800,800,false],"thumbnail":["https:\/\/williamweir.com\/wp-content\/uploads\/2024\/10\/\u8dd1\u6b65\u673a\u6da6\u6ed1\u6cb9-300x300.jpg",300,300,true],"medium":["https:\/\/williamweir.com\/wp-content\/uploads\/2024\/10\/\u8dd1\u6b65\u673a\u6da6\u6ed1\u6cb9-600x600.jpg",600,600,true],"medium_large":["https:\/\/williamweir.com\/wp-content\/uploads\/2024\/10\/\u8dd1\u6b65\u673a\u6da6\u6ed1\u6cb9-768x768.jpg",768,768,true],"large":["https:\/\/williamweir.com\/wp-content\/uploads\/2024\/10\/\u8dd1\u6b65\u673a\u6da6\u6ed1\u6cb9.jpg",800,800,false],"1536x1536":["https:\/\/williamweir.com\/wp-content\/uploads\/2024\/10\/\u8dd1\u6b65\u673a\u6da6\u6ed1\u6cb9.jpg",800,800,false],"2048x2048":["https:\/\/williamweir.com\/wp-content\/uploads\/2024\/10\/\u8dd1\u6b65\u673a\u6da6\u6ed1\u6cb9.jpg",800,800,false],"trp-custom-language-flag":["https:\/\/williamweir.com\/wp-content\/uploads\/2024\/10\/\u8dd1\u6b65\u673a\u6da6\u6ed1\u6cb9-12x12.jpg",12,12,true],"woocommerce_thumbnail":["https:\/\/williamweir.com\/wp-content\/uploads\/2024\/10\/\u8dd1\u6b65\u673a\u6da6\u6ed1\u6cb9-600x600.jpg",600,600,true],"woocommerce_single":["https:\/\/williamweir.com\/wp-content\/uploads\/2024\/10\/\u8dd1\u6b65\u673a\u6da6\u6ed1\u6cb9-600x600.jpg",600,600,true],"woocommerce_gallery_thumbnail":["https:\/\/williamweir.com\/wp-content\/uploads\/2024\/10\/\u8dd1\u6b65\u673a\u6da6\u6ed1\u6cb9-100x100.jpg",100,100,true]},"uagb_author_info":{"display_name":"wlwer","author_link":"https:\/\/williamweir.com\/de\/author\/"},"uagb_comment_info":0,"uagb_excerpt":"Our factory provides OEM\/ODM processing services, we can tailor products for you; Our MOQ is low, generally the minimum quantity is 1000 bottles can be produced; Our products are inexpensive, excellent product quality, in line with any national laws and regulations and customer needs! We also offer the following services \u2714\u00a0 Cross-border source\u00a0 \u00a0 \u00a0&hellip;","_links":{"self":[{"href":"https:\/\/williamweir.com\/de\/wp-json\/wp\/v2\/product\/5305"}],"collection":[{"href":"https:\/\/williamweir.com\/de\/wp-json\/wp\/v2\/product"}],"about":[{"href":"https:\/\/williamweir.com\/de\/wp-json\/wp\/v2\/types\/product"}],"version-history":[{"count":4,"href":"https:\/\/williamweir.com\/de\/wp-json\/wp\/v2\/product\/5305\/revisions"}],"predecessor-version":[{"id":8295,"href":"https:\/\/williamweir.com\/de\/wp-json\/wp\/v2\/product\/5305\/revisions\/8295"}],"wp:featuredmedia":[{"embeddable":true,"href":"https:\/\/williamweir.com\/de\/wp-json\/wp\/v2\/media\/5306"}],"wp:attachment":[{"href":"https:\/\/williamweir.com\/de\/wp-json\/wp\/v2\/media?parent=5305"}],"wp:term":[{"taxonomy":"product_brand","embeddable":true,"href":"https:\/\/williamweir.com\/de\/wp-json\/wp\/v2\/product_brand?post=5305"},{"taxonomy":"product_cat","embeddable":true,"href":"https:\/\/williamweir.com\/de\/wp-json\/wp\/v2\/product_cat?post=5305"},{"taxonomy":"product_tag","embeddable":true,"href":"https:\/\/williamweir.com\/de\/wp-json\/wp\/v2\/product_tag?post=5305"}],"curies":[{"name":"wp","href":"https:\/\/api.w.org\/{rel}","templated":true}]}}