{"id":5302,"date":"2024-10-30T05:12:16","date_gmt":"2024-10-30T05:12:16","guid":{"rendered":"https:\/\/williamweir.com\/?post_type=product&#038;p=5302"},"modified":"2025-05-24T01:48:24","modified_gmt":"2025-05-24T01:48:24","slug":"door-lock-lubricating-oil","status":"publish","type":"product","link":"https:\/\/williamweir.com\/de\/produkt\/door-lock-lubricating-oil\/","title":{"rendered":"T\u00fcrschloss Schmier\u00f6l"},"content":{"rendered":"<p align=\"justify\"><strong>Produkt-Code<\/strong><strong>\uff1a<\/strong><strong>2462<\/strong><\/p>\n<p><strong>I. Einf\u00fchrung in das Produkt<\/strong><\/p>\n<p>Dieses Produkt ist ein Hochleistungs-Schmier\u00f6l, das speziell f\u00fcr T\u00fcr- und Fensterschl\u00f6sser entwickelt wurde. Es kann die Reibung zwischen dem Schlie\u00dfzylinder und dem Schlossk\u00f6rper wirksam reduzieren, das reibungslose \u00d6ffnen und Schlie\u00dfen von T\u00fcr- und Fensterschl\u00f6ssern gew\u00e4hrleisten und die Lebensdauer der Schl\u00f6sser verl\u00e4ngern.<\/p>\n<p><strong>II. Produktmerkmale<\/strong><\/p>\n<ol>\n<li>Ausgezeichnete Schmierleistung: Enth\u00e4lt spezielle Schmierstoffe, die einen dauerhaften Schmierfilm auf der Metalloberfl\u00e4che bilden, den Reibungskoeffizienten verringern und die Bedienung von T\u00fcr- und Fensterschl\u00f6ssern einfach und m\u00fchelos machen.<\/li>\n<li>Schutz vor Rost: Verhindert, dass die Metallteile der Schl\u00f6sser rosten und korrodieren, und erh\u00e4lt das Aussehen und die Leistung der Schl\u00f6sser.<\/li>\n<li>Anpassungsf\u00e4higkeit bei niedrigen Temperaturen: Es ist auch bei niedrigen Temperaturen noch flie\u00dff\u00e4hig, so dass T\u00fcr- und Fensterschl\u00f6sser bei kaltem Wetter normal verwendet werden k\u00f6nnen.<\/li>\n<li>Sicher und umweltfreundlich: Verwendet eine ungiftige und geruchlose Umweltschutzformel, die f\u00fcr den menschlichen K\u00f6rper und die Umwelt unbedenklich ist.<\/li>\n<\/ol>\n<p><strong>III. Verwendungsmethoden<\/strong><\/p>\n<ol>\n<li>Reinigen Sie zun\u00e4chst das T\u00fcr- und Fensterschloss, um Staub und Schmutz auf der Oberfl\u00e4che zu entfernen.<\/li>\n<li>Geben Sie das Schmier\u00f6l gleichm\u00e4\u00dfig in den Schlie\u00dfzylinder.<\/li>\n<li>Drehen Sie vorsichtig den Schl\u00fcssel oder bet\u00e4tigen Sie das Schloss, damit sich das Schmier\u00f6l vollst\u00e4ndig in allen Teilen verteilt.<\/li>\n<li>Bei Schl\u00f6ssern, die lange Zeit nicht benutzt wurden oder stark verklemmt sind, k\u00f6nnen die oben genannten Schritte mehrfach wiederholt werden, um eine bessere Schmierwirkung zu erzielen.<\/li>\n<\/ol>\n<p><strong>IV. Vorsichtsma\u00dfnahmen<\/strong><\/p>\n<ol>\n<li>Bewahren Sie es an einem Ort auf, an dem Kinder es nicht leicht erreichen k\u00f6nnen, um ein versehentliches Verschlucken zu verhindern.<\/li>\n<li>Verwenden Sie es nicht in der N\u00e4he einer Feuerquelle, um Gefahren zu vermeiden.<\/li>\n<li>Wenn das Schmier\u00f6l versehentlich auf den Boden oder andere Gegenst\u00e4nde tropft, sollte es rechtzeitig aufgewischt werden, um Ausrutschen oder Verschmutzung zu vermeiden.<\/li>\n<li>Pr\u00fcfen Sie regelm\u00e4\u00dfig den Zustand der Schmierung von T\u00fcr- und Fensterschl\u00f6ssern und f\u00fcllen Sie bei Bedarf rechtzeitig Schmier\u00f6l nach.<\/li>\n<\/ol>","protected":false},"excerpt":{"rendered":"<p>Unsere Fabrik bietet OEM\/ODM-Verarbeitungsdienstleistungen, wir k\u00f6nnen Produkte f\u00fcr Sie ma\u00dfschneidern; Unser MOQ ist niedrig, im Allgemeinen kann die Mindestmenge 1000 Flaschen produziert werden; Unsere Produkte sind preiswert, ausgezeichnete Produktqualit\u00e4t, im Einklang mit allen nationalen Gesetzen und Vorschriften und Kundenbed\u00fcrfnissen!<\/p>\n<p>Wir bieten au\u00dferdem folgende Dienstleistungen an<br \/>\n\u2714 Grenz\u00fcberschreitende Quelle \u2714 Unterst\u00fctzung von Anpassungen<br \/>\n\u2714 Ausgangsfabrik \u2714 Produktentwicklung<br \/>\n\u2714 Ma\u00dfgeschneiderte Muster \u2714 Markenzulassung<\/p>\n<h2 style=\"text-align: left;\"><strong>Fragen oder Kommentare? <\/strong><\/h2>\n<h2 style=\"text-align: left;\"><strong>wlwer@williamweir.com<\/strong><\/h2>","protected":false},"featured_media":5303,"template":"","meta":{"_uag_custom_page_level_css":"","site-sidebar-layout":"default","site-content-layout":"","ast-site-content-layout":"default","site-content-style":"default","site-sidebar-style":"default","ast-global-header-display":"","ast-banner-title-visibility":"","ast-main-header-display":"","ast-hfb-above-header-display":"","ast-hfb-below-header-display":"","ast-hfb-mobile-header-display":"","site-post-title":"","ast-breadcrumbs-content":"","ast-featured-img":"","footer-sml-layout":"","theme-transparent-header-meta":"default","adv-header-id-meta":"","stick-header-meta":"","header-above-stick-meta":"","header-main-stick-meta":"","header-below-stick-meta":"","astra-migrate-meta-layouts":"set","ast-page-background-enabled":"default","ast-page-background-meta":{"desktop":{"background-color":"","background-image":"","background-repeat":"repeat","background-position":"center center","background-size":"auto","background-attachment":"scroll","background-type":"","background-media":"","overlay-type":"","overlay-color":"","overlay-opacity":"","overlay-gradient":""},"tablet":{"background-color":"","background-image":"","background-repeat":"repeat","background-position":"center center","background-size":"auto","background-attachment":"scroll","background-type":"","background-media":"","overlay-type":"","overlay-color":"","overlay-opacity":"","overlay-gradient":""},"mobile":{"background-color":"","background-image":"","background-repeat":"repeat","background-position":"center center","background-size":"auto","background-attachment":"scroll","background-type":"","background-media":"","overlay-type":"","overlay-color":"","overlay-opacity":"","overlay-gradient":""}},"ast-content-background-meta":{"desktop":{"background-color":"var(--ast-global-color-5)","background-image":"","background-repeat":"repeat","background-position":"center center","background-size":"auto","background-attachment":"scroll","background-type":"","background-media":"","overlay-type":"","overlay-color":"","overlay-opacity":"","overlay-gradient":""},"tablet":{"background-color":"var(--ast-global-color-5)","background-image":"","background-repeat":"repeat","background-position":"center center","background-size":"auto","background-attachment":"scroll","background-type":"","background-media":"","overlay-type":"","overlay-color":"","overlay-opacity":"","overlay-gradient":""},"mobile":{"background-color":"var(--ast-global-color-5)","background-image":"","background-repeat":"repeat","background-position":"center center","background-size":"auto","background-attachment":"scroll","background-type":"","background-media":"","overlay-type":"","overlay-color":"","overlay-opacity":"","overlay-gradient":""}}},"product_brand":[],"product_cat":[78],"product_tag":[148,150,145],"class_list":{"0":"post-5302","1":"product","2":"type-product","3":"status-publish","4":"has-post-thumbnail","6":"product_cat-lubricating-oil-care-oil-series","7":"product_tag-care-oil","8":"product_tag-lubricating-oil","9":"product_tag-maintenance-oil","10":"desktop-align-center","11":"tablet-align-left","12":"mobile-align-left","13":"ast-product-gallery-layout-horizontal-slider","14":"ast-product-gallery-with-no-image","15":"ast-product-tabs-layout-horizontal","17":"first","18":"instock","19":"shipping-taxable","20":"product-type-simple"},"aioseo_notices":[],"uagb_featured_image_src":{"full":["https:\/\/williamweir.com\/wp-content\/uploads\/2024\/10\/\u95e8\u7a97\u9501\u5177\u6da6\u6ed1\u6cb9.jpg",800,800,false],"thumbnail":["https:\/\/williamweir.com\/wp-content\/uploads\/2024\/10\/\u95e8\u7a97\u9501\u5177\u6da6\u6ed1\u6cb9-300x300.jpg",300,300,true],"medium":["https:\/\/williamweir.com\/wp-content\/uploads\/2024\/10\/\u95e8\u7a97\u9501\u5177\u6da6\u6ed1\u6cb9-600x600.jpg",600,600,true],"medium_large":["https:\/\/williamweir.com\/wp-content\/uploads\/2024\/10\/\u95e8\u7a97\u9501\u5177\u6da6\u6ed1\u6cb9-768x768.jpg",768,768,true],"large":["https:\/\/williamweir.com\/wp-content\/uploads\/2024\/10\/\u95e8\u7a97\u9501\u5177\u6da6\u6ed1\u6cb9.jpg",800,800,false],"1536x1536":["https:\/\/williamweir.com\/wp-content\/uploads\/2024\/10\/\u95e8\u7a97\u9501\u5177\u6da6\u6ed1\u6cb9.jpg",800,800,false],"2048x2048":["https:\/\/williamweir.com\/wp-content\/uploads\/2024\/10\/\u95e8\u7a97\u9501\u5177\u6da6\u6ed1\u6cb9.jpg",800,800,false],"trp-custom-language-flag":["https:\/\/williamweir.com\/wp-content\/uploads\/2024\/10\/\u95e8\u7a97\u9501\u5177\u6da6\u6ed1\u6cb9-12x12.jpg",12,12,true],"woocommerce_thumbnail":["https:\/\/williamweir.com\/wp-content\/uploads\/2024\/10\/\u95e8\u7a97\u9501\u5177\u6da6\u6ed1\u6cb9-600x600.jpg",600,600,true],"woocommerce_single":["https:\/\/williamweir.com\/wp-content\/uploads\/2024\/10\/\u95e8\u7a97\u9501\u5177\u6da6\u6ed1\u6cb9-600x600.jpg",600,600,true],"woocommerce_gallery_thumbnail":["https:\/\/williamweir.com\/wp-content\/uploads\/2024\/10\/\u95e8\u7a97\u9501\u5177\u6da6\u6ed1\u6cb9-100x100.jpg",100,100,true]},"uagb_author_info":{"display_name":"wlwer","author_link":"https:\/\/williamweir.com\/de\/author\/"},"uagb_comment_info":0,"uagb_excerpt":"Our factory provides OEM\/ODM processing services, we can tailor products for you; Our MOQ is low, generally the minimum quantity is 1000 bottles can be produced; Our products are inexpensive, excellent product quality, in line with any national laws and regulations and customer needs! We also offer the following services \u2714\u00a0 Cross-border source\u00a0 \u00a0 \u00a0&hellip;","_links":{"self":[{"href":"https:\/\/williamweir.com\/de\/wp-json\/wp\/v2\/product\/5302"}],"collection":[{"href":"https:\/\/williamweir.com\/de\/wp-json\/wp\/v2\/product"}],"about":[{"href":"https:\/\/williamweir.com\/de\/wp-json\/wp\/v2\/types\/product"}],"version-history":[{"count":4,"href":"https:\/\/williamweir.com\/de\/wp-json\/wp\/v2\/product\/5302\/revisions"}],"predecessor-version":[{"id":8296,"href":"https:\/\/williamweir.com\/de\/wp-json\/wp\/v2\/product\/5302\/revisions\/8296"}],"wp:featuredmedia":[{"embeddable":true,"href":"https:\/\/williamweir.com\/de\/wp-json\/wp\/v2\/media\/5303"}],"wp:attachment":[{"href":"https:\/\/williamweir.com\/de\/wp-json\/wp\/v2\/media?parent=5302"}],"wp:term":[{"taxonomy":"product_brand","embeddable":true,"href":"https:\/\/williamweir.com\/de\/wp-json\/wp\/v2\/product_brand?post=5302"},{"taxonomy":"product_cat","embeddable":true,"href":"https:\/\/williamweir.com\/de\/wp-json\/wp\/v2\/product_cat?post=5302"},{"taxonomy":"product_tag","embeddable":true,"href":"https:\/\/williamweir.com\/de\/wp-json\/wp\/v2\/product_tag?post=5302"}],"curies":[{"name":"wp","href":"https:\/\/api.w.org\/{rel}","templated":true}]}}