{"id":5299,"date":"2024-10-30T05:07:10","date_gmt":"2024-10-30T05:07:10","guid":{"rendered":"https:\/\/williamweir.com\/?post_type=product&#038;p=5299"},"modified":"2025-05-24T01:48:32","modified_gmt":"2025-05-24T01:48:32","slug":"sewing-machine-oil","status":"publish","type":"product","link":"https:\/\/williamweir.com\/de\/produkt\/sewing-machine-oil\/","title":{"rendered":"N\u00e4hmaschinen\u00f6l"},"content":{"rendered":"<p align=\"justify\"><strong>Produkt-Code<\/strong><strong>\uff1a<\/strong><strong>2448<\/strong><\/p>\n<p><strong>I. Einf\u00fchrung in das Produkt<\/strong><\/p>\n<p>Bei diesem Produkt handelt es sich um ein hochwertiges Schmier\u00f6l, das speziell f\u00fcr N\u00e4hmaschinen entwickelt wurde, um den reibungslosen Betrieb von N\u00e4hmaschinen zu gew\u00e4hrleisten und ihre Lebensdauer zu verl\u00e4ngern.<\/p>\n<p><strong>II. Produktmerkmale<\/strong><\/p>\n<ol>\n<li>Gute Schmierleistung: Es kann einen gleichm\u00e4\u00dfigen \u00d6lfilm zwischen den verschiedenen beweglichen Teilen der N\u00e4hmaschine bilden, Reibung und Verschlei\u00df reduzieren und die N\u00e4hmaschine reibungsloser und leiser laufen lassen.<\/li>\n<li>Antioxidative Eigenschaft: Es hat eine gute antioxidative Wirkung, die verhindern kann, dass sich das Schmier\u00f6l w\u00e4hrend des Gebrauchs verschlechtert und die Haltbarkeit der Schmierwirkung aufrechterh\u00e4lt.<\/li>\n<li>Schutz vor Rost: Verhindert wirksam, dass die Metallteile der N\u00e4hmaschine rosten und korrodieren, und sch\u00fctzt die Pr\u00e4zision und Leistung der Maschine.<\/li>\n<li>Flie\u00dff\u00e4higkeit bei niedrigen Temperaturen: Es kann auch bei niedrigen Temperaturen eine gute Flie\u00dff\u00e4higkeit beibehalten, so dass die N\u00e4hmaschine unter verschiedenen Temperaturbedingungen normal starten und laufen kann.<\/li>\n<li>Starke Kompatibilit\u00e4t: Es ist mit verschiedenen Materialien und Teilen der N\u00e4hmaschine kompatibel und hat keine nachteiligen Auswirkungen auf Gummi, Kunststoff und andere Teile.<\/li>\n<\/ol>\n<p><strong>III. Verwendungsmethoden<\/strong><\/p>\n<ol>\n<li>Bevor Sie die N\u00e4hmaschine benutzen, schalten Sie sie zuerst aus, um sicherzustellen, dass sie sich im Ruhezustand befindet.<\/li>\n<li>Reinigen Sie die Oberfl\u00e4che der N\u00e4hmaschine von Staub und Schmutz, damit sich keine Verunreinigungen in das Schmier\u00f6l mischen.<\/li>\n<li>\u00d6ffnen Sie die \u00d6leinf\u00fcll\u00f6ffnung oder \u00d6lnut der N\u00e4hmaschine und gie\u00dfen Sie langsam eine angemessene Menge Schmier\u00f6l ein. Achten Sie darauf, dass Sie nicht zu viel \u00d6l einf\u00fcllen, damit kein \u00d6l versch\u00fcttet wird.<\/li>\n<li>Drehen Sie das Handrad der N\u00e4hmaschine von Hand, um das Schmier\u00f6l gleichm\u00e4\u00dfig auf alle beweglichen Teile zu verteilen.<\/li>\n<li>Wischen Sie das \u00fcbersch\u00fcssige Schmier\u00f6l mit einem sauberen Tuch ab, um die Oberfl\u00e4che der N\u00e4hmaschine sauber zu halten.<\/li>\n<\/ol>\n<p><strong>IV. Vorsichtsma\u00dfnahmen<\/strong><\/p>\n<ol>\n<li>Bewahren Sie es an einem Ort auf, an dem Kinder und Haustiere es nicht leicht erreichen k\u00f6nnen, um ein versehentliches Verschlucken zu vermeiden.<\/li>\n<li>Von Feuerquellen und Umgebungen mit hohen Temperaturen fernhalten, um eine Verbrennung oder Verschlechterung des Schmier\u00f6ls zu vermeiden.<\/li>\n<li>\u00dcberpr\u00fcfen Sie regelm\u00e4\u00dfig die Menge des Schmier\u00f6ls in der N\u00e4hmaschine und f\u00fcllen Sie das Schmier\u00f6l rechtzeitig entsprechend der Nutzungssituation auf oder ersetzen Sie es.<\/li>\n<\/ol>","protected":false},"excerpt":{"rendered":"<p>Unsere Fabrik bietet OEM\/ODM-Verarbeitungsdienstleistungen, wir k\u00f6nnen Produkte f\u00fcr Sie ma\u00dfschneidern; Unser MOQ ist niedrig, im Allgemeinen kann die Mindestmenge 1000 Flaschen produziert werden; Unsere Produkte sind preiswert, ausgezeichnete Produktqualit\u00e4t, im Einklang mit allen nationalen Gesetzen und Vorschriften und Kundenbed\u00fcrfnissen!<\/p>\n<p>Wir bieten au\u00dferdem folgende Dienstleistungen an<br \/>\n\u2714 Grenz\u00fcberschreitende Quelle \u2714 Unterst\u00fctzung von Anpassungen<br \/>\n\u2714 Ausgangsfabrik \u2714 Produktentwicklung<br \/>\n\u2714 Ma\u00dfgeschneiderte Muster \u2714 Markenzulassung<\/p>\n<h2 style=\"text-align: left;\"><strong>Fragen oder Kommentare? <\/strong><\/h2>\n<h2 style=\"text-align: left;\"><strong>wlwer@williamweir.com<\/strong><\/h2>","protected":false},"featured_media":5300,"template":"","meta":{"_uag_custom_page_level_css":"","site-sidebar-layout":"default","site-content-layout":"","ast-site-content-layout":"default","site-content-style":"default","site-sidebar-style":"default","ast-global-header-display":"","ast-banner-title-visibility":"","ast-main-header-display":"","ast-hfb-above-header-display":"","ast-hfb-below-header-display":"","ast-hfb-mobile-header-display":"","site-post-title":"","ast-breadcrumbs-content":"","ast-featured-img":"","footer-sml-layout":"","theme-transparent-header-meta":"default","adv-header-id-meta":"","stick-header-meta":"","header-above-stick-meta":"","header-main-stick-meta":"","header-below-stick-meta":"","astra-migrate-meta-layouts":"set","ast-page-background-enabled":"default","ast-page-background-meta":{"desktop":{"background-color":"","background-image":"","background-repeat":"repeat","background-position":"center center","background-size":"auto","background-attachment":"scroll","background-type":"","background-media":"","overlay-type":"","overlay-color":"","overlay-opacity":"","overlay-gradient":""},"tablet":{"background-color":"","background-image":"","background-repeat":"repeat","background-position":"center center","background-size":"auto","background-attachment":"scroll","background-type":"","background-media":"","overlay-type":"","overlay-color":"","overlay-opacity":"","overlay-gradient":""},"mobile":{"background-color":"","background-image":"","background-repeat":"repeat","background-position":"center center","background-size":"auto","background-attachment":"scroll","background-type":"","background-media":"","overlay-type":"","overlay-color":"","overlay-opacity":"","overlay-gradient":""}},"ast-content-background-meta":{"desktop":{"background-color":"var(--ast-global-color-5)","background-image":"","background-repeat":"repeat","background-position":"center center","background-size":"auto","background-attachment":"scroll","background-type":"","background-media":"","overlay-type":"","overlay-color":"","overlay-opacity":"","overlay-gradient":""},"tablet":{"background-color":"var(--ast-global-color-5)","background-image":"","background-repeat":"repeat","background-position":"center center","background-size":"auto","background-attachment":"scroll","background-type":"","background-media":"","overlay-type":"","overlay-color":"","overlay-opacity":"","overlay-gradient":""},"mobile":{"background-color":"var(--ast-global-color-5)","background-image":"","background-repeat":"repeat","background-position":"center center","background-size":"auto","background-attachment":"scroll","background-type":"","background-media":"","overlay-type":"","overlay-color":"","overlay-opacity":"","overlay-gradient":""}}},"product_brand":[],"product_cat":[78],"product_tag":[150,145],"class_list":{"0":"post-5299","1":"product","2":"type-product","3":"status-publish","4":"has-post-thumbnail","6":"product_cat-lubricating-oil-care-oil-series","7":"product_tag-lubricating-oil","8":"product_tag-maintenance-oil","9":"desktop-align-center","10":"tablet-align-left","11":"mobile-align-left","12":"ast-product-gallery-layout-horizontal-slider","13":"ast-product-gallery-with-no-image","14":"ast-product-tabs-layout-horizontal","16":"first","17":"instock","18":"shipping-taxable","19":"product-type-simple"},"aioseo_notices":[],"uagb_featured_image_src":{"full":["https:\/\/williamweir.com\/wp-content\/uploads\/2024\/10\/\u7f1d\u7eab\u673a\u6da6\u6ed1\u6cb91.jpg",800,800,false],"thumbnail":["https:\/\/williamweir.com\/wp-content\/uploads\/2024\/10\/\u7f1d\u7eab\u673a\u6da6\u6ed1\u6cb91-300x300.jpg",300,300,true],"medium":["https:\/\/williamweir.com\/wp-content\/uploads\/2024\/10\/\u7f1d\u7eab\u673a\u6da6\u6ed1\u6cb91-600x600.jpg",600,600,true],"medium_large":["https:\/\/williamweir.com\/wp-content\/uploads\/2024\/10\/\u7f1d\u7eab\u673a\u6da6\u6ed1\u6cb91-768x768.jpg",768,768,true],"large":["https:\/\/williamweir.com\/wp-content\/uploads\/2024\/10\/\u7f1d\u7eab\u673a\u6da6\u6ed1\u6cb91.jpg",800,800,false],"1536x1536":["https:\/\/williamweir.com\/wp-content\/uploads\/2024\/10\/\u7f1d\u7eab\u673a\u6da6\u6ed1\u6cb91.jpg",800,800,false],"2048x2048":["https:\/\/williamweir.com\/wp-content\/uploads\/2024\/10\/\u7f1d\u7eab\u673a\u6da6\u6ed1\u6cb91.jpg",800,800,false],"trp-custom-language-flag":["https:\/\/williamweir.com\/wp-content\/uploads\/2024\/10\/\u7f1d\u7eab\u673a\u6da6\u6ed1\u6cb91-12x12.jpg",12,12,true],"woocommerce_thumbnail":["https:\/\/williamweir.com\/wp-content\/uploads\/2024\/10\/\u7f1d\u7eab\u673a\u6da6\u6ed1\u6cb91-600x600.jpg",600,600,true],"woocommerce_single":["https:\/\/williamweir.com\/wp-content\/uploads\/2024\/10\/\u7f1d\u7eab\u673a\u6da6\u6ed1\u6cb91-600x600.jpg",600,600,true],"woocommerce_gallery_thumbnail":["https:\/\/williamweir.com\/wp-content\/uploads\/2024\/10\/\u7f1d\u7eab\u673a\u6da6\u6ed1\u6cb91-100x100.jpg",100,100,true]},"uagb_author_info":{"display_name":"wlwer","author_link":"https:\/\/williamweir.com\/de\/author\/"},"uagb_comment_info":0,"uagb_excerpt":"Our factory provides OEM\/ODM processing services, we can tailor products for you; Our MOQ is low, generally the minimum quantity is 1000 bottles can be produced; Our products are inexpensive, excellent product quality, in line with any national laws and regulations and customer needs! We also offer the following services \u2714\u00a0 Cross-border source\u00a0 \u00a0 \u00a0&hellip;","_links":{"self":[{"href":"https:\/\/williamweir.com\/de\/wp-json\/wp\/v2\/product\/5299"}],"collection":[{"href":"https:\/\/williamweir.com\/de\/wp-json\/wp\/v2\/product"}],"about":[{"href":"https:\/\/williamweir.com\/de\/wp-json\/wp\/v2\/types\/product"}],"version-history":[{"count":4,"href":"https:\/\/williamweir.com\/de\/wp-json\/wp\/v2\/product\/5299\/revisions"}],"predecessor-version":[{"id":8297,"href":"https:\/\/williamweir.com\/de\/wp-json\/wp\/v2\/product\/5299\/revisions\/8297"}],"wp:featuredmedia":[{"embeddable":true,"href":"https:\/\/williamweir.com\/de\/wp-json\/wp\/v2\/media\/5300"}],"wp:attachment":[{"href":"https:\/\/williamweir.com\/de\/wp-json\/wp\/v2\/media?parent=5299"}],"wp:term":[{"taxonomy":"product_brand","embeddable":true,"href":"https:\/\/williamweir.com\/de\/wp-json\/wp\/v2\/product_brand?post=5299"},{"taxonomy":"product_cat","embeddable":true,"href":"https:\/\/williamweir.com\/de\/wp-json\/wp\/v2\/product_cat?post=5299"},{"taxonomy":"product_tag","embeddable":true,"href":"https:\/\/williamweir.com\/de\/wp-json\/wp\/v2\/product_tag?post=5299"}],"curies":[{"name":"wp","href":"https:\/\/api.w.org\/{rel}","templated":true}]}}