{"id":5295,"date":"2024-10-30T05:02:05","date_gmt":"2024-10-30T05:02:05","guid":{"rendered":"https:\/\/williamweir.com\/?post_type=product&#038;p=5295"},"modified":"2025-05-24T01:48:38","modified_gmt":"2025-05-24T01:48:38","slug":"guitar-care-orange-oil","status":"publish","type":"product","link":"https:\/\/williamweir.com\/de\/produkt\/guitar-care-orange-oil\/","title":{"rendered":"Gitarrenpflege Orangen\u00f6l"},"content":{"rendered":"<p align=\"justify\"><strong>Produkt-Code<\/strong><strong>\uff1a<\/strong><strong>2<\/strong><strong>820<\/strong><\/p>\n<p><strong>I. Einf\u00fchrung in das Produkt<\/strong><\/p>\n<p>Dieses Produkt ist ein hochwertiges Pflegemittel, das speziell f\u00fcr die Wartung von Gitarren entwickelt wurde. Es verwendet nat\u00fcrlichen Orangen\u00f6lextrakt, der mild und nicht reizend ist. Es kann die h\u00f6lzerne Oberfl\u00e4che der Gitarre effektiv reinigen und sch\u00fctzen, sie in gutem Zustand halten und einen sch\u00f6nen Ton erzeugen.<\/p>\n<p><strong>II. Produktmerkmale<\/strong><\/p>\n<ol>\n<li>Reinigung und Dekontamination: Es kann Staub, Flecken und Fingerabdr\u00fccke auf der Oberfl\u00e4che der Gitarre entfernen, so dass die Gitarre sauber und ordentlich aussieht.<\/li>\n<li>N\u00e4hrt das Holz: Die im Orangen\u00f6l enthaltenen N\u00e4hrstoffe k\u00f6nnen in die Holzfasern eindringen, die Feuchtigkeit und das \u00d6l des Holzes erg\u00e4nzen, das Austrocknen und Rei\u00dfen des Holzes verhindern und die Flexibilit\u00e4t und Stabilit\u00e4t des Holzes erhalten.<\/li>\n<li>Hinzuf\u00fcgen von Glanz: Stellen Sie den nat\u00fcrlichen Glanz auf der Oberfl\u00e4che der Gitarre wieder her, verbessern Sie die Sch\u00f6nheit der Gitarre und lassen Sie Ihre Gitarre in neuem Glanz erstrahlen.<\/li>\n<li>Anti-Oxidation: Bilden einen Schutzfilm, um die Erosion von Sauerstoff und Feuchtigkeit in der Luft auf der Gitarre zu widerstehen und den Alterungsprozess der Gitarre zu verz\u00f6gern.<\/li>\n<li>Nat\u00fcrlich und umweltfreundlich: Mit nat\u00fcrlichem Orangen\u00f6l als Hauptbestandteil enth\u00e4lt es keine sch\u00e4dlichen Chemikalien und ist sicher und unsch\u00e4dlich f\u00fcr Gitarren und Benutzer.<\/li>\n<\/ol>\n<p><strong>III. Verwendungsmethoden<\/strong><\/p>\n<ol>\n<li>Sch\u00fctteln Sie das Pflegeorangen\u00f6l vor dem Gebrauch leicht.<\/li>\n<li>Gie\u00dfen Sie eine kleine Menge Orangen\u00f6l auf ein sauberes, weiches Tuch.<\/li>\n<li>Wischen Sie die Oberfl\u00e4che der Gitarre in sanft kreisenden Bewegungen ab, einschlie\u00dflich des Korpus, des Halses und der Kopfplatte, um eine gleichm\u00e4\u00dfige Verteilung des Orangen\u00f6ls zu gew\u00e4hrleisten.<\/li>\n<li>Bei einigen hartn\u00e4ckigen Flecken k\u00f6nnen Sie die Wischkraft etwas erh\u00f6hen, aber seien Sie vorsichtig, damit Sie nicht zu viel Kraft aufwenden und die Oberfl\u00e4che der Gitarre besch\u00e4digen.<\/li>\n<li>Wischen Sie nach dem Abwischen mit einem anderen sauberen Tuch vorsichtig nach, um \u00fcbersch\u00fcssiges Orangen\u00f6l zu entfernen und die Oberfl\u00e4che der Gitarre trocken zu halten.<\/li>\n<\/ol>\n<p><strong>IV. Vorsichtsma\u00dfnahmen<\/strong><\/p>\n<ol>\n<li>Vermeiden Sie die Verwendung in direktem Sonnenlicht oder in Umgebungen mit hohen Temperaturen, um die Pflegewirkung nicht zu beeintr\u00e4chtigen.<\/li>\n<li>Bitte stellen Sie das Produkt an einem Ort auf, an dem Kinder und Haustiere es nicht leicht erreichen k\u00f6nnen, um ein versehentliches Verschlucken oder Ber\u00fchren zu vermeiden.<\/li>\n<li>Wenn Orangen\u00f6l versehentlich in das Schallloch oder andere innere Strukturen der Gitarre getropft ist, sollte es rechtzeitig mit einem sauberen Tuch aufgesaugt werden.<\/li>\n<li>Achten Sie bei der Verwendung auf die richtige Menge. Zu viel Orangen\u00f6l kann die Oberfl\u00e4che der Gitarre zu fettig machen.<\/li>\n<li>Verwenden Sie das Orangen\u00f6l zur Gitarrenpflege regelm\u00e4\u00dfig, aber nicht zu h\u00e4ufig. Im Allgemeinen wird empfohlen, es einmal alle 2 - 3 Monate zu verwenden.<\/li>\n<\/ol>","protected":false},"excerpt":{"rendered":"<p>Unsere Fabrik bietet OEM\/ODM-Verarbeitungsdienstleistungen, wir k\u00f6nnen Produkte f\u00fcr Sie ma\u00dfschneidern; Unser MOQ ist niedrig, im Allgemeinen kann die Mindestmenge 1000 Flaschen produziert werden; Unsere Produkte sind preiswert, ausgezeichnete Produktqualit\u00e4t, im Einklang mit allen nationalen Gesetzen und Vorschriften und Kundenbed\u00fcrfnissen!<\/p>\n<p>Wir bieten au\u00dferdem folgende Dienstleistungen an<br \/>\n\u2714 Grenz\u00fcberschreitende Quelle \u2714 Unterst\u00fctzung von Anpassungen<br \/>\n\u2714 Ausgangsfabrik \u2714 Produktentwicklung<br \/>\n\u2714 Ma\u00dfgeschneiderte Muster \u2714 Markenzulassung<\/p>\n<h2 style=\"text-align: left;\"><strong>Fragen oder Kommentare? <\/strong><\/h2>\n<h2 style=\"text-align: left;\"><strong>wlwer@williamweir.com<\/strong><\/h2>","protected":false},"featured_media":5296,"template":"","meta":{"_uag_custom_page_level_css":"","site-sidebar-layout":"default","site-content-layout":"","ast-site-content-layout":"default","site-content-style":"default","site-sidebar-style":"default","ast-global-header-display":"","ast-banner-title-visibility":"","ast-main-header-display":"","ast-hfb-above-header-display":"","ast-hfb-below-header-display":"","ast-hfb-mobile-header-display":"","site-post-title":"","ast-breadcrumbs-content":"","ast-featured-img":"","footer-sml-layout":"","theme-transparent-header-meta":"default","adv-header-id-meta":"","stick-header-meta":"","header-above-stick-meta":"","header-main-stick-meta":"","header-below-stick-meta":"","astra-migrate-meta-layouts":"set","ast-page-background-enabled":"default","ast-page-background-meta":{"desktop":{"background-color":"","background-image":"","background-repeat":"repeat","background-position":"center center","background-size":"auto","background-attachment":"scroll","background-type":"","background-media":"","overlay-type":"","overlay-color":"","overlay-opacity":"","overlay-gradient":""},"tablet":{"background-color":"","background-image":"","background-repeat":"repeat","background-position":"center center","background-size":"auto","background-attachment":"scroll","background-type":"","background-media":"","overlay-type":"","overlay-color":"","overlay-opacity":"","overlay-gradient":""},"mobile":{"background-color":"","background-image":"","background-repeat":"repeat","background-position":"center center","background-size":"auto","background-attachment":"scroll","background-type":"","background-media":"","overlay-type":"","overlay-color":"","overlay-opacity":"","overlay-gradient":""}},"ast-content-background-meta":{"desktop":{"background-color":"var(--ast-global-color-5)","background-image":"","background-repeat":"repeat","background-position":"center center","background-size":"auto","background-attachment":"scroll","background-type":"","background-media":"","overlay-type":"","overlay-color":"","overlay-opacity":"","overlay-gradient":""},"tablet":{"background-color":"var(--ast-global-color-5)","background-image":"","background-repeat":"repeat","background-position":"center center","background-size":"auto","background-attachment":"scroll","background-type":"","background-media":"","overlay-type":"","overlay-color":"","overlay-opacity":"","overlay-gradient":""},"mobile":{"background-color":"var(--ast-global-color-5)","background-image":"","background-repeat":"repeat","background-position":"center center","background-size":"auto","background-attachment":"scroll","background-type":"","background-media":"","overlay-type":"","overlay-color":"","overlay-opacity":"","overlay-gradient":""}}},"product_brand":[],"product_cat":[81],"product_tag":[148,146,147,149],"class_list":{"0":"post-5295","1":"product","2":"type-product","3":"status-publish","4":"has-post-thumbnail","6":"product_cat-special-goods-cleaning-and-maintenance-series","7":"product_tag-care-oil","8":"product_tag-guitar-care-oil","9":"product_tag-instrument-care-oil","10":"product_tag-natural-orange-oil","11":"desktop-align-center","12":"tablet-align-left","13":"mobile-align-left","14":"ast-product-gallery-layout-horizontal-slider","15":"ast-product-gallery-with-no-image","16":"ast-product-tabs-layout-horizontal","18":"first","19":"instock","20":"featured","21":"shipping-taxable","22":"product-type-simple"},"aioseo_notices":[],"uagb_featured_image_src":{"full":["https:\/\/williamweir.com\/wp-content\/uploads\/2024\/10\/120ml\u5409\u4ed6\u62a4\u7406\u6a59\u6cb9.jpg",800,800,false],"thumbnail":["https:\/\/williamweir.com\/wp-content\/uploads\/2024\/10\/120ml\u5409\u4ed6\u62a4\u7406\u6a59\u6cb9-300x300.jpg",300,300,true],"medium":["https:\/\/williamweir.com\/wp-content\/uploads\/2024\/10\/120ml\u5409\u4ed6\u62a4\u7406\u6a59\u6cb9-600x600.jpg",600,600,true],"medium_large":["https:\/\/williamweir.com\/wp-content\/uploads\/2024\/10\/120ml\u5409\u4ed6\u62a4\u7406\u6a59\u6cb9-768x768.jpg",768,768,true],"large":["https:\/\/williamweir.com\/wp-content\/uploads\/2024\/10\/120ml\u5409\u4ed6\u62a4\u7406\u6a59\u6cb9.jpg",800,800,false],"1536x1536":["https:\/\/williamweir.com\/wp-content\/uploads\/2024\/10\/120ml\u5409\u4ed6\u62a4\u7406\u6a59\u6cb9.jpg",800,800,false],"2048x2048":["https:\/\/williamweir.com\/wp-content\/uploads\/2024\/10\/120ml\u5409\u4ed6\u62a4\u7406\u6a59\u6cb9.jpg",800,800,false],"trp-custom-language-flag":["https:\/\/williamweir.com\/wp-content\/uploads\/2024\/10\/120ml\u5409\u4ed6\u62a4\u7406\u6a59\u6cb9-12x12.jpg",12,12,true],"woocommerce_thumbnail":["https:\/\/williamweir.com\/wp-content\/uploads\/2024\/10\/120ml\u5409\u4ed6\u62a4\u7406\u6a59\u6cb9-600x600.jpg",600,600,true],"woocommerce_single":["https:\/\/williamweir.com\/wp-content\/uploads\/2024\/10\/120ml\u5409\u4ed6\u62a4\u7406\u6a59\u6cb9-600x600.jpg",600,600,true],"woocommerce_gallery_thumbnail":["https:\/\/williamweir.com\/wp-content\/uploads\/2024\/10\/120ml\u5409\u4ed6\u62a4\u7406\u6a59\u6cb9-100x100.jpg",100,100,true]},"uagb_author_info":{"display_name":"wlwer","author_link":"https:\/\/williamweir.com\/de\/author\/"},"uagb_comment_info":0,"uagb_excerpt":"Our factory provides OEM\/ODM processing services, we can tailor products for you; Our MOQ is low, generally the minimum quantity is 1000 bottles can be produced; Our products are inexpensive, excellent product quality, in line with any national laws and regulations and customer needs! We also offer the following services \u2714\u00a0 Cross-border source\u00a0 \u00a0 \u00a0&hellip;","_links":{"self":[{"href":"https:\/\/williamweir.com\/de\/wp-json\/wp\/v2\/product\/5295"}],"collection":[{"href":"https:\/\/williamweir.com\/de\/wp-json\/wp\/v2\/product"}],"about":[{"href":"https:\/\/williamweir.com\/de\/wp-json\/wp\/v2\/types\/product"}],"version-history":[{"count":5,"href":"https:\/\/williamweir.com\/de\/wp-json\/wp\/v2\/product\/5295\/revisions"}],"predecessor-version":[{"id":8298,"href":"https:\/\/williamweir.com\/de\/wp-json\/wp\/v2\/product\/5295\/revisions\/8298"}],"wp:featuredmedia":[{"embeddable":true,"href":"https:\/\/williamweir.com\/de\/wp-json\/wp\/v2\/media\/5296"}],"wp:attachment":[{"href":"https:\/\/williamweir.com\/de\/wp-json\/wp\/v2\/media?parent=5295"}],"wp:term":[{"taxonomy":"product_brand","embeddable":true,"href":"https:\/\/williamweir.com\/de\/wp-json\/wp\/v2\/product_brand?post=5295"},{"taxonomy":"product_cat","embeddable":true,"href":"https:\/\/williamweir.com\/de\/wp-json\/wp\/v2\/product_cat?post=5295"},{"taxonomy":"product_tag","embeddable":true,"href":"https:\/\/williamweir.com\/de\/wp-json\/wp\/v2\/product_tag?post=5295"}],"curies":[{"name":"wp","href":"https:\/\/api.w.org\/{rel}","templated":true}]}}