{"id":5292,"date":"2024-10-30T04:57:24","date_gmt":"2024-10-30T04:57:24","guid":{"rendered":"https:\/\/williamweir.com\/?post_type=product&#038;p=5292"},"modified":"2025-05-24T01:48:44","modified_gmt":"2025-05-24T01:48:44","slug":"wood-care-walnut-oil","status":"publish","type":"product","link":"https:\/\/williamweir.com\/de\/produkt\/wood-care-walnut-oil\/","title":{"rendered":"Holzpflege Walnuss\u00f6l"},"content":{"rendered":"<p align=\"justify\"><strong>Produkt-Code<\/strong><strong>\uff1a<\/strong><strong>2516<\/strong><\/p>\n<p><strong>I. Produktmerkmale<\/strong><\/p>\n<p>Befeuchtung und Pflege: Durch die Verwendung von getrockneten Wildfr\u00fcchten als Rohmaterial werden die M\u00f6bel tiefgehend gen\u00e4hrt und erhalten mehr Glanz.<br \/>\nVerbessert die Textur: Das enthaltene Walnuss\u00f6l verbessert die Farbe und den Glanz.<br \/>\nSicher und gesund: Die Fl\u00fcssigkeit ist frei von chemischen Inhaltsstoffen, klar und transparent und hat keinen eigenartigen Geruch.<br \/>\nFeuchtigkeits- und rissbest\u00e4ndig: Reich an trocknendem \u00d6l, bildet es beim Wischen auf Hartholzm\u00f6beln nach dem Trocknen einen Schutzfilm, der die M\u00f6bel vor Alterung und Rissbildung sch\u00fctzt.<\/p>\n<p><strong>II. Gebrauchsanweisung<\/strong><\/p>\n<p>Verwenden Sie ein sauberes und weiches Baumwolltuch oder eine weiche B\u00fcrste, tauchen Sie ein wenig Walnuss\u00f6l ein und wischen Sie damit vorsichtig entlang der Holzmaserung des M\u00f6bels hin und her. Nach etwa einer Stunde, wenn das \u00d6l trocken ist, mit einem trockenen Baumwolltuch nachwischen und polieren.<\/p>\n<p><strong>III. Umfang der Anwendung<\/strong><\/p>\n<p>Mahagonim\u00f6bel, klassische M\u00f6bel, Wurzelschnitzereien, Holzschnitzereien, Bambusschnitzereien, Holzfu\u00dfb\u00f6den, K\u00fcrbisse, kulturelle Spielzeuge und andere wertvolle M\u00f6bel wie Hartholz.<\/p>\n<p><strong>IV. Produktzusammensetzung und Verfahren<\/strong><\/p>\n<p>Aus getrockneten Wildfr\u00fcchten wird durch Kaltpressung mit moderner Technologie ein klares und transparentes Fett gewonnen.<\/p>\n<p><strong>V. Vorsichtsma\u00dfnahmen<\/strong><\/p>\n<ol>\n<li>Wenn Sie dieses Produkt zum ersten Mal verwenden, w\u00e4hlen Sie bitte eine sonnige und bel\u00fcftete Umgebung und wischen Sie zun\u00e4chst eine kleine Menge ab.<\/li>\n<li>Verwenden Sie nicht zu viel \u00d6l, um Abfall zu vermeiden.<\/li>\n<li>Dieses Produkt ist nicht essbar. Bitte bewahren Sie es an einem k\u00fchlen, trockenen Ort au\u00dferhalb der Reichweite von Kindern auf.<\/li>\n<\/ol>","protected":false},"excerpt":{"rendered":"<p>Unsere Fabrik bietet OEM\/ODM-Verarbeitungsdienstleistungen, wir k\u00f6nnen Produkte f\u00fcr Sie ma\u00dfschneidern; Unser MOQ ist niedrig, im Allgemeinen kann die Mindestmenge 1000 Flaschen produziert werden; Unsere Produkte sind preiswert, ausgezeichnete Produktqualit\u00e4t, im Einklang mit allen nationalen Gesetzen und Vorschriften und Kundenbed\u00fcrfnissen!<\/p>\n<p>Wir bieten au\u00dferdem folgende Dienstleistungen an<br \/>\n\u2714 Grenz\u00fcberschreitende Quelle \u2714 Unterst\u00fctzung von Anpassungen<br \/>\n\u2714 Ausgangsfabrik \u2714 Produktentwicklung<br \/>\n\u2714 Ma\u00dfgeschneiderte Muster \u2714 Markenzulassung<\/p>\n<h2 style=\"text-align: left;\"><strong>Fragen oder Kommentare? <\/strong><\/h2>\n<h2 style=\"text-align: left;\"><strong>wlwer@williamweir.com<\/strong><\/h2>","protected":false},"featured_media":5293,"template":"","meta":{"_uag_custom_page_level_css":"","site-sidebar-layout":"default","site-content-layout":"","ast-site-content-layout":"default","site-content-style":"default","site-sidebar-style":"default","ast-global-header-display":"","ast-banner-title-visibility":"","ast-main-header-display":"","ast-hfb-above-header-display":"","ast-hfb-below-header-display":"","ast-hfb-mobile-header-display":"","site-post-title":"","ast-breadcrumbs-content":"","ast-featured-img":"","footer-sml-layout":"","theme-transparent-header-meta":"default","adv-header-id-meta":"","stick-header-meta":"","header-above-stick-meta":"","header-main-stick-meta":"","header-below-stick-meta":"","astra-migrate-meta-layouts":"set","ast-page-background-enabled":"default","ast-page-background-meta":{"desktop":{"background-color":"","background-image":"","background-repeat":"repeat","background-position":"center center","background-size":"auto","background-attachment":"scroll","background-type":"","background-media":"","overlay-type":"","overlay-color":"","overlay-opacity":"","overlay-gradient":""},"tablet":{"background-color":"","background-image":"","background-repeat":"repeat","background-position":"center center","background-size":"auto","background-attachment":"scroll","background-type":"","background-media":"","overlay-type":"","overlay-color":"","overlay-opacity":"","overlay-gradient":""},"mobile":{"background-color":"","background-image":"","background-repeat":"repeat","background-position":"center center","background-size":"auto","background-attachment":"scroll","background-type":"","background-media":"","overlay-type":"","overlay-color":"","overlay-opacity":"","overlay-gradient":""}},"ast-content-background-meta":{"desktop":{"background-color":"var(--ast-global-color-5)","background-image":"","background-repeat":"repeat","background-position":"center center","background-size":"auto","background-attachment":"scroll","background-type":"","background-media":"","overlay-type":"","overlay-color":"","overlay-opacity":"","overlay-gradient":""},"tablet":{"background-color":"var(--ast-global-color-5)","background-image":"","background-repeat":"repeat","background-position":"center center","background-size":"auto","background-attachment":"scroll","background-type":"","background-media":"","overlay-type":"","overlay-color":"","overlay-opacity":"","overlay-gradient":""},"mobile":{"background-color":"var(--ast-global-color-5)","background-image":"","background-repeat":"repeat","background-position":"center center","background-size":"auto","background-attachment":"scroll","background-type":"","background-media":"","overlay-type":"","overlay-color":"","overlay-opacity":"","overlay-gradient":""}}},"product_brand":[],"product_cat":[71],"product_tag":[145,144,84],"class_list":{"0":"post-5292","1":"product","2":"type-product","3":"status-publish","4":"has-post-thumbnail","6":"product_cat-maintenance-polishing-of-wood-products","7":"product_tag-maintenance-oil","8":"product_tag-walnut-oil","9":"product_tag-wood-care","10":"desktop-align-center","11":"tablet-align-left","12":"mobile-align-left","13":"ast-product-gallery-layout-horizontal-slider","14":"ast-product-gallery-with-no-image","15":"ast-product-tabs-layout-horizontal","17":"first","18":"instock","19":"shipping-taxable","20":"product-type-simple"},"aioseo_notices":[],"uagb_featured_image_src":{"full":["https:\/\/williamweir.com\/wp-content\/uploads\/2024\/10\/\u672a\u6807\u9898-1.jpg",800,800,false],"thumbnail":["https:\/\/williamweir.com\/wp-content\/uploads\/2024\/10\/\u672a\u6807\u9898-1-300x300.jpg",300,300,true],"medium":["https:\/\/williamweir.com\/wp-content\/uploads\/2024\/10\/\u672a\u6807\u9898-1-600x600.jpg",600,600,true],"medium_large":["https:\/\/williamweir.com\/wp-content\/uploads\/2024\/10\/\u672a\u6807\u9898-1-768x768.jpg",768,768,true],"large":["https:\/\/williamweir.com\/wp-content\/uploads\/2024\/10\/\u672a\u6807\u9898-1.jpg",800,800,false],"1536x1536":["https:\/\/williamweir.com\/wp-content\/uploads\/2024\/10\/\u672a\u6807\u9898-1.jpg",800,800,false],"2048x2048":["https:\/\/williamweir.com\/wp-content\/uploads\/2024\/10\/\u672a\u6807\u9898-1.jpg",800,800,false],"trp-custom-language-flag":["https:\/\/williamweir.com\/wp-content\/uploads\/2024\/10\/\u672a\u6807\u9898-1-12x12.jpg",12,12,true],"woocommerce_thumbnail":["https:\/\/williamweir.com\/wp-content\/uploads\/2024\/10\/\u672a\u6807\u9898-1-600x600.jpg",600,600,true],"woocommerce_single":["https:\/\/williamweir.com\/wp-content\/uploads\/2024\/10\/\u672a\u6807\u9898-1-600x600.jpg",600,600,true],"woocommerce_gallery_thumbnail":["https:\/\/williamweir.com\/wp-content\/uploads\/2024\/10\/\u672a\u6807\u9898-1-100x100.jpg",100,100,true]},"uagb_author_info":{"display_name":"wlwer","author_link":"https:\/\/williamweir.com\/de\/author\/"},"uagb_comment_info":0,"uagb_excerpt":"Our factory provides OEM\/ODM processing services, we can tailor products for you; Our MOQ is low, generally the minimum quantity is 1000 bottles can be produced; Our products are inexpensive, excellent product quality, in line with any national laws and regulations and customer needs! We also offer the following services \u2714\u00a0 Cross-border source\u00a0 \u00a0 \u00a0&hellip;","_links":{"self":[{"href":"https:\/\/williamweir.com\/de\/wp-json\/wp\/v2\/product\/5292"}],"collection":[{"href":"https:\/\/williamweir.com\/de\/wp-json\/wp\/v2\/product"}],"about":[{"href":"https:\/\/williamweir.com\/de\/wp-json\/wp\/v2\/types\/product"}],"version-history":[{"count":4,"href":"https:\/\/williamweir.com\/de\/wp-json\/wp\/v2\/product\/5292\/revisions"}],"predecessor-version":[{"id":8299,"href":"https:\/\/williamweir.com\/de\/wp-json\/wp\/v2\/product\/5292\/revisions\/8299"}],"wp:featuredmedia":[{"embeddable":true,"href":"https:\/\/williamweir.com\/de\/wp-json\/wp\/v2\/media\/5293"}],"wp:attachment":[{"href":"https:\/\/williamweir.com\/de\/wp-json\/wp\/v2\/media?parent=5292"}],"wp:term":[{"taxonomy":"product_brand","embeddable":true,"href":"https:\/\/williamweir.com\/de\/wp-json\/wp\/v2\/product_brand?post=5292"},{"taxonomy":"product_cat","embeddable":true,"href":"https:\/\/williamweir.com\/de\/wp-json\/wp\/v2\/product_cat?post=5292"},{"taxonomy":"product_tag","embeddable":true,"href":"https:\/\/williamweir.com\/de\/wp-json\/wp\/v2\/product_tag?post=5292"}],"curies":[{"name":"wp","href":"https:\/\/api.w.org\/{rel}","templated":true}]}}