{"id":5289,"date":"2024-10-30T04:52:59","date_gmt":"2024-10-30T04:52:59","guid":{"rendered":"https:\/\/williamweir.com\/?post_type=product&#038;p=5289"},"modified":"2025-05-24T01:48:49","modified_gmt":"2025-05-24T01:48:49","slug":"car-glass-oil-film-cleaner","status":"publish","type":"product","link":"https:\/\/williamweir.com\/de\/produkt\/car-glass-oil-film-cleaner\/","title":{"rendered":"\u00d6lfilmreiniger f\u00fcr Autoglas"},"content":{"rendered":"<p align=\"justify\"><strong>Produkt-Code<\/strong><strong>\uff1a<\/strong><strong>2424<\/strong><\/p>\n<p><strong>I. Einf\u00fchrung in das Produkt<\/strong><\/p>\n<p>Dieses Produkt ist ein hochwirksames Reinigungsmittel, das speziell f\u00fcr die Entfernung des \u00d6lfilms auf Autoglas entwickelt wurde. Es kann effektiv Verunreinigungen wie \u00d6lflecken, Wasserflecken und Staub auf der Glasoberfl\u00e4che entfernen, das Autoglas wieder klar und transparent machen und die Klarheit und Sicherheit der Sicht beim Fahren verbessern.<\/p>\n<p><strong>II. Produktmerkmale<\/strong><\/p>\n<ol>\n<li>Entfernt kraftvoll \u00d6lfilme: Enth\u00e4lt eine einzigartige Reinigungsformel, die hartn\u00e4ckige \u00d6lfilme auf Autoglas schnell zersetzen und entfernen kann. Egal, ob es sich um einen \u00d6lfilm von Abgasen, \u00d6lspritzern oder anderen Verschmutzungsquellen handelt, er l\u00e4sst sich leicht beseitigen.<\/li>\n<li>Tiefenreinigung: Es kann nicht nur den \u00d6lfilm auf der Oberfl\u00e4che entfernen, sondern auch den Schmutz in den Poren des Glases tief reinigen, wodurch die Glasoberfl\u00e4che sauberer und glatter wird.<\/li>\n<li>Sicher und unsch\u00e4dlich: Nimmt eine milde und umweltfreundliche Formel an, die nicht korrosiv f\u00fcr Autoglas und unsch\u00e4dlich f\u00fcr den menschlichen K\u00f6rper und die Umwelt ist. Verwenden Sie es mit Vertrauen.<\/li>\n<li>Einfach zu bedienen: Bequeme Bedienung, keine professionellen F\u00e4higkeiten erforderlich. Gew\u00f6hnliche Autobesitzer k\u00f6nnen die Reinigungsarbeiten leicht durchf\u00fchren.<\/li>\n<\/ol>\n<p><strong>III. Verwendungsmethoden<\/strong><\/p>\n<ol>\n<li>Sch\u00fctteln Sie die Reinigerflasche, um den Reiniger vollst\u00e4ndig zu mischen. Spr\u00fchen Sie eine angemessene Menge des Reinigers gleichm\u00e4\u00dfig auf die Autoglasoberfl\u00e4che.<\/li>\n<li>Wischen Sie die Glasoberfl\u00e4che vorsichtig mit einem sauberen Schwamm oder einem weichen Tuch ab. Wischen Sie in kreisenden Bewegungen, um sicherzustellen, dass der Reiniger den \u00d6lfilm vollst\u00e4ndig erreicht und einwirkt. Bei hartn\u00e4ckigen \u00d6lfilmen k\u00f6nnen Sie die Wischst\u00e4rke und die Wischzeit entsprechend erh\u00f6hen.<\/li>\n<li>Sp\u00fclen Sie die Glasoberfl\u00e4che nach dem Abwischen mit klarem Wasser ab, um die Reste des Reinigers und den Schmutz gr\u00fcndlich zu entfernen.<\/li>\n<li>Zum Schluss trocknen Sie die Glasoberfl\u00e4che mit einem sauberen, trockenen Tuch ab, damit sie wieder trocken und klar wird.<\/li>\n<\/ol>\n<p><strong>IV. Vorsichtsma\u00dfnahmen<\/strong><\/p>\n<ol>\n<li>Es wird empfohlen, vor der Anwendung einen lokalen Test in einer kleinen Ecke des Autoglases durchzuf\u00fchren, um zu beobachten, ob es zu unerw\u00fcnschten Reaktionen wie Verf\u00e4rbungen und Kratzern kommt.<\/li>\n<li>Vermeiden Sie die Verwendung in direktem Sonnenlicht oder in Umgebungen mit hohen Temperaturen, um zu verhindern, dass der Reiniger schnell verdunstet und die Reinigungswirkung beeintr\u00e4chtigt.<\/li>\n<li>Bitte verschlie\u00dfen Sie die Reinigerflasche nach Gebrauch und bewahren Sie sie an einem k\u00fchlen und trockenen Ort au\u00dferhalb der Reichweite von Kindern auf.<\/li>\n<\/ol>","protected":false},"excerpt":{"rendered":"<p>Unsere Fabrik bietet OEM\/ODM-Verarbeitungsdienstleistungen, wir k\u00f6nnen Produkte f\u00fcr Sie ma\u00dfschneidern; Unser MOQ ist niedrig, im Allgemeinen kann die Mindestmenge 1000 Flaschen produziert werden; Unsere Produkte sind preiswert, ausgezeichnete Produktqualit\u00e4t, im Einklang mit allen nationalen Gesetzen und Vorschriften und Kundenbed\u00fcrfnissen!<\/p>\n<p>Wir bieten au\u00dferdem folgende Dienstleistungen an<br \/>\n\u2714 Grenz\u00fcberschreitende Quelle \u2714 Unterst\u00fctzung von Anpassungen<br \/>\n\u2714 Ausgangsfabrik \u2714 Produktentwicklung<br \/>\n\u2714 Ma\u00dfgeschneiderte Muster \u2714 Markenzulassung<\/p>\n<h2 style=\"text-align: left;\"><strong>Fragen oder Kommentare? <\/strong><\/h2>\n<h2 style=\"text-align: left;\"><strong>wlwer@williamweir.com<\/strong><\/h2>","protected":false},"featured_media":5290,"template":"","meta":{"_uag_custom_page_level_css":"","site-sidebar-layout":"default","site-content-layout":"","ast-site-content-layout":"default","site-content-style":"default","site-sidebar-style":"default","ast-global-header-display":"","ast-banner-title-visibility":"","ast-main-header-display":"","ast-hfb-above-header-display":"","ast-hfb-below-header-display":"","ast-hfb-mobile-header-display":"","site-post-title":"","ast-breadcrumbs-content":"","ast-featured-img":"","footer-sml-layout":"","theme-transparent-header-meta":"default","adv-header-id-meta":"","stick-header-meta":"","header-above-stick-meta":"","header-main-stick-meta":"","header-below-stick-meta":"","astra-migrate-meta-layouts":"set","ast-page-background-enabled":"default","ast-page-background-meta":{"desktop":{"background-color":"","background-image":"","background-repeat":"repeat","background-position":"center center","background-size":"auto","background-attachment":"scroll","background-type":"","background-media":"","overlay-type":"","overlay-color":"","overlay-opacity":"","overlay-gradient":""},"tablet":{"background-color":"","background-image":"","background-repeat":"repeat","background-position":"center center","background-size":"auto","background-attachment":"scroll","background-type":"","background-media":"","overlay-type":"","overlay-color":"","overlay-opacity":"","overlay-gradient":""},"mobile":{"background-color":"","background-image":"","background-repeat":"repeat","background-position":"center center","background-size":"auto","background-attachment":"scroll","background-type":"","background-media":"","overlay-type":"","overlay-color":"","overlay-opacity":"","overlay-gradient":""}},"ast-content-background-meta":{"desktop":{"background-color":"var(--ast-global-color-5)","background-image":"","background-repeat":"repeat","background-position":"center center","background-size":"auto","background-attachment":"scroll","background-type":"","background-media":"","overlay-type":"","overlay-color":"","overlay-opacity":"","overlay-gradient":""},"tablet":{"background-color":"var(--ast-global-color-5)","background-image":"","background-repeat":"repeat","background-position":"center center","background-size":"auto","background-attachment":"scroll","background-type":"","background-media":"","overlay-type":"","overlay-color":"","overlay-opacity":"","overlay-gradient":""},"mobile":{"background-color":"var(--ast-global-color-5)","background-image":"","background-repeat":"repeat","background-position":"center center","background-size":"auto","background-attachment":"scroll","background-type":"","background-media":"","overlay-type":"","overlay-color":"","overlay-opacity":"","overlay-gradient":""}}},"product_brand":[],"product_cat":[77],"product_tag":[141,142],"class_list":{"0":"post-5289","1":"product","2":"type-product","3":"status-publish","4":"has-post-thumbnail","6":"product_cat-car-cleaning-and-maintenance","7":"product_tag-glass-cleaner","8":"product_tag-oil-film-cleaner","9":"desktop-align-center","10":"tablet-align-left","11":"mobile-align-left","12":"ast-product-gallery-layout-horizontal-slider","13":"ast-product-gallery-with-no-image","14":"ast-product-tabs-layout-horizontal","16":"first","17":"instock","18":"shipping-taxable","19":"product-type-simple"},"aioseo_notices":[],"uagb_featured_image_src":{"full":["https:\/\/williamweir.com\/wp-content\/uploads\/2024\/10\/\u73bb\u7483\u6cb9\u819c\u6e05\u6d01\u52425.jpg",800,800,false],"thumbnail":["https:\/\/williamweir.com\/wp-content\/uploads\/2024\/10\/\u73bb\u7483\u6cb9\u819c\u6e05\u6d01\u52425-300x300.jpg",300,300,true],"medium":["https:\/\/williamweir.com\/wp-content\/uploads\/2024\/10\/\u73bb\u7483\u6cb9\u819c\u6e05\u6d01\u52425-600x600.jpg",600,600,true],"medium_large":["https:\/\/williamweir.com\/wp-content\/uploads\/2024\/10\/\u73bb\u7483\u6cb9\u819c\u6e05\u6d01\u52425-768x768.jpg",768,768,true],"large":["https:\/\/williamweir.com\/wp-content\/uploads\/2024\/10\/\u73bb\u7483\u6cb9\u819c\u6e05\u6d01\u52425.jpg",800,800,false],"1536x1536":["https:\/\/williamweir.com\/wp-content\/uploads\/2024\/10\/\u73bb\u7483\u6cb9\u819c\u6e05\u6d01\u52425.jpg",800,800,false],"2048x2048":["https:\/\/williamweir.com\/wp-content\/uploads\/2024\/10\/\u73bb\u7483\u6cb9\u819c\u6e05\u6d01\u52425.jpg",800,800,false],"trp-custom-language-flag":["https:\/\/williamweir.com\/wp-content\/uploads\/2024\/10\/\u73bb\u7483\u6cb9\u819c\u6e05\u6d01\u52425-12x12.jpg",12,12,true],"woocommerce_thumbnail":["https:\/\/williamweir.com\/wp-content\/uploads\/2024\/10\/\u73bb\u7483\u6cb9\u819c\u6e05\u6d01\u52425-600x600.jpg",600,600,true],"woocommerce_single":["https:\/\/williamweir.com\/wp-content\/uploads\/2024\/10\/\u73bb\u7483\u6cb9\u819c\u6e05\u6d01\u52425-600x600.jpg",600,600,true],"woocommerce_gallery_thumbnail":["https:\/\/williamweir.com\/wp-content\/uploads\/2024\/10\/\u73bb\u7483\u6cb9\u819c\u6e05\u6d01\u52425-100x100.jpg",100,100,true]},"uagb_author_info":{"display_name":"wlwer","author_link":"https:\/\/williamweir.com\/de\/author\/"},"uagb_comment_info":0,"uagb_excerpt":"Our factory provides OEM\/ODM processing services, we can tailor products for you; Our MOQ is low, generally the minimum quantity is 1000 bottles can be produced; Our products are inexpensive, excellent product quality, in line with any national laws and regulations and customer needs! We also offer the following services \u2714\u00a0 Cross-border source\u00a0 \u00a0 \u00a0&hellip;","_links":{"self":[{"href":"https:\/\/williamweir.com\/de\/wp-json\/wp\/v2\/product\/5289"}],"collection":[{"href":"https:\/\/williamweir.com\/de\/wp-json\/wp\/v2\/product"}],"about":[{"href":"https:\/\/williamweir.com\/de\/wp-json\/wp\/v2\/types\/product"}],"version-history":[{"count":5,"href":"https:\/\/williamweir.com\/de\/wp-json\/wp\/v2\/product\/5289\/revisions"}],"predecessor-version":[{"id":8300,"href":"https:\/\/williamweir.com\/de\/wp-json\/wp\/v2\/product\/5289\/revisions\/8300"}],"wp:featuredmedia":[{"embeddable":true,"href":"https:\/\/williamweir.com\/de\/wp-json\/wp\/v2\/media\/5290"}],"wp:attachment":[{"href":"https:\/\/williamweir.com\/de\/wp-json\/wp\/v2\/media?parent=5289"}],"wp:term":[{"taxonomy":"product_brand","embeddable":true,"href":"https:\/\/williamweir.com\/de\/wp-json\/wp\/v2\/product_brand?post=5289"},{"taxonomy":"product_cat","embeddable":true,"href":"https:\/\/williamweir.com\/de\/wp-json\/wp\/v2\/product_cat?post=5289"},{"taxonomy":"product_tag","embeddable":true,"href":"https:\/\/williamweir.com\/de\/wp-json\/wp\/v2\/product_tag?post=5289"}],"curies":[{"name":"wp","href":"https:\/\/api.w.org\/{rel}","templated":true}]}}