{"id":5286,"date":"2024-10-30T04:47:30","date_gmt":"2024-10-30T04:47:30","guid":{"rendered":"https:\/\/williamweir.com\/?post_type=product&#038;p=5286"},"modified":"2025-05-24T01:48:54","modified_gmt":"2025-05-24T01:48:54","slug":"glass-cleaner","status":"publish","type":"product","link":"https:\/\/williamweir.com\/de\/produkt\/glass-cleaner\/","title":{"rendered":"Glasreiniger"},"content":{"rendered":"<p align=\"justify\"><strong>Produkt-Code<\/strong><strong>\uff1a<\/strong><strong>2523<\/strong><\/p>\n<p><strong>I. Produktmerkmale<\/strong><br \/>\nGefrierschutz, staubdicht, beschlagfrei und antistatisch. Es kann effektiv halten Glas kristallklar f\u00fcr eine lange Zeit. Kein Absp\u00fclen mit Wasser erforderlich. Es ist mit einem Wisch sauber und hinterl\u00e4sst keine Schlieren oder Wasserflecken.<br \/>\n<strong>II. Umfang der Anwendung<\/strong><br \/>\nDieses Produkt kann auf Spiegeln, Gl\u00e4sern, Glasfenstern, Autoglas, Fernsehbildschirmen und jedem anderen Glas verwendet werden. Es kann alle Arten von glatten Oberfl\u00e4chen abwischen: Glaswaren, Keramikfliesen, Kristalle, Edelstahl, Kunstleder, Kunststoffe und andere harte Oberfl\u00e4chen.<br \/>\n<strong>III. Gebrauchsanweisung<\/strong><br \/>\nStellen Sie die D\u00fcse auf einen Spr\u00fchstrahl oder eine gerade Linie ein und spr\u00fchen Sie gleichm\u00e4\u00dfig. Wischen Sie es dann mit einem trockenen Tuch ab. Die beste Wirkung erzielen Sie, wenn Sie das Objekt vor dem Spr\u00fchen mit trockenem Seidenpapier abwischen.<br \/>\n<strong>IV. Vorsichtsma\u00dfnahmen<\/strong><br \/>\nAu\u00dferhalb der Reichweite von Kindern aufbewahren.<br \/>\nWenn es versehentlich in die Augen gelangt, sp\u00fclen Sie es mit viel Wasser aus und suchen Sie ein Krankenhaus auf.<\/p>","protected":false},"excerpt":{"rendered":"<p>Unsere Fabrik bietet OEM\/ODM-Verarbeitungsdienstleistungen, wir k\u00f6nnen Produkte f\u00fcr Sie ma\u00dfschneidern; Unser MOQ ist niedrig, im Allgemeinen kann die Mindestmenge 1000 Flaschen produziert werden; Unsere Produkte sind preiswert, ausgezeichnete Produktqualit\u00e4t, im Einklang mit allen nationalen Gesetzen und Vorschriften und Kundenbed\u00fcrfnissen!<\/p>\n<p>Wir bieten au\u00dferdem folgende Dienstleistungen an<br \/>\n\u2714 Grenz\u00fcberschreitende Quelle \u2714 Unterst\u00fctzung von Anpassungen<br \/>\n\u2714 Ausgangsfabrik \u2714 Produktentwicklung<br \/>\n\u2714 Ma\u00dfgeschneiderte Muster \u2714 Markenzulassung<\/p>\n<h2 style=\"text-align: left;\"><strong>Fragen oder Kommentare? <\/strong><\/h2>\n<h2 style=\"text-align: left;\"><strong>wlwer@williamweir.com<\/strong><\/h2>","protected":false},"featured_media":5287,"template":"","meta":{"_uag_custom_page_level_css":"","site-sidebar-layout":"default","site-content-layout":"","ast-site-content-layout":"default","site-content-style":"default","site-sidebar-style":"default","ast-global-header-display":"","ast-banner-title-visibility":"","ast-main-header-display":"","ast-hfb-above-header-display":"","ast-hfb-below-header-display":"","ast-hfb-mobile-header-display":"","site-post-title":"","ast-breadcrumbs-content":"","ast-featured-img":"","footer-sml-layout":"","theme-transparent-header-meta":"default","adv-header-id-meta":"","stick-header-meta":"","header-above-stick-meta":"","header-main-stick-meta":"","header-below-stick-meta":"","astra-migrate-meta-layouts":"set","ast-page-background-enabled":"default","ast-page-background-meta":{"desktop":{"background-color":"","background-image":"","background-repeat":"repeat","background-position":"center center","background-size":"auto","background-attachment":"scroll","background-type":"","background-media":"","overlay-type":"","overlay-color":"","overlay-opacity":"","overlay-gradient":""},"tablet":{"background-color":"","background-image":"","background-repeat":"repeat","background-position":"center center","background-size":"auto","background-attachment":"scroll","background-type":"","background-media":"","overlay-type":"","overlay-color":"","overlay-opacity":"","overlay-gradient":""},"mobile":{"background-color":"","background-image":"","background-repeat":"repeat","background-position":"center center","background-size":"auto","background-attachment":"scroll","background-type":"","background-media":"","overlay-type":"","overlay-color":"","overlay-opacity":"","overlay-gradient":""}},"ast-content-background-meta":{"desktop":{"background-color":"var(--ast-global-color-5)","background-image":"","background-repeat":"repeat","background-position":"center center","background-size":"auto","background-attachment":"scroll","background-type":"","background-media":"","overlay-type":"","overlay-color":"","overlay-opacity":"","overlay-gradient":""},"tablet":{"background-color":"var(--ast-global-color-5)","background-image":"","background-repeat":"repeat","background-position":"center center","background-size":"auto","background-attachment":"scroll","background-type":"","background-media":"","overlay-type":"","overlay-color":"","overlay-opacity":"","overlay-gradient":""},"mobile":{"background-color":"var(--ast-global-color-5)","background-image":"","background-repeat":"repeat","background-position":"center center","background-size":"auto","background-attachment":"scroll","background-type":"","background-media":"","overlay-type":"","overlay-color":"","overlay-opacity":"","overlay-gradient":""}}},"product_brand":[],"product_cat":[74],"product_tag":[143,141,142],"class_list":{"0":"post-5286","1":"product","2":"type-product","3":"status-publish","4":"has-post-thumbnail","6":"product_cat-household-cleaning-series","7":"product_tag-concentrated-cleaner","8":"product_tag-glass-cleaner","9":"product_tag-oil-film-cleaner","10":"desktop-align-center","11":"tablet-align-left","12":"mobile-align-left","13":"ast-product-gallery-layout-horizontal-slider","14":"ast-product-gallery-with-no-image","15":"ast-product-tabs-layout-horizontal","17":"first","18":"instock","19":"shipping-taxable","20":"product-type-simple"},"aioseo_notices":[],"uagb_featured_image_src":{"full":["https:\/\/williamweir.com\/wp-content\/uploads\/2024\/10\/\u73bb\u7483\u6e05\u6d01\u5242100ml.jpg",800,800,false],"thumbnail":["https:\/\/williamweir.com\/wp-content\/uploads\/2024\/10\/\u73bb\u7483\u6e05\u6d01\u5242100ml-300x300.jpg",300,300,true],"medium":["https:\/\/williamweir.com\/wp-content\/uploads\/2024\/10\/\u73bb\u7483\u6e05\u6d01\u5242100ml-600x600.jpg",600,600,true],"medium_large":["https:\/\/williamweir.com\/wp-content\/uploads\/2024\/10\/\u73bb\u7483\u6e05\u6d01\u5242100ml-768x768.jpg",768,768,true],"large":["https:\/\/williamweir.com\/wp-content\/uploads\/2024\/10\/\u73bb\u7483\u6e05\u6d01\u5242100ml.jpg",800,800,false],"1536x1536":["https:\/\/williamweir.com\/wp-content\/uploads\/2024\/10\/\u73bb\u7483\u6e05\u6d01\u5242100ml.jpg",800,800,false],"2048x2048":["https:\/\/williamweir.com\/wp-content\/uploads\/2024\/10\/\u73bb\u7483\u6e05\u6d01\u5242100ml.jpg",800,800,false],"trp-custom-language-flag":["https:\/\/williamweir.com\/wp-content\/uploads\/2024\/10\/\u73bb\u7483\u6e05\u6d01\u5242100ml-12x12.jpg",12,12,true],"woocommerce_thumbnail":["https:\/\/williamweir.com\/wp-content\/uploads\/2024\/10\/\u73bb\u7483\u6e05\u6d01\u5242100ml-600x600.jpg",600,600,true],"woocommerce_single":["https:\/\/williamweir.com\/wp-content\/uploads\/2024\/10\/\u73bb\u7483\u6e05\u6d01\u5242100ml-600x600.jpg",600,600,true],"woocommerce_gallery_thumbnail":["https:\/\/williamweir.com\/wp-content\/uploads\/2024\/10\/\u73bb\u7483\u6e05\u6d01\u5242100ml-100x100.jpg",100,100,true]},"uagb_author_info":{"display_name":"wlwer","author_link":"https:\/\/williamweir.com\/de\/author\/"},"uagb_comment_info":0,"uagb_excerpt":"Our factory provides OEM\/ODM processing services, we can tailor products for you; Our MOQ is low, generally the minimum quantity is 1000 bottles can be produced; Our products are inexpensive, excellent product quality, in line with any national laws and regulations and customer needs! We also offer the following services \u2714\u00a0 Cross-border source\u00a0 \u00a0 \u00a0&hellip;","_links":{"self":[{"href":"https:\/\/williamweir.com\/de\/wp-json\/wp\/v2\/product\/5286"}],"collection":[{"href":"https:\/\/williamweir.com\/de\/wp-json\/wp\/v2\/product"}],"about":[{"href":"https:\/\/williamweir.com\/de\/wp-json\/wp\/v2\/types\/product"}],"version-history":[{"count":5,"href":"https:\/\/williamweir.com\/de\/wp-json\/wp\/v2\/product\/5286\/revisions"}],"predecessor-version":[{"id":8301,"href":"https:\/\/williamweir.com\/de\/wp-json\/wp\/v2\/product\/5286\/revisions\/8301"}],"wp:featuredmedia":[{"embeddable":true,"href":"https:\/\/williamweir.com\/de\/wp-json\/wp\/v2\/media\/5287"}],"wp:attachment":[{"href":"https:\/\/williamweir.com\/de\/wp-json\/wp\/v2\/media?parent=5286"}],"wp:term":[{"taxonomy":"product_brand","embeddable":true,"href":"https:\/\/williamweir.com\/de\/wp-json\/wp\/v2\/product_brand?post=5286"},{"taxonomy":"product_cat","embeddable":true,"href":"https:\/\/williamweir.com\/de\/wp-json\/wp\/v2\/product_cat?post=5286"},{"taxonomy":"product_tag","embeddable":true,"href":"https:\/\/williamweir.com\/de\/wp-json\/wp\/v2\/product_tag?post=5286"}],"curies":[{"name":"wp","href":"https:\/\/api.w.org\/{rel}","templated":true}]}}