{"id":14935,"date":"2026-04-22T07:44:42","date_gmt":"2026-04-22T07:44:42","guid":{"rendered":"https:\/\/williamweir.com\/?post_type=product&#038;p=14935"},"modified":"2026-04-22T07:44:42","modified_gmt":"2026-04-22T07:44:42","slug":"metal-grinding-and-polishing-paste","status":"publish","type":"product","link":"https:\/\/williamweir.com\/de\/produkt\/metal-grinding-and-polishing-paste\/","title":{"rendered":"Metal grinding and polishing paste"},"content":{"rendered":"<p>Product Introduction: This product can achieve high-gloss mirror-like effects for metals, ceramics, and glasses.<br \/>\nMain Components: High-purity abrasives, lubricants, stabilizers, deionized water, etc.<br \/>\nPrecautions: This product is not edible. Store in a cool, dry place in an airtight container, do not mix with other grinding agents, keep different particle sizes separate; if in contact with eyes, rinse with water and seek medical attention immediately.<\/p>","protected":false},"excerpt":{"rendered":"<p>Unsere Fabrik bietet OEM\/ODM-Verarbeitungsdienstleistungen, wir k\u00f6nnen Produkte f\u00fcr Sie ma\u00dfschneidern; Unser MOQ ist niedrig, im Allgemeinen kann die Mindestmenge 1000 Flaschen produziert werden; Unsere Produkte sind preiswert, ausgezeichnete Produktqualit\u00e4t, im Einklang mit allen nationalen Gesetzen und Vorschriften und Kundenbed\u00fcrfnissen!<\/p>\n<h3><strong>\u00a0 \u00a0 \u00a0 Wir bieten au\u00dferdem folgende Dienstleistungen an<\/strong><\/h3>\n<h4><strong><img decoding=\"async\" class=\"emoji\" role=\"img\" draggable=\"false\" src=\"https:\/\/s.w.org\/images\/core\/emoji\/15.0.3\/svg\/2714.svg\" alt=\"\u2714\" \/>\u00a0 Grenz\u00fcberschreitende Quelle\u00a0 \u00a0 \u00a0 \u00a0 \u00a0\u00a0<img decoding=\"async\" class=\"emoji\" role=\"img\" draggable=\"false\" src=\"https:\/\/s.w.org\/images\/core\/emoji\/15.0.3\/svg\/2714.svg\" alt=\"\u2714\" \/>\u00a0 Unterst\u00fctzung der Anpassung<\/strong><\/h4>\n<h4><strong><img decoding=\"async\" class=\"emoji\" role=\"img\" draggable=\"false\" src=\"https:\/\/s.w.org\/images\/core\/emoji\/15.0.3\/svg\/2714.svg\" alt=\"\u2714\" \/>\u00a0 Quelle: Fabrik\u00a0 \u00a0 \u00a0 \u00a0 \u00a0 \u00a0 \u00a0 \u00a0 \u00a0 \u00a0 \u00a0 \u00a0<img decoding=\"async\" class=\"emoji\" role=\"img\" draggable=\"false\" src=\"https:\/\/s.w.org\/images\/core\/emoji\/15.0.3\/svg\/2714.svg\" alt=\"\u2714\" \/>\u00a0 Produktentwicklung<\/strong><\/h4>\n<h4><strong><img decoding=\"async\" class=\"emoji\" role=\"img\" draggable=\"false\" src=\"https:\/\/s.w.org\/images\/core\/emoji\/15.0.3\/svg\/2714.svg\" alt=\"\u2714\" \/>\u00a0 Ma\u00dfgeschneidert nach Muster\u00a0 \u00a0 \u00a0 \u00a0 \u00a0 \u00a0 \u00a0 \u00a0 \u00a0 \u00a0\u00a0<img decoding=\"async\" class=\"emoji\" role=\"img\" draggable=\"false\" src=\"https:\/\/s.w.org\/images\/core\/emoji\/15.0.3\/svg\/2714.svg\" alt=\"\u2714\" \/>\u00a0 Markenberechtigung<\/strong><\/h4>\n<p>&nbsp;<\/p>\n<h2><strong>Fragen oder Kommentare?<\/strong><\/h2>\n<h2><strong>wlwer@williamweir.com<\/strong><\/h2>","protected":false},"featured_media":14936,"template":"","meta":{"_uag_custom_page_level_css":"","site-sidebar-layout":"default","site-content-layout":"","ast-site-content-layout":"default","site-content-style":"default","site-sidebar-style":"default","ast-global-header-display":"","ast-banner-title-visibility":"","ast-main-header-display":"","ast-hfb-above-header-display":"","ast-hfb-below-header-display":"","ast-hfb-mobile-header-display":"","site-post-title":"","ast-breadcrumbs-content":"","ast-featured-img":"","footer-sml-layout":"","theme-transparent-header-meta":"default","adv-header-id-meta":"","stick-header-meta":"","header-above-stick-meta":"","header-main-stick-meta":"","header-below-stick-meta":"","astra-migrate-meta-layouts":"set","ast-page-background-enabled":"default","ast-page-background-meta":{"desktop":{"background-color":"","background-image":"","background-repeat":"repeat","background-position":"center center","background-size":"auto","background-attachment":"scroll","background-type":"","background-media":"","overlay-type":"","overlay-color":"","overlay-opacity":"","overlay-gradient":""},"tablet":{"background-color":"","background-image":"","background-repeat":"repeat","background-position":"center center","background-size":"auto","background-attachment":"scroll","background-type":"","background-media":"","overlay-type":"","overlay-color":"","overlay-opacity":"","overlay-gradient":""},"mobile":{"background-color":"","background-image":"","background-repeat":"repeat","background-position":"center center","background-size":"auto","background-attachment":"scroll","background-type":"","background-media":"","overlay-type":"","overlay-color":"","overlay-opacity":"","overlay-gradient":""}},"ast-content-background-meta":{"desktop":{"background-color":"var(--ast-global-color-5)","background-image":"","background-repeat":"repeat","background-position":"center center","background-size":"auto","background-attachment":"scroll","background-type":"","background-media":"","overlay-type":"","overlay-color":"","overlay-opacity":"","overlay-gradient":""},"tablet":{"background-color":"var(--ast-global-color-5)","background-image":"","background-repeat":"repeat","background-position":"center center","background-size":"auto","background-attachment":"scroll","background-type":"","background-media":"","overlay-type":"","overlay-color":"","overlay-opacity":"","overlay-gradient":""},"mobile":{"background-color":"var(--ast-global-color-5)","background-image":"","background-repeat":"repeat","background-position":"center center","background-size":"auto","background-attachment":"scroll","background-type":"","background-media":"","overlay-type":"","overlay-color":"","overlay-opacity":"","overlay-gradient":""}}},"product_brand":[],"product_cat":[83],"product_tag":[],"class_list":{"0":"post-14935","1":"product","2":"type-product","3":"status-publish","4":"has-post-thumbnail","6":"product_cat-all-products","7":"desktop-align-center","8":"tablet-align-left","9":"mobile-align-left","10":"ast-product-gallery-layout-horizontal-slider","11":"ast-product-gallery-with-no-image","12":"ast-product-tabs-layout-horizontal","14":"first","15":"instock","16":"shipping-taxable","17":"product-type-simple"},"aioseo_notices":[],"uagb_featured_image_src":{"full":["https:\/\/williamweir.com\/wp-content\/uploads\/2026\/04\/1764315246933075.jpg",800,800,false],"thumbnail":["https:\/\/williamweir.com\/wp-content\/uploads\/2026\/04\/1764315246933075-300x300.jpg",300,300,true],"medium":["https:\/\/williamweir.com\/wp-content\/uploads\/2026\/04\/1764315246933075-600x600.jpg",600,600,true],"medium_large":["https:\/\/williamweir.com\/wp-content\/uploads\/2026\/04\/1764315246933075-768x768.jpg",768,768,true],"large":["https:\/\/williamweir.com\/wp-content\/uploads\/2026\/04\/1764315246933075.jpg",800,800,false],"1536x1536":["https:\/\/williamweir.com\/wp-content\/uploads\/2026\/04\/1764315246933075.jpg",800,800,false],"2048x2048":["https:\/\/williamweir.com\/wp-content\/uploads\/2026\/04\/1764315246933075.jpg",800,800,false],"trp-custom-language-flag":["https:\/\/williamweir.com\/wp-content\/uploads\/2026\/04\/1764315246933075-12x12.jpg",12,12,true],"woocommerce_thumbnail":["https:\/\/williamweir.com\/wp-content\/uploads\/2026\/04\/1764315246933075-600x600.jpg",600,600,true],"woocommerce_single":["https:\/\/williamweir.com\/wp-content\/uploads\/2026\/04\/1764315246933075-600x600.jpg",600,600,true],"woocommerce_gallery_thumbnail":["https:\/\/williamweir.com\/wp-content\/uploads\/2026\/04\/1764315246933075-100x100.jpg",100,100,true]},"uagb_author_info":{"display_name":"wlwer","author_link":"https:\/\/williamweir.com\/de\/author\/"},"uagb_comment_info":0,"uagb_excerpt":"Our factory provides OEM\/ODM processing services, we can tailor products for you; Our MOQ is low, generally the minimum quantity is 1000 bottles can be produced; Our products are inexpensive, excellent product quality, in line with any national laws and regulations and customer needs! \u00a0 \u00a0 \u00a0 We also offer the following services \u00a0 Cross-border&hellip;","_links":{"self":[{"href":"https:\/\/williamweir.com\/de\/wp-json\/wp\/v2\/product\/14935"}],"collection":[{"href":"https:\/\/williamweir.com\/de\/wp-json\/wp\/v2\/product"}],"about":[{"href":"https:\/\/williamweir.com\/de\/wp-json\/wp\/v2\/types\/product"}],"version-history":[{"count":1,"href":"https:\/\/williamweir.com\/de\/wp-json\/wp\/v2\/product\/14935\/revisions"}],"predecessor-version":[{"id":14937,"href":"https:\/\/williamweir.com\/de\/wp-json\/wp\/v2\/product\/14935\/revisions\/14937"}],"wp:featuredmedia":[{"embeddable":true,"href":"https:\/\/williamweir.com\/de\/wp-json\/wp\/v2\/media\/14936"}],"wp:attachment":[{"href":"https:\/\/williamweir.com\/de\/wp-json\/wp\/v2\/media?parent=14935"}],"wp:term":[{"taxonomy":"product_brand","embeddable":true,"href":"https:\/\/williamweir.com\/de\/wp-json\/wp\/v2\/product_brand?post=14935"},{"taxonomy":"product_cat","embeddable":true,"href":"https:\/\/williamweir.com\/de\/wp-json\/wp\/v2\/product_cat?post=14935"},{"taxonomy":"product_tag","embeddable":true,"href":"https:\/\/williamweir.com\/de\/wp-json\/wp\/v2\/product_tag?post=14935"}],"curies":[{"name":"wp","href":"https:\/\/api.w.org\/{rel}","templated":true}]}}