{"id":14893,"date":"2026-04-22T05:52:56","date_gmt":"2026-04-22T05:52:56","guid":{"rendered":"https:\/\/williamweir.com\/?post_type=product&#038;p=14893"},"modified":"2026-04-22T05:52:57","modified_gmt":"2026-04-22T05:52:57","slug":"toilet-cleaner-4","status":"publish","type":"product","link":"https:\/\/williamweir.com\/de\/produkt\/toilet-cleaner-4\/","title":{"rendered":"Toilettenreiniger"},"content":{"rendered":"<ol>\n<li><strong><b> Produktmerkmale<\/b><\/strong><\/li>\n<\/ol>\n<ol>\n<li>Leistungsstarke Dekontamination: Entfernt schnell verschiedene hartn\u00e4ckige Flecken in der Toilette und macht die Toilette so sauber wie neu.<\/li>\n<li>Sterilisation und Desinfektion: T\u00f6tet Bakterien und Viren wirksam ab, um eine gesunde und hygienische Umgebung f\u00fcr Familien zu schaffen.<\/li>\n<li>Desodorierung: Beseitigen Sie den eigenartigen Geruch in der Toilette und machen Sie die Luft frisch und angenehm.<\/li>\n<li>Bequem und einfach zu verwenden: Gie\u00dfen Sie den Toilettenreiniger einfach in die Toilette und schrubben Sie sie nach einem kurzen Aufenthalt mit einer B\u00fcrste.<\/li>\n<li>Sparsam und erschwinglich: Es hat eine hohe Kostenleistung und eine Flasche kann mehrfach verwendet werden.<\/li>\n<\/ol>\n<ol>\n<li><strong><b> Scope of application<\/b><\/strong><strong><b><br \/>\n<\/b><\/strong>Geeignet f\u00fcr verschiedene Arten von Toiletten, einschlie\u00dflich Toiletten und Hockertoiletten.<\/li>\n<\/ol>\n<p><strong><b>III. Verwendungsmethode<\/b><\/strong><\/p>\n<ol>\n<li>Gie\u00dfen Sie eine angemessene Menge Toilettenreiniger in die Toilette. Achten Sie darauf, dass Sie es nicht auf Ihren K\u00f6rper spritzen.<\/li>\n<li>Lassen Sie den Toilettenreiniger eine Zeit lang in der Toilette einwirken (in der Regel 5-10 Minuten), damit er seine Wirkung voll entfalten kann.<\/li>\n<li>Verwenden Sie eine Toilettenb\u00fcrste, um das Innere der Toilette zu schrubben, wobei Sie sich auf die Bereiche mit starken Verschmutzungen konzentrieren.<\/li>\n<li>Dr\u00fccken Sie abschlie\u00dfend die Sp\u00fcltaste, um den Schmutz und den Reiniger in der Toilette wegzusp\u00fclen.<\/li>\n<\/ol>\n<ol>\n<li><strong><b> Vorsichtsma\u00dfnahmen<\/b><\/strong><\/li>\n<\/ol>\n<ol>\n<li>Ber\u00fchrung mit den Augen und der Haut vermeiden. Bei versehentlichem Kontakt sofort mit viel Wasser aussp\u00fclen und rechtzeitig einen Arzt aufsuchen.<\/li>\n<li>Legen Sie das Produkt bitte an einen f\u00fcr Kinder unzug\u00e4nglichen Ort, um zu verhindern, dass Kinder es versehentlich essen.<\/li>\n<li>Mischen Sie den Toilettenreiniger nicht mit anderen Reinigungsmitteln, um die Bildung sch\u00e4dlicher Gase zu vermeiden.<\/li>\n<li>Das Produkt sollte an einem k\u00fchlen und trockenen Ort gelagert werden, fern von direkter Sonneneinstrahlung und hohen Temperaturen, um seine Leistung und Haltbarkeit nicht zu beeintr\u00e4chtigen.<\/li>\n<\/ol>","protected":false},"excerpt":{"rendered":"<p>Unsere Fabrik bietet OEM\/ODM-Verarbeitungsdienstleistungen, wir k\u00f6nnen Produkte f\u00fcr Sie ma\u00dfschneidern; Unser MOQ ist niedrig, im Allgemeinen kann die Mindestmenge 1000 Flaschen produziert werden; Unsere Produkte sind preiswert, ausgezeichnete Produktqualit\u00e4t, im Einklang mit allen nationalen Gesetzen und Vorschriften und Kundenbed\u00fcrfnissen!<\/p>\n<h3><strong>\u00a0 \u00a0 \u00a0 Wir bieten au\u00dferdem folgende Dienstleistungen an<\/strong><\/h3>\n<h4><strong><img decoding=\"async\" class=\"emoji\" role=\"img\" draggable=\"false\" src=\"https:\/\/s.w.org\/images\/core\/emoji\/15.0.3\/svg\/2714.svg\" alt=\"\u2714\" \/>\u00a0 Grenz\u00fcberschreitende Quelle\u00a0 \u00a0 \u00a0 \u00a0 \u00a0\u00a0<img decoding=\"async\" class=\"emoji\" role=\"img\" draggable=\"false\" src=\"https:\/\/s.w.org\/images\/core\/emoji\/15.0.3\/svg\/2714.svg\" alt=\"\u2714\" \/>\u00a0 Unterst\u00fctzung der Anpassung<\/strong><\/h4>\n<h4><strong><img decoding=\"async\" class=\"emoji\" role=\"img\" draggable=\"false\" src=\"https:\/\/s.w.org\/images\/core\/emoji\/15.0.3\/svg\/2714.svg\" alt=\"\u2714\" \/>\u00a0 Quelle: Fabrik\u00a0 \u00a0 \u00a0 \u00a0 \u00a0 \u00a0 \u00a0 \u00a0 \u00a0 \u00a0 \u00a0 \u00a0<img decoding=\"async\" class=\"emoji\" role=\"img\" draggable=\"false\" src=\"https:\/\/s.w.org\/images\/core\/emoji\/15.0.3\/svg\/2714.svg\" alt=\"\u2714\" \/>\u00a0 Produktentwicklung<\/strong><\/h4>\n<h4><strong><img decoding=\"async\" class=\"emoji\" role=\"img\" draggable=\"false\" src=\"https:\/\/s.w.org\/images\/core\/emoji\/15.0.3\/svg\/2714.svg\" alt=\"\u2714\" \/>\u00a0 Ma\u00dfgeschneidert nach Muster\u00a0 \u00a0 \u00a0 \u00a0 \u00a0 \u00a0 \u00a0 \u00a0 \u00a0 \u00a0\u00a0<img decoding=\"async\" class=\"emoji\" role=\"img\" draggable=\"false\" src=\"https:\/\/s.w.org\/images\/core\/emoji\/15.0.3\/svg\/2714.svg\" alt=\"\u2714\" \/>\u00a0 Markenberechtigung<\/strong><\/h4>\n<p>&nbsp;<\/p>\n<h2><strong>Fragen oder Kommentare?<\/strong><\/h2>\n<h2><strong>wlwer@williamweir.com<\/strong><\/h2>","protected":false},"featured_media":14894,"template":"","meta":{"_uag_custom_page_level_css":"","site-sidebar-layout":"default","site-content-layout":"","ast-site-content-layout":"default","site-content-style":"default","site-sidebar-style":"default","ast-global-header-display":"","ast-banner-title-visibility":"","ast-main-header-display":"","ast-hfb-above-header-display":"","ast-hfb-below-header-display":"","ast-hfb-mobile-header-display":"","site-post-title":"","ast-breadcrumbs-content":"","ast-featured-img":"","footer-sml-layout":"","theme-transparent-header-meta":"default","adv-header-id-meta":"","stick-header-meta":"","header-above-stick-meta":"","header-main-stick-meta":"","header-below-stick-meta":"","astra-migrate-meta-layouts":"set","ast-page-background-enabled":"default","ast-page-background-meta":{"desktop":{"background-color":"","background-image":"","background-repeat":"repeat","background-position":"center center","background-size":"auto","background-attachment":"scroll","background-type":"","background-media":"","overlay-type":"","overlay-color":"","overlay-opacity":"","overlay-gradient":""},"tablet":{"background-color":"","background-image":"","background-repeat":"repeat","background-position":"center center","background-size":"auto","background-attachment":"scroll","background-type":"","background-media":"","overlay-type":"","overlay-color":"","overlay-opacity":"","overlay-gradient":""},"mobile":{"background-color":"","background-image":"","background-repeat":"repeat","background-position":"center center","background-size":"auto","background-attachment":"scroll","background-type":"","background-media":"","overlay-type":"","overlay-color":"","overlay-opacity":"","overlay-gradient":""}},"ast-content-background-meta":{"desktop":{"background-color":"var(--ast-global-color-5)","background-image":"","background-repeat":"repeat","background-position":"center center","background-size":"auto","background-attachment":"scroll","background-type":"","background-media":"","overlay-type":"","overlay-color":"","overlay-opacity":"","overlay-gradient":""},"tablet":{"background-color":"var(--ast-global-color-5)","background-image":"","background-repeat":"repeat","background-position":"center center","background-size":"auto","background-attachment":"scroll","background-type":"","background-media":"","overlay-type":"","overlay-color":"","overlay-opacity":"","overlay-gradient":""},"mobile":{"background-color":"var(--ast-global-color-5)","background-image":"","background-repeat":"repeat","background-position":"center center","background-size":"auto","background-attachment":"scroll","background-type":"","background-media":"","overlay-type":"","overlay-color":"","overlay-opacity":"","overlay-gradient":""}}},"product_brand":[],"product_cat":[83],"product_tag":[],"class_list":{"0":"post-14893","1":"product","2":"type-product","3":"status-publish","4":"has-post-thumbnail","6":"product_cat-all-products","7":"desktop-align-center","8":"tablet-align-left","9":"mobile-align-left","10":"ast-product-gallery-layout-horizontal-slider","11":"ast-product-gallery-with-no-image","12":"ast-product-tabs-layout-horizontal","14":"first","15":"instock","16":"shipping-taxable","17":"product-type-simple"},"aioseo_notices":[],"uagb_featured_image_src":{"full":["https:\/\/williamweir.com\/wp-content\/uploads\/2026\/04\/\u5395\u6240\u6e05\u6d01\u52422.5L0680.jpg",800,800,false],"thumbnail":["https:\/\/williamweir.com\/wp-content\/uploads\/2026\/04\/\u5395\u6240\u6e05\u6d01\u52422.5L0680-300x300.jpg",300,300,true],"medium":["https:\/\/williamweir.com\/wp-content\/uploads\/2026\/04\/\u5395\u6240\u6e05\u6d01\u52422.5L0680-600x600.jpg",600,600,true],"medium_large":["https:\/\/williamweir.com\/wp-content\/uploads\/2026\/04\/\u5395\u6240\u6e05\u6d01\u52422.5L0680-768x768.jpg",768,768,true],"large":["https:\/\/williamweir.com\/wp-content\/uploads\/2026\/04\/\u5395\u6240\u6e05\u6d01\u52422.5L0680.jpg",800,800,false],"1536x1536":["https:\/\/williamweir.com\/wp-content\/uploads\/2026\/04\/\u5395\u6240\u6e05\u6d01\u52422.5L0680.jpg",800,800,false],"2048x2048":["https:\/\/williamweir.com\/wp-content\/uploads\/2026\/04\/\u5395\u6240\u6e05\u6d01\u52422.5L0680.jpg",800,800,false],"trp-custom-language-flag":["https:\/\/williamweir.com\/wp-content\/uploads\/2026\/04\/\u5395\u6240\u6e05\u6d01\u52422.5L0680-12x12.jpg",12,12,true],"woocommerce_thumbnail":["https:\/\/williamweir.com\/wp-content\/uploads\/2026\/04\/\u5395\u6240\u6e05\u6d01\u52422.5L0680-600x600.jpg",600,600,true],"woocommerce_single":["https:\/\/williamweir.com\/wp-content\/uploads\/2026\/04\/\u5395\u6240\u6e05\u6d01\u52422.5L0680-600x600.jpg",600,600,true],"woocommerce_gallery_thumbnail":["https:\/\/williamweir.com\/wp-content\/uploads\/2026\/04\/\u5395\u6240\u6e05\u6d01\u52422.5L0680-100x100.jpg",100,100,true]},"uagb_author_info":{"display_name":"wlwer","author_link":"https:\/\/williamweir.com\/de\/author\/"},"uagb_comment_info":0,"uagb_excerpt":"Our factory provides OEM\/ODM processing services, we can tailor products for you; Our MOQ is low, generally the minimum quantity is 1000 bottles can be produced; Our products are inexpensive, excellent product quality, in line with any national laws and regulations and customer needs! \u00a0 \u00a0 \u00a0 We also offer the following services \u00a0 Cross-border&hellip;","_links":{"self":[{"href":"https:\/\/williamweir.com\/de\/wp-json\/wp\/v2\/product\/14893"}],"collection":[{"href":"https:\/\/williamweir.com\/de\/wp-json\/wp\/v2\/product"}],"about":[{"href":"https:\/\/williamweir.com\/de\/wp-json\/wp\/v2\/types\/product"}],"version-history":[{"count":1,"href":"https:\/\/williamweir.com\/de\/wp-json\/wp\/v2\/product\/14893\/revisions"}],"predecessor-version":[{"id":14895,"href":"https:\/\/williamweir.com\/de\/wp-json\/wp\/v2\/product\/14893\/revisions\/14895"}],"wp:featuredmedia":[{"embeddable":true,"href":"https:\/\/williamweir.com\/de\/wp-json\/wp\/v2\/media\/14894"}],"wp:attachment":[{"href":"https:\/\/williamweir.com\/de\/wp-json\/wp\/v2\/media?parent=14893"}],"wp:term":[{"taxonomy":"product_brand","embeddable":true,"href":"https:\/\/williamweir.com\/de\/wp-json\/wp\/v2\/product_brand?post=14893"},{"taxonomy":"product_cat","embeddable":true,"href":"https:\/\/williamweir.com\/de\/wp-json\/wp\/v2\/product_cat?post=14893"},{"taxonomy":"product_tag","embeddable":true,"href":"https:\/\/williamweir.com\/de\/wp-json\/wp\/v2\/product_tag?post=14893"}],"curies":[{"name":"wp","href":"https:\/\/api.w.org\/{rel}","templated":true}]}}