{"id":14864,"date":"2026-04-13T08:32:58","date_gmt":"2026-04-13T08:32:58","guid":{"rendered":"https:\/\/williamweir.com\/?post_type=product&#038;p=14864"},"modified":"2026-04-13T08:37:28","modified_gmt":"2026-04-13T08:37:28","slug":"car-water-stain-cleaner","status":"publish","type":"product","link":"https:\/\/williamweir.com\/de\/produkt\/car-water-stain-cleaner\/","title":{"rendered":"Car Water Stain Cleaner"},"content":{"rendered":"<p>Product Introduction\uff1aCar Water Stain Cleaner is a cleaning product specially developed to remove water stains, water marks and limescale from car bodies, glass and other surfaces.Water stains are mostly mineral residues left by the evaporation of rainwater, car wash water or hard water. Long-term adhesion can corrode car paint and glass, causing spots or scratches.<\/p>\n<p>This product uses a mild formula that quickly dissolves limescale and mineral deposits without damaging car paint, glass or chrome parts, delivering the dual benefits of &#8220;efficient stain removal + gentle care&#8221; and restoring a clear, clean finish to the vehicle body and glass.<\/p>\n<p>Scope of Application\uff1aSuitable for hard surfaces such as car paint, automotive glass, and chrome exterior trims; can also be used to remove water stains from household glass, stainless steel bathroom fixtures, and other hard surfaces.<\/p>\n<p>Main Ingredients\uff1aSurfactant, acidic substance, chelating agent, deionized water, etc.<\/p>\n<p>Usage Method\uff1aRinse off mud and sand from the car body surface with clean water.Spray the water stain cleaner evenly about 15\u201320 cm away from the car body\/glass, fully covering the stained areas, and let it sit for 1\u20133 minutes (up to 5 minutes for stubborn water stains).<\/p>\n<p>Gently wipe the stained area with a soft microfiber towel until the water stains are completely removed.Then rinse the car body\/glass thoroughly with clean water and dry with a dry towel to prevent residual moisture from forming new water stains.<\/p>\n<p>Precautions\uff1aThis product is an external cleaning agent. If it gets into eyes accidentally, rinse immediately with plenty of clean water. Keep out of reach of children.<\/p>\n<p>For stubborn water stains caused by deep oxidation and corrosion, single cleaning may have limited effect; repeat 2\u20133 times as needed.<\/p>\n<p>Store sealed in a cool, dry place away from high temperatures, open flames and direct sunlight. Use up as soon as possible after opening.<\/p>\n<p>If accidentally splashed on interior plastic parts or leather seats, simply wipe clean with a damp towel.<\/p>","protected":false},"excerpt":{"rendered":"<p>Unsere Fabrik bietet OEM\/ODM-Verarbeitungsdienstleistungen, wir k\u00f6nnen Produkte f\u00fcr Sie ma\u00dfschneidern; Unser MOQ ist niedrig, im Allgemeinen kann die Mindestmenge 1000 Flaschen produziert werden; Unsere Produkte sind preiswert, ausgezeichnete Produktqualit\u00e4t, im Einklang mit allen nationalen Gesetzen und Vorschriften und Kundenbed\u00fcrfnissen!<\/p>\n<h3><strong>\u00a0 \u00a0 \u00a0 Wir bieten au\u00dferdem folgende Dienstleistungen an<\/strong><\/h3>\n<h4><strong><img decoding=\"async\" class=\"emoji\" role=\"img\" draggable=\"false\" src=\"https:\/\/s.w.org\/images\/core\/emoji\/15.0.3\/svg\/2714.svg\" alt=\"\u2714\" \/>\u00a0 Grenz\u00fcberschreitende Quelle\u00a0 \u00a0 \u00a0 \u00a0 \u00a0\u00a0<img decoding=\"async\" class=\"emoji\" role=\"img\" draggable=\"false\" src=\"https:\/\/s.w.org\/images\/core\/emoji\/15.0.3\/svg\/2714.svg\" alt=\"\u2714\" \/>\u00a0 Unterst\u00fctzung der Anpassung<\/strong><\/h4>\n<h4><strong><img decoding=\"async\" class=\"emoji\" role=\"img\" draggable=\"false\" src=\"https:\/\/s.w.org\/images\/core\/emoji\/15.0.3\/svg\/2714.svg\" alt=\"\u2714\" \/>\u00a0 Quelle: Fabrik\u00a0 \u00a0 \u00a0 \u00a0 \u00a0 \u00a0 \u00a0 \u00a0 \u00a0 \u00a0 \u00a0 \u00a0<img decoding=\"async\" class=\"emoji\" role=\"img\" draggable=\"false\" src=\"https:\/\/s.w.org\/images\/core\/emoji\/15.0.3\/svg\/2714.svg\" alt=\"\u2714\" \/>\u00a0 Produktentwicklung<\/strong><\/h4>\n<h4><strong><img decoding=\"async\" class=\"emoji\" role=\"img\" draggable=\"false\" src=\"https:\/\/s.w.org\/images\/core\/emoji\/15.0.3\/svg\/2714.svg\" alt=\"\u2714\" \/>\u00a0 Ma\u00dfgeschneidert nach Muster\u00a0 \u00a0 \u00a0 \u00a0 \u00a0 \u00a0 \u00a0 \u00a0 \u00a0 \u00a0\u00a0<img decoding=\"async\" class=\"emoji\" role=\"img\" draggable=\"false\" src=\"https:\/\/s.w.org\/images\/core\/emoji\/15.0.3\/svg\/2714.svg\" alt=\"\u2714\" \/>\u00a0 Markenberechtigung<\/strong><\/h4>\n<p>&nbsp;<\/p>\n<h2><strong>Fragen oder Kommentare?<\/strong><\/h2>\n<h2><strong>wlwer@williamweir.com<\/strong><\/h2>","protected":false},"featured_media":14871,"template":"","meta":{"_uag_custom_page_level_css":"","site-sidebar-layout":"default","site-content-layout":"","ast-site-content-layout":"default","site-content-style":"default","site-sidebar-style":"default","ast-global-header-display":"","ast-banner-title-visibility":"","ast-main-header-display":"","ast-hfb-above-header-display":"","ast-hfb-below-header-display":"","ast-hfb-mobile-header-display":"","site-post-title":"","ast-breadcrumbs-content":"","ast-featured-img":"","footer-sml-layout":"","theme-transparent-header-meta":"default","adv-header-id-meta":"","stick-header-meta":"","header-above-stick-meta":"","header-main-stick-meta":"","header-below-stick-meta":"","astra-migrate-meta-layouts":"set","ast-page-background-enabled":"default","ast-page-background-meta":{"desktop":{"background-color":"","background-image":"","background-repeat":"repeat","background-position":"center center","background-size":"auto","background-attachment":"scroll","background-type":"","background-media":"","overlay-type":"","overlay-color":"","overlay-opacity":"","overlay-gradient":""},"tablet":{"background-color":"","background-image":"","background-repeat":"repeat","background-position":"center center","background-size":"auto","background-attachment":"scroll","background-type":"","background-media":"","overlay-type":"","overlay-color":"","overlay-opacity":"","overlay-gradient":""},"mobile":{"background-color":"","background-image":"","background-repeat":"repeat","background-position":"center center","background-size":"auto","background-attachment":"scroll","background-type":"","background-media":"","overlay-type":"","overlay-color":"","overlay-opacity":"","overlay-gradient":""}},"ast-content-background-meta":{"desktop":{"background-color":"var(--ast-global-color-5)","background-image":"","background-repeat":"repeat","background-position":"center center","background-size":"auto","background-attachment":"scroll","background-type":"","background-media":"","overlay-type":"","overlay-color":"","overlay-opacity":"","overlay-gradient":""},"tablet":{"background-color":"var(--ast-global-color-5)","background-image":"","background-repeat":"repeat","background-position":"center center","background-size":"auto","background-attachment":"scroll","background-type":"","background-media":"","overlay-type":"","overlay-color":"","overlay-opacity":"","overlay-gradient":""},"mobile":{"background-color":"var(--ast-global-color-5)","background-image":"","background-repeat":"repeat","background-position":"center center","background-size":"auto","background-attachment":"scroll","background-type":"","background-media":"","overlay-type":"","overlay-color":"","overlay-opacity":"","overlay-gradient":""}}},"product_brand":[],"product_cat":[83],"product_tag":[],"class_list":{"0":"post-14864","1":"product","2":"type-product","3":"status-publish","4":"has-post-thumbnail","6":"product_cat-all-products","7":"desktop-align-center","8":"tablet-align-left","9":"mobile-align-left","10":"ast-product-gallery-layout-horizontal-slider","11":"ast-product-gallery-with-no-image","12":"ast-product-tabs-layout-horizontal","14":"first","15":"instock","16":"shipping-taxable","17":"product-type-simple"},"aioseo_notices":[],"uagb_featured_image_src":{"full":["https:\/\/williamweir.com\/wp-content\/uploads\/2026\/04\/c32e3cf4ce94b2473c0a2d40da784164.jpg",1280,1280,false],"thumbnail":["https:\/\/williamweir.com\/wp-content\/uploads\/2026\/04\/c32e3cf4ce94b2473c0a2d40da784164-300x300.jpg",300,300,true],"medium":["https:\/\/williamweir.com\/wp-content\/uploads\/2026\/04\/c32e3cf4ce94b2473c0a2d40da784164-600x600.jpg",600,600,true],"medium_large":["https:\/\/williamweir.com\/wp-content\/uploads\/2026\/04\/c32e3cf4ce94b2473c0a2d40da784164-768x768.jpg",768,768,true],"large":["https:\/\/williamweir.com\/wp-content\/uploads\/2026\/04\/c32e3cf4ce94b2473c0a2d40da784164-1024x1024.jpg",1024,1024,true],"1536x1536":["https:\/\/williamweir.com\/wp-content\/uploads\/2026\/04\/c32e3cf4ce94b2473c0a2d40da784164.jpg",1280,1280,false],"2048x2048":["https:\/\/williamweir.com\/wp-content\/uploads\/2026\/04\/c32e3cf4ce94b2473c0a2d40da784164.jpg",1280,1280,false],"trp-custom-language-flag":["https:\/\/williamweir.com\/wp-content\/uploads\/2026\/04\/c32e3cf4ce94b2473c0a2d40da784164-12x12.jpg",12,12,true],"woocommerce_thumbnail":["https:\/\/williamweir.com\/wp-content\/uploads\/2026\/04\/c32e3cf4ce94b2473c0a2d40da784164-600x600.jpg",600,600,true],"woocommerce_single":["https:\/\/williamweir.com\/wp-content\/uploads\/2026\/04\/c32e3cf4ce94b2473c0a2d40da784164-600x600.jpg",600,600,true],"woocommerce_gallery_thumbnail":["https:\/\/williamweir.com\/wp-content\/uploads\/2026\/04\/c32e3cf4ce94b2473c0a2d40da784164-100x100.jpg",100,100,true]},"uagb_author_info":{"display_name":"wlwer","author_link":"https:\/\/williamweir.com\/de\/author\/"},"uagb_comment_info":0,"uagb_excerpt":"Our factory provides OEM\/ODM processing services, we can tailor products for you; Our MOQ is low, generally the minimum quantity is 1000 bottles can be produced; Our products are inexpensive, excellent product quality, in line with any national laws and regulations and customer needs! \u00a0 \u00a0 \u00a0 We also offer the following services \u00a0 Cross-border&hellip;","_links":{"self":[{"href":"https:\/\/williamweir.com\/de\/wp-json\/wp\/v2\/product\/14864"}],"collection":[{"href":"https:\/\/williamweir.com\/de\/wp-json\/wp\/v2\/product"}],"about":[{"href":"https:\/\/williamweir.com\/de\/wp-json\/wp\/v2\/types\/product"}],"version-history":[{"count":2,"href":"https:\/\/williamweir.com\/de\/wp-json\/wp\/v2\/product\/14864\/revisions"}],"predecessor-version":[{"id":14873,"href":"https:\/\/williamweir.com\/de\/wp-json\/wp\/v2\/product\/14864\/revisions\/14873"}],"wp:featuredmedia":[{"embeddable":true,"href":"https:\/\/williamweir.com\/de\/wp-json\/wp\/v2\/media\/14871"}],"wp:attachment":[{"href":"https:\/\/williamweir.com\/de\/wp-json\/wp\/v2\/media?parent=14864"}],"wp:term":[{"taxonomy":"product_brand","embeddable":true,"href":"https:\/\/williamweir.com\/de\/wp-json\/wp\/v2\/product_brand?post=14864"},{"taxonomy":"product_cat","embeddable":true,"href":"https:\/\/williamweir.com\/de\/wp-json\/wp\/v2\/product_cat?post=14864"},{"taxonomy":"product_tag","embeddable":true,"href":"https:\/\/williamweir.com\/de\/wp-json\/wp\/v2\/product_tag?post=14864"}],"curies":[{"name":"wp","href":"https:\/\/api.w.org\/{rel}","templated":true}]}}