{"id":14761,"date":"2025-11-27T08:26:03","date_gmt":"2025-11-27T08:26:03","guid":{"rendered":"https:\/\/williamweir.com\/?post_type=product&#038;p=14761"},"modified":"2025-11-27T08:40:57","modified_gmt":"2025-11-27T08:40:57","slug":"14761","status":"publish","type":"product","link":"https:\/\/williamweir.com\/de\/produkt\/14761\/","title":{"rendered":"Chain lubricant For bicycle"},"content":{"rendered":"<p><strong>Produkt-Code<\/strong><strong>\uff1a<\/strong><strong>3553<\/strong><\/p>\n<p><strong><b>\u00a0<\/b><\/strong><\/p>\n<ol>\n<li><strong><b> Produkt-Einf\u00fchrung<\/b><\/strong><\/li>\n<\/ol>\n<p>&nbsp;<\/p>\n<p>Dieses Produkt ist ein Hochleistungs-Wartungsprodukt, das speziell f\u00fcr Fahrr\u00e4der entwickelt wurde. Es zielt darauf ab, umfassenden Schutz und Schmierung f\u00fcr verschiedene Teile von Fahrr\u00e4dern zu bieten, um einen reibungslosen Betrieb und langfristige Nutzung zu gew\u00e4hrleisten.<\/p>\n<p>&nbsp;<\/p>\n<ol>\n<li><strong><b> Produktmerkmale<\/b><\/strong><\/li>\n<\/ol>\n<p>&nbsp;<\/p>\n<ol>\n<li>Ausgezeichnete Schmierleistung: Enth\u00e4lt spezielle Schmierstoffe, die einen gleichm\u00e4\u00dfigen \u00d6lfilm auf wichtigen Teilen wie Ketten, Zahnr\u00e4dern und Lagern von Fahrr\u00e4dern bilden k\u00f6nnen, wodurch der Reibungskoeffizient und der Verschlei\u00df effektiv reduziert werden und das Radfahren einfacher und reibungsloser wird.<\/li>\n<li>Schutz vor Rost und Korrosion: Es kann einen Schutzfilm auf der Metalloberfl\u00e4che bilden, um die Erosion von Feuchtigkeit, Sauerstoff und anderen korrosiven Substanzen zu verhindern und die Lebensdauer von Fahrradteilen zu verl\u00e4ngern.<\/li>\n<li>Hohe und niedrige Temperaturbest\u00e4ndigkeit: Es kann eine stabile Leistung in verschiedenen Temperaturumgebungen beibehalten. Ob im hei\u00dfen Sommer oder im kalten Winter, es kann zuverl\u00e4ssigen Schutz f\u00fcr Fahrr\u00e4der bieten.<\/li>\n<li>Umweltfreundlich und sicher: Nimmt eine umweltfreundliche Formel, ungiftig und geruchlos, und harmlos f\u00fcr den menschlichen K\u00f6rper und die Umwelt.<\/li>\n<\/ol>\n<p>&nbsp;<\/p>\n<p><strong><b>III. Verwendungsmethoden<\/b><\/strong><\/p>\n<p>&nbsp;<\/p>\n<ol>\n<li>Reinigen Sie die Oberfl\u00e4che des Fahrrads vor der Benutzung von Staub und Schmutz. Sie k\u00f6nnen es mit einem feuchten Tuch abwischen oder vorsichtig mit einer B\u00fcrste schrubben.<\/li>\n<li>Spr\u00fchen oder tr\u00e4ufeln Sie das Pflege\u00f6l gleichm\u00e4\u00dfig auf die Teile des Fahrrads, die geschmiert werden m\u00fcssen, z. B. Ketten, Gangschaltung und Lager.<\/li>\n<li>F\u00fcr die Kette k\u00f6nnen Sie das Pedal mit der Hand drehen, damit die Kette vollst\u00e4ndig mit dem Wartungs\u00f6l in Ber\u00fchrung kommt, um sicherzustellen, dass jedes Glied geschmiert wird.<\/li>\n<li>Warten Sie ein paar Minuten, damit das Pflege\u00f6l vollst\u00e4ndig eindringen und wirken kann.<\/li>\n<li>Wischen Sie das \u00fcbersch\u00fcssige Pflege\u00f6l mit einem sauberen Tuch ab, um die Oberfl\u00e4che des Fahrrads sauber zu halten.<\/li>\n<\/ol>\n<p>&nbsp;<\/p>\n<ol>\n<li><strong><b> Vorsichtsma\u00dfnahmen<\/b><\/strong><\/li>\n<\/ol>\n<p>&nbsp;<\/p>\n<ol>\n<li>Vermeiden Sie den Kontakt des Pflege\u00f6ls mit den Augen. Bei versehentlichem Kontakt sofort mit klarem Wasser aussp\u00fclen.<\/li>\n<li>Bewahren Sie es an einem Ort auf, an dem Kinder es nicht leicht erreichen k\u00f6nnen, um ein versehentliches Verschlucken zu verhindern.<\/li>\n<li>Achten Sie bei der Anwendung auf die richtige Menge, um einen \u00fcberm\u00e4\u00dfigen Gebrauch zu vermeiden, der zu \u00fcberm\u00e4\u00dfigen \u00d6lflecken f\u00fchrt.<\/li>\n<li>Kontrollieren Sie regelm\u00e4\u00dfig den Schmierzustand des Fahrrads und f\u00fcllen Sie bei Bedarf rechtzeitig Wartungs\u00f6l nach.<\/li>\n<\/ol>\n<p>&nbsp;<\/p>","protected":false},"excerpt":{"rendered":"<p>Unsere Fabrik bietet OEM\/ODM-Verarbeitungsdienstleistungen, wir k\u00f6nnen Produkte f\u00fcr Sie ma\u00dfschneidern; Unser MOQ ist niedrig, im Allgemeinen kann die Mindestmenge 1000 Flaschen produziert werden; Unsere Produkte sind preiswert, ausgezeichnete Produktqualit\u00e4t, im Einklang mit allen nationalen Gesetzen und Vorschriften und Kundenbed\u00fcrfnissen!<\/p>\n<h3><strong>\u00a0 \u00a0 \u00a0 Wir bieten au\u00dferdem folgende Dienstleistungen an<\/strong><\/h3>\n<h4><strong><img decoding=\"async\" class=\"emoji\" role=\"img\" draggable=\"false\" src=\"https:\/\/s.w.org\/images\/core\/emoji\/15.0.3\/svg\/2714.svg\" alt=\"\u2714\" \/>\u00a0 Grenz\u00fcberschreitende Quelle\u00a0 \u00a0 \u00a0 \u00a0 \u00a0\u00a0<img decoding=\"async\" class=\"emoji\" role=\"img\" draggable=\"false\" src=\"https:\/\/s.w.org\/images\/core\/emoji\/15.0.3\/svg\/2714.svg\" alt=\"\u2714\" \/>\u00a0 Unterst\u00fctzung der Anpassung<\/strong><\/h4>\n<h4><strong><img decoding=\"async\" class=\"emoji\" role=\"img\" draggable=\"false\" src=\"https:\/\/s.w.org\/images\/core\/emoji\/15.0.3\/svg\/2714.svg\" alt=\"\u2714\" \/>\u00a0 Quelle: Fabrik\u00a0 \u00a0 \u00a0 \u00a0 \u00a0 \u00a0 \u00a0 \u00a0 \u00a0 \u00a0 \u00a0 \u00a0<img decoding=\"async\" class=\"emoji\" role=\"img\" draggable=\"false\" src=\"https:\/\/s.w.org\/images\/core\/emoji\/15.0.3\/svg\/2714.svg\" alt=\"\u2714\" \/>\u00a0 Produktentwicklung<\/strong><\/h4>\n<h4><strong><img decoding=\"async\" class=\"emoji\" role=\"img\" draggable=\"false\" src=\"https:\/\/s.w.org\/images\/core\/emoji\/15.0.3\/svg\/2714.svg\" alt=\"\u2714\" \/>\u00a0 Ma\u00dfgeschneidert nach Muster\u00a0 \u00a0 \u00a0 \u00a0 \u00a0 \u00a0 \u00a0 \u00a0 \u00a0 \u00a0\u00a0<img decoding=\"async\" class=\"emoji\" role=\"img\" draggable=\"false\" src=\"https:\/\/s.w.org\/images\/core\/emoji\/15.0.3\/svg\/2714.svg\" alt=\"\u2714\" \/>\u00a0 Markenberechtigung<\/strong><\/h4>\n<p>&nbsp;<\/p>\n<h2><strong>Fragen oder Kommentare?<\/strong><\/h2>\n<h2><strong>wlwer@williamweir.com<\/strong><\/h2>","protected":false},"featured_media":14763,"template":"","meta":{"_uag_custom_page_level_css":"","site-sidebar-layout":"default","site-content-layout":"","ast-site-content-layout":"default","site-content-style":"default","site-sidebar-style":"default","ast-global-header-display":"","ast-banner-title-visibility":"","ast-main-header-display":"","ast-hfb-above-header-display":"","ast-hfb-below-header-display":"","ast-hfb-mobile-header-display":"","site-post-title":"","ast-breadcrumbs-content":"","ast-featured-img":"","footer-sml-layout":"","theme-transparent-header-meta":"default","adv-header-id-meta":"","stick-header-meta":"","header-above-stick-meta":"","header-main-stick-meta":"","header-below-stick-meta":"","astra-migrate-meta-layouts":"set","ast-page-background-enabled":"default","ast-page-background-meta":{"desktop":{"background-color":"","background-image":"","background-repeat":"repeat","background-position":"center center","background-size":"auto","background-attachment":"scroll","background-type":"","background-media":"","overlay-type":"","overlay-color":"","overlay-opacity":"","overlay-gradient":""},"tablet":{"background-color":"","background-image":"","background-repeat":"repeat","background-position":"center center","background-size":"auto","background-attachment":"scroll","background-type":"","background-media":"","overlay-type":"","overlay-color":"","overlay-opacity":"","overlay-gradient":""},"mobile":{"background-color":"","background-image":"","background-repeat":"repeat","background-position":"center center","background-size":"auto","background-attachment":"scroll","background-type":"","background-media":"","overlay-type":"","overlay-color":"","overlay-opacity":"","overlay-gradient":""}},"ast-content-background-meta":{"desktop":{"background-color":"var(--ast-global-color-5)","background-image":"","background-repeat":"repeat","background-position":"center center","background-size":"auto","background-attachment":"scroll","background-type":"","background-media":"","overlay-type":"","overlay-color":"","overlay-opacity":"","overlay-gradient":""},"tablet":{"background-color":"var(--ast-global-color-5)","background-image":"","background-repeat":"repeat","background-position":"center center","background-size":"auto","background-attachment":"scroll","background-type":"","background-media":"","overlay-type":"","overlay-color":"","overlay-opacity":"","overlay-gradient":""},"mobile":{"background-color":"var(--ast-global-color-5)","background-image":"","background-repeat":"repeat","background-position":"center center","background-size":"auto","background-attachment":"scroll","background-type":"","background-media":"","overlay-type":"","overlay-color":"","overlay-opacity":"","overlay-gradient":""}}},"product_brand":[],"product_cat":[83],"product_tag":[],"class_list":{"0":"post-14761","1":"product","2":"type-product","3":"status-publish","4":"has-post-thumbnail","6":"product_cat-all-products","7":"desktop-align-center","8":"tablet-align-left","9":"mobile-align-left","10":"ast-product-gallery-layout-horizontal-slider","11":"ast-product-gallery-with-no-image","12":"ast-product-tabs-layout-horizontal","14":"first","15":"instock","16":"shipping-taxable","17":"product-type-simple"},"aioseo_notices":[],"uagb_featured_image_src":{"full":["https:\/\/williamweir.com\/wp-content\/uploads\/2025\/11\/\u81ea\u884c\u8f66\u94fe\u6761\u6da6\u6ed1\u6cb9.png",800,800,false],"thumbnail":["https:\/\/williamweir.com\/wp-content\/uploads\/2025\/11\/\u81ea\u884c\u8f66\u94fe\u6761\u6da6\u6ed1\u6cb9-300x300.png",300,300,true],"medium":["https:\/\/williamweir.com\/wp-content\/uploads\/2025\/11\/\u81ea\u884c\u8f66\u94fe\u6761\u6da6\u6ed1\u6cb9-600x600.png",600,600,true],"medium_large":["https:\/\/williamweir.com\/wp-content\/uploads\/2025\/11\/\u81ea\u884c\u8f66\u94fe\u6761\u6da6\u6ed1\u6cb9-768x768.png",768,768,true],"large":["https:\/\/williamweir.com\/wp-content\/uploads\/2025\/11\/\u81ea\u884c\u8f66\u94fe\u6761\u6da6\u6ed1\u6cb9.png",800,800,false],"1536x1536":["https:\/\/williamweir.com\/wp-content\/uploads\/2025\/11\/\u81ea\u884c\u8f66\u94fe\u6761\u6da6\u6ed1\u6cb9.png",800,800,false],"2048x2048":["https:\/\/williamweir.com\/wp-content\/uploads\/2025\/11\/\u81ea\u884c\u8f66\u94fe\u6761\u6da6\u6ed1\u6cb9.png",800,800,false],"trp-custom-language-flag":["https:\/\/williamweir.com\/wp-content\/uploads\/2025\/11\/\u81ea\u884c\u8f66\u94fe\u6761\u6da6\u6ed1\u6cb9-12x12.png",12,12,true],"woocommerce_thumbnail":["https:\/\/williamweir.com\/wp-content\/uploads\/2025\/11\/\u81ea\u884c\u8f66\u94fe\u6761\u6da6\u6ed1\u6cb9-600x600.png",600,600,true],"woocommerce_single":["https:\/\/williamweir.com\/wp-content\/uploads\/2025\/11\/\u81ea\u884c\u8f66\u94fe\u6761\u6da6\u6ed1\u6cb9-600x600.png",600,600,true],"woocommerce_gallery_thumbnail":["https:\/\/williamweir.com\/wp-content\/uploads\/2025\/11\/\u81ea\u884c\u8f66\u94fe\u6761\u6da6\u6ed1\u6cb9-100x100.png",100,100,true]},"uagb_author_info":{"display_name":"wlwer","author_link":"https:\/\/williamweir.com\/de\/author\/"},"uagb_comment_info":0,"uagb_excerpt":"Our factory provides OEM\/ODM processing services, we can tailor products for you; Our MOQ is low, generally the minimum quantity is 1000 bottles can be produced; Our products are inexpensive, excellent product quality, in line with any national laws and regulations and customer needs! \u00a0 \u00a0 \u00a0 We also offer the following services \u00a0 Cross-border&hellip;","_links":{"self":[{"href":"https:\/\/williamweir.com\/de\/wp-json\/wp\/v2\/product\/14761"}],"collection":[{"href":"https:\/\/williamweir.com\/de\/wp-json\/wp\/v2\/product"}],"about":[{"href":"https:\/\/williamweir.com\/de\/wp-json\/wp\/v2\/types\/product"}],"version-history":[{"count":3,"href":"https:\/\/williamweir.com\/de\/wp-json\/wp\/v2\/product\/14761\/revisions"}],"predecessor-version":[{"id":14770,"href":"https:\/\/williamweir.com\/de\/wp-json\/wp\/v2\/product\/14761\/revisions\/14770"}],"wp:featuredmedia":[{"embeddable":true,"href":"https:\/\/williamweir.com\/de\/wp-json\/wp\/v2\/media\/14763"}],"wp:attachment":[{"href":"https:\/\/williamweir.com\/de\/wp-json\/wp\/v2\/media?parent=14761"}],"wp:term":[{"taxonomy":"product_brand","embeddable":true,"href":"https:\/\/williamweir.com\/de\/wp-json\/wp\/v2\/product_brand?post=14761"},{"taxonomy":"product_cat","embeddable":true,"href":"https:\/\/williamweir.com\/de\/wp-json\/wp\/v2\/product_cat?post=14761"},{"taxonomy":"product_tag","embeddable":true,"href":"https:\/\/williamweir.com\/de\/wp-json\/wp\/v2\/product_tag?post=14761"}],"curies":[{"name":"wp","href":"https:\/\/api.w.org\/{rel}","templated":true}]}}