{"id":14705,"date":"2025-08-14T06:26:38","date_gmt":"2025-08-14T06:26:38","guid":{"rendered":"https:\/\/williamweir.com\/?post_type=product&#038;p=14705"},"modified":"2025-08-14T06:32:59","modified_gmt":"2025-08-14T06:32:59","slug":"bathroom-cleaner-5","status":"publish","type":"product","link":"https:\/\/williamweir.com\/de\/produkt\/bathroom-cleaner-5\/","title":{"rendered":"Badreiniger"},"content":{"rendered":"<h3><strong>Commodity code: 3230<\/strong><\/h3>\n<p><strong><b>Product Introduction:<\/b><\/strong><strong><b><br \/>\n<\/b><\/strong>Dieses Produkt ist ein hochwirksames Reinigungsmittel, das speziell f\u00fcr den Einsatz im Badezimmer entwickelt wurde. Es entfernt effektiv Kalkablagerungen auf verschiedenen Oberfl\u00e4chen im Badezimmer, einschlie\u00dflich Wasserh\u00e4hnen, Duschk\u00f6pfen, Glas, Fliesen usw., und verleiht Ihrem Badezimmer ein v\u00f6llig neues Aussehen.<\/p>\n<p><strong><b>Product Features:<\/b><\/strong><\/p>\n<ol>\n<li>Kraftvolle Entkalkung: Die einzigartige Formel kann Kalkablagerungen schnell aufl\u00f6sen, so dass die gereinigte Oberfl\u00e4che wieder wie neu gl\u00e4nzt.<\/li>\n<li>Sicher und zuverl\u00e4ssig: Es enth\u00e4lt keine hochgradig \u00e4tzenden chemischen Substanzen und ist unsch\u00e4dlich f\u00fcr den menschlichen K\u00f6rper und die Badezimmereinrichtung.<\/li>\n<li>Vielf\u00e4ltig einsetzbar: Geeignet f\u00fcr verschiedene Badezimmermaterialien wie Edelstahl, Keramik, Glas usw.<\/li>\n<li>Bequem und schnell: Spr\u00fchen Sie den Reiniger einfach auf die Oberfl\u00e4che der Waage und wischen Sie sie nach kurzer Einwirkzeit mit einem Lappen oder einer B\u00fcrste ab.<\/li>\n<\/ol>\n<p><strong><b>Usage Method:<\/b><\/strong><\/p>\n<ol>\n<li>Reinigen Sie zun\u00e4chst die Oberfl\u00e4che des Badezimmers von Staub und anderen Verunreinigungen.<\/li>\n<li>Spray the bathroom scale cleaner evenly at a distance of about 15 \u2013 20 centimeters from the surface to be cleaned.<\/li>\n<li>Wait for 3 \u2013 5 minutes to let the cleaner fully react with the scale.<\/li>\n<li>Wischen Sie die Zunderoberfl\u00e4che vorsichtig mit einem feuchten Lappen oder einer B\u00fcrste ab. Bei hartn\u00e4ckigem Zunder k\u00f6nnen Sie die Kraft entsprechend erh\u00f6hen oder den Vorgang wiederholen.<\/li>\n<li>Zum Schluss sp\u00fclen Sie die gereinigte Oberfl\u00e4che mit klarem Wasser ab.<\/li>\n<\/ol>\n<p><strong><b>Precautions:<\/b><\/strong><\/p>\n<ol>\n<li>Bitte stellen Sie es an einem Ort auf, der f\u00fcr Kinder nicht leicht erreichbar ist.<\/li>\n<li>Vermeiden Sie den Kontakt mit Augen und Haut. Bei versehentlichem Kontakt sofort mit einer gro\u00dfen Menge sauberen Wassers absp\u00fclen.<\/li>\n<li>Bei besonderen Materialien oder der Oberfl\u00e4che von wertvollen Gegenst\u00e4nden empfiehlt es sich, zun\u00e4chst einen Versuch an einer unauff\u00e4lligen Stelle durchzuf\u00fchren.<\/li>\n<li>Bitte bewahren Sie es an einem k\u00fchlen und trockenen Ort auf und vermeiden Sie direkte Sonneneinstrahlung.<\/li>\n<\/ol>","protected":false},"excerpt":{"rendered":"<p>Unsere Fabrik bietet OEM\/ODM-Verarbeitungsdienstleistungen, wir k\u00f6nnen Produkte f\u00fcr Sie ma\u00dfschneidern; Unser MOQ ist niedrig, im Allgemeinen kann die Mindestmenge 1000 Flaschen produziert werden; Unsere Produkte sind preiswert, ausgezeichnete Produktqualit\u00e4t, im Einklang mit allen nationalen Gesetzen und Vorschriften und Kundenbed\u00fcrfnissen!<\/p>\n<h3><strong>\u00a0 \u00a0 \u00a0 Wir bieten au\u00dferdem folgende Dienstleistungen an<\/strong><\/h3>\n<h4><strong><img decoding=\"async\" class=\"emoji\" role=\"img\" draggable=\"false\" src=\"https:\/\/s.w.org\/images\/core\/emoji\/15.0.3\/svg\/2714.svg\" alt=\"\u2714\" \/>\u00a0 Grenz\u00fcberschreitende Quelle\u00a0 \u00a0 \u00a0 \u00a0 \u00a0\u00a0<img decoding=\"async\" class=\"emoji\" role=\"img\" draggable=\"false\" src=\"https:\/\/s.w.org\/images\/core\/emoji\/15.0.3\/svg\/2714.svg\" alt=\"\u2714\" \/>\u00a0 Unterst\u00fctzung der Anpassung<\/strong><\/h4>\n<h4><strong><img decoding=\"async\" class=\"emoji\" role=\"img\" draggable=\"false\" src=\"https:\/\/s.w.org\/images\/core\/emoji\/15.0.3\/svg\/2714.svg\" alt=\"\u2714\" \/>\u00a0 Quelle: Fabrik\u00a0 \u00a0 \u00a0 \u00a0 \u00a0 \u00a0 \u00a0 \u00a0 \u00a0 \u00a0 \u00a0 \u00a0<img decoding=\"async\" class=\"emoji\" role=\"img\" draggable=\"false\" src=\"https:\/\/s.w.org\/images\/core\/emoji\/15.0.3\/svg\/2714.svg\" alt=\"\u2714\" \/>\u00a0 Produktentwicklung<\/strong><\/h4>\n<h4><strong><img decoding=\"async\" class=\"emoji\" role=\"img\" draggable=\"false\" src=\"https:\/\/s.w.org\/images\/core\/emoji\/15.0.3\/svg\/2714.svg\" alt=\"\u2714\" \/>\u00a0 Ma\u00dfgeschneidert nach Muster\u00a0 \u00a0 \u00a0 \u00a0 \u00a0 \u00a0 \u00a0 \u00a0 \u00a0 \u00a0\u00a0<img decoding=\"async\" class=\"emoji\" role=\"img\" draggable=\"false\" src=\"https:\/\/s.w.org\/images\/core\/emoji\/15.0.3\/svg\/2714.svg\" alt=\"\u2714\" \/>\u00a0 Markenberechtigung<\/strong><\/h4>\n<p>&nbsp;<\/p>\n<h2><strong>Fragen oder Kommentare?<\/strong><\/h2>\n<h2><strong>wlwer@williamweir.com<\/strong><\/h2>","protected":false},"featured_media":14706,"template":"","meta":{"_uag_custom_page_level_css":"","site-sidebar-layout":"default","site-content-layout":"","ast-site-content-layout":"default","site-content-style":"default","site-sidebar-style":"default","ast-global-header-display":"","ast-banner-title-visibility":"","ast-main-header-display":"","ast-hfb-above-header-display":"","ast-hfb-below-header-display":"","ast-hfb-mobile-header-display":"","site-post-title":"","ast-breadcrumbs-content":"","ast-featured-img":"","footer-sml-layout":"","theme-transparent-header-meta":"default","adv-header-id-meta":"","stick-header-meta":"","header-above-stick-meta":"","header-main-stick-meta":"","header-below-stick-meta":"","astra-migrate-meta-layouts":"set","ast-page-background-enabled":"default","ast-page-background-meta":{"desktop":{"background-color":"","background-image":"","background-repeat":"repeat","background-position":"center center","background-size":"auto","background-attachment":"scroll","background-type":"","background-media":"","overlay-type":"","overlay-color":"","overlay-opacity":"","overlay-gradient":""},"tablet":{"background-color":"","background-image":"","background-repeat":"repeat","background-position":"center center","background-size":"auto","background-attachment":"scroll","background-type":"","background-media":"","overlay-type":"","overlay-color":"","overlay-opacity":"","overlay-gradient":""},"mobile":{"background-color":"","background-image":"","background-repeat":"repeat","background-position":"center center","background-size":"auto","background-attachment":"scroll","background-type":"","background-media":"","overlay-type":"","overlay-color":"","overlay-opacity":"","overlay-gradient":""}},"ast-content-background-meta":{"desktop":{"background-color":"var(--ast-global-color-5)","background-image":"","background-repeat":"repeat","background-position":"center center","background-size":"auto","background-attachment":"scroll","background-type":"","background-media":"","overlay-type":"","overlay-color":"","overlay-opacity":"","overlay-gradient":""},"tablet":{"background-color":"var(--ast-global-color-5)","background-image":"","background-repeat":"repeat","background-position":"center center","background-size":"auto","background-attachment":"scroll","background-type":"","background-media":"","overlay-type":"","overlay-color":"","overlay-opacity":"","overlay-gradient":""},"mobile":{"background-color":"var(--ast-global-color-5)","background-image":"","background-repeat":"repeat","background-position":"center center","background-size":"auto","background-attachment":"scroll","background-type":"","background-media":"","overlay-type":"","overlay-color":"","overlay-opacity":"","overlay-gradient":""}}},"product_brand":[],"product_cat":[83,74],"product_tag":[],"class_list":{"0":"post-14705","1":"product","2":"type-product","3":"status-publish","4":"has-post-thumbnail","6":"product_cat-all-products","7":"product_cat-household-cleaning-series","8":"desktop-align-center","9":"tablet-align-left","10":"mobile-align-left","11":"ast-product-gallery-layout-horizontal-slider","12":"ast-product-gallery-with-no-image","13":"ast-product-tabs-layout-horizontal","15":"first","16":"instock","17":"shipping-taxable","18":"product-type-simple"},"aioseo_notices":[],"uagb_featured_image_src":{"full":["https:\/\/williamweir.com\/wp-content\/uploads\/2025\/08\/\u6d74\u5ba4\u6e05\u6d01\u5242.jpg",800,800,false],"thumbnail":["https:\/\/williamweir.com\/wp-content\/uploads\/2025\/08\/\u6d74\u5ba4\u6e05\u6d01\u5242-300x300.jpg",300,300,true],"medium":["https:\/\/williamweir.com\/wp-content\/uploads\/2025\/08\/\u6d74\u5ba4\u6e05\u6d01\u5242-600x600.jpg",600,600,true],"medium_large":["https:\/\/williamweir.com\/wp-content\/uploads\/2025\/08\/\u6d74\u5ba4\u6e05\u6d01\u5242-768x768.jpg",768,768,true],"large":["https:\/\/williamweir.com\/wp-content\/uploads\/2025\/08\/\u6d74\u5ba4\u6e05\u6d01\u5242.jpg",800,800,false],"1536x1536":["https:\/\/williamweir.com\/wp-content\/uploads\/2025\/08\/\u6d74\u5ba4\u6e05\u6d01\u5242.jpg",800,800,false],"2048x2048":["https:\/\/williamweir.com\/wp-content\/uploads\/2025\/08\/\u6d74\u5ba4\u6e05\u6d01\u5242.jpg",800,800,false],"trp-custom-language-flag":["https:\/\/williamweir.com\/wp-content\/uploads\/2025\/08\/\u6d74\u5ba4\u6e05\u6d01\u5242-12x12.jpg",12,12,true],"woocommerce_thumbnail":["https:\/\/williamweir.com\/wp-content\/uploads\/2025\/08\/\u6d74\u5ba4\u6e05\u6d01\u5242-600x600.jpg",600,600,true],"woocommerce_single":["https:\/\/williamweir.com\/wp-content\/uploads\/2025\/08\/\u6d74\u5ba4\u6e05\u6d01\u5242-600x600.jpg",600,600,true],"woocommerce_gallery_thumbnail":["https:\/\/williamweir.com\/wp-content\/uploads\/2025\/08\/\u6d74\u5ba4\u6e05\u6d01\u5242-100x100.jpg",100,100,true]},"uagb_author_info":{"display_name":"wlwer","author_link":"https:\/\/williamweir.com\/de\/author\/"},"uagb_comment_info":0,"uagb_excerpt":"Our factory provides OEM\/ODM processing services, we can tailor products for you; Our MOQ is low, generally the minimum quantity is 1000 bottles can be produced; Our products are inexpensive, excellent product quality, in line with any national laws and regulations and customer needs! \u00a0 \u00a0 \u00a0 We also offer the following services \u00a0 Cross-border&hellip;","_links":{"self":[{"href":"https:\/\/williamweir.com\/de\/wp-json\/wp\/v2\/product\/14705"}],"collection":[{"href":"https:\/\/williamweir.com\/de\/wp-json\/wp\/v2\/product"}],"about":[{"href":"https:\/\/williamweir.com\/de\/wp-json\/wp\/v2\/types\/product"}],"version-history":[{"count":3,"href":"https:\/\/williamweir.com\/de\/wp-json\/wp\/v2\/product\/14705\/revisions"}],"predecessor-version":[{"id":14712,"href":"https:\/\/williamweir.com\/de\/wp-json\/wp\/v2\/product\/14705\/revisions\/14712"}],"wp:featuredmedia":[{"embeddable":true,"href":"https:\/\/williamweir.com\/de\/wp-json\/wp\/v2\/media\/14706"}],"wp:attachment":[{"href":"https:\/\/williamweir.com\/de\/wp-json\/wp\/v2\/media?parent=14705"}],"wp:term":[{"taxonomy":"product_brand","embeddable":true,"href":"https:\/\/williamweir.com\/de\/wp-json\/wp\/v2\/product_brand?post=14705"},{"taxonomy":"product_cat","embeddable":true,"href":"https:\/\/williamweir.com\/de\/wp-json\/wp\/v2\/product_cat?post=14705"},{"taxonomy":"product_tag","embeddable":true,"href":"https:\/\/williamweir.com\/de\/wp-json\/wp\/v2\/product_tag?post=14705"}],"curies":[{"name":"wp","href":"https:\/\/api.w.org\/{rel}","templated":true}]}}