{"id":14665,"date":"2025-08-02T01:30:26","date_gmt":"2025-08-02T01:30:26","guid":{"rendered":"https:\/\/williamweir.com\/?post_type=product&#038;p=14665"},"modified":"2025-08-02T01:30:26","modified_gmt":"2025-08-02T01:30:26","slug":"cement-cleaner-2","status":"publish","type":"product","link":"https:\/\/williamweir.com\/de\/produkt\/cement-cleaner-2\/","title":{"rendered":"Zementreiniger"},"content":{"rendered":"<h3><strong>Commodity code:2929<\/strong><\/h3>\n<h3><strong><b>I. Einf\u00fchrung in das Produkt<\/b><\/strong><\/h3>\n<p>This product is a professional and highly \u2013 efficient cleaning product specifically designed for cement stains. Whether it\u2019s the cement residues left after construction or the cement stains accidentally stained on the surfaces of floors, walls, tiles, metals and other materials in daily life, it can quickly and effectively remove them, making the cleaning work easy and simple, and restoring the original cleanliness of the item surfaces.<\/p>\n<h3><strong><b>II. Produktmerkmale<\/b><\/strong><\/h3>\n<ol>\n<li><b><\/b><strong><b>Kraftvolle Fleckenentfernung<\/b><\/strong>: Adopting a unique cleaning formula, it can quickly penetrate and dissolve cement, making it detach from the attached surface. It has a remarkable cleaning effect on both new and old cement stains.<\/li>\n<li><b><\/b><strong><b>Safe and Environment \u2013 friendly<\/b><\/strong>: It does not contain harmful chemical components such as strong acids and strong alkalis, and is harmless to the human body and the environment. It does not produce pungent odors during use, allowing you to clean with peace of mind.<\/li>\n<li><b><\/b><strong><b>Wide Applicability<\/b><\/strong>: It is suitable for cleaning cement stains on the surfaces of a variety of materials, including tiles, marble, granite, glass, metals, plastics, etc., meeting the cleaning needs of different scenarios.<\/li>\n<\/ol>\n<h3><strong><b>III. Gebrauchsanweisung<\/b><\/strong><\/h3>\n<ol>\n<li>First, clean the dust, debris, etc. on the stain surface to ensure that there are no obvious particles on the stain surface.<\/li>\n<li>Shake the cement cleaner well. According to the size of the stain area, apply or spray an appropriate amount on the cement stain surface to ensure that the stain is completely covered by the cleaner.<\/li>\n<li>Wait for 3 \u2013 5 minutes (for thick and dried \u2013 up cement stains, it can be appropriately extended to 5 \u2013 10 minutes) to allow the cleaner to fully react with the cement and dissolve it.<\/li>\n<li>Use a brush (a stiff \u2013 bristle brush can be used for more stubborn stains) or a damp cloth to wipe the stained area with appropriate force, and then rinse it thoroughly with clean water or dry it with a clean dry cloth.<\/li>\n<li>If the stain is not completely removed, repeat the above steps until the stain is completely eliminated.<\/li>\n<\/ol>\n<h3><strong><b>IV. Vorsichtsma\u00dfnahmen<\/b><\/strong><\/h3>\n<ol>\n<li>Please keep it out of reach of children to prevent children from touching or ingesting it.<\/li>\n<li>If it accidentally gets into the eyes or on the skin, rinse immediately with a large amount of water. Seek medical attention in case of serious situations.<\/li>\n<li>For some special materials (such as high \u2013 end stone materials, surfaces with special coatings, etc.), please conduct a trial in an inconspicuous area before use. Use it comprehensively only after confirming that there are no adverse reactions.<\/li>\n<li>Please store it in a cool and dry place, avoiding direct sunlight and high \u2013 temperature environments to prevent the product from deteriorating.<\/li>\n<\/ol>","protected":false},"excerpt":{"rendered":"<p>Unsere Fabrik bietet OEM\/ODM-Verarbeitungsdienstleistungen, wir k\u00f6nnen Produkte f\u00fcr Sie ma\u00dfschneidern; Unser MOQ ist niedrig, im Allgemeinen kann die Mindestmenge 1000 Flaschen produziert werden; Unsere Produkte sind preiswert, ausgezeichnete Produktqualit\u00e4t, im Einklang mit allen nationalen Gesetzen und Vorschriften und Kundenbed\u00fcrfnissen!<\/p>\n<h3><strong>\u00a0 \u00a0 \u00a0 Wir bieten au\u00dferdem folgende Dienstleistungen an<\/strong><\/h3>\n<h4><strong><img decoding=\"async\" class=\"emoji\" role=\"img\" draggable=\"false\" src=\"https:\/\/s.w.org\/images\/core\/emoji\/15.0.3\/svg\/2714.svg\" alt=\"\u2714\" \/>\u00a0 Grenz\u00fcberschreitende Quelle\u00a0 \u00a0 \u00a0 \u00a0 \u00a0\u00a0<img decoding=\"async\" class=\"emoji\" role=\"img\" draggable=\"false\" src=\"https:\/\/s.w.org\/images\/core\/emoji\/15.0.3\/svg\/2714.svg\" alt=\"\u2714\" \/>\u00a0 Unterst\u00fctzung der Anpassung<\/strong><\/h4>\n<h4><strong><img decoding=\"async\" class=\"emoji\" role=\"img\" draggable=\"false\" src=\"https:\/\/s.w.org\/images\/core\/emoji\/15.0.3\/svg\/2714.svg\" alt=\"\u2714\" \/>\u00a0 Quelle: Fabrik\u00a0 \u00a0 \u00a0 \u00a0 \u00a0 \u00a0 \u00a0 \u00a0 \u00a0 \u00a0 \u00a0 \u00a0<img decoding=\"async\" class=\"emoji\" role=\"img\" draggable=\"false\" src=\"https:\/\/s.w.org\/images\/core\/emoji\/15.0.3\/svg\/2714.svg\" alt=\"\u2714\" \/>\u00a0 Produktentwicklung<\/strong><\/h4>\n<h4><strong><img decoding=\"async\" class=\"emoji\" role=\"img\" draggable=\"false\" src=\"https:\/\/s.w.org\/images\/core\/emoji\/15.0.3\/svg\/2714.svg\" alt=\"\u2714\" \/>\u00a0 Ma\u00dfgeschneidert nach Muster\u00a0 \u00a0 \u00a0 \u00a0 \u00a0 \u00a0 \u00a0 \u00a0 \u00a0 \u00a0\u00a0<img decoding=\"async\" class=\"emoji\" role=\"img\" draggable=\"false\" src=\"https:\/\/s.w.org\/images\/core\/emoji\/15.0.3\/svg\/2714.svg\" alt=\"\u2714\" \/>\u00a0 Markenberechtigung<\/strong><\/h4>\n<p>&nbsp;<\/p>\n<h2><strong>Fragen oder Kommentare?<\/strong><\/h2>\n<h2><strong>wlwer@williamweir.com<\/strong><\/h2>","protected":false},"featured_media":14666,"template":"","meta":{"_uag_custom_page_level_css":"","site-sidebar-layout":"default","site-content-layout":"","ast-site-content-layout":"default","site-content-style":"default","site-sidebar-style":"default","ast-global-header-display":"","ast-banner-title-visibility":"","ast-main-header-display":"","ast-hfb-above-header-display":"","ast-hfb-below-header-display":"","ast-hfb-mobile-header-display":"","site-post-title":"","ast-breadcrumbs-content":"","ast-featured-img":"","footer-sml-layout":"","theme-transparent-header-meta":"default","adv-header-id-meta":"","stick-header-meta":"","header-above-stick-meta":"","header-main-stick-meta":"","header-below-stick-meta":"","astra-migrate-meta-layouts":"set","ast-page-background-enabled":"default","ast-page-background-meta":{"desktop":{"background-color":"","background-image":"","background-repeat":"repeat","background-position":"center center","background-size":"auto","background-attachment":"scroll","background-type":"","background-media":"","overlay-type":"","overlay-color":"","overlay-opacity":"","overlay-gradient":""},"tablet":{"background-color":"","background-image":"","background-repeat":"repeat","background-position":"center center","background-size":"auto","background-attachment":"scroll","background-type":"","background-media":"","overlay-type":"","overlay-color":"","overlay-opacity":"","overlay-gradient":""},"mobile":{"background-color":"","background-image":"","background-repeat":"repeat","background-position":"center center","background-size":"auto","background-attachment":"scroll","background-type":"","background-media":"","overlay-type":"","overlay-color":"","overlay-opacity":"","overlay-gradient":""}},"ast-content-background-meta":{"desktop":{"background-color":"var(--ast-global-color-5)","background-image":"","background-repeat":"repeat","background-position":"center center","background-size":"auto","background-attachment":"scroll","background-type":"","background-media":"","overlay-type":"","overlay-color":"","overlay-opacity":"","overlay-gradient":""},"tablet":{"background-color":"var(--ast-global-color-5)","background-image":"","background-repeat":"repeat","background-position":"center center","background-size":"auto","background-attachment":"scroll","background-type":"","background-media":"","overlay-type":"","overlay-color":"","overlay-opacity":"","overlay-gradient":""},"mobile":{"background-color":"var(--ast-global-color-5)","background-image":"","background-repeat":"repeat","background-position":"center center","background-size":"auto","background-attachment":"scroll","background-type":"","background-media":"","overlay-type":"","overlay-color":"","overlay-opacity":"","overlay-gradient":""}}},"product_brand":[],"product_cat":[79,74],"product_tag":[],"class_list":{"0":"post-14665","1":"product","2":"type-product","3":"status-publish","4":"has-post-thumbnail","6":"product_cat-aldehyde-removal-deodorizing-series","7":"product_cat-household-cleaning-series","8":"desktop-align-center","9":"tablet-align-left","10":"mobile-align-left","11":"ast-product-gallery-layout-horizontal-slider","12":"ast-product-gallery-with-no-image","13":"ast-product-tabs-layout-horizontal","15":"first","16":"instock","17":"shipping-taxable","18":"product-type-simple"},"aioseo_notices":[],"uagb_featured_image_src":{"full":["https:\/\/williamweir.com\/wp-content\/uploads\/2025\/08\/869c2605461c7e1a90a31a7d5a63b00.jpg",800,800,false],"thumbnail":["https:\/\/williamweir.com\/wp-content\/uploads\/2025\/08\/869c2605461c7e1a90a31a7d5a63b00-300x300.jpg",300,300,true],"medium":["https:\/\/williamweir.com\/wp-content\/uploads\/2025\/08\/869c2605461c7e1a90a31a7d5a63b00-600x600.jpg",600,600,true],"medium_large":["https:\/\/williamweir.com\/wp-content\/uploads\/2025\/08\/869c2605461c7e1a90a31a7d5a63b00-768x768.jpg",768,768,true],"large":["https:\/\/williamweir.com\/wp-content\/uploads\/2025\/08\/869c2605461c7e1a90a31a7d5a63b00.jpg",800,800,false],"1536x1536":["https:\/\/williamweir.com\/wp-content\/uploads\/2025\/08\/869c2605461c7e1a90a31a7d5a63b00.jpg",800,800,false],"2048x2048":["https:\/\/williamweir.com\/wp-content\/uploads\/2025\/08\/869c2605461c7e1a90a31a7d5a63b00.jpg",800,800,false],"trp-custom-language-flag":["https:\/\/williamweir.com\/wp-content\/uploads\/2025\/08\/869c2605461c7e1a90a31a7d5a63b00-12x12.jpg",12,12,true],"woocommerce_thumbnail":["https:\/\/williamweir.com\/wp-content\/uploads\/2025\/08\/869c2605461c7e1a90a31a7d5a63b00-600x600.jpg",600,600,true],"woocommerce_single":["https:\/\/williamweir.com\/wp-content\/uploads\/2025\/08\/869c2605461c7e1a90a31a7d5a63b00-600x600.jpg",600,600,true],"woocommerce_gallery_thumbnail":["https:\/\/williamweir.com\/wp-content\/uploads\/2025\/08\/869c2605461c7e1a90a31a7d5a63b00-100x100.jpg",100,100,true]},"uagb_author_info":{"display_name":"wlwer","author_link":"https:\/\/williamweir.com\/de\/author\/"},"uagb_comment_info":0,"uagb_excerpt":"Our factory provides OEM\/ODM processing services, we can tailor products for you; Our MOQ is low, generally the minimum quantity is 1000 bottles can be produced; Our products are inexpensive, excellent product quality, in line with any national laws and regulations and customer needs! \u00a0 \u00a0 \u00a0 We also offer the following services \u00a0 Cross-border&hellip;","_links":{"self":[{"href":"https:\/\/williamweir.com\/de\/wp-json\/wp\/v2\/product\/14665"}],"collection":[{"href":"https:\/\/williamweir.com\/de\/wp-json\/wp\/v2\/product"}],"about":[{"href":"https:\/\/williamweir.com\/de\/wp-json\/wp\/v2\/types\/product"}],"version-history":[{"count":1,"href":"https:\/\/williamweir.com\/de\/wp-json\/wp\/v2\/product\/14665\/revisions"}],"predecessor-version":[{"id":14667,"href":"https:\/\/williamweir.com\/de\/wp-json\/wp\/v2\/product\/14665\/revisions\/14667"}],"wp:featuredmedia":[{"embeddable":true,"href":"https:\/\/williamweir.com\/de\/wp-json\/wp\/v2\/media\/14666"}],"wp:attachment":[{"href":"https:\/\/williamweir.com\/de\/wp-json\/wp\/v2\/media?parent=14665"}],"wp:term":[{"taxonomy":"product_brand","embeddable":true,"href":"https:\/\/williamweir.com\/de\/wp-json\/wp\/v2\/product_brand?post=14665"},{"taxonomy":"product_cat","embeddable":true,"href":"https:\/\/williamweir.com\/de\/wp-json\/wp\/v2\/product_cat?post=14665"},{"taxonomy":"product_tag","embeddable":true,"href":"https:\/\/williamweir.com\/de\/wp-json\/wp\/v2\/product_tag?post=14665"}],"curies":[{"name":"wp","href":"https:\/\/api.w.org\/{rel}","templated":true}]}}