{"id":14527,"date":"2025-05-16T07:16:17","date_gmt":"2025-05-16T07:16:17","guid":{"rendered":"https:\/\/williamweir.com\/?post_type=product&#038;p=14527"},"modified":"2025-05-24T01:01:15","modified_gmt":"2025-05-24T01:01:15","slug":"multi-purpose-polishing-wax","status":"publish","type":"product","link":"https:\/\/williamweir.com\/de\/produkt\/multi-purpose-polishing-wax\/","title":{"rendered":"Mehrzweck-Polierwachs"},"content":{"rendered":"<h3><strong>Commodity code: 2936<\/strong><\/h3>\n<p><strong><b>Product Introduction:<\/b><\/strong><strong><b><br \/>\n<\/b><\/strong>Dieses Produkt ist ein hochwertiges Wartungs- und Pflegemittel, das speziell f\u00fcr Holzm\u00f6bel und Holzprodukte entwickelt wurde. Es kann verschiedene Holzoberfl\u00e4chen effektiv pflegen, sie nat\u00fcrlich und sch\u00f6n erhalten und die Lebensdauer von Holzartikeln verl\u00e4ngern.<\/p>\n<p><strong><b> Product Features:<\/b><\/strong><\/p>\n<p>Tiefenwirksame Pflege: Reich an pflegenden Inhaltsstoffen wie nat\u00fcrlichen \u00d6len, kann es tief in das Holzinnere eindringen, die vom Holz ben\u00f6tigte Feuchtigkeit und N\u00e4hrstoffe erg\u00e4nzen und das Austrocknen und Rei\u00dfen des Holzes verhindern.<\/p>\n<p>Starke Schutzleistung: Es bildet einen soliden Schutzfilm auf der Holzoberfl\u00e4che, der der t\u00e4glichen Abnutzung, Kratzern und dem Eindringen von Staub und Flecken wirksam widersteht.<\/p>\n<p>Verbessern Sie den Glanz: Machen Sie die h\u00f6lzerne Oberfl\u00e4che zeigen einen warmen und hellen Glanz, verbessern Sie die Sch\u00f6nheit von Holzm\u00f6beln, und f\u00fcgen Sie eine warme Atmosph\u00e4re, um die h\u00e4usliche Umgebung.<\/p>\n<p>Sicher und umweltfreundlich: Es enth\u00e4lt keine sch\u00e4dlichen Chemikalien, ist unsch\u00e4dlich f\u00fcr den menschlichen K\u00f6rper und die Umwelt und kann sicher und unbedenklich verwendet werden.<\/p>\n<p>Vielf\u00e4ltig einsetzbar: Geeignet f\u00fcr Holzgegenst\u00e4nde aus verschiedenen Materialien wie verschiedene Massivh\u00f6lzer und Kunsth\u00f6lzer.<\/p>\n<p><strong><b>III. Verwendungsmethode:<\/b><\/strong><\/p>\n<p>Reinigen Sie zun\u00e4chst die Holzoberfl\u00e4che, um Staub und Verunreinigungen zu entfernen.<\/p>\n<p>Tauchen Sie eine angemessene Menge Holzpflegewachs mit einem weichen Tuch oder Schwamm ein.<\/p>\n<p>Tragen Sie es gleichm\u00e4\u00dfig auf die Holzoberfl\u00e4che auf und wischen Sie in Richtung der Holzmaserung.<\/p>\n<p>Warten Sie eine gewisse Zeit, damit das Pflegewachs vollst\u00e4ndig eindringen und trocknen kann.<\/p>\n<p>Mit einem sauberen, weichen Tuch sanft abwischen und polieren, um \u00fcbersch\u00fcssiges Pflegewachs zu entfernen und die Holzoberfl\u00e4che glatt und gl\u00e4nzend zu machen.<\/p>\n<p><strong><b> Precautions:<\/b><\/strong><\/p>\n<p>Bitte stellen Sie es an einem Ort auf, der f\u00fcr Kinder nicht leicht erreichbar ist.<\/p>\n<p>Bitte f\u00fchren Sie vor der Anwendung zun\u00e4chst einen Versuch an einer unauff\u00e4lligen Stelle durch. Nachdem Sie sich vergewissert haben, dass es keine unerw\u00fcnschten Reaktionen gibt, verwenden Sie es auf einer gro\u00dfen Fl\u00e4che.<\/p>\n<p>Vermeiden Sie die Verwendung und Lagerung bei hohen Temperaturen, in direktem Sonnenlicht oder in feuchter Umgebung.<\/p>\n<p>Sollte es versehentlich mit den Augen oder der Haut in Ber\u00fchrung kommen, sp\u00fclen Sie es bitte sofort mit einer gro\u00dfen Menge sauberen Wassers aus.<\/p>\n<p>&nbsp;<\/p>","protected":false},"excerpt":{"rendered":"<p>Unsere Fabrik bietet OEM\/ODM-Verarbeitungsdienstleistungen, wir k\u00f6nnen Produkte f\u00fcr Sie ma\u00dfschneidern; Unser MOQ ist niedrig, im Allgemeinen kann die Mindestmenge 1000 Flaschen produziert werden; Unsere Produkte sind preiswert, ausgezeichnete Produktqualit\u00e4t, im Einklang mit allen nationalen Gesetzen und Vorschriften und Kundenbed\u00fcrfnissen!<\/p>\n<h3><strong>\u00a0 \u00a0 \u00a0 Wir bieten au\u00dferdem folgende Dienstleistungen an<\/strong><\/h3>\n<h4><strong><img decoding=\"async\" class=\"emoji\" role=\"img\" draggable=\"false\" src=\"https:\/\/s.w.org\/images\/core\/emoji\/15.0.3\/svg\/2714.svg\" alt=\"\u2714\" \/>\u00a0 Grenz\u00fcberschreitende Quelle\u00a0 \u00a0 \u00a0 \u00a0 \u00a0\u00a0<img decoding=\"async\" class=\"emoji\" role=\"img\" draggable=\"false\" src=\"https:\/\/s.w.org\/images\/core\/emoji\/15.0.3\/svg\/2714.svg\" alt=\"\u2714\" \/>\u00a0 Unterst\u00fctzung der Anpassung<\/strong><\/h4>\n<h4><strong><img decoding=\"async\" class=\"emoji\" role=\"img\" draggable=\"false\" src=\"https:\/\/s.w.org\/images\/core\/emoji\/15.0.3\/svg\/2714.svg\" alt=\"\u2714\" \/>\u00a0 Quelle: Fabrik\u00a0 \u00a0 \u00a0 \u00a0 \u00a0 \u00a0 \u00a0 \u00a0 \u00a0 \u00a0 \u00a0 \u00a0<img decoding=\"async\" class=\"emoji\" role=\"img\" draggable=\"false\" src=\"https:\/\/s.w.org\/images\/core\/emoji\/15.0.3\/svg\/2714.svg\" alt=\"\u2714\" \/>\u00a0 Produktentwicklung<\/strong><\/h4>\n<h4><strong><img decoding=\"async\" class=\"emoji\" role=\"img\" draggable=\"false\" src=\"https:\/\/s.w.org\/images\/core\/emoji\/15.0.3\/svg\/2714.svg\" alt=\"\u2714\" \/>\u00a0 Ma\u00dfgeschneidert nach Muster\u00a0 \u00a0 \u00a0 \u00a0 \u00a0 \u00a0 \u00a0 \u00a0 \u00a0 \u00a0\u00a0<img decoding=\"async\" class=\"emoji\" role=\"img\" draggable=\"false\" src=\"https:\/\/s.w.org\/images\/core\/emoji\/15.0.3\/svg\/2714.svg\" alt=\"\u2714\" \/>\u00a0 Markenberechtigung<br \/>\n<\/strong><\/h4>\n<h2><strong>Fragen oder Kommentare?<\/strong><\/h2>\n<h2><strong>wlwer@williamweir.com<\/strong><\/h2>","protected":false},"featured_media":14528,"template":"","meta":{"_uag_custom_page_level_css":"","site-sidebar-layout":"default","site-content-layout":"","ast-site-content-layout":"default","site-content-style":"default","site-sidebar-style":"default","ast-global-header-display":"","ast-banner-title-visibility":"","ast-main-header-display":"","ast-hfb-above-header-display":"","ast-hfb-below-header-display":"","ast-hfb-mobile-header-display":"","site-post-title":"","ast-breadcrumbs-content":"","ast-featured-img":"","footer-sml-layout":"","theme-transparent-header-meta":"default","adv-header-id-meta":"","stick-header-meta":"","header-above-stick-meta":"","header-main-stick-meta":"","header-below-stick-meta":"","astra-migrate-meta-layouts":"set","ast-page-background-enabled":"default","ast-page-background-meta":{"desktop":{"background-color":"","background-image":"","background-repeat":"repeat","background-position":"center center","background-size":"auto","background-attachment":"scroll","background-type":"","background-media":"","overlay-type":"","overlay-color":"","overlay-opacity":"","overlay-gradient":""},"tablet":{"background-color":"","background-image":"","background-repeat":"repeat","background-position":"center center","background-size":"auto","background-attachment":"scroll","background-type":"","background-media":"","overlay-type":"","overlay-color":"","overlay-opacity":"","overlay-gradient":""},"mobile":{"background-color":"","background-image":"","background-repeat":"repeat","background-position":"center center","background-size":"auto","background-attachment":"scroll","background-type":"","background-media":"","overlay-type":"","overlay-color":"","overlay-opacity":"","overlay-gradient":""}},"ast-content-background-meta":{"desktop":{"background-color":"var(--ast-global-color-5)","background-image":"","background-repeat":"repeat","background-position":"center center","background-size":"auto","background-attachment":"scroll","background-type":"","background-media":"","overlay-type":"","overlay-color":"","overlay-opacity":"","overlay-gradient":""},"tablet":{"background-color":"var(--ast-global-color-5)","background-image":"","background-repeat":"repeat","background-position":"center center","background-size":"auto","background-attachment":"scroll","background-type":"","background-media":"","overlay-type":"","overlay-color":"","overlay-opacity":"","overlay-gradient":""},"mobile":{"background-color":"var(--ast-global-color-5)","background-image":"","background-repeat":"repeat","background-position":"center center","background-size":"auto","background-attachment":"scroll","background-type":"","background-media":"","overlay-type":"","overlay-color":"","overlay-opacity":"","overlay-gradient":""}}},"product_brand":[],"product_cat":[83,71],"product_tag":[],"class_list":{"0":"post-14527","1":"product","2":"type-product","3":"status-publish","4":"has-post-thumbnail","6":"product_cat-all-products","7":"product_cat-maintenance-polishing-of-wood-products","8":"desktop-align-center","9":"tablet-align-left","10":"mobile-align-left","11":"ast-product-gallery-layout-horizontal-slider","12":"ast-product-gallery-with-no-image","13":"ast-product-tabs-layout-horizontal","15":"first","16":"instock","17":"shipping-taxable","18":"product-type-simple"},"aioseo_notices":[],"uagb_featured_image_src":{"full":["https:\/\/williamweir.com\/wp-content\/uploads\/2025\/05\/\u591a\u7528\u9014\u629b\u5149\u8721.jpg",800,800,false],"thumbnail":["https:\/\/williamweir.com\/wp-content\/uploads\/2025\/05\/\u591a\u7528\u9014\u629b\u5149\u8721-300x300.jpg",300,300,true],"medium":["https:\/\/williamweir.com\/wp-content\/uploads\/2025\/05\/\u591a\u7528\u9014\u629b\u5149\u8721-600x600.jpg",600,600,true],"medium_large":["https:\/\/williamweir.com\/wp-content\/uploads\/2025\/05\/\u591a\u7528\u9014\u629b\u5149\u8721-768x768.jpg",768,768,true],"large":["https:\/\/williamweir.com\/wp-content\/uploads\/2025\/05\/\u591a\u7528\u9014\u629b\u5149\u8721.jpg",800,800,false],"1536x1536":["https:\/\/williamweir.com\/wp-content\/uploads\/2025\/05\/\u591a\u7528\u9014\u629b\u5149\u8721.jpg",800,800,false],"2048x2048":["https:\/\/williamweir.com\/wp-content\/uploads\/2025\/05\/\u591a\u7528\u9014\u629b\u5149\u8721.jpg",800,800,false],"trp-custom-language-flag":["https:\/\/williamweir.com\/wp-content\/uploads\/2025\/05\/\u591a\u7528\u9014\u629b\u5149\u8721-12x12.jpg",12,12,true],"woocommerce_thumbnail":["https:\/\/williamweir.com\/wp-content\/uploads\/2025\/05\/\u591a\u7528\u9014\u629b\u5149\u8721-600x600.jpg",600,600,true],"woocommerce_single":["https:\/\/williamweir.com\/wp-content\/uploads\/2025\/05\/\u591a\u7528\u9014\u629b\u5149\u8721-600x600.jpg",600,600,true],"woocommerce_gallery_thumbnail":["https:\/\/williamweir.com\/wp-content\/uploads\/2025\/05\/\u591a\u7528\u9014\u629b\u5149\u8721-100x100.jpg",100,100,true]},"uagb_author_info":{"display_name":"wlwer","author_link":"https:\/\/williamweir.com\/de\/author\/"},"uagb_comment_info":0,"uagb_excerpt":"Our factory provides OEM\/ODM processing services, we can tailor products for you; Our MOQ is low, generally the minimum quantity is 1000 bottles can be produced; Our products are inexpensive, excellent product quality, in line with any national laws and regulations and customer needs! \u00a0 \u00a0 \u00a0 We also offer the following services \u00a0 Cross-border&hellip;","_links":{"self":[{"href":"https:\/\/williamweir.com\/de\/wp-json\/wp\/v2\/product\/14527"}],"collection":[{"href":"https:\/\/williamweir.com\/de\/wp-json\/wp\/v2\/product"}],"about":[{"href":"https:\/\/williamweir.com\/de\/wp-json\/wp\/v2\/types\/product"}],"version-history":[{"count":1,"href":"https:\/\/williamweir.com\/de\/wp-json\/wp\/v2\/product\/14527\/revisions"}],"predecessor-version":[{"id":14529,"href":"https:\/\/williamweir.com\/de\/wp-json\/wp\/v2\/product\/14527\/revisions\/14529"}],"wp:featuredmedia":[{"embeddable":true,"href":"https:\/\/williamweir.com\/de\/wp-json\/wp\/v2\/media\/14528"}],"wp:attachment":[{"href":"https:\/\/williamweir.com\/de\/wp-json\/wp\/v2\/media?parent=14527"}],"wp:term":[{"taxonomy":"product_brand","embeddable":true,"href":"https:\/\/williamweir.com\/de\/wp-json\/wp\/v2\/product_brand?post=14527"},{"taxonomy":"product_cat","embeddable":true,"href":"https:\/\/williamweir.com\/de\/wp-json\/wp\/v2\/product_cat?post=14527"},{"taxonomy":"product_tag","embeddable":true,"href":"https:\/\/williamweir.com\/de\/wp-json\/wp\/v2\/product_tag?post=14527"}],"curies":[{"name":"wp","href":"https:\/\/api.w.org\/{rel}","templated":true}]}}